{"id":5773,"date":"2025-10-06T21:20:35","date_gmt":"2025-10-06T19:20:35","guid":{"rendered":"https:\/\/gesmobles.cat\/?post_type=product&#038;p=5773"},"modified":"2025-10-06T21:20:35","modified_gmt":"2025-10-06T19:20:35","slug":"edredon-nordico-smartclima-edredon-ligero-250-gr-edredon-antiacaros-edredon-hipoalergenico-edredon-primavera-verano-edredon-transpirable-edredon-blanco-smartclima","status":"publish","type":"product","link":"https:\/\/gesmobles.cat\/es\/producto\/edredon-nordico-smartclima-edredon-ligero-250-gr-edredon-antiacaros-edredon-hipoalergenico-edredon-primavera-verano-edredon-transpirable-edredon-blanco-smartclima\/","title":{"rendered":"Edred\u00f3n N\u00f3rdico Ligero SmartClima 250 gr Anti\u00e1caros \u2013 Blanco Suave y Transpirable"},"content":{"rendered":"<p>Disfruta de noches c\u00f3modas y agradables con el edred\u00f3n n\u00f3rdico ligero SmartClima de 250 gr anti\u00e1caros, perfecto para quienes buscan un descanso acogedor sin exceso de calor. Gracias a su tecnolog\u00eda SmartClima, regula la temperatura para mantener un entorno de descanso fresco y confortable durante todo el a\u00f1o.<\/p>\n<p>Su relleno hipoalerg\u00e9nico de fibra hueca siliconada aporta una excelente suavidad, ligereza y transpirabilidad, mientras que el tratamiento anti\u00e1caros ayuda a mantener el edred\u00f3n limpio y saludable, ideal para personas con alergias. El tejido exterior es suave al tacto, resistente y f\u00e1cil de lavar a m\u00e1quina, asegurando un mantenimiento sencillo.<\/p>\n<p>Ideal para primavera, verano y climas templados, su dise\u00f1o blanco liso se adapta a cualquier estilo de dormitorio, aportando un toque elegante y fresco a tu cama.<\/p>\n","protected":false},"excerpt":{"rendered":"<p>Disfruta de noches c\u00f3modas y agradables con el edred\u00f3n n\u00f3rdico ligero SmartClima de 250 gr anti\u00e1caros, perfecto para quienes buscan un descanso acogedor sin exceso de calor. Gracias a su tecnolog\u00eda SmartClima, regula la temperatura para mantener un entorno de descanso fresco y confortable durante todo el a\u00f1o. Su relleno hipoalerg\u00e9nico de fibra hueca siliconada [&hellip;]<\/p>\n","protected":false},"featured_media":5774,"comment_status":"open","ping_status":"closed","template":"","meta":[],"product_brand":[],"product_cat":[65,115],"product_tag":[],"class_list":{"0":"post-5773","1":"product","2":"type-product","3":"status-publish","4":"has-post-thumbnail","6":"product_cat-textiles-hogar","7":"product_cat-edredones-nordicos","9":"first","10":"instock","11":"taxable","12":"shipping-taxable","13":"purchasable","14":"product-type-variable"},"acf":[],"yoast_head":"<!-- This site is optimized with the Yoast SEO plugin v27.4 - https:\/\/yoast.com\/product\/yoast-seo-wordpress\/ -->\n<title>Edred\u00f3n N\u00f3rdico Ligero SmartClima 250 gr Anti\u00e1caros \u2013 Blanco Suave y Transpirable -<\/title>\n<meta name=\"description\" content=\"Edred\u00f3n n\u00f3rdico ligero SmartClima 250 gr anti\u00e1caros, suave, transpirable y regulador de temperatura. Ideal para primavera y verano, f\u00e1cil de lavar y mantener limpio.\" \/>\n<meta name=\"robots\" content=\"index, follow, max-snippet:-1, max-image-preview:large, max-video-preview:-1\" \/>\n<link rel=\"canonical\" href=\"https:\/\/gesmobles.cat\/es\/producto\/edredon-nordico-smartclima-edredon-ligero-250-gr-edredon-antiacaros-edredon-hipoalergenico-edredon-primavera-verano-edredon-transpirable-edredon-blanco-smartclima\/\" \/>\n<meta property=\"og:locale\" content=\"es_ES\" \/>\n<meta property=\"og:type\" content=\"article\" \/>\n<meta property=\"og:title\" content=\"Edred\u00f3n N\u00f3rdico Ligero SmartClima 250 gr Anti\u00e1caros \u2013 Blanco Suave y Transpirable -\" \/>\n<meta property=\"og:description\" content=\"Edred\u00f3n n\u00f3rdico ligero SmartClima 250 gr anti\u00e1caros, suave, transpirable y regulador de temperatura. Ideal para primavera y verano, f\u00e1cil de lavar y mantener limpio.\" \/>\n<meta property=\"og:url\" content=\"https:\/\/gesmobles.cat\/es\/producto\/edredon-nordico-smartclima-edredon-ligero-250-gr-edredon-antiacaros-edredon-hipoalergenico-edredon-primavera-verano-edredon-transpirable-edredon-blanco-smartclima\/\" \/>\n<meta property=\"og:image\" content=\"https:\/\/gesmobles.cat\/wp-content\/uploads\/2025\/10\/smarts.jpg\" \/>\n\t<meta property=\"og:image:width\" content=\"1000\" \/>\n\t<meta property=\"og:image:height\" content=\"685\" \/>\n\t<meta property=\"og:image:type\" content=\"image\/jpeg\" \/>\n<meta name=\"twitter:card\" content=\"summary_large_image\" \/>\n<meta name=\"twitter:label1\" content=\"Tiempo de lectura\" \/>\n\t<meta name=\"twitter:data1\" content=\"1 minuto\" \/>\n<!-- \/ Yoast SEO plugin. -->","yoast_head_json":{"title":"Edred\u00f3n N\u00f3rdico Ligero SmartClima 250 gr Anti\u00e1caros \u2013 Blanco Suave y Transpirable -","description":"Edred\u00f3n n\u00f3rdico ligero SmartClima 250 gr anti\u00e1caros, suave, transpirable y regulador de temperatura. Ideal para primavera y verano, f\u00e1cil de lavar y mantener limpio.","robots":{"index":"index","follow":"follow","max-snippet":"max-snippet:-1","max-image-preview":"max-image-preview:large","max-video-preview":"max-video-preview:-1"},"canonical":"https:\/\/gesmobles.cat\/es\/producto\/edredon-nordico-smartclima-edredon-ligero-250-gr-edredon-antiacaros-edredon-hipoalergenico-edredon-primavera-verano-edredon-transpirable-edredon-blanco-smartclima\/","og_locale":"es_ES","og_type":"article","og_title":"Edred\u00f3n N\u00f3rdico Ligero SmartClima 250 gr Anti\u00e1caros \u2013 Blanco Suave y Transpirable -","og_description":"Edred\u00f3n n\u00f3rdico ligero SmartClima 250 gr anti\u00e1caros, suave, transpirable y regulador de temperatura. Ideal para primavera y verano, f\u00e1cil de lavar y mantener limpio.","og_url":"https:\/\/gesmobles.cat\/es\/producto\/edredon-nordico-smartclima-edredon-ligero-250-gr-edredon-antiacaros-edredon-hipoalergenico-edredon-primavera-verano-edredon-transpirable-edredon-blanco-smartclima\/","og_image":[{"width":1000,"height":685,"url":"https:\/\/gesmobles.cat\/wp-content\/uploads\/2025\/10\/smarts.jpg","type":"image\/jpeg"}],"twitter_card":"summary_large_image","twitter_misc":{"Tiempo de lectura":"1 minuto"},"schema":{"@context":"https:\/\/schema.org","@graph":[]}},"_links":{"self":[{"href":"https:\/\/gesmobles.cat\/es\/wp-json\/wp\/v2\/product\/5773","targetHints":{"allow":["GET"]}}],"collection":[{"href":"https:\/\/gesmobles.cat\/es\/wp-json\/wp\/v2\/product"}],"about":[{"href":"https:\/\/gesmobles.cat\/es\/wp-json\/wp\/v2\/types\/product"}],"replies":[{"embeddable":true,"href":"https:\/\/gesmobles.cat\/es\/wp-json\/wp\/v2\/comments?post=5773"}],"wp:featuredmedia":[{"embeddable":true,"href":"https:\/\/gesmobles.cat\/es\/wp-json\/wp\/v2\/media\/5774"}],"wp:attachment":[{"href":"https:\/\/gesmobles.cat\/es\/wp-json\/wp\/v2\/media?parent=5773"}],"wp:term":[{"taxonomy":"product_brand","embeddable":true,"href":"https:\/\/gesmobles.cat\/es\/wp-json\/wp\/v2\/product_brand?post=5773"},{"taxonomy":"product_cat","embeddable":true,"href":"https:\/\/gesmobles.cat\/es\/wp-json\/wp\/v2\/product_cat?post=5773"},{"taxonomy":"product_tag","embeddable":true,"href":"https:\/\/gesmobles.cat\/es\/wp-json\/wp\/v2\/product_tag?post=5773"}],"curies":[{"name":"wp","href":"https:\/\/api.w.org\/{rel}","templated":true}]}}