{"id":5793,"date":"2025-10-06T21:34:41","date_gmt":"2025-10-06T19:34:41","guid":{"rendered":"https:\/\/gesmobles.cat\/?post_type=product&#038;p=5793"},"modified":"2025-10-22T10:31:15","modified_gmt":"2025-10-22T08:31:15","slug":"edredon-nordico-denver-eco-edredon-ligero-250-gr-edredon-hipoalergenico-edredon-primavera-verano-edredon-transpirable-edredon-blanco-edredon-lavable","status":"publish","type":"product","link":"https:\/\/gesmobles.cat\/es\/producto\/edredon-nordico-denver-eco-edredon-ligero-250-gr-edredon-hipoalergenico-edredon-primavera-verano-edredon-transpirable-edredon-blanco-edredon-lavable\/","title":{"rendered":"Edred\u00f3n N\u00f3rdico Denver Eco 250 gr \u2013 Blanco Suave y Transpirable"},"content":{"rendered":"<p>Disfruta de un descanso c\u00f3modo y ligero con el edred\u00f3n n\u00f3rdico Denver Eco 250 gr, ideal para quienes buscan confort sin exceso de calor. Su relleno hipoalerg\u00e9nico de fibra hueca siliconada ofrece una suavidad excepcional, gran ligereza y excelente transpirabilidad, ayudando a mantener una temperatura equilibrada durante toda la noche.<\/p>\n<p>Su tejido exterior es suave al tacto, resistente y f\u00e1cil de mantener limpio, ya que puede lavarse a m\u00e1quina sin perder su volumen ni suavidad. Perfecto para climas templados, primavera y verano, este edred\u00f3n combina practicidad y frescura con un dise\u00f1o blanco liso que se adapta a cualquier estilo de dormitorio.<\/p>\n","protected":false},"excerpt":{"rendered":"<p>Disfruta de un descanso c\u00f3modo y ligero con el edred\u00f3n n\u00f3rdico Denver Eco 250 gr, ideal para quienes buscan confort sin exceso de calor. Su relleno hipoalerg\u00e9nico de fibra hueca siliconada ofrece una suavidad excepcional, gran ligereza y excelente transpirabilidad, ayudando a mantener una temperatura equilibrada durante toda la noche. Su tejido exterior es suave [&hellip;]<\/p>\n","protected":false},"featured_media":5794,"comment_status":"open","ping_status":"closed","template":"","meta":[],"product_brand":[],"product_cat":[65,115],"product_tag":[],"class_list":{"0":"post-5793","1":"product","2":"type-product","3":"status-publish","4":"has-post-thumbnail","6":"product_cat-textiles-hogar","7":"product_cat-edredones-nordicos","9":"first","10":"instock","11":"taxable","12":"shipping-taxable","13":"purchasable","14":"product-type-variable"},"acf":[],"yoast_head":"<!-- This site is optimized with the Yoast SEO plugin v27.4 - https:\/\/yoast.com\/product\/yoast-seo-wordpress\/ -->\n<title>Edred\u00f3n N\u00f3rdico Denver Eco 250 gr \u2013 Blanco Suave y Transpirable -<\/title>\n<meta name=\"description\" content=\"Edred\u00f3n n\u00f3rdico Denver Eco 250 gr, ligero, suave y transpirable. Ideal para primavera y verano, f\u00e1cil de lavar y mantener siempre fresco.\" \/>\n<meta name=\"robots\" content=\"index, follow, max-snippet:-1, max-image-preview:large, max-video-preview:-1\" \/>\n<link rel=\"canonical\" href=\"https:\/\/gesmobles.cat\/es\/producto\/edredon-nordico-denver-eco-edredon-ligero-250-gr-edredon-hipoalergenico-edredon-primavera-verano-edredon-transpirable-edredon-blanco-edredon-lavable\/\" \/>\n<meta property=\"og:locale\" content=\"es_ES\" \/>\n<meta property=\"og:type\" content=\"article\" \/>\n<meta property=\"og:title\" content=\"Edred\u00f3n N\u00f3rdico Denver Eco 250 gr \u2013 Blanco Suave y Transpirable -\" \/>\n<meta property=\"og:description\" content=\"Edred\u00f3n n\u00f3rdico Denver Eco 250 gr, ligero, suave y transpirable. Ideal para primavera y verano, f\u00e1cil de lavar y mantener siempre fresco.\" \/>\n<meta property=\"og:url\" content=\"https:\/\/gesmobles.cat\/es\/producto\/edredon-nordico-denver-eco-edredon-ligero-250-gr-edredon-hipoalergenico-edredon-primavera-verano-edredon-transpirable-edredon-blanco-edredon-lavable\/\" \/>\n<meta property=\"article:modified_time\" content=\"2025-10-22T08:31:15+00:00\" \/>\n<meta property=\"og:image\" content=\"https:\/\/gesmobles.cat\/wp-content\/uploads\/2025\/10\/eco.jpg\" \/>\n\t<meta property=\"og:image:width\" content=\"1000\" \/>\n\t<meta property=\"og:image:height\" content=\"685\" \/>\n\t<meta property=\"og:image:type\" content=\"image\/jpeg\" \/>\n<meta name=\"twitter:card\" content=\"summary_large_image\" \/>\n<meta name=\"twitter:label1\" content=\"Tiempo de lectura\" \/>\n\t<meta name=\"twitter:data1\" content=\"1 minuto\" \/>\n<!-- \/ Yoast SEO plugin. -->","yoast_head_json":{"title":"Edred\u00f3n N\u00f3rdico Denver Eco 250 gr \u2013 Blanco Suave y Transpirable -","description":"Edred\u00f3n n\u00f3rdico Denver Eco 250 gr, ligero, suave y transpirable. Ideal para primavera y verano, f\u00e1cil de lavar y mantener siempre fresco.","robots":{"index":"index","follow":"follow","max-snippet":"max-snippet:-1","max-image-preview":"max-image-preview:large","max-video-preview":"max-video-preview:-1"},"canonical":"https:\/\/gesmobles.cat\/es\/producto\/edredon-nordico-denver-eco-edredon-ligero-250-gr-edredon-hipoalergenico-edredon-primavera-verano-edredon-transpirable-edredon-blanco-edredon-lavable\/","og_locale":"es_ES","og_type":"article","og_title":"Edred\u00f3n N\u00f3rdico Denver Eco 250 gr \u2013 Blanco Suave y Transpirable -","og_description":"Edred\u00f3n n\u00f3rdico Denver Eco 250 gr, ligero, suave y transpirable. Ideal para primavera y verano, f\u00e1cil de lavar y mantener siempre fresco.","og_url":"https:\/\/gesmobles.cat\/es\/producto\/edredon-nordico-denver-eco-edredon-ligero-250-gr-edredon-hipoalergenico-edredon-primavera-verano-edredon-transpirable-edredon-blanco-edredon-lavable\/","article_modified_time":"2025-10-22T08:31:15+00:00","og_image":[{"width":1000,"height":685,"url":"https:\/\/gesmobles.cat\/wp-content\/uploads\/2025\/10\/eco.jpg","type":"image\/jpeg"}],"twitter_card":"summary_large_image","twitter_misc":{"Tiempo de lectura":"1 minuto"},"schema":{"@context":"https:\/\/schema.org","@graph":[]}},"_links":{"self":[{"href":"https:\/\/gesmobles.cat\/es\/wp-json\/wp\/v2\/product\/5793","targetHints":{"allow":["GET"]}}],"collection":[{"href":"https:\/\/gesmobles.cat\/es\/wp-json\/wp\/v2\/product"}],"about":[{"href":"https:\/\/gesmobles.cat\/es\/wp-json\/wp\/v2\/types\/product"}],"replies":[{"embeddable":true,"href":"https:\/\/gesmobles.cat\/es\/wp-json\/wp\/v2\/comments?post=5793"}],"wp:featuredmedia":[{"embeddable":true,"href":"https:\/\/gesmobles.cat\/es\/wp-json\/wp\/v2\/media\/5794"}],"wp:attachment":[{"href":"https:\/\/gesmobles.cat\/es\/wp-json\/wp\/v2\/media?parent=5793"}],"wp:term":[{"taxonomy":"product_brand","embeddable":true,"href":"https:\/\/gesmobles.cat\/es\/wp-json\/wp\/v2\/product_brand?post=5793"},{"taxonomy":"product_cat","embeddable":true,"href":"https:\/\/gesmobles.cat\/es\/wp-json\/wp\/v2\/product_cat?post=5793"},{"taxonomy":"product_tag","embeddable":true,"href":"https:\/\/gesmobles.cat\/es\/wp-json\/wp\/v2\/product_tag?post=5793"}],"curies":[{"name":"wp","href":"https:\/\/api.w.org\/{rel}","templated":true}]}}