{"id":5849,"date":"2025-10-09T21:29:55","date_gmt":"2025-10-09T19:29:55","guid":{"rendered":"https:\/\/gesmobles.cat\/?post_type=product&#038;p=5849"},"modified":"2026-04-13T09:50:06","modified_gmt":"2026-04-13T07:50:06","slug":"cabecero-kaia-cabecero-moderno-cabecero-roble-y-gris-cabecero-dormitorio-matrimonio-cabecero-diseno-asimetrico-cabecero-madera-y-antracita-cabecero-contemporaneo-cabecero-elegante","status":"publish","type":"product","link":"https:\/\/gesmobles.cat\/es\/producto\/cabecero-kaia-cabecero-moderno-cabecero-roble-y-gris-cabecero-dormitorio-matrimonio-cabecero-diseno-asimetrico-cabecero-madera-y-antracita-cabecero-contemporaneo-cabecero-elegante\/","title":{"rendered":"Cabecero Kaia 11811 Roble y Gris Antracita"},"content":{"rendered":"<p>El cabecero Kaia 11811 destaca por su dise\u00f1o moderno y equilibrado, combinando la calidez del acabado roble natural con la elegancia del color gris antracita. Su composici\u00f3n asim\u00e9trica y l\u00edneas rectas aportan un toque de originalidad y estilo contempor\u00e1neo a cualquier dormitorio.<br \/>\nFabricado con materiales resistentes y de alta calidad, este cabecero ofrece una est\u00e9tica limpia, actual y vers\u00e1til, perfecta para combinar con muebles en tonos madera o grises. Ideal para camas de matrimonio y habitaciones que buscan un ambiente moderno y acogedor al mismo tiempo.<\/p>\n","protected":false},"excerpt":{"rendered":"<p>El cabecero Kaia 11811 destaca por su dise\u00f1o moderno y equilibrado, combinando la calidez del acabado roble natural con la elegancia del color gris antracita. Su composici\u00f3n asim\u00e9trica y l\u00edneas rectas aportan un toque de originalidad y estilo contempor\u00e1neo a cualquier dormitorio. Fabricado con materiales resistentes y de alta calidad, este cabecero ofrece una est\u00e9tica [&hellip;]<\/p>\n","protected":false},"featured_media":5850,"comment_status":"open","ping_status":"closed","template":"","meta":[],"product_brand":[],"product_cat":[51,837],"product_tag":[],"class_list":{"0":"post-5849","1":"product","2":"type-product","3":"status-publish","4":"has-post-thumbnail","6":"product_cat-muebles-es","7":"product_cat-cabezales","9":"first","10":"instock","11":"taxable","12":"shipping-taxable","13":"purchasable","14":"product-type-simple"},"acf":[],"yoast_head":"<!-- This site is optimized with the Yoast SEO plugin v27.4 - https:\/\/yoast.com\/product\/yoast-seo-wordpress\/ -->\n<title>Cabecero Kaia 11811 Roble y Gris Antracita -<\/title>\n<meta name=\"description\" content=\"Cabecero Kaia 11811 en roble y gris antracita. Dise\u00f1o moderno y asim\u00e9trico que combina elegancia y calidez, ideal para dormitorios contempor\u00e1neos.\" \/>\n<meta name=\"robots\" content=\"index, follow, max-snippet:-1, max-image-preview:large, max-video-preview:-1\" \/>\n<link rel=\"canonical\" href=\"https:\/\/gesmobles.cat\/es\/producto\/cabecero-kaia-cabecero-moderno-cabecero-roble-y-gris-cabecero-dormitorio-matrimonio-cabecero-diseno-asimetrico-cabecero-madera-y-antracita-cabecero-contemporaneo-cabecero-elegante\/\" \/>\n<meta property=\"og:locale\" content=\"es_ES\" \/>\n<meta property=\"og:type\" content=\"article\" \/>\n<meta property=\"og:title\" content=\"Cabecero Kaia 11811 Roble y Gris Antracita -\" \/>\n<meta property=\"og:description\" content=\"Cabecero Kaia 11811 en roble y gris antracita. Dise\u00f1o moderno y asim\u00e9trico que combina elegancia y calidez, ideal para dormitorios contempor\u00e1neos.\" \/>\n<meta property=\"og:url\" content=\"https:\/\/gesmobles.cat\/es\/producto\/cabecero-kaia-cabecero-moderno-cabecero-roble-y-gris-cabecero-dormitorio-matrimonio-cabecero-diseno-asimetrico-cabecero-madera-y-antracita-cabecero-contemporaneo-cabecero-elegante\/\" \/>\n<meta property=\"article:modified_time\" content=\"2026-04-13T07:50:06+00:00\" \/>\n<meta property=\"og:image\" content=\"https:\/\/gesmobles.cat\/wp-content\/uploads\/2025\/10\/cab-scaled.webp\" \/>\n\t<meta property=\"og:image:width\" content=\"2560\" \/>\n\t<meta property=\"og:image:height\" content=\"1972\" \/>\n\t<meta property=\"og:image:type\" content=\"image\/webp\" \/>\n<meta name=\"twitter:card\" content=\"summary_large_image\" \/>\n<meta name=\"twitter:label1\" content=\"Tiempo de lectura\" \/>\n\t<meta name=\"twitter:data1\" content=\"1 minuto\" \/>\n<!-- \/ Yoast SEO plugin. -->","yoast_head_json":{"title":"Cabecero Kaia 11811 Roble y Gris Antracita -","description":"Cabecero Kaia 11811 en roble y gris antracita. Dise\u00f1o moderno y asim\u00e9trico que combina elegancia y calidez, ideal para dormitorios contempor\u00e1neos.","robots":{"index":"index","follow":"follow","max-snippet":"max-snippet:-1","max-image-preview":"max-image-preview:large","max-video-preview":"max-video-preview:-1"},"canonical":"https:\/\/gesmobles.cat\/es\/producto\/cabecero-kaia-cabecero-moderno-cabecero-roble-y-gris-cabecero-dormitorio-matrimonio-cabecero-diseno-asimetrico-cabecero-madera-y-antracita-cabecero-contemporaneo-cabecero-elegante\/","og_locale":"es_ES","og_type":"article","og_title":"Cabecero Kaia 11811 Roble y Gris Antracita -","og_description":"Cabecero Kaia 11811 en roble y gris antracita. Dise\u00f1o moderno y asim\u00e9trico que combina elegancia y calidez, ideal para dormitorios contempor\u00e1neos.","og_url":"https:\/\/gesmobles.cat\/es\/producto\/cabecero-kaia-cabecero-moderno-cabecero-roble-y-gris-cabecero-dormitorio-matrimonio-cabecero-diseno-asimetrico-cabecero-madera-y-antracita-cabecero-contemporaneo-cabecero-elegante\/","article_modified_time":"2026-04-13T07:50:06+00:00","og_image":[{"width":2560,"height":1972,"url":"https:\/\/gesmobles.cat\/wp-content\/uploads\/2025\/10\/cab-scaled.webp","type":"image\/webp"}],"twitter_card":"summary_large_image","twitter_misc":{"Tiempo de lectura":"1 minuto"},"schema":{"@context":"https:\/\/schema.org","@graph":[]}},"_links":{"self":[{"href":"https:\/\/gesmobles.cat\/es\/wp-json\/wp\/v2\/product\/5849","targetHints":{"allow":["GET"]}}],"collection":[{"href":"https:\/\/gesmobles.cat\/es\/wp-json\/wp\/v2\/product"}],"about":[{"href":"https:\/\/gesmobles.cat\/es\/wp-json\/wp\/v2\/types\/product"}],"replies":[{"embeddable":true,"href":"https:\/\/gesmobles.cat\/es\/wp-json\/wp\/v2\/comments?post=5849"}],"wp:featuredmedia":[{"embeddable":true,"href":"https:\/\/gesmobles.cat\/es\/wp-json\/wp\/v2\/media\/5850"}],"wp:attachment":[{"href":"https:\/\/gesmobles.cat\/es\/wp-json\/wp\/v2\/media?parent=5849"}],"wp:term":[{"taxonomy":"product_brand","embeddable":true,"href":"https:\/\/gesmobles.cat\/es\/wp-json\/wp\/v2\/product_brand?post=5849"},{"taxonomy":"product_cat","embeddable":true,"href":"https:\/\/gesmobles.cat\/es\/wp-json\/wp\/v2\/product_cat?post=5849"},{"taxonomy":"product_tag","embeddable":true,"href":"https:\/\/gesmobles.cat\/es\/wp-json\/wp\/v2\/product_tag?post=5849"}],"curies":[{"name":"wp","href":"https:\/\/api.w.org\/{rel}","templated":true}]}}