{"id":6030,"date":"2025-11-05T18:57:22","date_gmt":"2025-11-05T16:57:22","guid":{"rendered":"https:\/\/gesmobles.cat\/?post_type=product&#038;p=6030"},"modified":"2025-11-06T17:39:42","modified_gmt":"2025-11-06T15:39:42","slug":"funda-de-almohada-bassols-funda-de-almohada-rosa-funda-de-almohada-algodon-ropa-de-cama-bassols-funda-de-almohada-venecia-textil-hogar-premium-funda-de-almohada-saten-funda-de-almohada-elegante","status":"publish","type":"product","link":"https:\/\/gesmobles.cat\/es\/producto\/funda-de-almohada-bassols-funda-de-almohada-rosa-funda-de-almohada-algodon-ropa-de-cama-bassols-funda-de-almohada-venecia-textil-hogar-premium-funda-de-almohada-saten-funda-de-almohada-elegante\/","title":{"rendered":"Funda de almohada Bassols Venecia Rosa"},"content":{"rendered":"<p>La funda de almohada Bassols Venecia Rosa aporta un toque de color, suavidad y elegancia a tu dormitorio. Confeccionada en algod\u00f3n peinado 100% sat\u00e9n, destaca por su tacto sedoso, su resistencia y su brillo natural.<br \/>\nEl color rosa empolvado aporta calidez y sofisticaci\u00f3n, ideal para combinar con tonos neutros o contrastar con ropa de cama m\u00e1s clara.<br \/>\nSu dise\u00f1o liso, con ribete y solapa interior, garantiza un ajuste perfecto y un acabado impecable, sello distintivo de la firma Bassols.<br \/>\nUna opci\u00f3n ideal para quienes buscan un descanso de calidad con estilo y confort.<\/p>\n","protected":false},"excerpt":{"rendered":"<p>La funda de almohada Bassols Venecia Rosa aporta un toque de color, suavidad y elegancia a tu dormitorio. Confeccionada en algod\u00f3n peinado 100% sat\u00e9n, destaca por su tacto sedoso, su resistencia y su brillo natural. El color rosa empolvado aporta calidez y sofisticaci\u00f3n, ideal para combinar con tonos neutros o contrastar con ropa de cama [&hellip;]<\/p>\n","protected":false},"featured_media":6031,"comment_status":"open","ping_status":"closed","template":"","meta":[],"product_brand":[],"product_cat":[65,114],"product_tag":[],"class_list":{"0":"post-6030","1":"product","2":"type-product","3":"status-publish","4":"has-post-thumbnail","6":"product_cat-textiles-hogar","7":"product_cat-fundas-almohada","9":"first","10":"instock","11":"taxable","12":"shipping-taxable","13":"purchasable","14":"product-type-variable"},"acf":[],"yoast_head":"<!-- This site is optimized with the Yoast SEO plugin v27.4 - https:\/\/yoast.com\/product\/yoast-seo-wordpress\/ -->\n<title>Funda de almohada Bassols Venecia Rosa -<\/title>\n<meta name=\"description\" content=\"La funda de almohada Bassols Venecia Rosa, confeccionada en algod\u00f3n 100% sat\u00e9n, combina suavidad, elegancia y calidad. Perfecta para un dormitorio con estilo y un descanso confortable.\" \/>\n<meta name=\"robots\" content=\"index, follow, max-snippet:-1, max-image-preview:large, max-video-preview:-1\" \/>\n<link rel=\"canonical\" href=\"https:\/\/gesmobles.cat\/es\/producto\/funda-de-almohada-bassols-funda-de-almohada-rosa-funda-de-almohada-algodon-ropa-de-cama-bassols-funda-de-almohada-venecia-textil-hogar-premium-funda-de-almohada-saten-funda-de-almohada-elegante\/\" \/>\n<meta property=\"og:locale\" content=\"es_ES\" \/>\n<meta property=\"og:type\" content=\"article\" \/>\n<meta property=\"og:title\" content=\"Funda de almohada Bassols Venecia Rosa -\" \/>\n<meta property=\"og:description\" content=\"La funda de almohada Bassols Venecia Rosa, confeccionada en algod\u00f3n 100% sat\u00e9n, combina suavidad, elegancia y calidad. Perfecta para un dormitorio con estilo y un descanso confortable.\" \/>\n<meta property=\"og:url\" content=\"https:\/\/gesmobles.cat\/es\/producto\/funda-de-almohada-bassols-funda-de-almohada-rosa-funda-de-almohada-algodon-ropa-de-cama-bassols-funda-de-almohada-venecia-textil-hogar-premium-funda-de-almohada-saten-funda-de-almohada-elegante\/\" \/>\n<meta property=\"article:modified_time\" content=\"2025-11-06T15:39:42+00:00\" \/>\n<meta property=\"og:image\" content=\"https:\/\/gesmobles.cat\/wp-content\/uploads\/2025\/11\/fundarosa.jpg\" \/>\n\t<meta property=\"og:image:width\" content=\"699\" \/>\n\t<meta property=\"og:image:height\" content=\"866\" \/>\n\t<meta property=\"og:image:type\" content=\"image\/jpeg\" \/>\n<meta name=\"twitter:card\" content=\"summary_large_image\" \/>\n<meta name=\"twitter:label1\" content=\"Tiempo de lectura\" \/>\n\t<meta name=\"twitter:data1\" content=\"1 minuto\" \/>\n<!-- \/ Yoast SEO plugin. -->","yoast_head_json":{"title":"Funda de almohada Bassols Venecia Rosa -","description":"La funda de almohada Bassols Venecia Rosa, confeccionada en algod\u00f3n 100% sat\u00e9n, combina suavidad, elegancia y calidad. Perfecta para un dormitorio con estilo y un descanso confortable.","robots":{"index":"index","follow":"follow","max-snippet":"max-snippet:-1","max-image-preview":"max-image-preview:large","max-video-preview":"max-video-preview:-1"},"canonical":"https:\/\/gesmobles.cat\/es\/producto\/funda-de-almohada-bassols-funda-de-almohada-rosa-funda-de-almohada-algodon-ropa-de-cama-bassols-funda-de-almohada-venecia-textil-hogar-premium-funda-de-almohada-saten-funda-de-almohada-elegante\/","og_locale":"es_ES","og_type":"article","og_title":"Funda de almohada Bassols Venecia Rosa -","og_description":"La funda de almohada Bassols Venecia Rosa, confeccionada en algod\u00f3n 100% sat\u00e9n, combina suavidad, elegancia y calidad. Perfecta para un dormitorio con estilo y un descanso confortable.","og_url":"https:\/\/gesmobles.cat\/es\/producto\/funda-de-almohada-bassols-funda-de-almohada-rosa-funda-de-almohada-algodon-ropa-de-cama-bassols-funda-de-almohada-venecia-textil-hogar-premium-funda-de-almohada-saten-funda-de-almohada-elegante\/","article_modified_time":"2025-11-06T15:39:42+00:00","og_image":[{"width":699,"height":866,"url":"https:\/\/gesmobles.cat\/wp-content\/uploads\/2025\/11\/fundarosa.jpg","type":"image\/jpeg"}],"twitter_card":"summary_large_image","twitter_misc":{"Tiempo de lectura":"1 minuto"},"schema":{"@context":"https:\/\/schema.org","@graph":[]}},"_links":{"self":[{"href":"https:\/\/gesmobles.cat\/es\/wp-json\/wp\/v2\/product\/6030","targetHints":{"allow":["GET"]}}],"collection":[{"href":"https:\/\/gesmobles.cat\/es\/wp-json\/wp\/v2\/product"}],"about":[{"href":"https:\/\/gesmobles.cat\/es\/wp-json\/wp\/v2\/types\/product"}],"replies":[{"embeddable":true,"href":"https:\/\/gesmobles.cat\/es\/wp-json\/wp\/v2\/comments?post=6030"}],"wp:featuredmedia":[{"embeddable":true,"href":"https:\/\/gesmobles.cat\/es\/wp-json\/wp\/v2\/media\/6031"}],"wp:attachment":[{"href":"https:\/\/gesmobles.cat\/es\/wp-json\/wp\/v2\/media?parent=6030"}],"wp:term":[{"taxonomy":"product_brand","embeddable":true,"href":"https:\/\/gesmobles.cat\/es\/wp-json\/wp\/v2\/product_brand?post=6030"},{"taxonomy":"product_cat","embeddable":true,"href":"https:\/\/gesmobles.cat\/es\/wp-json\/wp\/v2\/product_cat?post=6030"},{"taxonomy":"product_tag","embeddable":true,"href":"https:\/\/gesmobles.cat\/es\/wp-json\/wp\/v2\/product_tag?post=6030"}],"curies":[{"name":"wp","href":"https:\/\/api.w.org\/{rel}","templated":true}]}}