{"id":6038,"date":"2025-11-05T19:13:09","date_gmt":"2025-11-05T17:13:09","guid":{"rendered":"https:\/\/gesmobles.cat\/?post_type=product&#038;p=6038"},"modified":"2025-11-06T17:35:01","modified_gmt":"2025-11-06T15:35:01","slug":"sabana-bajera-bassols-sabana-bajera-rosa-sabana-ajustable-bassols-ropa-de-cama-bassols-sabana-bajera-algodon-saten-textil-hogar-premium-sabana-bajera-elegante-ropa-de-cama-de-calidad","status":"publish","type":"product","link":"https:\/\/gesmobles.cat\/es\/producto\/sabana-bajera-bassols-sabana-bajera-rosa-sabana-ajustable-bassols-ropa-de-cama-bassols-sabana-bajera-algodon-saten-textil-hogar-premium-sabana-bajera-elegante-ropa-de-cama-de-calidad\/","title":{"rendered":"S\u00e1bana bajera Bassols Venecia Rosa"},"content":{"rendered":"<p>La s\u00e1bana bajera Bassols Venecia Rosa est\u00e1 confeccionada en algod\u00f3n peinado 100% sat\u00e9n de 300 hilos, ofreciendo una suavidad y un brillo natural excepcionales. Su tejido de gran calidad proporciona una sensaci\u00f3n sedosa al tacto y una resistencia superior al uso y los lavados.<br \/>\nEl color rosa empolvado aporta calidez y un toque sofisticado al dormitorio, combinando f\u00e1cilmente con tonos neutros o contrastes vivos.<br \/>\nDispone de goma el\u00e1stica perimetral que asegura un ajuste perfecto al colch\u00f3n, manteniendo la s\u00e1bana siempre en su sitio.<br \/>\nIdeal para quienes buscan una ropa de cama elegante, duradera y de m\u00e1ximo confort, con la garant\u00eda de calidad de Bassols.<\/p>\n","protected":false},"excerpt":{"rendered":"<p>La s\u00e1bana bajera Bassols Venecia Rosa est\u00e1 confeccionada en algod\u00f3n peinado 100% sat\u00e9n de 300 hilos, ofreciendo una suavidad y un brillo natural excepcionales. Su tejido de gran calidad proporciona una sensaci\u00f3n sedosa al tacto y una resistencia superior al uso y los lavados. El color rosa empolvado aporta calidez y un toque sofisticado al [&hellip;]<\/p>\n","protected":false},"featured_media":6039,"comment_status":"open","ping_status":"closed","template":"","meta":[],"product_brand":[],"product_cat":[65,107],"product_tag":[],"class_list":{"0":"post-6038","1":"product","2":"type-product","3":"status-publish","4":"has-post-thumbnail","6":"product_cat-textiles-hogar","7":"product_cat-sabanas-bajeras","9":"first","10":"instock","11":"taxable","12":"shipping-taxable","13":"purchasable","14":"product-type-variable"},"acf":[],"yoast_head":"<!-- This site is optimized with the Yoast SEO plugin v27.4 - https:\/\/yoast.com\/product\/yoast-seo-wordpress\/ -->\n<title>S\u00e1bana bajera Bassols Venecia Rosa -<\/title>\n<meta name=\"description\" content=\"Descubre la s\u00e1bana bajera Bassols Venecia Rosa, de algod\u00f3n 100% sat\u00e9n de 300 hilos. Suave, elegante y resistente, para un descanso c\u00f3modo y un dormitorio con estilo.\" \/>\n<meta name=\"robots\" content=\"index, follow, max-snippet:-1, max-image-preview:large, max-video-preview:-1\" \/>\n<link rel=\"canonical\" href=\"https:\/\/gesmobles.cat\/es\/producto\/sabana-bajera-bassols-sabana-bajera-rosa-sabana-ajustable-bassols-ropa-de-cama-bassols-sabana-bajera-algodon-saten-textil-hogar-premium-sabana-bajera-elegante-ropa-de-cama-de-calidad\/\" \/>\n<meta property=\"og:locale\" content=\"es_ES\" \/>\n<meta property=\"og:type\" content=\"article\" \/>\n<meta property=\"og:title\" content=\"S\u00e1bana bajera Bassols Venecia Rosa -\" \/>\n<meta property=\"og:description\" content=\"Descubre la s\u00e1bana bajera Bassols Venecia Rosa, de algod\u00f3n 100% sat\u00e9n de 300 hilos. Suave, elegante y resistente, para un descanso c\u00f3modo y un dormitorio con estilo.\" \/>\n<meta property=\"og:url\" content=\"https:\/\/gesmobles.cat\/es\/producto\/sabana-bajera-bassols-sabana-bajera-rosa-sabana-ajustable-bassols-ropa-de-cama-bassols-sabana-bajera-algodon-saten-textil-hogar-premium-sabana-bajera-elegante-ropa-de-cama-de-calidad\/\" \/>\n<meta property=\"article:modified_time\" content=\"2025-11-06T15:35:01+00:00\" \/>\n<meta property=\"og:image\" content=\"https:\/\/gesmobles.cat\/wp-content\/uploads\/2025\/11\/fresa.jpg\" \/>\n\t<meta property=\"og:image:width\" content=\"699\" \/>\n\t<meta property=\"og:image:height\" content=\"866\" \/>\n\t<meta property=\"og:image:type\" content=\"image\/jpeg\" \/>\n<meta name=\"twitter:card\" content=\"summary_large_image\" \/>\n<meta name=\"twitter:label1\" content=\"Tiempo de lectura\" \/>\n\t<meta name=\"twitter:data1\" content=\"1 minuto\" \/>\n<!-- \/ Yoast SEO plugin. -->","yoast_head_json":{"title":"S\u00e1bana bajera Bassols Venecia Rosa -","description":"Descubre la s\u00e1bana bajera Bassols Venecia Rosa, de algod\u00f3n 100% sat\u00e9n de 300 hilos. Suave, elegante y resistente, para un descanso c\u00f3modo y un dormitorio con estilo.","robots":{"index":"index","follow":"follow","max-snippet":"max-snippet:-1","max-image-preview":"max-image-preview:large","max-video-preview":"max-video-preview:-1"},"canonical":"https:\/\/gesmobles.cat\/es\/producto\/sabana-bajera-bassols-sabana-bajera-rosa-sabana-ajustable-bassols-ropa-de-cama-bassols-sabana-bajera-algodon-saten-textil-hogar-premium-sabana-bajera-elegante-ropa-de-cama-de-calidad\/","og_locale":"es_ES","og_type":"article","og_title":"S\u00e1bana bajera Bassols Venecia Rosa -","og_description":"Descubre la s\u00e1bana bajera Bassols Venecia Rosa, de algod\u00f3n 100% sat\u00e9n de 300 hilos. Suave, elegante y resistente, para un descanso c\u00f3modo y un dormitorio con estilo.","og_url":"https:\/\/gesmobles.cat\/es\/producto\/sabana-bajera-bassols-sabana-bajera-rosa-sabana-ajustable-bassols-ropa-de-cama-bassols-sabana-bajera-algodon-saten-textil-hogar-premium-sabana-bajera-elegante-ropa-de-cama-de-calidad\/","article_modified_time":"2025-11-06T15:35:01+00:00","og_image":[{"width":699,"height":866,"url":"https:\/\/gesmobles.cat\/wp-content\/uploads\/2025\/11\/fresa.jpg","type":"image\/jpeg"}],"twitter_card":"summary_large_image","twitter_misc":{"Tiempo de lectura":"1 minuto"},"schema":{"@context":"https:\/\/schema.org","@graph":[]}},"_links":{"self":[{"href":"https:\/\/gesmobles.cat\/es\/wp-json\/wp\/v2\/product\/6038","targetHints":{"allow":["GET"]}}],"collection":[{"href":"https:\/\/gesmobles.cat\/es\/wp-json\/wp\/v2\/product"}],"about":[{"href":"https:\/\/gesmobles.cat\/es\/wp-json\/wp\/v2\/types\/product"}],"replies":[{"embeddable":true,"href":"https:\/\/gesmobles.cat\/es\/wp-json\/wp\/v2\/comments?post=6038"}],"wp:featuredmedia":[{"embeddable":true,"href":"https:\/\/gesmobles.cat\/es\/wp-json\/wp\/v2\/media\/6039"}],"wp:attachment":[{"href":"https:\/\/gesmobles.cat\/es\/wp-json\/wp\/v2\/media?parent=6038"}],"wp:term":[{"taxonomy":"product_brand","embeddable":true,"href":"https:\/\/gesmobles.cat\/es\/wp-json\/wp\/v2\/product_brand?post=6038"},{"taxonomy":"product_cat","embeddable":true,"href":"https:\/\/gesmobles.cat\/es\/wp-json\/wp\/v2\/product_cat?post=6038"},{"taxonomy":"product_tag","embeddable":true,"href":"https:\/\/gesmobles.cat\/es\/wp-json\/wp\/v2\/product_tag?post=6038"}],"curies":[{"name":"wp","href":"https:\/\/api.w.org\/{rel}","templated":true}]}}