{"id":6074,"date":"2025-11-06T19:09:35","date_gmt":"2025-11-06T17:09:35","guid":{"rendered":"https:\/\/gesmobles.cat\/?post_type=product&#038;p=6074"},"modified":"2025-11-06T19:09:35","modified_gmt":"2025-11-06T17:09:35","slug":"funda-sofa-3-plazas-funda-elastica-sofa-funda-sofa-gris-funda-protectora-sofa-funda-elastica-3-plazas-funda-sofa-lavable-protector-sofa-elastico-funda-sofa-color-gris-funda-elastica-para-sofa","status":"publish","type":"product","link":"https:\/\/gesmobles.cat\/es\/producto\/funda-sofa-3-plazas-funda-elastica-sofa-funda-sofa-gris-funda-protectora-sofa-funda-elastica-3-plazas-funda-sofa-lavable-protector-sofa-elastico-funda-sofa-color-gris-funda-elastica-para-sofa\/","title":{"rendered":"Funda el\u00e1stica para sof\u00e1 3 plazas color gris"},"content":{"rendered":"<p>La funda el\u00e1stica para sof\u00e1 3 plazas color gris es perfecta para proteger y renovar tu sof\u00e1 con un toque moderno y elegante. Su tejido el\u00e1stico de alta calidad se ajusta f\u00e1cilmente a la forma del sof\u00e1, cubriendo respaldo, asiento y brazos con un ajuste uniforme.<br \/>\nIdeal para mantener tu sof\u00e1 como nuevo, protegerlo del uso diario, manchas o polvo, y darle al sal\u00f3n un aire limpio y actual.<br \/>\nEs suave, resistente, lavable a m\u00e1quina y muy f\u00e1cil de colocar.<\/p>\n<p>Caracter\u00edsticas:<\/p>\n<p>Tejido el\u00e1stico adaptable a sof\u00e1s de 3 plazas.<\/p>\n<p>Cubre respaldo, asiento y brazos.<\/p>\n<p>Lavable a m\u00e1quina.<\/p>\n<p>Funda suave, resistente y de f\u00e1cil colocaci\u00f3n.<\/p>\n<p>Color: Gris, elegante y vers\u00e1til.<\/p>\n","protected":false},"excerpt":{"rendered":"<p>La funda el\u00e1stica para sof\u00e1 3 plazas color gris es perfecta para proteger y renovar tu sof\u00e1 con un toque moderno y elegante. Su tejido el\u00e1stico de alta calidad se ajusta f\u00e1cilmente a la forma del sof\u00e1, cubriendo respaldo, asiento y brazos con un ajuste uniforme. Ideal para mantener tu sof\u00e1 como nuevo, protegerlo del [&hellip;]<\/p>\n","protected":false},"featured_media":6075,"comment_status":"open","ping_status":"closed","template":"","meta":[],"product_brand":[],"product_cat":[65,849],"product_tag":[],"class_list":{"0":"post-6074","1":"product","2":"type-product","3":"status-publish","4":"has-post-thumbnail","6":"product_cat-textiles-hogar","7":"product_cat-fundas-sofa","9":"first","10":"instock","11":"taxable","12":"shipping-taxable","13":"purchasable","14":"product-type-simple"},"acf":[],"yoast_head":"<!-- This site is optimized with the Yoast SEO plugin v27.4 - https:\/\/yoast.com\/product\/yoast-seo-wordpress\/ -->\n<title>Funda el\u00e1stica para sof\u00e1 3 plazas color gris -<\/title>\n<meta name=\"description\" content=\"Funda el\u00e1stica para sof\u00e1 3 plazas color gris. Protege, renueva y decora tu sof\u00e1 con un tejido suave, resistente y f\u00e1cil de colocar.\" \/>\n<meta name=\"robots\" content=\"index, follow, max-snippet:-1, max-image-preview:large, max-video-preview:-1\" \/>\n<link rel=\"canonical\" href=\"https:\/\/gesmobles.cat\/es\/producto\/funda-sofa-3-plazas-funda-elastica-sofa-funda-sofa-gris-funda-protectora-sofa-funda-elastica-3-plazas-funda-sofa-lavable-protector-sofa-elastico-funda-sofa-color-gris-funda-elastica-para-sofa\/\" \/>\n<meta property=\"og:locale\" content=\"es_ES\" \/>\n<meta property=\"og:type\" content=\"article\" \/>\n<meta property=\"og:title\" content=\"Funda el\u00e1stica para sof\u00e1 3 plazas color gris -\" \/>\n<meta property=\"og:description\" content=\"Funda el\u00e1stica para sof\u00e1 3 plazas color gris. Protege, renueva y decora tu sof\u00e1 con un tejido suave, resistente y f\u00e1cil de colocar.\" \/>\n<meta property=\"og:url\" content=\"https:\/\/gesmobles.cat\/es\/producto\/funda-sofa-3-plazas-funda-elastica-sofa-funda-sofa-gris-funda-protectora-sofa-funda-elastica-3-plazas-funda-sofa-lavable-protector-sofa-elastico-funda-sofa-color-gris-funda-elastica-para-sofa\/\" \/>\n<meta property=\"og:image\" content=\"https:\/\/gesmobles.cat\/wp-content\/uploads\/2025\/11\/funfan.jpg\" \/>\n\t<meta property=\"og:image:width\" content=\"1024\" \/>\n\t<meta property=\"og:image:height\" content=\"1024\" \/>\n\t<meta property=\"og:image:type\" content=\"image\/jpeg\" \/>\n<meta name=\"twitter:card\" content=\"summary_large_image\" \/>\n<meta name=\"twitter:label1\" content=\"Tiempo de lectura\" \/>\n\t<meta name=\"twitter:data1\" content=\"1 minuto\" \/>\n<!-- \/ Yoast SEO plugin. -->","yoast_head_json":{"title":"Funda el\u00e1stica para sof\u00e1 3 plazas color gris -","description":"Funda el\u00e1stica para sof\u00e1 3 plazas color gris. Protege, renueva y decora tu sof\u00e1 con un tejido suave, resistente y f\u00e1cil de colocar.","robots":{"index":"index","follow":"follow","max-snippet":"max-snippet:-1","max-image-preview":"max-image-preview:large","max-video-preview":"max-video-preview:-1"},"canonical":"https:\/\/gesmobles.cat\/es\/producto\/funda-sofa-3-plazas-funda-elastica-sofa-funda-sofa-gris-funda-protectora-sofa-funda-elastica-3-plazas-funda-sofa-lavable-protector-sofa-elastico-funda-sofa-color-gris-funda-elastica-para-sofa\/","og_locale":"es_ES","og_type":"article","og_title":"Funda el\u00e1stica para sof\u00e1 3 plazas color gris -","og_description":"Funda el\u00e1stica para sof\u00e1 3 plazas color gris. Protege, renueva y decora tu sof\u00e1 con un tejido suave, resistente y f\u00e1cil de colocar.","og_url":"https:\/\/gesmobles.cat\/es\/producto\/funda-sofa-3-plazas-funda-elastica-sofa-funda-sofa-gris-funda-protectora-sofa-funda-elastica-3-plazas-funda-sofa-lavable-protector-sofa-elastico-funda-sofa-color-gris-funda-elastica-para-sofa\/","og_image":[{"width":1024,"height":1024,"url":"https:\/\/gesmobles.cat\/wp-content\/uploads\/2025\/11\/funfan.jpg","type":"image\/jpeg"}],"twitter_card":"summary_large_image","twitter_misc":{"Tiempo de lectura":"1 minuto"},"schema":{"@context":"https:\/\/schema.org","@graph":[]}},"_links":{"self":[{"href":"https:\/\/gesmobles.cat\/es\/wp-json\/wp\/v2\/product\/6074","targetHints":{"allow":["GET"]}}],"collection":[{"href":"https:\/\/gesmobles.cat\/es\/wp-json\/wp\/v2\/product"}],"about":[{"href":"https:\/\/gesmobles.cat\/es\/wp-json\/wp\/v2\/types\/product"}],"replies":[{"embeddable":true,"href":"https:\/\/gesmobles.cat\/es\/wp-json\/wp\/v2\/comments?post=6074"}],"wp:featuredmedia":[{"embeddable":true,"href":"https:\/\/gesmobles.cat\/es\/wp-json\/wp\/v2\/media\/6075"}],"wp:attachment":[{"href":"https:\/\/gesmobles.cat\/es\/wp-json\/wp\/v2\/media?parent=6074"}],"wp:term":[{"taxonomy":"product_brand","embeddable":true,"href":"https:\/\/gesmobles.cat\/es\/wp-json\/wp\/v2\/product_brand?post=6074"},{"taxonomy":"product_cat","embeddable":true,"href":"https:\/\/gesmobles.cat\/es\/wp-json\/wp\/v2\/product_cat?post=6074"},{"taxonomy":"product_tag","embeddable":true,"href":"https:\/\/gesmobles.cat\/es\/wp-json\/wp\/v2\/product_tag?post=6074"}],"curies":[{"name":"wp","href":"https:\/\/api.w.org\/{rel}","templated":true}]}}