{"id":6105,"date":"2025-11-07T18:55:17","date_gmt":"2025-11-07T16:55:17","guid":{"rendered":"https:\/\/gesmobles.cat\/?post_type=product&#038;p=6105"},"modified":"2025-11-11T10:29:51","modified_gmt":"2025-11-11T08:29:51","slug":"silla-moderna-silla-gris-oscuro-silla-tapizada-silla-comedor-silla-patas-negras-silla-elegante-mobiliario-comedor-sillas-online-gesmobles","status":"publish","type":"product","link":"https:\/\/gesmobles.cat\/es\/producto\/silla-moderna-silla-gris-oscuro-silla-tapizada-silla-comedor-silla-patas-negras-silla-elegante-mobiliario-comedor-sillas-online-gesmobles\/","title":{"rendered":"Silla Orleans"},"content":{"rendered":"<p>La Silla Orleans combina elegancia y funcionalidad en un dise\u00f1o sencillo y atemporal. Tapizada en tejido gris oscuro de alta calidad, ofrece un asiento c\u00f3modo y un respaldo firme que garantizan una experiencia de uso confortable.<br \/>\nSu estructura met\u00e1lica negra aporta estabilidad y un estilo moderno ideal para comedores, salones o espacios profesionales.<br \/>\nPerfecta para ambientes contempor\u00e1neos con un toque sofisticado.<br \/>\nPedido m\u00ednimo: 4 unidades.<\/p>\n","protected":false},"excerpt":{"rendered":"<p>La Silla Orleans combina elegancia y funcionalidad en un dise\u00f1o sencillo y atemporal. Tapizada en tejido gris oscuro de alta calidad, ofrece un asiento c\u00f3modo y un respaldo firme que garantizan una experiencia de uso confortable. Su estructura met\u00e1lica negra aporta estabilidad y un estilo moderno ideal para comedores, salones o espacios profesionales. Perfecta para [&hellip;]<\/p>\n","protected":false},"featured_media":6140,"comment_status":"open","ping_status":"closed","template":"","meta":[],"product_brand":[],"product_cat":[54,591],"product_tag":[],"class_list":{"0":"post-6105","1":"product","2":"type-product","3":"status-publish","4":"has-post-thumbnail","6":"product_cat-sillas","7":"product_cat-sillas-de-comedor","9":"first","10":"instock","11":"taxable","12":"shipping-taxable","13":"purchasable","14":"product-type-simple"},"acf":[],"yoast_head":"<!-- This site is optimized with the Yoast SEO plugin v27.4 - https:\/\/yoast.com\/product\/yoast-seo-wordpress\/ -->\n<title>Silla Orleans -<\/title>\n<meta name=\"description\" content=\"Silla Orleans tapizada en gris oscuro con patas met\u00e1licas negras. Dise\u00f1o moderno, c\u00f3modo y elegante para comedor o sal\u00f3n. Pedido m\u00ednimo: 4 unidades.\" \/>\n<meta name=\"robots\" content=\"index, follow, max-snippet:-1, max-image-preview:large, max-video-preview:-1\" \/>\n<link rel=\"canonical\" href=\"https:\/\/gesmobles.cat\/es\/producto\/silla-moderna-silla-gris-oscuro-silla-tapizada-silla-comedor-silla-patas-negras-silla-elegante-mobiliario-comedor-sillas-online-gesmobles\/\" \/>\n<meta property=\"og:locale\" content=\"es_ES\" \/>\n<meta property=\"og:type\" content=\"article\" \/>\n<meta property=\"og:title\" content=\"Silla Orleans -\" \/>\n<meta property=\"og:description\" content=\"Silla Orleans tapizada en gris oscuro con patas met\u00e1licas negras. Dise\u00f1o moderno, c\u00f3modo y elegante para comedor o sal\u00f3n. Pedido m\u00ednimo: 4 unidades.\" \/>\n<meta property=\"og:url\" content=\"https:\/\/gesmobles.cat\/es\/producto\/silla-moderna-silla-gris-oscuro-silla-tapizada-silla-comedor-silla-patas-negras-silla-elegante-mobiliario-comedor-sillas-online-gesmobles\/\" \/>\n<meta property=\"article:modified_time\" content=\"2025-11-11T08:29:51+00:00\" \/>\n<meta property=\"og:image\" content=\"https:\/\/gesmobles.cat\/wp-content\/uploads\/2025\/11\/orleans2-scaled.webp\" \/>\n\t<meta property=\"og:image:width\" content=\"2560\" \/>\n\t<meta property=\"og:image:height\" content=\"1972\" \/>\n\t<meta property=\"og:image:type\" content=\"image\/webp\" \/>\n<meta name=\"twitter:card\" content=\"summary_large_image\" \/>\n<meta name=\"twitter:label1\" content=\"Tiempo de lectura\" \/>\n\t<meta name=\"twitter:data1\" content=\"1 minuto\" \/>\n<!-- \/ Yoast SEO plugin. -->","yoast_head_json":{"title":"Silla Orleans -","description":"Silla Orleans tapizada en gris oscuro con patas met\u00e1licas negras. Dise\u00f1o moderno, c\u00f3modo y elegante para comedor o sal\u00f3n. Pedido m\u00ednimo: 4 unidades.","robots":{"index":"index","follow":"follow","max-snippet":"max-snippet:-1","max-image-preview":"max-image-preview:large","max-video-preview":"max-video-preview:-1"},"canonical":"https:\/\/gesmobles.cat\/es\/producto\/silla-moderna-silla-gris-oscuro-silla-tapizada-silla-comedor-silla-patas-negras-silla-elegante-mobiliario-comedor-sillas-online-gesmobles\/","og_locale":"es_ES","og_type":"article","og_title":"Silla Orleans -","og_description":"Silla Orleans tapizada en gris oscuro con patas met\u00e1licas negras. Dise\u00f1o moderno, c\u00f3modo y elegante para comedor o sal\u00f3n. Pedido m\u00ednimo: 4 unidades.","og_url":"https:\/\/gesmobles.cat\/es\/producto\/silla-moderna-silla-gris-oscuro-silla-tapizada-silla-comedor-silla-patas-negras-silla-elegante-mobiliario-comedor-sillas-online-gesmobles\/","article_modified_time":"2025-11-11T08:29:51+00:00","og_image":[{"width":2560,"height":1972,"url":"https:\/\/gesmobles.cat\/wp-content\/uploads\/2025\/11\/orleans2-scaled.webp","type":"image\/webp"}],"twitter_card":"summary_large_image","twitter_misc":{"Tiempo de lectura":"1 minuto"},"schema":{"@context":"https:\/\/schema.org","@graph":[]}},"_links":{"self":[{"href":"https:\/\/gesmobles.cat\/es\/wp-json\/wp\/v2\/product\/6105","targetHints":{"allow":["GET"]}}],"collection":[{"href":"https:\/\/gesmobles.cat\/es\/wp-json\/wp\/v2\/product"}],"about":[{"href":"https:\/\/gesmobles.cat\/es\/wp-json\/wp\/v2\/types\/product"}],"replies":[{"embeddable":true,"href":"https:\/\/gesmobles.cat\/es\/wp-json\/wp\/v2\/comments?post=6105"}],"wp:featuredmedia":[{"embeddable":true,"href":"https:\/\/gesmobles.cat\/es\/wp-json\/wp\/v2\/media\/6140"}],"wp:attachment":[{"href":"https:\/\/gesmobles.cat\/es\/wp-json\/wp\/v2\/media?parent=6105"}],"wp:term":[{"taxonomy":"product_brand","embeddable":true,"href":"https:\/\/gesmobles.cat\/es\/wp-json\/wp\/v2\/product_brand?post=6105"},{"taxonomy":"product_cat","embeddable":true,"href":"https:\/\/gesmobles.cat\/es\/wp-json\/wp\/v2\/product_cat?post=6105"},{"taxonomy":"product_tag","embeddable":true,"href":"https:\/\/gesmobles.cat\/es\/wp-json\/wp\/v2\/product_tag?post=6105"}],"curies":[{"name":"wp","href":"https:\/\/api.w.org\/{rel}","templated":true}]}}