{"id":6110,"date":"2025-11-07T19:35:28","date_gmt":"2025-11-07T17:35:28","guid":{"rendered":"https:\/\/gesmobles.cat\/?post_type=product&#038;p=6110"},"modified":"2025-11-07T19:35:29","modified_gmt":"2025-11-07T17:35:29","slug":"cesta-decorativa-set-de-cestas-cestas-de-mimbre-cestas-de-almacenamiento-decoracion-natural-cestas-con-asas-cestas-beige-decoracion-hogar-gesmobles","status":"publish","type":"product","link":"https:\/\/gesmobles.cat\/es\/producto\/cesta-decorativa-set-de-cestas-cestas-de-mimbre-cestas-de-almacenamiento-decoracion-natural-cestas-con-asas-cestas-beige-decoracion-hogar-gesmobles\/","title":{"rendered":"Set de 2 Cestas Decorativas de Fibra Natural"},"content":{"rendered":"<p>El Set de 2 Cestas Decorativas de Fibra Natural combina funcionalidad y estilo natural para cualquier rinc\u00f3n del hogar. Fabricadas en fibra trenzada de tonos beige y marr\u00f3n, aportan calidez y textura a la decoraci\u00f3n.<br \/>\nSon ideales para almacenar mantas, cojines, revistas o juguetes, manteniendo el orden con un toque artesanal y elegante.<br \/>\nSu dise\u00f1o con asas facilita el transporte y permite usarlas tanto juntas como por separado.<br \/>\nSe venden en pack de 2 unidades.<\/p>\n","protected":false},"excerpt":{"rendered":"<p>El Set de 2 Cestas Decorativas de Fibra Natural combina funcionalidad y estilo natural para cualquier rinc\u00f3n del hogar. Fabricadas en fibra trenzada de tonos beige y marr\u00f3n, aportan calidez y textura a la decoraci\u00f3n. Son ideales para almacenar mantas, cojines, revistas o juguetes, manteniendo el orden con un toque artesanal y elegante. Su dise\u00f1o [&hellip;]<\/p>\n","protected":false},"featured_media":6111,"comment_status":"open","ping_status":"closed","template":"","meta":[],"product_brand":[],"product_cat":[64],"product_tag":[],"class_list":{"0":"post-6110","1":"product","2":"type-product","3":"status-publish","4":"has-post-thumbnail","6":"product_cat-decoracion","8":"first","9":"instock","10":"taxable","11":"shipping-taxable","12":"purchasable","13":"product-type-simple"},"acf":[],"yoast_head":"<!-- This site is optimized with the Yoast SEO plugin v27.4 - https:\/\/yoast.com\/product\/yoast-seo-wordpress\/ -->\n<title>Set de 2 Cestas Decorativas de Fibra Natural -<\/title>\n<meta name=\"description\" content=\"Set de 2 cestas decorativas de fibra natural con asas. Dise\u00f1o artesanal en tonos beige y marr\u00f3n, perfecto para almacenamiento y decoraci\u00f3n. Pack de 2 unidades.\" \/>\n<meta name=\"robots\" content=\"index, follow, max-snippet:-1, max-image-preview:large, max-video-preview:-1\" \/>\n<link rel=\"canonical\" href=\"https:\/\/gesmobles.cat\/es\/producto\/cesta-decorativa-set-de-cestas-cestas-de-mimbre-cestas-de-almacenamiento-decoracion-natural-cestas-con-asas-cestas-beige-decoracion-hogar-gesmobles\/\" \/>\n<meta property=\"og:locale\" content=\"es_ES\" \/>\n<meta property=\"og:type\" content=\"article\" \/>\n<meta property=\"og:title\" content=\"Set de 2 Cestas Decorativas de Fibra Natural -\" \/>\n<meta property=\"og:description\" content=\"Set de 2 cestas decorativas de fibra natural con asas. Dise\u00f1o artesanal en tonos beige y marr\u00f3n, perfecto para almacenamiento y decoraci\u00f3n. Pack de 2 unidades.\" \/>\n<meta property=\"og:url\" content=\"https:\/\/gesmobles.cat\/es\/producto\/cesta-decorativa-set-de-cestas-cestas-de-mimbre-cestas-de-almacenamiento-decoracion-natural-cestas-con-asas-cestas-beige-decoracion-hogar-gesmobles\/\" \/>\n<meta property=\"article:modified_time\" content=\"2025-11-07T17:35:29+00:00\" \/>\n<meta property=\"og:image\" content=\"https:\/\/gesmobles.cat\/wp-content\/uploads\/2025\/11\/cesti.jpeg\" \/>\n\t<meta property=\"og:image:width\" content=\"700\" \/>\n\t<meta property=\"og:image:height\" content=\"466\" \/>\n\t<meta property=\"og:image:type\" content=\"image\/jpeg\" \/>\n<meta name=\"twitter:card\" content=\"summary_large_image\" \/>\n<meta name=\"twitter:label1\" content=\"Tiempo de lectura\" \/>\n\t<meta name=\"twitter:data1\" content=\"1 minuto\" \/>\n<!-- \/ Yoast SEO plugin. -->","yoast_head_json":{"title":"Set de 2 Cestas Decorativas de Fibra Natural -","description":"Set de 2 cestas decorativas de fibra natural con asas. Dise\u00f1o artesanal en tonos beige y marr\u00f3n, perfecto para almacenamiento y decoraci\u00f3n. Pack de 2 unidades.","robots":{"index":"index","follow":"follow","max-snippet":"max-snippet:-1","max-image-preview":"max-image-preview:large","max-video-preview":"max-video-preview:-1"},"canonical":"https:\/\/gesmobles.cat\/es\/producto\/cesta-decorativa-set-de-cestas-cestas-de-mimbre-cestas-de-almacenamiento-decoracion-natural-cestas-con-asas-cestas-beige-decoracion-hogar-gesmobles\/","og_locale":"es_ES","og_type":"article","og_title":"Set de 2 Cestas Decorativas de Fibra Natural -","og_description":"Set de 2 cestas decorativas de fibra natural con asas. Dise\u00f1o artesanal en tonos beige y marr\u00f3n, perfecto para almacenamiento y decoraci\u00f3n. Pack de 2 unidades.","og_url":"https:\/\/gesmobles.cat\/es\/producto\/cesta-decorativa-set-de-cestas-cestas-de-mimbre-cestas-de-almacenamiento-decoracion-natural-cestas-con-asas-cestas-beige-decoracion-hogar-gesmobles\/","article_modified_time":"2025-11-07T17:35:29+00:00","og_image":[{"width":700,"height":466,"url":"https:\/\/gesmobles.cat\/wp-content\/uploads\/2025\/11\/cesti.jpeg","type":"image\/jpeg"}],"twitter_card":"summary_large_image","twitter_misc":{"Tiempo de lectura":"1 minuto"},"schema":{"@context":"https:\/\/schema.org","@graph":[]}},"_links":{"self":[{"href":"https:\/\/gesmobles.cat\/es\/wp-json\/wp\/v2\/product\/6110","targetHints":{"allow":["GET"]}}],"collection":[{"href":"https:\/\/gesmobles.cat\/es\/wp-json\/wp\/v2\/product"}],"about":[{"href":"https:\/\/gesmobles.cat\/es\/wp-json\/wp\/v2\/types\/product"}],"replies":[{"embeddable":true,"href":"https:\/\/gesmobles.cat\/es\/wp-json\/wp\/v2\/comments?post=6110"}],"wp:featuredmedia":[{"embeddable":true,"href":"https:\/\/gesmobles.cat\/es\/wp-json\/wp\/v2\/media\/6111"}],"wp:attachment":[{"href":"https:\/\/gesmobles.cat\/es\/wp-json\/wp\/v2\/media?parent=6110"}],"wp:term":[{"taxonomy":"product_brand","embeddable":true,"href":"https:\/\/gesmobles.cat\/es\/wp-json\/wp\/v2\/product_brand?post=6110"},{"taxonomy":"product_cat","embeddable":true,"href":"https:\/\/gesmobles.cat\/es\/wp-json\/wp\/v2\/product_cat?post=6110"},{"taxonomy":"product_tag","embeddable":true,"href":"https:\/\/gesmobles.cat\/es\/wp-json\/wp\/v2\/product_tag?post=6110"}],"curies":[{"name":"wp","href":"https:\/\/api.w.org\/{rel}","templated":true}]}}