{"id":6161,"date":"2025-11-13T11:25:46","date_gmt":"2025-11-13T09:25:46","guid":{"rendered":"https:\/\/gesmobles.cat\/?post_type=product&#038;p=6161"},"modified":"2026-01-26T18:58:53","modified_gmt":"2026-01-26T16:58:53","slug":"mueble-de-salon-moderno-composicion-de-salon-roble-mueble-tv-grafito-vitrina-salon-moderna-muebles-de-comedor-modernos-composicion-modular-salon-mueble-de-salon-roble-natural-composicion-salon","status":"publish","type":"product","link":"https:\/\/gesmobles.cat\/es\/producto\/mueble-de-salon-moderno-composicion-de-salon-roble-mueble-tv-grafito-vitrina-salon-moderna-muebles-de-comedor-modernos-composicion-modular-salon-mueble-de-salon-roble-natural-composicion-salon\/","title":{"rendered":"Composici\u00f3n de sal\u00f3n NEO Roble &#038; Grafito"},"content":{"rendered":"<p>La composici\u00f3n de sal\u00f3n NEO Roble &amp; Grafito aporta calidez, estilo y funcionalidad a cualquier espacio gracias a su dise\u00f1o moderno y su combinaci\u00f3n de materiales. Esta composici\u00f3n est\u00e1 formada por un mueble TV en acabado grafito con base elevada, un m\u00f3dulo vertical con vitrina en roble natural, y un estante superior a juego que permite organizar libros, decoraci\u00f3n o iluminaci\u00f3n ambiental.<\/p>\n<p>El contraste entre el roble natural y el grafito ofrece un estilo contempor\u00e1neo con un toque industrial suave, ideal para salones modernos, n\u00f3rdicos o mediterr\u00e1neos que buscan un ambiente acogedor sin renunciar a la elegancia.<\/p>\n<p>El m\u00f3dulo vitrina aporta un espacio perfecto para exponer elementos decorativos o cristaler\u00eda, mientras que los cajones y compartimentos cerrados ofrecen gran capacidad de almacenaje.<\/p>\n<p>No incluye ni la mesa auxiliar ni luces LED, mostradas \u00fanicamente como ambientaci\u00f3n.<\/p>\n<p>&#8211; Bajo 1 pta abtible y 1 caj\u00f3n 180x35x47cm<br \/>\n&#8211; Bajo tv 2 ptas abatibles apilado 180x54x35cm<br \/>\n&#8211; Alto vitrina 1 pta cristal izda 60x160x35cm<br \/>\n&#8211; Alto 1 pta madera derecha 30x160x35cm<br \/>\n&#8211; Estante colgar + panel 180x22x23cm<\/p>\n","protected":false},"excerpt":{"rendered":"<p>La composici\u00f3n de sal\u00f3n NEO Roble &amp; Grafito aporta calidez, estilo y funcionalidad a cualquier espacio gracias a su dise\u00f1o moderno y su combinaci\u00f3n de materiales. Esta composici\u00f3n est\u00e1 formada por un mueble TV en acabado grafito con base elevada, un m\u00f3dulo vertical con vitrina en roble natural, y un estante superior a juego que [&hellip;]<\/p>\n","protected":false},"featured_media":6162,"comment_status":"open","ping_status":"closed","template":"","meta":[],"product_brand":[],"product_cat":[51,334],"product_tag":[],"class_list":{"0":"post-6161","1":"product","2":"type-product","3":"status-publish","4":"has-post-thumbnail","6":"product_cat-muebles-es","7":"product_cat-muebles-salon","9":"first","10":"instock","11":"taxable","12":"shipping-taxable","13":"purchasable","14":"product-type-simple"},"acf":[],"yoast_head":"<!-- This site is optimized with the Yoast SEO plugin v27.4 - https:\/\/yoast.com\/product\/yoast-seo-wordpress\/ -->\n<title>Composici\u00f3n de sal\u00f3n NEO Roble &amp; Grafito -<\/title>\n<meta name=\"description\" content=\"Composici\u00f3n de sal\u00f3n NEO en roble natural y grafito, con mueble TV, vitrina y estante superior. Dise\u00f1o moderno, c\u00e1lido y funcional. Perfecta para salones actuales. No incluye mesa ni luces LED.\" \/>\n<meta name=\"robots\" content=\"index, follow, max-snippet:-1, max-image-preview:large, max-video-preview:-1\" \/>\n<link rel=\"canonical\" href=\"https:\/\/gesmobles.cat\/es\/producto\/mueble-de-salon-moderno-composicion-de-salon-roble-mueble-tv-grafito-vitrina-salon-moderna-muebles-de-comedor-modernos-composicion-modular-salon-mueble-de-salon-roble-natural-composicion-salon\/\" \/>\n<meta property=\"og:locale\" content=\"es_ES\" \/>\n<meta property=\"og:type\" content=\"article\" \/>\n<meta property=\"og:title\" content=\"Composici\u00f3n de sal\u00f3n NEO Roble &amp; Grafito -\" \/>\n<meta property=\"og:description\" content=\"Composici\u00f3n de sal\u00f3n NEO en roble natural y grafito, con mueble TV, vitrina y estante superior. Dise\u00f1o moderno, c\u00e1lido y funcional. Perfecta para salones actuales. No incluye mesa ni luces LED.\" \/>\n<meta property=\"og:url\" content=\"https:\/\/gesmobles.cat\/es\/producto\/mueble-de-salon-moderno-composicion-de-salon-roble-mueble-tv-grafito-vitrina-salon-moderna-muebles-de-comedor-modernos-composicion-modular-salon-mueble-de-salon-roble-natural-composicion-salon\/\" \/>\n<meta property=\"article:modified_time\" content=\"2026-01-26T16:58:53+00:00\" \/>\n<meta property=\"og:image\" content=\"https:\/\/gesmobles.cat\/wp-content\/uploads\/2025\/11\/neo4.jpg\" \/>\n\t<meta property=\"og:image:width\" content=\"1024\" \/>\n\t<meta property=\"og:image:height\" content=\"640\" \/>\n\t<meta property=\"og:image:type\" content=\"image\/jpeg\" \/>\n<meta name=\"twitter:card\" content=\"summary_large_image\" \/>\n<meta name=\"twitter:label1\" content=\"Tiempo de lectura\" \/>\n\t<meta name=\"twitter:data1\" content=\"1 minuto\" \/>\n<!-- \/ Yoast SEO plugin. -->","yoast_head_json":{"title":"Composici\u00f3n de sal\u00f3n NEO Roble & Grafito -","description":"Composici\u00f3n de sal\u00f3n NEO en roble natural y grafito, con mueble TV, vitrina y estante superior. Dise\u00f1o moderno, c\u00e1lido y funcional. Perfecta para salones actuales. No incluye mesa ni luces LED.","robots":{"index":"index","follow":"follow","max-snippet":"max-snippet:-1","max-image-preview":"max-image-preview:large","max-video-preview":"max-video-preview:-1"},"canonical":"https:\/\/gesmobles.cat\/es\/producto\/mueble-de-salon-moderno-composicion-de-salon-roble-mueble-tv-grafito-vitrina-salon-moderna-muebles-de-comedor-modernos-composicion-modular-salon-mueble-de-salon-roble-natural-composicion-salon\/","og_locale":"es_ES","og_type":"article","og_title":"Composici\u00f3n de sal\u00f3n NEO Roble & Grafito -","og_description":"Composici\u00f3n de sal\u00f3n NEO en roble natural y grafito, con mueble TV, vitrina y estante superior. Dise\u00f1o moderno, c\u00e1lido y funcional. Perfecta para salones actuales. No incluye mesa ni luces LED.","og_url":"https:\/\/gesmobles.cat\/es\/producto\/mueble-de-salon-moderno-composicion-de-salon-roble-mueble-tv-grafito-vitrina-salon-moderna-muebles-de-comedor-modernos-composicion-modular-salon-mueble-de-salon-roble-natural-composicion-salon\/","article_modified_time":"2026-01-26T16:58:53+00:00","og_image":[{"width":1024,"height":640,"url":"https:\/\/gesmobles.cat\/wp-content\/uploads\/2025\/11\/neo4.jpg","type":"image\/jpeg"}],"twitter_card":"summary_large_image","twitter_misc":{"Tiempo de lectura":"1 minuto"},"schema":{"@context":"https:\/\/schema.org","@graph":[]}},"_links":{"self":[{"href":"https:\/\/gesmobles.cat\/es\/wp-json\/wp\/v2\/product\/6161","targetHints":{"allow":["GET"]}}],"collection":[{"href":"https:\/\/gesmobles.cat\/es\/wp-json\/wp\/v2\/product"}],"about":[{"href":"https:\/\/gesmobles.cat\/es\/wp-json\/wp\/v2\/types\/product"}],"replies":[{"embeddable":true,"href":"https:\/\/gesmobles.cat\/es\/wp-json\/wp\/v2\/comments?post=6161"}],"wp:featuredmedia":[{"embeddable":true,"href":"https:\/\/gesmobles.cat\/es\/wp-json\/wp\/v2\/media\/6162"}],"wp:attachment":[{"href":"https:\/\/gesmobles.cat\/es\/wp-json\/wp\/v2\/media?parent=6161"}],"wp:term":[{"taxonomy":"product_brand","embeddable":true,"href":"https:\/\/gesmobles.cat\/es\/wp-json\/wp\/v2\/product_brand?post=6161"},{"taxonomy":"product_cat","embeddable":true,"href":"https:\/\/gesmobles.cat\/es\/wp-json\/wp\/v2\/product_cat?post=6161"},{"taxonomy":"product_tag","embeddable":true,"href":"https:\/\/gesmobles.cat\/es\/wp-json\/wp\/v2\/product_tag?post=6161"}],"curies":[{"name":"wp","href":"https:\/\/api.w.org\/{rel}","templated":true}]}}