{"id":6218,"date":"2025-11-18T21:07:49","date_gmt":"2025-11-18T19:07:49","guid":{"rendered":"https:\/\/gesmobles.cat\/?post_type=product&#038;p=6218"},"modified":"2026-01-26T18:53:59","modified_gmt":"2026-01-26T16:53:59","slug":"mueble-de-salon-modular-mueble-de-salon-moderno-mueble-tv-roble-vitrina-salon-moderna-composicion-de-salon-roble-mueble-de-salon-con-iluminacion-opcional-mueble-de-comedor-moderno-muebles-conte","status":"publish","type":"product","link":"https:\/\/gesmobles.cat\/es\/producto\/mueble-de-salon-modular-mueble-de-salon-moderno-mueble-tv-roble-vitrina-salon-moderna-composicion-de-salon-roble-mueble-de-salon-con-iluminacion-opcional-mueble-de-comedor-moderno-muebles-conte\/","title":{"rendered":"Mueble de sal\u00f3n modular Oak Vision"},"content":{"rendered":"<p>El mueble de sal\u00f3n modular Oak Vision destaca por su dise\u00f1o moderno y elegante, combinando tonos roble natural con detalles en color oscuro que aportan contraste y sofisticaci\u00f3n. La composici\u00f3n incluye un m\u00f3dulo bajo para televisi\u00f3n con gran capacidad de almacenaje, un estante superior decorativo y un amplio m\u00f3dulo vitrina con estantes de cristal y opci\u00f3n de iluminaci\u00f3n interior.<\/p>\n<p>Su dise\u00f1o funcional permite organizar tanto dispositivos multimedia como libros, vajilla o elementos decorativos, manteniendo un sal\u00f3n ordenado y visualmente limpio. Los materiales y acabados de alta calidad aseguran resistencia y durabilidad, convirti\u00e9ndolo en una opci\u00f3n perfecta para salones contempor\u00e1neos.<\/p>\n<p>Importante: la iluminaci\u00f3n LED mostrada en la vitrina y en el m\u00f3dulo TV no est\u00e1 incluida.<\/p>\n","protected":false},"excerpt":{"rendered":"<p>El mueble de sal\u00f3n modular Oak Vision destaca por su dise\u00f1o moderno y elegante, combinando tonos roble natural con detalles en color oscuro que aportan contraste y sofisticaci\u00f3n. La composici\u00f3n incluye un m\u00f3dulo bajo para televisi\u00f3n con gran capacidad de almacenaje, un estante superior decorativo y un amplio m\u00f3dulo vitrina con estantes de cristal y [&hellip;]<\/p>\n","protected":false},"featured_media":6219,"comment_status":"open","ping_status":"closed","template":"","meta":[],"product_brand":[],"product_cat":[51,334],"product_tag":[],"class_list":{"0":"post-6218","1":"product","2":"type-product","3":"status-publish","4":"has-post-thumbnail","6":"product_cat-muebles-es","7":"product_cat-muebles-salon","9":"first","10":"instock","11":"taxable","12":"shipping-taxable","13":"purchasable","14":"product-type-simple"},"acf":[],"yoast_head":"<!-- This site is optimized with the Yoast SEO plugin v27.4 - https:\/\/yoast.com\/product\/yoast-seo-wordpress\/ -->\n<title>Mueble de sal\u00f3n modular Oak Vision -<\/title>\n<meta name=\"description\" content=\"Mueble de sal\u00f3n modular Oak Vision en acabado roble con vitrina, m\u00f3dulo TV y estante superior. Dise\u00f1o moderno y funcional para salones contempor\u00e1neos. Los LEDs no est\u00e1n incluidos.\" \/>\n<meta name=\"robots\" content=\"index, follow, max-snippet:-1, max-image-preview:large, max-video-preview:-1\" \/>\n<link rel=\"canonical\" href=\"https:\/\/gesmobles.cat\/es\/producto\/mueble-de-salon-modular-mueble-de-salon-moderno-mueble-tv-roble-vitrina-salon-moderna-composicion-de-salon-roble-mueble-de-salon-con-iluminacion-opcional-mueble-de-comedor-moderno-muebles-conte\/\" \/>\n<meta property=\"og:locale\" content=\"es_ES\" \/>\n<meta property=\"og:type\" content=\"article\" \/>\n<meta property=\"og:title\" content=\"Mueble de sal\u00f3n modular Oak Vision -\" \/>\n<meta property=\"og:description\" content=\"Mueble de sal\u00f3n modular Oak Vision en acabado roble con vitrina, m\u00f3dulo TV y estante superior. Dise\u00f1o moderno y funcional para salones contempor\u00e1neos. Los LEDs no est\u00e1n incluidos.\" \/>\n<meta property=\"og:url\" content=\"https:\/\/gesmobles.cat\/es\/producto\/mueble-de-salon-modular-mueble-de-salon-moderno-mueble-tv-roble-vitrina-salon-moderna-composicion-de-salon-roble-mueble-de-salon-con-iluminacion-opcional-mueble-de-comedor-moderno-muebles-conte\/\" \/>\n<meta property=\"article:modified_time\" content=\"2026-01-26T16:53:59+00:00\" \/>\n<meta property=\"og:image\" content=\"https:\/\/gesmobles.cat\/wp-content\/uploads\/2025\/11\/306.jpg\" \/>\n\t<meta property=\"og:image:width\" content=\"1024\" \/>\n\t<meta property=\"og:image:height\" content=\"1024\" \/>\n\t<meta property=\"og:image:type\" content=\"image\/jpeg\" \/>\n<meta name=\"twitter:card\" content=\"summary_large_image\" \/>\n<meta name=\"twitter:label1\" content=\"Tiempo de lectura\" \/>\n\t<meta name=\"twitter:data1\" content=\"1 minuto\" \/>\n<!-- \/ Yoast SEO plugin. -->","yoast_head_json":{"title":"Mueble de sal\u00f3n modular Oak Vision -","description":"Mueble de sal\u00f3n modular Oak Vision en acabado roble con vitrina, m\u00f3dulo TV y estante superior. Dise\u00f1o moderno y funcional para salones contempor\u00e1neos. Los LEDs no est\u00e1n incluidos.","robots":{"index":"index","follow":"follow","max-snippet":"max-snippet:-1","max-image-preview":"max-image-preview:large","max-video-preview":"max-video-preview:-1"},"canonical":"https:\/\/gesmobles.cat\/es\/producto\/mueble-de-salon-modular-mueble-de-salon-moderno-mueble-tv-roble-vitrina-salon-moderna-composicion-de-salon-roble-mueble-de-salon-con-iluminacion-opcional-mueble-de-comedor-moderno-muebles-conte\/","og_locale":"es_ES","og_type":"article","og_title":"Mueble de sal\u00f3n modular Oak Vision -","og_description":"Mueble de sal\u00f3n modular Oak Vision en acabado roble con vitrina, m\u00f3dulo TV y estante superior. Dise\u00f1o moderno y funcional para salones contempor\u00e1neos. Los LEDs no est\u00e1n incluidos.","og_url":"https:\/\/gesmobles.cat\/es\/producto\/mueble-de-salon-modular-mueble-de-salon-moderno-mueble-tv-roble-vitrina-salon-moderna-composicion-de-salon-roble-mueble-de-salon-con-iluminacion-opcional-mueble-de-comedor-moderno-muebles-conte\/","article_modified_time":"2026-01-26T16:53:59+00:00","og_image":[{"width":1024,"height":1024,"url":"https:\/\/gesmobles.cat\/wp-content\/uploads\/2025\/11\/306.jpg","type":"image\/jpeg"}],"twitter_card":"summary_large_image","twitter_misc":{"Tiempo de lectura":"1 minuto"},"schema":{"@context":"https:\/\/schema.org","@graph":[]}},"_links":{"self":[{"href":"https:\/\/gesmobles.cat\/es\/wp-json\/wp\/v2\/product\/6218","targetHints":{"allow":["GET"]}}],"collection":[{"href":"https:\/\/gesmobles.cat\/es\/wp-json\/wp\/v2\/product"}],"about":[{"href":"https:\/\/gesmobles.cat\/es\/wp-json\/wp\/v2\/types\/product"}],"replies":[{"embeddable":true,"href":"https:\/\/gesmobles.cat\/es\/wp-json\/wp\/v2\/comments?post=6218"}],"wp:featuredmedia":[{"embeddable":true,"href":"https:\/\/gesmobles.cat\/es\/wp-json\/wp\/v2\/media\/6219"}],"wp:attachment":[{"href":"https:\/\/gesmobles.cat\/es\/wp-json\/wp\/v2\/media?parent=6218"}],"wp:term":[{"taxonomy":"product_brand","embeddable":true,"href":"https:\/\/gesmobles.cat\/es\/wp-json\/wp\/v2\/product_brand?post=6218"},{"taxonomy":"product_cat","embeddable":true,"href":"https:\/\/gesmobles.cat\/es\/wp-json\/wp\/v2\/product_cat?post=6218"},{"taxonomy":"product_tag","embeddable":true,"href":"https:\/\/gesmobles.cat\/es\/wp-json\/wp\/v2\/product_tag?post=6218"}],"curies":[{"name":"wp","href":"https:\/\/api.w.org\/{rel}","templated":true}]}}