{"id":6241,"date":"2025-11-19T22:41:05","date_gmt":"2025-11-19T20:41:05","guid":{"rendered":"https:\/\/gesmobles.cat\/?post_type=product&#038;p=6241"},"modified":"2026-03-31T10:13:32","modified_gmt":"2026-03-31T08:13:32","slug":"cojin-terracota-cojin-texturizado-cojin-decorativo-salon-cojin-45x45-cojin-moderno-cojin-para-sofa-cojin-con-relieve","status":"publish","type":"product","link":"https:\/\/gesmobles.cat\/es\/producto\/cojin-terracota-cojin-texturizado-cojin-decorativo-salon-cojin-45x45-cojin-moderno-cojin-para-sofa-cojin-con-relieve\/","title":{"rendered":"Coj\u00edn decorativo texturizado Terracota Wave 45&#215;45 cm"},"content":{"rendered":"<p>El coj\u00edn decorativo Terracota Wave destaca por su dise\u00f1o moderno con textura en relieve y patr\u00f3n ondulado, perfecto para aportar calidez y estilo a cualquier espacio del hogar. Su tejido suave combina una base en tono neutro con detalles en color terracota texturizados que a\u00f1aden volumen y personalidad.<br \/>\nIdeal para sof\u00e1s, camas o butacas, este coj\u00edn se adapta a estilos n\u00f3rdicos, contempor\u00e1neos, boho y r\u00fasticos gracias a su mezcla equilibrada entre elegancia y naturalidad.<br \/>\nIncluye relleno y cremallera oculta para facilitar la extracci\u00f3n de la funda y su limpieza. Una pieza decorativa funcional, atractiva y f\u00e1cil de combinar.<\/p>\n<p>Medidas: 45 x 45 cm<\/p>\n<p>Funda con textura en relieve<\/p>\n<p>Relleno incluido<\/p>\n<p>Cierre con cremallera oculta<\/p>\n","protected":false},"excerpt":{"rendered":"<p>El coj\u00edn decorativo Terracota Wave destaca por su dise\u00f1o moderno con textura en relieve y patr\u00f3n ondulado, perfecto para aportar calidez y estilo a cualquier espacio del hogar. Su tejido suave combina una base en tono neutro con detalles en color terracota texturizados que a\u00f1aden volumen y personalidad. Ideal para sof\u00e1s, camas o butacas, este [&hellip;]<\/p>\n","protected":false},"featured_media":6242,"comment_status":"open","ping_status":"closed","template":"","meta":[],"product_brand":[],"product_cat":[64,562],"product_tag":[],"class_list":{"0":"post-6241","1":"product","2":"type-product","3":"status-publish","4":"has-post-thumbnail","6":"product_cat-decoracion","7":"product_cat-cojines-decoracion-decoracion","9":"first","10":"instock","11":"taxable","12":"shipping-taxable","13":"purchasable","14":"product-type-simple"},"acf":[],"yoast_head":"<!-- This site is optimized with the Yoast SEO plugin v27.4 - https:\/\/yoast.com\/product\/yoast-seo-wordpress\/ -->\n<title>Coj\u00edn decorativo texturizado Terracota Wave 45x45 cm -<\/title>\n<meta name=\"description\" content=\"Coj\u00edn decorativo texturizado Terracota Wave 45x45 cm con relleno incluido. Dise\u00f1o moderno en relieve y tonos c\u00e1lidos para sal\u00f3n o dormitorio. Elegante y f\u00e1cil de combinar.\" \/>\n<meta name=\"robots\" content=\"index, follow, max-snippet:-1, max-image-preview:large, max-video-preview:-1\" \/>\n<link rel=\"canonical\" href=\"https:\/\/gesmobles.cat\/es\/producto\/cojin-terracota-cojin-texturizado-cojin-decorativo-salon-cojin-45x45-cojin-moderno-cojin-para-sofa-cojin-con-relieve\/\" \/>\n<meta property=\"og:locale\" content=\"es_ES\" \/>\n<meta property=\"og:type\" content=\"article\" \/>\n<meta property=\"og:title\" content=\"Coj\u00edn decorativo texturizado Terracota Wave 45x45 cm -\" \/>\n<meta property=\"og:description\" content=\"Coj\u00edn decorativo texturizado Terracota Wave 45x45 cm con relleno incluido. Dise\u00f1o moderno en relieve y tonos c\u00e1lidos para sal\u00f3n o dormitorio. Elegante y f\u00e1cil de combinar.\" \/>\n<meta property=\"og:url\" content=\"https:\/\/gesmobles.cat\/es\/producto\/cojin-terracota-cojin-texturizado-cojin-decorativo-salon-cojin-45x45-cojin-moderno-cojin-para-sofa-cojin-con-relieve\/\" \/>\n<meta property=\"article:modified_time\" content=\"2026-03-31T08:13:32+00:00\" \/>\n<meta property=\"og:image\" content=\"https:\/\/gesmobles.cat\/wp-content\/uploads\/2025\/11\/cojr.jpg\" \/>\n\t<meta property=\"og:image:width\" content=\"700\" \/>\n\t<meta property=\"og:image:height\" content=\"466\" \/>\n\t<meta property=\"og:image:type\" content=\"image\/jpeg\" \/>\n<meta name=\"twitter:card\" content=\"summary_large_image\" \/>\n<meta name=\"twitter:label1\" content=\"Tiempo de lectura\" \/>\n\t<meta name=\"twitter:data1\" content=\"1 minuto\" \/>\n<!-- \/ Yoast SEO plugin. -->","yoast_head_json":{"title":"Coj\u00edn decorativo texturizado Terracota Wave 45x45 cm -","description":"Coj\u00edn decorativo texturizado Terracota Wave 45x45 cm con relleno incluido. Dise\u00f1o moderno en relieve y tonos c\u00e1lidos para sal\u00f3n o dormitorio. Elegante y f\u00e1cil de combinar.","robots":{"index":"index","follow":"follow","max-snippet":"max-snippet:-1","max-image-preview":"max-image-preview:large","max-video-preview":"max-video-preview:-1"},"canonical":"https:\/\/gesmobles.cat\/es\/producto\/cojin-terracota-cojin-texturizado-cojin-decorativo-salon-cojin-45x45-cojin-moderno-cojin-para-sofa-cojin-con-relieve\/","og_locale":"es_ES","og_type":"article","og_title":"Coj\u00edn decorativo texturizado Terracota Wave 45x45 cm -","og_description":"Coj\u00edn decorativo texturizado Terracota Wave 45x45 cm con relleno incluido. Dise\u00f1o moderno en relieve y tonos c\u00e1lidos para sal\u00f3n o dormitorio. Elegante y f\u00e1cil de combinar.","og_url":"https:\/\/gesmobles.cat\/es\/producto\/cojin-terracota-cojin-texturizado-cojin-decorativo-salon-cojin-45x45-cojin-moderno-cojin-para-sofa-cojin-con-relieve\/","article_modified_time":"2026-03-31T08:13:32+00:00","og_image":[{"width":700,"height":466,"url":"https:\/\/gesmobles.cat\/wp-content\/uploads\/2025\/11\/cojr.jpg","type":"image\/jpeg"}],"twitter_card":"summary_large_image","twitter_misc":{"Tiempo de lectura":"1 minuto"},"schema":{"@context":"https:\/\/schema.org","@graph":[]}},"_links":{"self":[{"href":"https:\/\/gesmobles.cat\/es\/wp-json\/wp\/v2\/product\/6241","targetHints":{"allow":["GET"]}}],"collection":[{"href":"https:\/\/gesmobles.cat\/es\/wp-json\/wp\/v2\/product"}],"about":[{"href":"https:\/\/gesmobles.cat\/es\/wp-json\/wp\/v2\/types\/product"}],"replies":[{"embeddable":true,"href":"https:\/\/gesmobles.cat\/es\/wp-json\/wp\/v2\/comments?post=6241"}],"wp:featuredmedia":[{"embeddable":true,"href":"https:\/\/gesmobles.cat\/es\/wp-json\/wp\/v2\/media\/6242"}],"wp:attachment":[{"href":"https:\/\/gesmobles.cat\/es\/wp-json\/wp\/v2\/media?parent=6241"}],"wp:term":[{"taxonomy":"product_brand","embeddable":true,"href":"https:\/\/gesmobles.cat\/es\/wp-json\/wp\/v2\/product_brand?post=6241"},{"taxonomy":"product_cat","embeddable":true,"href":"https:\/\/gesmobles.cat\/es\/wp-json\/wp\/v2\/product_cat?post=6241"},{"taxonomy":"product_tag","embeddable":true,"href":"https:\/\/gesmobles.cat\/es\/wp-json\/wp\/v2\/product_tag?post=6241"}],"curies":[{"name":"wp","href":"https:\/\/api.w.org\/{rel}","templated":true}]}}