{"id":6591,"date":"2025-12-17T17:26:11","date_gmt":"2025-12-17T15:26:11","guid":{"rendered":"https:\/\/gesmobles.cat\/?post_type=product&#038;p=6591"},"modified":"2025-12-17T17:26:11","modified_gmt":"2025-12-17T15:26:11","slug":"cojin-decorativo-cojin-abstracto-cojin-moderno-cojin-tonos-tierra-cojin-para-sala-cojin-decorativo-moderno-cojin-diseno-abstracto-cojin-estilo-contemporaneo","status":"publish","type":"product","link":"https:\/\/gesmobles.cat\/es\/producto\/cojin-decorativo-cojin-abstracto-cojin-moderno-cojin-tonos-tierra-cojin-para-sala-cojin-decorativo-moderno-cojin-diseno-abstracto-cojin-estilo-contemporaneo\/","title":{"rendered":"Coj\u00edn Decorativo Abstracto en Tonos Tierra"},"content":{"rendered":"<p>Este coj\u00edn decorativo presenta un elegante dise\u00f1o abstracto con formas org\u00e1nicas y una combinaci\u00f3n armoniosa de tonos tierra como beige, caf\u00e9 y gris. Su textura tipo lino aporta calidez y sofisticaci\u00f3n, convirti\u00e9ndolo en un complemento ideal para salas, rec\u00e1maras u oficinas. Perfecto para estilos modernos, contempor\u00e1neos o minimalistas, a\u00f1ade un toque art\u00edstico y acogedor a cualquier espacio.<\/p>\n","protected":false},"excerpt":{"rendered":"<p>Este coj\u00edn decorativo presenta un elegante dise\u00f1o abstracto con formas org\u00e1nicas y una combinaci\u00f3n armoniosa de tonos tierra como beige, caf\u00e9 y gris. Su textura tipo lino aporta calidez y sofisticaci\u00f3n, convirti\u00e9ndolo en un complemento ideal para salas, rec\u00e1maras u oficinas. Perfecto para estilos modernos, contempor\u00e1neos o minimalistas, a\u00f1ade un toque art\u00edstico y acogedor a [&hellip;]<\/p>\n","protected":false},"featured_media":6592,"comment_status":"open","ping_status":"closed","template":"","meta":[],"product_brand":[],"product_cat":[64,562],"product_tag":[],"class_list":{"0":"post-6591","1":"product","2":"type-product","3":"status-publish","4":"has-post-thumbnail","6":"product_cat-decoracion","7":"product_cat-cojines-decoracion-decoracion","9":"first","10":"instock","11":"taxable","12":"shipping-taxable","13":"purchasable","14":"product-type-simple"},"acf":[],"yoast_head":"<!-- This site is optimized with the Yoast SEO plugin v27.4 - https:\/\/yoast.com\/product\/yoast-seo-wordpress\/ -->\n<title>Coj\u00edn Decorativo Abstracto en Tonos Tierra -<\/title>\n<meta name=\"description\" content=\"Coj\u00edn decorativo con dise\u00f1o abstracto en tonos tierra. Ideal para salas y rec\u00e1maras modernas. Aporta estilo, calidez y elegancia a tus espacios.\" \/>\n<meta name=\"robots\" content=\"index, follow, max-snippet:-1, max-image-preview:large, max-video-preview:-1\" \/>\n<link rel=\"canonical\" href=\"https:\/\/gesmobles.cat\/es\/producto\/cojin-decorativo-cojin-abstracto-cojin-moderno-cojin-tonos-tierra-cojin-para-sala-cojin-decorativo-moderno-cojin-diseno-abstracto-cojin-estilo-contemporaneo\/\" \/>\n<meta property=\"og:locale\" content=\"es_ES\" \/>\n<meta property=\"og:type\" content=\"article\" \/>\n<meta property=\"og:title\" content=\"Coj\u00edn Decorativo Abstracto en Tonos Tierra -\" \/>\n<meta property=\"og:description\" content=\"Coj\u00edn decorativo con dise\u00f1o abstracto en tonos tierra. Ideal para salas y rec\u00e1maras modernas. Aporta estilo, calidez y elegancia a tus espacios.\" \/>\n<meta property=\"og:url\" content=\"https:\/\/gesmobles.cat\/es\/producto\/cojin-decorativo-cojin-abstracto-cojin-moderno-cojin-tonos-tierra-cojin-para-sala-cojin-decorativo-moderno-cojin-diseno-abstracto-cojin-estilo-contemporaneo\/\" \/>\n<meta property=\"og:image\" content=\"https:\/\/gesmobles.cat\/wp-content\/uploads\/2025\/12\/marr.jpg\" \/>\n\t<meta property=\"og:image:width\" content=\"700\" \/>\n\t<meta property=\"og:image:height\" content=\"466\" \/>\n\t<meta property=\"og:image:type\" content=\"image\/jpeg\" \/>\n<meta name=\"twitter:card\" content=\"summary_large_image\" \/>\n<meta name=\"twitter:label1\" content=\"Tiempo de lectura\" \/>\n\t<meta name=\"twitter:data1\" content=\"1 minuto\" \/>\n<!-- \/ Yoast SEO plugin. -->","yoast_head_json":{"title":"Coj\u00edn Decorativo Abstracto en Tonos Tierra -","description":"Coj\u00edn decorativo con dise\u00f1o abstracto en tonos tierra. Ideal para salas y rec\u00e1maras modernas. Aporta estilo, calidez y elegancia a tus espacios.","robots":{"index":"index","follow":"follow","max-snippet":"max-snippet:-1","max-image-preview":"max-image-preview:large","max-video-preview":"max-video-preview:-1"},"canonical":"https:\/\/gesmobles.cat\/es\/producto\/cojin-decorativo-cojin-abstracto-cojin-moderno-cojin-tonos-tierra-cojin-para-sala-cojin-decorativo-moderno-cojin-diseno-abstracto-cojin-estilo-contemporaneo\/","og_locale":"es_ES","og_type":"article","og_title":"Coj\u00edn Decorativo Abstracto en Tonos Tierra -","og_description":"Coj\u00edn decorativo con dise\u00f1o abstracto en tonos tierra. Ideal para salas y rec\u00e1maras modernas. Aporta estilo, calidez y elegancia a tus espacios.","og_url":"https:\/\/gesmobles.cat\/es\/producto\/cojin-decorativo-cojin-abstracto-cojin-moderno-cojin-tonos-tierra-cojin-para-sala-cojin-decorativo-moderno-cojin-diseno-abstracto-cojin-estilo-contemporaneo\/","og_image":[{"width":700,"height":466,"url":"https:\/\/gesmobles.cat\/wp-content\/uploads\/2025\/12\/marr.jpg","type":"image\/jpeg"}],"twitter_card":"summary_large_image","twitter_misc":{"Tiempo de lectura":"1 minuto"},"schema":{"@context":"https:\/\/schema.org","@graph":[]}},"_links":{"self":[{"href":"https:\/\/gesmobles.cat\/es\/wp-json\/wp\/v2\/product\/6591","targetHints":{"allow":["GET"]}}],"collection":[{"href":"https:\/\/gesmobles.cat\/es\/wp-json\/wp\/v2\/product"}],"about":[{"href":"https:\/\/gesmobles.cat\/es\/wp-json\/wp\/v2\/types\/product"}],"replies":[{"embeddable":true,"href":"https:\/\/gesmobles.cat\/es\/wp-json\/wp\/v2\/comments?post=6591"}],"wp:featuredmedia":[{"embeddable":true,"href":"https:\/\/gesmobles.cat\/es\/wp-json\/wp\/v2\/media\/6592"}],"wp:attachment":[{"href":"https:\/\/gesmobles.cat\/es\/wp-json\/wp\/v2\/media?parent=6591"}],"wp:term":[{"taxonomy":"product_brand","embeddable":true,"href":"https:\/\/gesmobles.cat\/es\/wp-json\/wp\/v2\/product_brand?post=6591"},{"taxonomy":"product_cat","embeddable":true,"href":"https:\/\/gesmobles.cat\/es\/wp-json\/wp\/v2\/product_cat?post=6591"},{"taxonomy":"product_tag","embeddable":true,"href":"https:\/\/gesmobles.cat\/es\/wp-json\/wp\/v2\/product_tag?post=6591"}],"curies":[{"name":"wp","href":"https:\/\/api.w.org\/{rel}","templated":true}]}}