{"id":6613,"date":"2025-12-17T17:48:22","date_gmt":"2025-12-17T15:48:22","guid":{"rendered":"https:\/\/gesmobles.cat\/?post_type=product&#038;p=6613"},"modified":"2025-12-17T17:48:23","modified_gmt":"2025-12-17T15:48:23","slug":"velas-decorativas-pack-de-velas-velas-cilindricas-velas-azules-velas-para-decoracion-velas-decorativas-modernas-pack-3-velas-velas-estilo-rustico","status":"publish","type":"product","link":"https:\/\/gesmobles.cat\/es\/producto\/velas-decorativas-pack-de-velas-velas-cilindricas-velas-azules-velas-para-decoracion-velas-decorativas-modernas-pack-3-velas-velas-estilo-rustico\/","title":{"rendered":"Pack de 3 Velas Decorativas Cil\u00edndricas en Tonos Azules"},"content":{"rendered":"<p>Este pack de 3 velas decorativas cil\u00edndricas combina diferentes tonos azules que aportan serenidad y estilo a cualquier espacio. Cada vela presenta un acabado artesanal con textura suave y est\u00e1 decorada con cuerda natural y etiqueta de estilo r\u00fastico, lo que las convierte en un complemento perfecto tanto para ambientes modernos como naturales o costeros. Ideales para decorar mesas, estanter\u00edas o crear atm\u00f3sferas c\u00e1lidas y acogedoras en el hogar.<\/p>\n","protected":false},"excerpt":{"rendered":"<p>Este pack de 3 velas decorativas cil\u00edndricas combina diferentes tonos azules que aportan serenidad y estilo a cualquier espacio. Cada vela presenta un acabado artesanal con textura suave y est\u00e1 decorada con cuerda natural y etiqueta de estilo r\u00fastico, lo que las convierte en un complemento perfecto tanto para ambientes modernos como naturales o costeros. [&hellip;]<\/p>\n","protected":false},"featured_media":6614,"comment_status":"open","ping_status":"closed","template":"","meta":[],"product_brand":[],"product_cat":[64,94],"product_tag":[],"class_list":{"0":"post-6613","1":"product","2":"type-product","3":"status-publish","4":"has-post-thumbnail","6":"product_cat-decoracion","7":"product_cat-velas-y-aromas","9":"first","10":"instock","11":"taxable","12":"shipping-taxable","13":"purchasable","14":"product-type-simple"},"acf":[],"yoast_head":"<!-- This site is optimized with the Yoast SEO plugin v27.4 - https:\/\/yoast.com\/product\/yoast-seo-wordpress\/ -->\n<title>Pack de 3 Velas Decorativas Cil\u00edndricas en Tonos Azules -<\/title>\n<meta name=\"description\" content=\"Pack de 3 velas decorativas cil\u00edndricas en tonos azules. Ideales para crear ambientes acogedores y aportar un toque elegante a tu hogar.\" \/>\n<meta name=\"robots\" content=\"index, follow, max-snippet:-1, max-image-preview:large, max-video-preview:-1\" \/>\n<link rel=\"canonical\" href=\"https:\/\/gesmobles.cat\/es\/producto\/velas-decorativas-pack-de-velas-velas-cilindricas-velas-azules-velas-para-decoracion-velas-decorativas-modernas-pack-3-velas-velas-estilo-rustico\/\" \/>\n<meta property=\"og:locale\" content=\"es_ES\" \/>\n<meta property=\"og:type\" content=\"article\" \/>\n<meta property=\"og:title\" content=\"Pack de 3 Velas Decorativas Cil\u00edndricas en Tonos Azules -\" \/>\n<meta property=\"og:description\" content=\"Pack de 3 velas decorativas cil\u00edndricas en tonos azules. Ideales para crear ambientes acogedores y aportar un toque elegante a tu hogar.\" \/>\n<meta property=\"og:url\" content=\"https:\/\/gesmobles.cat\/es\/producto\/velas-decorativas-pack-de-velas-velas-cilindricas-velas-azules-velas-para-decoracion-velas-decorativas-modernas-pack-3-velas-velas-estilo-rustico\/\" \/>\n<meta property=\"article:modified_time\" content=\"2025-12-17T15:48:23+00:00\" \/>\n<meta property=\"og:image\" content=\"https:\/\/gesmobles.cat\/wp-content\/uploads\/2025\/12\/veli.jpg\" \/>\n\t<meta property=\"og:image:width\" content=\"700\" \/>\n\t<meta property=\"og:image:height\" content=\"466\" \/>\n\t<meta property=\"og:image:type\" content=\"image\/jpeg\" \/>\n<meta name=\"twitter:card\" content=\"summary_large_image\" \/>\n<meta name=\"twitter:label1\" content=\"Tiempo de lectura\" \/>\n\t<meta name=\"twitter:data1\" content=\"1 minuto\" \/>\n<!-- \/ Yoast SEO plugin. -->","yoast_head_json":{"title":"Pack de 3 Velas Decorativas Cil\u00edndricas en Tonos Azules -","description":"Pack de 3 velas decorativas cil\u00edndricas en tonos azules. Ideales para crear ambientes acogedores y aportar un toque elegante a tu hogar.","robots":{"index":"index","follow":"follow","max-snippet":"max-snippet:-1","max-image-preview":"max-image-preview:large","max-video-preview":"max-video-preview:-1"},"canonical":"https:\/\/gesmobles.cat\/es\/producto\/velas-decorativas-pack-de-velas-velas-cilindricas-velas-azules-velas-para-decoracion-velas-decorativas-modernas-pack-3-velas-velas-estilo-rustico\/","og_locale":"es_ES","og_type":"article","og_title":"Pack de 3 Velas Decorativas Cil\u00edndricas en Tonos Azules -","og_description":"Pack de 3 velas decorativas cil\u00edndricas en tonos azules. Ideales para crear ambientes acogedores y aportar un toque elegante a tu hogar.","og_url":"https:\/\/gesmobles.cat\/es\/producto\/velas-decorativas-pack-de-velas-velas-cilindricas-velas-azules-velas-para-decoracion-velas-decorativas-modernas-pack-3-velas-velas-estilo-rustico\/","article_modified_time":"2025-12-17T15:48:23+00:00","og_image":[{"width":700,"height":466,"url":"https:\/\/gesmobles.cat\/wp-content\/uploads\/2025\/12\/veli.jpg","type":"image\/jpeg"}],"twitter_card":"summary_large_image","twitter_misc":{"Tiempo de lectura":"1 minuto"},"schema":{"@context":"https:\/\/schema.org","@graph":[]}},"_links":{"self":[{"href":"https:\/\/gesmobles.cat\/es\/wp-json\/wp\/v2\/product\/6613","targetHints":{"allow":["GET"]}}],"collection":[{"href":"https:\/\/gesmobles.cat\/es\/wp-json\/wp\/v2\/product"}],"about":[{"href":"https:\/\/gesmobles.cat\/es\/wp-json\/wp\/v2\/types\/product"}],"replies":[{"embeddable":true,"href":"https:\/\/gesmobles.cat\/es\/wp-json\/wp\/v2\/comments?post=6613"}],"wp:featuredmedia":[{"embeddable":true,"href":"https:\/\/gesmobles.cat\/es\/wp-json\/wp\/v2\/media\/6614"}],"wp:attachment":[{"href":"https:\/\/gesmobles.cat\/es\/wp-json\/wp\/v2\/media?parent=6613"}],"wp:term":[{"taxonomy":"product_brand","embeddable":true,"href":"https:\/\/gesmobles.cat\/es\/wp-json\/wp\/v2\/product_brand?post=6613"},{"taxonomy":"product_cat","embeddable":true,"href":"https:\/\/gesmobles.cat\/es\/wp-json\/wp\/v2\/product_cat?post=6613"},{"taxonomy":"product_tag","embeddable":true,"href":"https:\/\/gesmobles.cat\/es\/wp-json\/wp\/v2\/product_tag?post=6613"}],"curies":[{"name":"wp","href":"https:\/\/api.w.org\/{rel}","templated":true}]}}