{"id":6652,"date":"2025-12-21T20:00:40","date_gmt":"2025-12-21T18:00:40","guid":{"rendered":"https:\/\/gesmobles.cat\/?post_type=product&#038;p=6652"},"modified":"2026-02-24T13:55:27","modified_gmt":"2026-02-24T11:55:27","slug":"cojin-decorativo-cojin-bordado-cojin-botanico-cojin-con-relleno-cojin-hojas-cojin-floral-cojines-decorativos-para-sala-cojin-tonos-naturales-cojin-estilo-natural-cojin-para-sofa","status":"publish","type":"product","link":"https:\/\/gesmobles.cat\/es\/producto\/cojin-decorativo-cojin-bordado-cojin-botanico-cojin-con-relleno-cojin-hojas-cojin-floral-cojines-decorativos-para-sala-cojin-tonos-naturales-cojin-estilo-natural-cojin-para-sofa\/","title":{"rendered":"Coj\u00edn Decorativo Bordado Bot\u00e1nico en Tonos Naturales con Relleno"},"content":{"rendered":"<p>Aporta calidez y estilo natural a tus espacios con este elegante coj\u00edn decorativo bordado <strong data-start=\"329\" data-end=\"352\">que incluye relleno<\/strong>. Su dise\u00f1o bot\u00e1nico, inspirado en hojas y flores silvestres, combina tonos tierra, verdes suaves y delicados acentos florales que crean una atm\u00f3sfera acogedora y sofisticada. Fabricado en tela de aspecto natural con bordado en relieve, es ideal para salas, rec\u00e1maras o rincones de lectura, aportando textura y personalidad a cualquier ambiente.<\/p>\n","protected":false},"excerpt":{"rendered":"<p>Aporta calidez y estilo natural a tus espacios con este elegante coj\u00edn decorativo bordado que incluye relleno. Su dise\u00f1o bot\u00e1nico, inspirado en hojas y flores silvestres, combina tonos tierra, verdes suaves y delicados acentos florales que crean una atm\u00f3sfera acogedora y sofisticada. Fabricado en tela de aspecto natural con bordado en relieve, es ideal para [&hellip;]<\/p>\n","protected":false},"featured_media":6653,"comment_status":"open","ping_status":"closed","template":"","meta":[],"product_brand":[],"product_cat":[64,562],"product_tag":[],"class_list":{"0":"post-6652","1":"product","2":"type-product","3":"status-publish","4":"has-post-thumbnail","6":"product_cat-decoracion","7":"product_cat-cojines-decoracion-decoracion","9":"first","10":"outofstock","11":"taxable","12":"shipping-taxable","13":"purchasable","14":"product-type-simple"},"acf":[],"yoast_head":"<!-- This site is optimized with the Yoast SEO plugin v27.4 - https:\/\/yoast.com\/product\/yoast-seo-wordpress\/ -->\n<title>Coj\u00edn Decorativo Bordado Bot\u00e1nico en Tonos Naturales con Relleno -<\/title>\n<meta name=\"description\" content=\"Coj\u00edn decorativo bordado con dise\u00f1o bot\u00e1nico en tonos naturales. Incluye relleno y es ideal para sala o rec\u00e1mara, aportando estilo y calidez.\" \/>\n<meta name=\"robots\" content=\"index, follow, max-snippet:-1, max-image-preview:large, max-video-preview:-1\" \/>\n<link rel=\"canonical\" href=\"https:\/\/gesmobles.cat\/es\/producto\/cojin-decorativo-cojin-bordado-cojin-botanico-cojin-con-relleno-cojin-hojas-cojin-floral-cojines-decorativos-para-sala-cojin-tonos-naturales-cojin-estilo-natural-cojin-para-sofa\/\" \/>\n<meta property=\"og:locale\" content=\"es_ES\" \/>\n<meta property=\"og:type\" content=\"article\" \/>\n<meta property=\"og:title\" content=\"Coj\u00edn Decorativo Bordado Bot\u00e1nico en Tonos Naturales con Relleno -\" \/>\n<meta property=\"og:description\" content=\"Coj\u00edn decorativo bordado con dise\u00f1o bot\u00e1nico en tonos naturales. Incluye relleno y es ideal para sala o rec\u00e1mara, aportando estilo y calidez.\" \/>\n<meta property=\"og:url\" content=\"https:\/\/gesmobles.cat\/es\/producto\/cojin-decorativo-cojin-bordado-cojin-botanico-cojin-con-relleno-cojin-hojas-cojin-floral-cojines-decorativos-para-sala-cojin-tonos-naturales-cojin-estilo-natural-cojin-para-sofa\/\" \/>\n<meta property=\"article:modified_time\" content=\"2026-02-24T11:55:27+00:00\" \/>\n<meta property=\"og:image\" content=\"https:\/\/gesmobles.cat\/wp-content\/uploads\/2025\/12\/cflo-1.png\" \/>\n\t<meta property=\"og:image:width\" content=\"1200\" \/>\n\t<meta property=\"og:image:height\" content=\"1600\" \/>\n\t<meta property=\"og:image:type\" content=\"image\/png\" \/>\n<meta name=\"twitter:card\" content=\"summary_large_image\" \/>\n<meta name=\"twitter:label1\" content=\"Tiempo de lectura\" \/>\n\t<meta name=\"twitter:data1\" content=\"1 minuto\" \/>\n<!-- \/ Yoast SEO plugin. -->","yoast_head_json":{"title":"Coj\u00edn Decorativo Bordado Bot\u00e1nico en Tonos Naturales con Relleno -","description":"Coj\u00edn decorativo bordado con dise\u00f1o bot\u00e1nico en tonos naturales. Incluye relleno y es ideal para sala o rec\u00e1mara, aportando estilo y calidez.","robots":{"index":"index","follow":"follow","max-snippet":"max-snippet:-1","max-image-preview":"max-image-preview:large","max-video-preview":"max-video-preview:-1"},"canonical":"https:\/\/gesmobles.cat\/es\/producto\/cojin-decorativo-cojin-bordado-cojin-botanico-cojin-con-relleno-cojin-hojas-cojin-floral-cojines-decorativos-para-sala-cojin-tonos-naturales-cojin-estilo-natural-cojin-para-sofa\/","og_locale":"es_ES","og_type":"article","og_title":"Coj\u00edn Decorativo Bordado Bot\u00e1nico en Tonos Naturales con Relleno -","og_description":"Coj\u00edn decorativo bordado con dise\u00f1o bot\u00e1nico en tonos naturales. Incluye relleno y es ideal para sala o rec\u00e1mara, aportando estilo y calidez.","og_url":"https:\/\/gesmobles.cat\/es\/producto\/cojin-decorativo-cojin-bordado-cojin-botanico-cojin-con-relleno-cojin-hojas-cojin-floral-cojines-decorativos-para-sala-cojin-tonos-naturales-cojin-estilo-natural-cojin-para-sofa\/","article_modified_time":"2026-02-24T11:55:27+00:00","og_image":[{"width":1200,"height":1600,"url":"https:\/\/gesmobles.cat\/wp-content\/uploads\/2025\/12\/cflo-1.png","type":"image\/png"}],"twitter_card":"summary_large_image","twitter_misc":{"Tiempo de lectura":"1 minuto"},"schema":{"@context":"https:\/\/schema.org","@graph":[]}},"_links":{"self":[{"href":"https:\/\/gesmobles.cat\/es\/wp-json\/wp\/v2\/product\/6652","targetHints":{"allow":["GET"]}}],"collection":[{"href":"https:\/\/gesmobles.cat\/es\/wp-json\/wp\/v2\/product"}],"about":[{"href":"https:\/\/gesmobles.cat\/es\/wp-json\/wp\/v2\/types\/product"}],"replies":[{"embeddable":true,"href":"https:\/\/gesmobles.cat\/es\/wp-json\/wp\/v2\/comments?post=6652"}],"wp:featuredmedia":[{"embeddable":true,"href":"https:\/\/gesmobles.cat\/es\/wp-json\/wp\/v2\/media\/6653"}],"wp:attachment":[{"href":"https:\/\/gesmobles.cat\/es\/wp-json\/wp\/v2\/media?parent=6652"}],"wp:term":[{"taxonomy":"product_brand","embeddable":true,"href":"https:\/\/gesmobles.cat\/es\/wp-json\/wp\/v2\/product_brand?post=6652"},{"taxonomy":"product_cat","embeddable":true,"href":"https:\/\/gesmobles.cat\/es\/wp-json\/wp\/v2\/product_cat?post=6652"},{"taxonomy":"product_tag","embeddable":true,"href":"https:\/\/gesmobles.cat\/es\/wp-json\/wp\/v2\/product_tag?post=6652"}],"curies":[{"name":"wp","href":"https:\/\/api.w.org\/{rel}","templated":true}]}}