{"id":6660,"date":"2025-12-21T20:45:58","date_gmt":"2025-12-21T18:45:58","guid":{"rendered":"https:\/\/gesmobles.cat\/?post_type=product&#038;p=6660"},"modified":"2025-12-29T18:36:27","modified_gmt":"2025-12-29T16:36:27","slug":"cojin-decorativo-cojin-bordado-cojin-vegetal-cojin-con-relleno-cojin-tonos-tierra-cojin-natural-cojin-beige-y-verde-cojines-decorativos-para-sofa-cojin-estilo-mediterraneo-cojin-para-cama","status":"publish","type":"product","link":"https:\/\/gesmobles.cat\/es\/producto\/cojin-decorativo-cojin-bordado-cojin-vegetal-cojin-con-relleno-cojin-tonos-tierra-cojin-natural-cojin-beige-y-verde-cojines-decorativos-para-sofa-cojin-estilo-mediterraneo-cojin-para-cama\/","title":{"rendered":"Coj\u00edn Decorativo Bordado Vegetal en Tonos Tierra con Relleno"},"content":{"rendered":"<p>Decora tu hogar con un estilo natural y acogedor gracias a este coj\u00edn decorativo bordado <strong data-start=\"367\" data-end=\"390\">que incluye relleno<\/strong>. Su dise\u00f1o vegetal, compuesto por formas org\u00e1nicas y motivos inspirados en hojas y plantas silvestres, combina armoniosamente tonos tierra, verdes suaves y detalles en beige y teja. El bordado en relieve aporta profundidad y textura, convirti\u00e9ndolo en un complemento ideal para sof\u00e1s, camas o sillones en ambientes naturales, mediterr\u00e1neos o contempor\u00e1neos.<\/p>\n","protected":false},"excerpt":{"rendered":"<p>Decora tu hogar con un estilo natural y acogedor gracias a este coj\u00edn decorativo bordado que incluye relleno. Su dise\u00f1o vegetal, compuesto por formas org\u00e1nicas y motivos inspirados en hojas y plantas silvestres, combina armoniosamente tonos tierra, verdes suaves y detalles en beige y teja. El bordado en relieve aporta profundidad y textura, convirti\u00e9ndolo en [&hellip;]<\/p>\n","protected":false},"featured_media":6661,"comment_status":"open","ping_status":"closed","template":"","meta":[],"product_brand":[],"product_cat":[64,562],"product_tag":[],"class_list":{"0":"post-6660","1":"product","2":"type-product","3":"status-publish","4":"has-post-thumbnail","6":"product_cat-decoracion","7":"product_cat-cojines-decoracion-decoracion","9":"first","10":"instock","11":"taxable","12":"shipping-taxable","13":"purchasable","14":"product-type-simple"},"acf":[],"yoast_head":"<!-- This site is optimized with the Yoast SEO plugin v27.4 - https:\/\/yoast.com\/product\/yoast-seo-wordpress\/ -->\n<title>Coj\u00edn Decorativo Bordado Vegetal en Tonos Tierra con Relleno -<\/title>\n<meta name=\"description\" content=\"Coj\u00edn decorativo bordado con dise\u00f1o vegetal en tonos tierra. Incluye relleno y aporta calidez y estilo natural a cualquier espacio.\" \/>\n<meta name=\"robots\" content=\"index, follow, max-snippet:-1, max-image-preview:large, max-video-preview:-1\" \/>\n<link rel=\"canonical\" href=\"https:\/\/gesmobles.cat\/es\/producto\/cojin-decorativo-cojin-bordado-cojin-vegetal-cojin-con-relleno-cojin-tonos-tierra-cojin-natural-cojin-beige-y-verde-cojines-decorativos-para-sofa-cojin-estilo-mediterraneo-cojin-para-cama\/\" \/>\n<meta property=\"og:locale\" content=\"es_ES\" \/>\n<meta property=\"og:type\" content=\"article\" \/>\n<meta property=\"og:title\" content=\"Coj\u00edn Decorativo Bordado Vegetal en Tonos Tierra con Relleno -\" \/>\n<meta property=\"og:description\" content=\"Coj\u00edn decorativo bordado con dise\u00f1o vegetal en tonos tierra. Incluye relleno y aporta calidez y estilo natural a cualquier espacio.\" \/>\n<meta property=\"og:url\" content=\"https:\/\/gesmobles.cat\/es\/producto\/cojin-decorativo-cojin-bordado-cojin-vegetal-cojin-con-relleno-cojin-tonos-tierra-cojin-natural-cojin-beige-y-verde-cojines-decorativos-para-sofa-cojin-estilo-mediterraneo-cojin-para-cama\/\" \/>\n<meta property=\"article:modified_time\" content=\"2025-12-29T16:36:27+00:00\" \/>\n<meta property=\"og:image\" content=\"https:\/\/gesmobles.cat\/wp-content\/uploads\/2025\/12\/verdi.png\" \/>\n\t<meta property=\"og:image:width\" content=\"1536\" \/>\n\t<meta property=\"og:image:height\" content=\"2048\" \/>\n\t<meta property=\"og:image:type\" content=\"image\/png\" \/>\n<meta name=\"twitter:card\" content=\"summary_large_image\" \/>\n<meta name=\"twitter:label1\" content=\"Tiempo de lectura\" \/>\n\t<meta name=\"twitter:data1\" content=\"1 minuto\" \/>\n<!-- \/ Yoast SEO plugin. -->","yoast_head_json":{"title":"Coj\u00edn Decorativo Bordado Vegetal en Tonos Tierra con Relleno -","description":"Coj\u00edn decorativo bordado con dise\u00f1o vegetal en tonos tierra. Incluye relleno y aporta calidez y estilo natural a cualquier espacio.","robots":{"index":"index","follow":"follow","max-snippet":"max-snippet:-1","max-image-preview":"max-image-preview:large","max-video-preview":"max-video-preview:-1"},"canonical":"https:\/\/gesmobles.cat\/es\/producto\/cojin-decorativo-cojin-bordado-cojin-vegetal-cojin-con-relleno-cojin-tonos-tierra-cojin-natural-cojin-beige-y-verde-cojines-decorativos-para-sofa-cojin-estilo-mediterraneo-cojin-para-cama\/","og_locale":"es_ES","og_type":"article","og_title":"Coj\u00edn Decorativo Bordado Vegetal en Tonos Tierra con Relleno -","og_description":"Coj\u00edn decorativo bordado con dise\u00f1o vegetal en tonos tierra. Incluye relleno y aporta calidez y estilo natural a cualquier espacio.","og_url":"https:\/\/gesmobles.cat\/es\/producto\/cojin-decorativo-cojin-bordado-cojin-vegetal-cojin-con-relleno-cojin-tonos-tierra-cojin-natural-cojin-beige-y-verde-cojines-decorativos-para-sofa-cojin-estilo-mediterraneo-cojin-para-cama\/","article_modified_time":"2025-12-29T16:36:27+00:00","og_image":[{"width":1536,"height":2048,"url":"https:\/\/gesmobles.cat\/wp-content\/uploads\/2025\/12\/verdi.png","type":"image\/png"}],"twitter_card":"summary_large_image","twitter_misc":{"Tiempo de lectura":"1 minuto"},"schema":{"@context":"https:\/\/schema.org","@graph":[]}},"_links":{"self":[{"href":"https:\/\/gesmobles.cat\/es\/wp-json\/wp\/v2\/product\/6660","targetHints":{"allow":["GET"]}}],"collection":[{"href":"https:\/\/gesmobles.cat\/es\/wp-json\/wp\/v2\/product"}],"about":[{"href":"https:\/\/gesmobles.cat\/es\/wp-json\/wp\/v2\/types\/product"}],"replies":[{"embeddable":true,"href":"https:\/\/gesmobles.cat\/es\/wp-json\/wp\/v2\/comments?post=6660"}],"wp:featuredmedia":[{"embeddable":true,"href":"https:\/\/gesmobles.cat\/es\/wp-json\/wp\/v2\/media\/6661"}],"wp:attachment":[{"href":"https:\/\/gesmobles.cat\/es\/wp-json\/wp\/v2\/media?parent=6660"}],"wp:term":[{"taxonomy":"product_brand","embeddable":true,"href":"https:\/\/gesmobles.cat\/es\/wp-json\/wp\/v2\/product_brand?post=6660"},{"taxonomy":"product_cat","embeddable":true,"href":"https:\/\/gesmobles.cat\/es\/wp-json\/wp\/v2\/product_cat?post=6660"},{"taxonomy":"product_tag","embeddable":true,"href":"https:\/\/gesmobles.cat\/es\/wp-json\/wp\/v2\/product_tag?post=6660"}],"curies":[{"name":"wp","href":"https:\/\/api.w.org\/{rel}","templated":true}]}}