{"id":6689,"date":"2025-12-23T12:20:40","date_gmt":"2025-12-23T10:20:40","guid":{"rendered":"https:\/\/gesmobles.cat\/?post_type=product&#038;p=6689"},"modified":"2025-12-23T12:20:40","modified_gmt":"2025-12-23T10:20:40","slug":"silla-gaming-silla-gaming-ergonomica-silla-gamer-silla-de-oficina-gaming-silla-de-malla-gaming-silla-con-cabecera-gaming-silla-para-gamers-silla-para-streaming-silla-gaming-comoda","status":"publish","type":"product","link":"https:\/\/gesmobles.cat\/es\/producto\/silla-gaming-silla-gaming-ergonomica-silla-gamer-silla-de-oficina-gaming-silla-de-malla-gaming-silla-con-cabecera-gaming-silla-para-gamers-silla-para-streaming-silla-gaming-comoda\/","title":{"rendered":"Silla Gaming Ergon\u00f3mica de Oficina con Respaldo de Malla y Cabecera Ajustable"},"content":{"rendered":"<p>Silla gaming ergon\u00f3mica dise\u00f1ada para ofrecer m\u00e1ximo confort tanto en largas sesiones de juego como en jornadas de trabajo o estudio. Incorpora respaldo de malla transpirable que mejora la ventilaci\u00f3n, soporte lumbar integrado, asiento acolchado de alta densidad y cabecera ajustable para un apoyo \u00f3ptimo del cuello. Sus reposabrazos, altura regulable y base giratoria con ruedas proporcionan estabilidad, movilidad y una postura correcta. Ideal para gamers, streamers, home office y oficinas modernas.<\/p>\n","protected":false},"excerpt":{"rendered":"<p>Silla gaming ergon\u00f3mica dise\u00f1ada para ofrecer m\u00e1ximo confort tanto en largas sesiones de juego como en jornadas de trabajo o estudio. Incorpora respaldo de malla transpirable que mejora la ventilaci\u00f3n, soporte lumbar integrado, asiento acolchado de alta densidad y cabecera ajustable para un apoyo \u00f3ptimo del cuello. Sus reposabrazos, altura regulable y base giratoria con [&hellip;]<\/p>\n","protected":false},"featured_media":6690,"comment_status":"open","ping_status":"closed","template":"","meta":[],"product_brand":[],"product_cat":[54,346],"product_tag":[],"class_list":{"0":"post-6689","1":"product","2":"type-product","3":"status-publish","4":"has-post-thumbnail","6":"product_cat-sillas","7":"product_cat-sillas-de-oficina","9":"first","10":"instock","11":"taxable","12":"shipping-taxable","13":"purchasable","14":"product-type-simple"},"acf":[],"yoast_head":"<!-- This site is optimized with the Yoast SEO plugin v27.4 - https:\/\/yoast.com\/product\/yoast-seo-wordpress\/ -->\n<title>Silla Gaming Ergon\u00f3mica de Oficina con Respaldo de Malla y Cabecera Ajustable -<\/title>\n<meta name=\"description\" content=\"Silla gaming ergon\u00f3mica con respaldo de malla, cabecera ajustable y soporte lumbar. Ideal para gaming, streaming y trabajo prolongado con m\u00e1ximo confort.\" \/>\n<meta name=\"robots\" content=\"index, follow, max-snippet:-1, max-image-preview:large, max-video-preview:-1\" \/>\n<link rel=\"canonical\" href=\"https:\/\/gesmobles.cat\/es\/producto\/silla-gaming-silla-gaming-ergonomica-silla-gamer-silla-de-oficina-gaming-silla-de-malla-gaming-silla-con-cabecera-gaming-silla-para-gamers-silla-para-streaming-silla-gaming-comoda\/\" \/>\n<meta property=\"og:locale\" content=\"es_ES\" \/>\n<meta property=\"og:type\" content=\"article\" \/>\n<meta property=\"og:title\" content=\"Silla Gaming Ergon\u00f3mica de Oficina con Respaldo de Malla y Cabecera Ajustable -\" \/>\n<meta property=\"og:description\" content=\"Silla gaming ergon\u00f3mica con respaldo de malla, cabecera ajustable y soporte lumbar. Ideal para gaming, streaming y trabajo prolongado con m\u00e1ximo confort.\" \/>\n<meta property=\"og:url\" content=\"https:\/\/gesmobles.cat\/es\/producto\/silla-gaming-silla-gaming-ergonomica-silla-gamer-silla-de-oficina-gaming-silla-de-malla-gaming-silla-con-cabecera-gaming-silla-para-gamers-silla-para-streaming-silla-gaming-comoda\/\" \/>\n<meta property=\"og:image\" content=\"https:\/\/gesmobles.cat\/wp-content\/uploads\/2025\/12\/agampa0597-1-17253616505-1.webp\" \/>\n\t<meta property=\"og:image:width\" content=\"800\" \/>\n\t<meta property=\"og:image:height\" content=\"800\" \/>\n\t<meta property=\"og:image:type\" content=\"image\/webp\" \/>\n<meta name=\"twitter:card\" content=\"summary_large_image\" \/>\n<meta name=\"twitter:label1\" content=\"Tiempo de lectura\" \/>\n\t<meta name=\"twitter:data1\" content=\"1 minuto\" \/>\n<!-- \/ Yoast SEO plugin. -->","yoast_head_json":{"title":"Silla Gaming Ergon\u00f3mica de Oficina con Respaldo de Malla y Cabecera Ajustable -","description":"Silla gaming ergon\u00f3mica con respaldo de malla, cabecera ajustable y soporte lumbar. Ideal para gaming, streaming y trabajo prolongado con m\u00e1ximo confort.","robots":{"index":"index","follow":"follow","max-snippet":"max-snippet:-1","max-image-preview":"max-image-preview:large","max-video-preview":"max-video-preview:-1"},"canonical":"https:\/\/gesmobles.cat\/es\/producto\/silla-gaming-silla-gaming-ergonomica-silla-gamer-silla-de-oficina-gaming-silla-de-malla-gaming-silla-con-cabecera-gaming-silla-para-gamers-silla-para-streaming-silla-gaming-comoda\/","og_locale":"es_ES","og_type":"article","og_title":"Silla Gaming Ergon\u00f3mica de Oficina con Respaldo de Malla y Cabecera Ajustable -","og_description":"Silla gaming ergon\u00f3mica con respaldo de malla, cabecera ajustable y soporte lumbar. Ideal para gaming, streaming y trabajo prolongado con m\u00e1ximo confort.","og_url":"https:\/\/gesmobles.cat\/es\/producto\/silla-gaming-silla-gaming-ergonomica-silla-gamer-silla-de-oficina-gaming-silla-de-malla-gaming-silla-con-cabecera-gaming-silla-para-gamers-silla-para-streaming-silla-gaming-comoda\/","og_image":[{"width":800,"height":800,"url":"https:\/\/gesmobles.cat\/wp-content\/uploads\/2025\/12\/agampa0597-1-17253616505-1.webp","type":"image\/webp"}],"twitter_card":"summary_large_image","twitter_misc":{"Tiempo de lectura":"1 minuto"},"schema":{"@context":"https:\/\/schema.org","@graph":[]}},"_links":{"self":[{"href":"https:\/\/gesmobles.cat\/es\/wp-json\/wp\/v2\/product\/6689","targetHints":{"allow":["GET"]}}],"collection":[{"href":"https:\/\/gesmobles.cat\/es\/wp-json\/wp\/v2\/product"}],"about":[{"href":"https:\/\/gesmobles.cat\/es\/wp-json\/wp\/v2\/types\/product"}],"replies":[{"embeddable":true,"href":"https:\/\/gesmobles.cat\/es\/wp-json\/wp\/v2\/comments?post=6689"}],"wp:featuredmedia":[{"embeddable":true,"href":"https:\/\/gesmobles.cat\/es\/wp-json\/wp\/v2\/media\/6690"}],"wp:attachment":[{"href":"https:\/\/gesmobles.cat\/es\/wp-json\/wp\/v2\/media?parent=6689"}],"wp:term":[{"taxonomy":"product_brand","embeddable":true,"href":"https:\/\/gesmobles.cat\/es\/wp-json\/wp\/v2\/product_brand?post=6689"},{"taxonomy":"product_cat","embeddable":true,"href":"https:\/\/gesmobles.cat\/es\/wp-json\/wp\/v2\/product_cat?post=6689"},{"taxonomy":"product_tag","embeddable":true,"href":"https:\/\/gesmobles.cat\/es\/wp-json\/wp\/v2\/product_tag?post=6689"}],"curies":[{"name":"wp","href":"https:\/\/api.w.org\/{rel}","templated":true}]}}