{"id":6694,"date":"2025-12-23T12:36:20","date_gmt":"2025-12-23T10:36:20","guid":{"rendered":"https:\/\/gesmobles.cat\/?post_type=product&#038;p=6694"},"modified":"2025-12-23T12:36:21","modified_gmt":"2025-12-23T10:36:21","slug":"silla-gaming-silla-gamer-silla-gaming-racing-silla-gaming-ergonomica-silla-gaming-reclinable-silla-gaming-con-cojin-lumbar-silla-gaming-profesional-silla-gaming-para-pc-silla-gaming-para-strea","status":"publish","type":"product","link":"https:\/\/gesmobles.cat\/es\/producto\/silla-gaming-silla-gamer-silla-gaming-racing-silla-gaming-ergonomica-silla-gaming-reclinable-silla-gaming-con-cojin-lumbar-silla-gaming-profesional-silla-gaming-para-pc-silla-gaming-para-strea\/","title":{"rendered":"Silla Gaming Ergon\u00f3mica Tipo Racing con Reposacabezas y Soporte Lumbar"},"content":{"rendered":"<p>Silla gaming ergon\u00f3mica de dise\u00f1o tipo racing, pensada para ofrecer comodidad, sujeci\u00f3n y estilo durante largas sesiones de juego, streaming o trabajo. Incorpora respaldo alto con reposacabezas integrado, coj\u00edn lumbar acolchado y asiento de espuma de alta densidad que garantiza una postura correcta. Su tapizado en polipiel resistente con acabados deportivos aporta durabilidad y un look gamer profesional. Cuenta con reposabrazos ajustables, altura regulable, sistema reclinable y base giratoria con ruedas para una movilidad total.<\/p>\n<table class=\"tabla_caracteristicas\" width=\"100%\">\n<tbody>\n<tr>\n<td>&#8211; Tama\u00f1o: Est\u00e1ndar<br \/>\n&#8211; Superficie: Cuero de PVC transpirable<br \/>\n&#8211; Material base de 5 estrellas: Acero<br \/>\n&#8211; Espuma moldeadora: Base del asiento<br \/>\n&#8211; Direcciones del reposabrazos: 2D<br \/>\n&#8211; L\u00edmite de peso. 120 kg<br \/>\n&#8211; Almohada cervical y lumbar<br \/>\n&#8211; Ajuste de la altura de elevaci\u00f3n del pist\u00f3n<br \/>\n&#8211; Tensi\u00f3n de Inclinaci\u00f3n Ajustable<br \/>\n&#8211; Reclina Hasta 160\u00ba<br \/>\n&#8211; Ajuste del reposabrazos:<br \/>\nAltura<br \/>\nIzquierda a derecha<br \/>\n&#8211; Elevaci\u00f3n de gas de clase 4<br \/>\n&#8211; Base de acero de 5 radios<br \/>\n&#8211; L\u00edmite de peso 120 kg<br \/>\n&#8211; Dimensiones: 490 x 675 x 1260-1330 mm<br \/>\n&#8211; Peso: 20 kg<\/td>\n<\/tr>\n<\/tbody>\n<\/table>\n<p>&nbsp;<\/p>\n","protected":false},"excerpt":{"rendered":"<p>Silla gaming ergon\u00f3mica de dise\u00f1o tipo racing, pensada para ofrecer comodidad, sujeci\u00f3n y estilo durante largas sesiones de juego, streaming o trabajo. Incorpora respaldo alto con reposacabezas integrado, coj\u00edn lumbar acolchado y asiento de espuma de alta densidad que garantiza una postura correcta. Su tapizado en polipiel resistente con acabados deportivos aporta durabilidad y un [&hellip;]<\/p>\n","protected":false},"featured_media":6695,"comment_status":"open","ping_status":"closed","template":"","meta":[],"product_brand":[],"product_cat":[54,346],"product_tag":[],"class_list":{"0":"post-6694","1":"product","2":"type-product","3":"status-publish","4":"has-post-thumbnail","6":"product_cat-sillas","7":"product_cat-sillas-de-oficina","9":"first","10":"instock","11":"taxable","12":"shipping-taxable","13":"purchasable","14":"product-type-simple"},"acf":[],"yoast_head":"<!-- This site is optimized with the Yoast SEO plugin v27.4 - https:\/\/yoast.com\/product\/yoast-seo-wordpress\/ -->\n<title>Silla Gaming Ergon\u00f3mica Tipo Racing con Reposacabezas y Soporte Lumbar -<\/title>\n<meta name=\"description\" content=\"Silla gaming ergon\u00f3mica tipo racing con reposacabezas, coj\u00edn lumbar y dise\u00f1o deportivo. Ideal para gaming intensivo, streaming y largas horas de uso.\" \/>\n<meta name=\"robots\" content=\"index, follow, max-snippet:-1, max-image-preview:large, max-video-preview:-1\" \/>\n<link rel=\"canonical\" href=\"https:\/\/gesmobles.cat\/es\/producto\/silla-gaming-silla-gamer-silla-gaming-racing-silla-gaming-ergonomica-silla-gaming-reclinable-silla-gaming-con-cojin-lumbar-silla-gaming-profesional-silla-gaming-para-pc-silla-gaming-para-strea\/\" \/>\n<meta property=\"og:locale\" content=\"es_ES\" \/>\n<meta property=\"og:type\" content=\"article\" \/>\n<meta property=\"og:title\" content=\"Silla Gaming Ergon\u00f3mica Tipo Racing con Reposacabezas y Soporte Lumbar -\" \/>\n<meta property=\"og:description\" content=\"Silla gaming ergon\u00f3mica tipo racing con reposacabezas, coj\u00edn lumbar y dise\u00f1o deportivo. Ideal para gaming intensivo, streaming y largas horas de uso.\" \/>\n<meta property=\"og:url\" content=\"https:\/\/gesmobles.cat\/es\/producto\/silla-gaming-silla-gamer-silla-gaming-racing-silla-gaming-ergonomica-silla-gaming-reclinable-silla-gaming-con-cojin-lumbar-silla-gaming-profesional-silla-gaming-para-pc-silla-gaming-para-strea\/\" \/>\n<meta property=\"article:modified_time\" content=\"2025-12-23T10:36:21+00:00\" \/>\n<meta property=\"og:image\" content=\"https:\/\/gesmobles.cat\/wp-content\/uploads\/2025\/12\/agampa0575-1-16841632826-1.webp\" \/>\n\t<meta property=\"og:image:width\" content=\"800\" \/>\n\t<meta property=\"og:image:height\" content=\"800\" \/>\n\t<meta property=\"og:image:type\" content=\"image\/webp\" \/>\n<meta name=\"twitter:card\" content=\"summary_large_image\" \/>\n<meta name=\"twitter:label1\" content=\"Tiempo de lectura\" \/>\n\t<meta name=\"twitter:data1\" content=\"1 minuto\" \/>\n<!-- \/ Yoast SEO plugin. -->","yoast_head_json":{"title":"Silla Gaming Ergon\u00f3mica Tipo Racing con Reposacabezas y Soporte Lumbar -","description":"Silla gaming ergon\u00f3mica tipo racing con reposacabezas, coj\u00edn lumbar y dise\u00f1o deportivo. Ideal para gaming intensivo, streaming y largas horas de uso.","robots":{"index":"index","follow":"follow","max-snippet":"max-snippet:-1","max-image-preview":"max-image-preview:large","max-video-preview":"max-video-preview:-1"},"canonical":"https:\/\/gesmobles.cat\/es\/producto\/silla-gaming-silla-gamer-silla-gaming-racing-silla-gaming-ergonomica-silla-gaming-reclinable-silla-gaming-con-cojin-lumbar-silla-gaming-profesional-silla-gaming-para-pc-silla-gaming-para-strea\/","og_locale":"es_ES","og_type":"article","og_title":"Silla Gaming Ergon\u00f3mica Tipo Racing con Reposacabezas y Soporte Lumbar -","og_description":"Silla gaming ergon\u00f3mica tipo racing con reposacabezas, coj\u00edn lumbar y dise\u00f1o deportivo. Ideal para gaming intensivo, streaming y largas horas de uso.","og_url":"https:\/\/gesmobles.cat\/es\/producto\/silla-gaming-silla-gamer-silla-gaming-racing-silla-gaming-ergonomica-silla-gaming-reclinable-silla-gaming-con-cojin-lumbar-silla-gaming-profesional-silla-gaming-para-pc-silla-gaming-para-strea\/","article_modified_time":"2025-12-23T10:36:21+00:00","og_image":[{"width":800,"height":800,"url":"https:\/\/gesmobles.cat\/wp-content\/uploads\/2025\/12\/agampa0575-1-16841632826-1.webp","type":"image\/webp"}],"twitter_card":"summary_large_image","twitter_misc":{"Tiempo de lectura":"1 minuto"},"schema":{"@context":"https:\/\/schema.org","@graph":[]}},"_links":{"self":[{"href":"https:\/\/gesmobles.cat\/es\/wp-json\/wp\/v2\/product\/6694","targetHints":{"allow":["GET"]}}],"collection":[{"href":"https:\/\/gesmobles.cat\/es\/wp-json\/wp\/v2\/product"}],"about":[{"href":"https:\/\/gesmobles.cat\/es\/wp-json\/wp\/v2\/types\/product"}],"replies":[{"embeddable":true,"href":"https:\/\/gesmobles.cat\/es\/wp-json\/wp\/v2\/comments?post=6694"}],"wp:featuredmedia":[{"embeddable":true,"href":"https:\/\/gesmobles.cat\/es\/wp-json\/wp\/v2\/media\/6695"}],"wp:attachment":[{"href":"https:\/\/gesmobles.cat\/es\/wp-json\/wp\/v2\/media?parent=6694"}],"wp:term":[{"taxonomy":"product_brand","embeddable":true,"href":"https:\/\/gesmobles.cat\/es\/wp-json\/wp\/v2\/product_brand?post=6694"},{"taxonomy":"product_cat","embeddable":true,"href":"https:\/\/gesmobles.cat\/es\/wp-json\/wp\/v2\/product_cat?post=6694"},{"taxonomy":"product_tag","embeddable":true,"href":"https:\/\/gesmobles.cat\/es\/wp-json\/wp\/v2\/product_tag?post=6694"}],"curies":[{"name":"wp","href":"https:\/\/api.w.org\/{rel}","templated":true}]}}