{"id":6707,"date":"2025-12-23T12:50:30","date_gmt":"2025-12-23T10:50:30","guid":{"rendered":"https:\/\/gesmobles.cat\/?post_type=product&#038;p=6707"},"modified":"2025-12-23T12:51:27","modified_gmt":"2025-12-23T10:51:27","slug":"silla-gaming-silla-gamer-blanca-silla-gaming-racing-silla-gaming-ergonomica-silla-gaming-con-cojin-lumbar-silla-gaming-reclinable-silla-gaming-profesional-silla-gaming-para-pc-silla-gaming-mod","status":"publish","type":"product","link":"https:\/\/gesmobles.cat\/es\/producto\/silla-gaming-silla-gamer-blanca-silla-gaming-racing-silla-gaming-ergonomica-silla-gaming-con-cojin-lumbar-silla-gaming-reclinable-silla-gaming-profesional-silla-gaming-para-pc-silla-gaming-mod\/","title":{"rendered":"Silla Gaming Ergon\u00f3mica Tipo Racing con Reposacabezas y Coj\u00edn Lumbar \u2013 Blanca"},"content":{"rendered":"<p>Silla gaming ergon\u00f3mica de dise\u00f1o tipo racing, ideal para gamers que buscan comodidad, soporte y un estilo moderno y elegante en tonos blancos y grises. Dispone de respaldo alto con reposacabezas acolchado, coj\u00edn lumbar desmontable y asiento de espuma de alta densidad que favorece una postura correcta durante largas sesiones de juego, trabajo o streaming. Su tapizado en piel sint\u00e9tica de PVC transpirable garantiza durabilidad y confort. Incluye reposabrazos ajustables, sistema reclinable, altura regulable y base giratoria con ruedas para una experiencia de uso completa y estable.<\/p>\n<p>&nbsp;<\/p>\n<table class=\"tabla_caracteristicas\" width=\"100%\">\n<tbody>\n<tr>\n<td>&#8211; Tama\u00f1o: Est\u00e1ndar<br \/>\n&#8211; Superficie: Cuero de PVC transpirable<br \/>\n&#8211; Material base de 5 estrellas: Acero<br \/>\n&#8211; Espuma moldeadora: Base del asiento<br \/>\n&#8211; Direcciones del reposabrazos: 2D<br \/>\n&#8211; L\u00edmite de peso. 120 kg<br \/>\n&#8211; Almohada cervical y lumbar<br \/>\n&#8211; Ajuste de la altura de elevaci\u00f3n del pist\u00f3n<br \/>\n&#8211; Tensi\u00f3n de Inclinaci\u00f3n Ajustable<br \/>\n&#8211; Reclina Hasta 160\u00ba<br \/>\n&#8211; Ajuste del reposabrazos:<br \/>\nAltura<br \/>\nIzquierda a derecha<br \/>\n&#8211; Elevaci\u00f3n de gas de clase 4<br \/>\n&#8211; Base de acero de 5 radios<br \/>\n&#8211; L\u00edmite de peso 120 kg<br \/>\n&#8211; Dimensiones: 490 x 675 x 1260-1330 mm<br \/>\n&#8211; Peso: 20 kg<\/td>\n<\/tr>\n<\/tbody>\n<\/table>\n","protected":false},"excerpt":{"rendered":"<p>Silla gaming ergon\u00f3mica de dise\u00f1o tipo racing, ideal para gamers que buscan comodidad, soporte y un estilo moderno y elegante en tonos blancos y grises. Dispone de respaldo alto con reposacabezas acolchado, coj\u00edn lumbar desmontable y asiento de espuma de alta densidad que favorece una postura correcta durante largas sesiones de juego, trabajo o streaming. [&hellip;]<\/p>\n","protected":false},"featured_media":6708,"comment_status":"open","ping_status":"closed","template":"","meta":[],"product_brand":[],"product_cat":[54,346],"product_tag":[],"class_list":{"0":"post-6707","1":"product","2":"type-product","3":"status-publish","4":"has-post-thumbnail","6":"product_cat-sillas","7":"product_cat-sillas-de-oficina","9":"first","10":"instock","11":"taxable","12":"shipping-taxable","13":"purchasable","14":"product-type-simple"},"acf":[],"yoast_head":"<!-- This site is optimized with the Yoast SEO plugin v27.4 - https:\/\/yoast.com\/product\/yoast-seo-wordpress\/ -->\n<title>Silla Gaming Ergon\u00f3mica Tipo Racing con Reposacabezas y Coj\u00edn Lumbar \u2013 Blanca -<\/title>\n<meta name=\"description\" content=\"Silla gaming ergon\u00f3mica tipo racing en color blanco con reposacabezas, coj\u00edn lumbar y dise\u00f1o deportivo. M\u00e1xima comodidad para gaming y trabajo prolongado.\" \/>\n<meta name=\"robots\" content=\"index, follow, max-snippet:-1, max-image-preview:large, max-video-preview:-1\" \/>\n<link rel=\"canonical\" href=\"https:\/\/gesmobles.cat\/es\/producto\/silla-gaming-silla-gamer-blanca-silla-gaming-racing-silla-gaming-ergonomica-silla-gaming-con-cojin-lumbar-silla-gaming-reclinable-silla-gaming-profesional-silla-gaming-para-pc-silla-gaming-mod\/\" \/>\n<meta property=\"og:locale\" content=\"es_ES\" \/>\n<meta property=\"og:type\" content=\"article\" \/>\n<meta property=\"og:title\" content=\"Silla Gaming Ergon\u00f3mica Tipo Racing con Reposacabezas y Coj\u00edn Lumbar \u2013 Blanca -\" \/>\n<meta property=\"og:description\" content=\"Silla gaming ergon\u00f3mica tipo racing en color blanco con reposacabezas, coj\u00edn lumbar y dise\u00f1o deportivo. M\u00e1xima comodidad para gaming y trabajo prolongado.\" \/>\n<meta property=\"og:url\" content=\"https:\/\/gesmobles.cat\/es\/producto\/silla-gaming-silla-gamer-blanca-silla-gaming-racing-silla-gaming-ergonomica-silla-gaming-con-cojin-lumbar-silla-gaming-reclinable-silla-gaming-profesional-silla-gaming-para-pc-silla-gaming-mod\/\" \/>\n<meta property=\"article:modified_time\" content=\"2025-12-23T10:51:27+00:00\" \/>\n<meta property=\"og:image\" content=\"https:\/\/gesmobles.cat\/wp-content\/uploads\/2025\/12\/agampa0577-1-16844856255-1.webp\" \/>\n\t<meta property=\"og:image:width\" content=\"800\" \/>\n\t<meta property=\"og:image:height\" content=\"800\" \/>\n\t<meta property=\"og:image:type\" content=\"image\/webp\" \/>\n<meta name=\"twitter:card\" content=\"summary_large_image\" \/>\n<meta name=\"twitter:label1\" content=\"Tiempo de lectura\" \/>\n\t<meta name=\"twitter:data1\" content=\"1 minuto\" \/>\n<!-- \/ Yoast SEO plugin. -->","yoast_head_json":{"title":"Silla Gaming Ergon\u00f3mica Tipo Racing con Reposacabezas y Coj\u00edn Lumbar \u2013 Blanca -","description":"Silla gaming ergon\u00f3mica tipo racing en color blanco con reposacabezas, coj\u00edn lumbar y dise\u00f1o deportivo. M\u00e1xima comodidad para gaming y trabajo prolongado.","robots":{"index":"index","follow":"follow","max-snippet":"max-snippet:-1","max-image-preview":"max-image-preview:large","max-video-preview":"max-video-preview:-1"},"canonical":"https:\/\/gesmobles.cat\/es\/producto\/silla-gaming-silla-gamer-blanca-silla-gaming-racing-silla-gaming-ergonomica-silla-gaming-con-cojin-lumbar-silla-gaming-reclinable-silla-gaming-profesional-silla-gaming-para-pc-silla-gaming-mod\/","og_locale":"es_ES","og_type":"article","og_title":"Silla Gaming Ergon\u00f3mica Tipo Racing con Reposacabezas y Coj\u00edn Lumbar \u2013 Blanca -","og_description":"Silla gaming ergon\u00f3mica tipo racing en color blanco con reposacabezas, coj\u00edn lumbar y dise\u00f1o deportivo. M\u00e1xima comodidad para gaming y trabajo prolongado.","og_url":"https:\/\/gesmobles.cat\/es\/producto\/silla-gaming-silla-gamer-blanca-silla-gaming-racing-silla-gaming-ergonomica-silla-gaming-con-cojin-lumbar-silla-gaming-reclinable-silla-gaming-profesional-silla-gaming-para-pc-silla-gaming-mod\/","article_modified_time":"2025-12-23T10:51:27+00:00","og_image":[{"width":800,"height":800,"url":"https:\/\/gesmobles.cat\/wp-content\/uploads\/2025\/12\/agampa0577-1-16844856255-1.webp","type":"image\/webp"}],"twitter_card":"summary_large_image","twitter_misc":{"Tiempo de lectura":"1 minuto"},"schema":{"@context":"https:\/\/schema.org","@graph":[]}},"_links":{"self":[{"href":"https:\/\/gesmobles.cat\/es\/wp-json\/wp\/v2\/product\/6707","targetHints":{"allow":["GET"]}}],"collection":[{"href":"https:\/\/gesmobles.cat\/es\/wp-json\/wp\/v2\/product"}],"about":[{"href":"https:\/\/gesmobles.cat\/es\/wp-json\/wp\/v2\/types\/product"}],"replies":[{"embeddable":true,"href":"https:\/\/gesmobles.cat\/es\/wp-json\/wp\/v2\/comments?post=6707"}],"wp:featuredmedia":[{"embeddable":true,"href":"https:\/\/gesmobles.cat\/es\/wp-json\/wp\/v2\/media\/6708"}],"wp:attachment":[{"href":"https:\/\/gesmobles.cat\/es\/wp-json\/wp\/v2\/media?parent=6707"}],"wp:term":[{"taxonomy":"product_brand","embeddable":true,"href":"https:\/\/gesmobles.cat\/es\/wp-json\/wp\/v2\/product_brand?post=6707"},{"taxonomy":"product_cat","embeddable":true,"href":"https:\/\/gesmobles.cat\/es\/wp-json\/wp\/v2\/product_cat?post=6707"},{"taxonomy":"product_tag","embeddable":true,"href":"https:\/\/gesmobles.cat\/es\/wp-json\/wp\/v2\/product_tag?post=6707"}],"curies":[{"name":"wp","href":"https:\/\/api.w.org\/{rel}","templated":true}]}}