{"id":6721,"date":"2025-12-23T13:02:13","date_gmt":"2025-12-23T11:02:13","guid":{"rendered":"https:\/\/gesmobles.cat\/?post_type=product&#038;p=6721"},"modified":"2025-12-23T13:02:14","modified_gmt":"2025-12-23T11:02:14","slug":"silla-gaming-silla-gamer-silla-gaming-con-ventilador-silla-gaming-ergonomica-silla-gaming-con-respaldo-de-malla-silla-gaming-transpirable-silla-gaming-con-soporte-lumbar-silla-gaming-profesiona","status":"publish","type":"product","link":"https:\/\/gesmobles.cat\/es\/producto\/silla-gaming-silla-gamer-silla-gaming-con-ventilador-silla-gaming-ergonomica-silla-gaming-con-respaldo-de-malla-silla-gaming-transpirable-silla-gaming-con-soporte-lumbar-silla-gaming-profesiona\/","title":{"rendered":"Silla Gaming Ergon\u00f3mica con Respaldo de Malla y Ventilador Integrado"},"content":{"rendered":"<p>Silla gaming ergon\u00f3mica dise\u00f1ada para ofrecer m\u00e1ximo confort, ventilaci\u00f3n activa y soporte durante largas sesiones de juego, trabajo o streaming. Incorpora un <strong data-start=\"441\" data-end=\"480\">ventilador integrado en el respaldo<\/strong>, que mejora la circulaci\u00f3n del aire y ayuda a reducir la acumulaci\u00f3n de calor, proporcionando una experiencia m\u00e1s fresca incluso en usos prolongados.<br data-start=\"630\" data-end=\"633\" \/>Cuenta con respaldo de malla transpirable de alta resistencia, soporte lumbar integrado de dise\u00f1o ergodin\u00e1mico y asiento acolchado con espuma de alta densidad para una postura c\u00f3moda y saludable. Los reposabrazos ajustables, la altura regulable y la base giratoria con ruedas garantizan estabilidad, movilidad y personalizaci\u00f3n total. Ideal para setups gaming avanzados y usuarios exigentes.<\/p>\n<p>&#8211; Coj\u00edn de cabeza magn\u00e9tica y almohada lumbar<br \/>\n&#8211; Cuero de PVC respirable<br \/>\n&#8211; Marco de acero resistente<br \/>\n&#8211; Reposabrazos 3D ajustable<br \/>\n&#8211; Base de metal duradera<br \/>\n&#8211; Ventilador argb de 200 mm integrado<br \/>\n<strong>Ventilador<\/strong><br \/>\n&#8211; Velocidad del ventilador:<br \/>\nNivel 1: 400 RPM \u00b1 150 RPM<br \/>\nNivel 2: 800 RPM \u00b1 150 RPM<br \/>\n&#8211; Ruido ac\u00fastico:<br \/>\nNivel de 1: 13,2 dB (A)<br \/>\nNivel 2: 24,8 dB (A)<br \/>\n&#8211; Consumo de energ\u00eda:<br \/>\nNivel 1: 0,48 W +10 %<br \/>\nNivel 2: 1,20W +10%<br \/>\n&#8211; Corriente nominal<br \/>\nVentilador de\u00a0 de 12 V: Nivel 1 \/ 0,04 A + 10 %<br \/>\nVentilador 12V: Nivel 2 \/ 0.10A+10%<br \/>\nLED de 5V: 0,28A+10%<br \/>\n&#8211; Tensi\u00f3n nominal: DC 12 V<br \/>\n&#8211; Interfaz: Conector USB-A<br \/>\n<strong>Power Bank (no incluido)<\/strong><br \/>\n&#8211; Dimensiones sugeridas: dentro de 160 x 79 x 32 mm<br \/>\n&#8211; Tensi\u00f3n nominal: DC 5 V<br \/>\n<strong>Dimensiones y peso<\/strong><br \/>\n&#8211; 200 x 200 x 20 mm<br \/>\n&#8211; 28 kg<br \/>\n&#8211; Soporte de peso: 160 kg<\/p>\n","protected":false},"excerpt":{"rendered":"<p>Silla gaming ergon\u00f3mica dise\u00f1ada para ofrecer m\u00e1ximo confort, ventilaci\u00f3n activa y soporte durante largas sesiones de juego, trabajo o streaming. Incorpora un ventilador integrado en el respaldo, que mejora la circulaci\u00f3n del aire y ayuda a reducir la acumulaci\u00f3n de calor, proporcionando una experiencia m\u00e1s fresca incluso en usos prolongados.Cuenta con respaldo de malla transpirable [&hellip;]<\/p>\n","protected":false},"featured_media":6722,"comment_status":"open","ping_status":"closed","template":"","meta":[],"product_brand":[],"product_cat":[54,346],"product_tag":[],"class_list":{"0":"post-6721","1":"product","2":"type-product","3":"status-publish","4":"has-post-thumbnail","6":"product_cat-sillas","7":"product_cat-sillas-de-oficina","9":"first","10":"instock","11":"taxable","12":"shipping-taxable","13":"purchasable","14":"product-type-simple"},"acf":[],"yoast_head":"<!-- This site is optimized with the Yoast SEO plugin v27.4 - https:\/\/yoast.com\/product\/yoast-seo-wordpress\/ -->\n<title>Silla Gaming Ergon\u00f3mica con Respaldo de Malla y Ventilador Integrado -<\/title>\n<meta name=\"description\" content=\"Silla gaming ergon\u00f3mica con respaldo de malla y ventilador integrado para una ventilaci\u00f3n activa. M\u00e1ximo confort para largas sesiones de gaming y trabajo.\" \/>\n<meta name=\"robots\" content=\"index, follow, max-snippet:-1, max-image-preview:large, max-video-preview:-1\" \/>\n<link rel=\"canonical\" href=\"https:\/\/gesmobles.cat\/es\/producto\/silla-gaming-silla-gamer-silla-gaming-con-ventilador-silla-gaming-ergonomica-silla-gaming-con-respaldo-de-malla-silla-gaming-transpirable-silla-gaming-con-soporte-lumbar-silla-gaming-profesiona\/\" \/>\n<meta property=\"og:locale\" content=\"es_ES\" \/>\n<meta property=\"og:type\" content=\"article\" \/>\n<meta property=\"og:title\" content=\"Silla Gaming Ergon\u00f3mica con Respaldo de Malla y Ventilador Integrado -\" \/>\n<meta property=\"og:description\" content=\"Silla gaming ergon\u00f3mica con respaldo de malla y ventilador integrado para una ventilaci\u00f3n activa. M\u00e1ximo confort para largas sesiones de gaming y trabajo.\" \/>\n<meta property=\"og:url\" content=\"https:\/\/gesmobles.cat\/es\/producto\/silla-gaming-silla-gamer-silla-gaming-con-ventilador-silla-gaming-ergonomica-silla-gaming-con-respaldo-de-malla-silla-gaming-transpirable-silla-gaming-con-soporte-lumbar-silla-gaming-profesiona\/\" \/>\n<meta property=\"article:modified_time\" content=\"2025-12-23T11:02:14+00:00\" \/>\n<meta property=\"og:image\" content=\"https:\/\/gesmobles.cat\/wp-content\/uploads\/2025\/12\/agampa0592-1-17107606112-1.webp\" \/>\n\t<meta property=\"og:image:width\" content=\"800\" \/>\n\t<meta property=\"og:image:height\" content=\"800\" \/>\n\t<meta property=\"og:image:type\" content=\"image\/webp\" \/>\n<meta name=\"twitter:card\" content=\"summary_large_image\" \/>\n<meta name=\"twitter:label1\" content=\"Tiempo de lectura\" \/>\n\t<meta name=\"twitter:data1\" content=\"2 minutos\" \/>\n<!-- \/ Yoast SEO plugin. -->","yoast_head_json":{"title":"Silla Gaming Ergon\u00f3mica con Respaldo de Malla y Ventilador Integrado -","description":"Silla gaming ergon\u00f3mica con respaldo de malla y ventilador integrado para una ventilaci\u00f3n activa. M\u00e1ximo confort para largas sesiones de gaming y trabajo.","robots":{"index":"index","follow":"follow","max-snippet":"max-snippet:-1","max-image-preview":"max-image-preview:large","max-video-preview":"max-video-preview:-1"},"canonical":"https:\/\/gesmobles.cat\/es\/producto\/silla-gaming-silla-gamer-silla-gaming-con-ventilador-silla-gaming-ergonomica-silla-gaming-con-respaldo-de-malla-silla-gaming-transpirable-silla-gaming-con-soporte-lumbar-silla-gaming-profesiona\/","og_locale":"es_ES","og_type":"article","og_title":"Silla Gaming Ergon\u00f3mica con Respaldo de Malla y Ventilador Integrado -","og_description":"Silla gaming ergon\u00f3mica con respaldo de malla y ventilador integrado para una ventilaci\u00f3n activa. M\u00e1ximo confort para largas sesiones de gaming y trabajo.","og_url":"https:\/\/gesmobles.cat\/es\/producto\/silla-gaming-silla-gamer-silla-gaming-con-ventilador-silla-gaming-ergonomica-silla-gaming-con-respaldo-de-malla-silla-gaming-transpirable-silla-gaming-con-soporte-lumbar-silla-gaming-profesiona\/","article_modified_time":"2025-12-23T11:02:14+00:00","og_image":[{"width":800,"height":800,"url":"https:\/\/gesmobles.cat\/wp-content\/uploads\/2025\/12\/agampa0592-1-17107606112-1.webp","type":"image\/webp"}],"twitter_card":"summary_large_image","twitter_misc":{"Tiempo de lectura":"2 minutos"},"schema":{"@context":"https:\/\/schema.org","@graph":[]}},"_links":{"self":[{"href":"https:\/\/gesmobles.cat\/es\/wp-json\/wp\/v2\/product\/6721","targetHints":{"allow":["GET"]}}],"collection":[{"href":"https:\/\/gesmobles.cat\/es\/wp-json\/wp\/v2\/product"}],"about":[{"href":"https:\/\/gesmobles.cat\/es\/wp-json\/wp\/v2\/types\/product"}],"replies":[{"embeddable":true,"href":"https:\/\/gesmobles.cat\/es\/wp-json\/wp\/v2\/comments?post=6721"}],"wp:featuredmedia":[{"embeddable":true,"href":"https:\/\/gesmobles.cat\/es\/wp-json\/wp\/v2\/media\/6722"}],"wp:attachment":[{"href":"https:\/\/gesmobles.cat\/es\/wp-json\/wp\/v2\/media?parent=6721"}],"wp:term":[{"taxonomy":"product_brand","embeddable":true,"href":"https:\/\/gesmobles.cat\/es\/wp-json\/wp\/v2\/product_brand?post=6721"},{"taxonomy":"product_cat","embeddable":true,"href":"https:\/\/gesmobles.cat\/es\/wp-json\/wp\/v2\/product_cat?post=6721"},{"taxonomy":"product_tag","embeddable":true,"href":"https:\/\/gesmobles.cat\/es\/wp-json\/wp\/v2\/product_tag?post=6721"}],"curies":[{"name":"wp","href":"https:\/\/api.w.org\/{rel}","templated":true}]}}