{"id":6734,"date":"2025-12-23T13:14:06","date_gmt":"2025-12-23T11:14:06","guid":{"rendered":"https:\/\/gesmobles.cat\/?post_type=product&#038;p=6734"},"modified":"2025-12-23T13:14:06","modified_gmt":"2025-12-23T11:14:06","slug":"silla-gaming-silla-gamer-silla-gaming-de-tela-silla-gaming-ergonomica-silla-gaming-rosa-silla-gaming-racing-silla-gaming-con-cojin-lumbar-silla-gaming-para-pc-silla-gaming-comoda","status":"publish","type":"product","link":"https:\/\/gesmobles.cat\/es\/producto\/silla-gaming-silla-gamer-silla-gaming-de-tela-silla-gaming-ergonomica-silla-gaming-rosa-silla-gaming-racing-silla-gaming-con-cojin-lumbar-silla-gaming-para-pc-silla-gaming-comoda\/","title":{"rendered":"Silla Gaming Ergon\u00f3mica Tipo Racing en Tela con Coj\u00edn Lumbar y Reposacabezas \u2013 Gris y Rosa"},"content":{"rendered":"<p>Silla gaming ergon\u00f3mica de dise\u00f1o tipo racing, pensada para ofrecer comodidad, soporte y un estilo moderno y llamativo en tonos gris y rosa. Est\u00e1 tapizada en <strong data-start=\"472\" data-end=\"493\">tela transpirable<\/strong>, ideal para mantener una buena ventilaci\u00f3n durante largas sesiones de juego, estudio o trabajo.<br data-start=\"589\" data-end=\"592\" \/>Cuenta con respaldo alto, reposacabezas acolchado y coj\u00edn lumbar para favorecer una postura correcta y reducir la fatiga. El asiento con espuma de alta densidad proporciona un confort duradero, mientras que los reposabrazos ajustables, la altura regulable y la base giratoria con ruedas garantizan estabilidad, movilidad y adaptaci\u00f3n a cada usuario. Perfecta para gamers que buscan ergonom\u00eda y dise\u00f1o sin renunciar a la frescura del tejido.<\/p>\n<table class=\"tabla_caracteristicas k-table\" width=\"100%\">\n<tbody>\n<tr>\n<td>&#8211; Material externo: Tela Fabric<br \/>\n&#8211; Material interno: Foam | Estructura de metal<br \/>\n&#8211; Reposabrazos: Pintados en negro con cojines de cuero de PU, acolchado extra<br \/>\n&#8211; Base: Base de nylon negra de 64cm con ruedas de nylon negro<br \/>\n&#8211; Ruedas: Material: nailon | N\u00ba de radios: 6 | Di\u00e1metro: 60mm<br \/>\n&#8211; Elevador: Elevador de gas pintado en negro, 80mm, Clase 4<br \/>\n&#8211; Funciones: Inclinaci\u00f3n, giro, y funci\u00f3n de bloqueo<br \/>\n&#8211; Cojines: Coj\u00edn lumbar y cervical<br \/>\n&#8211; Medidas generales: 68 x 124.5-132 x 63 cm (Ancho x Alto x Largo)<br \/>\n&#8211; Color: Gris \/ Rosa<br \/>\n&#8211; Peso neto: 19.1 Kg<br \/>\n&#8211; Peso m\u00e1ximo soportado: 150 Kg<\/td>\n<\/tr>\n<\/tbody>\n<\/table>\n","protected":false},"excerpt":{"rendered":"<p>Silla gaming ergon\u00f3mica de dise\u00f1o tipo racing, pensada para ofrecer comodidad, soporte y un estilo moderno y llamativo en tonos gris y rosa. Est\u00e1 tapizada en tela transpirable, ideal para mantener una buena ventilaci\u00f3n durante largas sesiones de juego, estudio o trabajo.Cuenta con respaldo alto, reposacabezas acolchado y coj\u00edn lumbar para favorecer una postura correcta [&hellip;]<\/p>\n","protected":false},"featured_media":6735,"comment_status":"open","ping_status":"closed","template":"","meta":[],"product_brand":[],"product_cat":[54,346],"product_tag":[],"class_list":{"0":"post-6734","1":"product","2":"type-product","3":"status-publish","4":"has-post-thumbnail","6":"product_cat-sillas","7":"product_cat-sillas-de-oficina","9":"first","10":"instock","11":"taxable","12":"shipping-taxable","13":"purchasable","14":"product-type-simple"},"acf":[],"yoast_head":"<!-- This site is optimized with the Yoast SEO plugin v27.4 - https:\/\/yoast.com\/product\/yoast-seo-wordpress\/ -->\n<title>Silla Gaming Ergon\u00f3mica Tipo Racing en Tela con Coj\u00edn Lumbar y Reposacabezas \u2013 Gris y Rosa -<\/title>\n<meta name=\"description\" content=\"Silla gaming ergon\u00f3mica de tela en color gris y rosa con coj\u00edn lumbar y reposacabezas. Comodidad, transpirabilidad y dise\u00f1o racing para gamers.\" \/>\n<meta name=\"robots\" content=\"index, follow, max-snippet:-1, max-image-preview:large, max-video-preview:-1\" \/>\n<link rel=\"canonical\" href=\"https:\/\/gesmobles.cat\/es\/producto\/silla-gaming-silla-gamer-silla-gaming-de-tela-silla-gaming-ergonomica-silla-gaming-rosa-silla-gaming-racing-silla-gaming-con-cojin-lumbar-silla-gaming-para-pc-silla-gaming-comoda\/\" \/>\n<meta property=\"og:locale\" content=\"es_ES\" \/>\n<meta property=\"og:type\" content=\"article\" \/>\n<meta property=\"og:title\" content=\"Silla Gaming Ergon\u00f3mica Tipo Racing en Tela con Coj\u00edn Lumbar y Reposacabezas \u2013 Gris y Rosa -\" \/>\n<meta property=\"og:description\" content=\"Silla gaming ergon\u00f3mica de tela en color gris y rosa con coj\u00edn lumbar y reposacabezas. Comodidad, transpirabilidad y dise\u00f1o racing para gamers.\" \/>\n<meta property=\"og:url\" content=\"https:\/\/gesmobles.cat\/es\/producto\/silla-gaming-silla-gamer-silla-gaming-de-tela-silla-gaming-ergonomica-silla-gaming-rosa-silla-gaming-racing-silla-gaming-con-cojin-lumbar-silla-gaming-para-pc-silla-gaming-comoda\/\" \/>\n<meta property=\"og:image\" content=\"https:\/\/gesmobles.cat\/wp-content\/uploads\/2025\/12\/agampa0565-1-16793302957-1.webp\" \/>\n\t<meta property=\"og:image:width\" content=\"800\" \/>\n\t<meta property=\"og:image:height\" content=\"800\" \/>\n\t<meta property=\"og:image:type\" content=\"image\/webp\" \/>\n<meta name=\"twitter:card\" content=\"summary_large_image\" \/>\n<meta name=\"twitter:label1\" content=\"Tiempo de lectura\" \/>\n\t<meta name=\"twitter:data1\" content=\"2 minutos\" \/>\n<!-- \/ Yoast SEO plugin. -->","yoast_head_json":{"title":"Silla Gaming Ergon\u00f3mica Tipo Racing en Tela con Coj\u00edn Lumbar y Reposacabezas \u2013 Gris y Rosa -","description":"Silla gaming ergon\u00f3mica de tela en color gris y rosa con coj\u00edn lumbar y reposacabezas. Comodidad, transpirabilidad y dise\u00f1o racing para gamers.","robots":{"index":"index","follow":"follow","max-snippet":"max-snippet:-1","max-image-preview":"max-image-preview:large","max-video-preview":"max-video-preview:-1"},"canonical":"https:\/\/gesmobles.cat\/es\/producto\/silla-gaming-silla-gamer-silla-gaming-de-tela-silla-gaming-ergonomica-silla-gaming-rosa-silla-gaming-racing-silla-gaming-con-cojin-lumbar-silla-gaming-para-pc-silla-gaming-comoda\/","og_locale":"es_ES","og_type":"article","og_title":"Silla Gaming Ergon\u00f3mica Tipo Racing en Tela con Coj\u00edn Lumbar y Reposacabezas \u2013 Gris y Rosa -","og_description":"Silla gaming ergon\u00f3mica de tela en color gris y rosa con coj\u00edn lumbar y reposacabezas. Comodidad, transpirabilidad y dise\u00f1o racing para gamers.","og_url":"https:\/\/gesmobles.cat\/es\/producto\/silla-gaming-silla-gamer-silla-gaming-de-tela-silla-gaming-ergonomica-silla-gaming-rosa-silla-gaming-racing-silla-gaming-con-cojin-lumbar-silla-gaming-para-pc-silla-gaming-comoda\/","og_image":[{"width":800,"height":800,"url":"https:\/\/gesmobles.cat\/wp-content\/uploads\/2025\/12\/agampa0565-1-16793302957-1.webp","type":"image\/webp"}],"twitter_card":"summary_large_image","twitter_misc":{"Tiempo de lectura":"2 minutos"},"schema":{"@context":"https:\/\/schema.org","@graph":[]}},"_links":{"self":[{"href":"https:\/\/gesmobles.cat\/es\/wp-json\/wp\/v2\/product\/6734","targetHints":{"allow":["GET"]}}],"collection":[{"href":"https:\/\/gesmobles.cat\/es\/wp-json\/wp\/v2\/product"}],"about":[{"href":"https:\/\/gesmobles.cat\/es\/wp-json\/wp\/v2\/types\/product"}],"replies":[{"embeddable":true,"href":"https:\/\/gesmobles.cat\/es\/wp-json\/wp\/v2\/comments?post=6734"}],"wp:featuredmedia":[{"embeddable":true,"href":"https:\/\/gesmobles.cat\/es\/wp-json\/wp\/v2\/media\/6735"}],"wp:attachment":[{"href":"https:\/\/gesmobles.cat\/es\/wp-json\/wp\/v2\/media?parent=6734"}],"wp:term":[{"taxonomy":"product_brand","embeddable":true,"href":"https:\/\/gesmobles.cat\/es\/wp-json\/wp\/v2\/product_brand?post=6734"},{"taxonomy":"product_cat","embeddable":true,"href":"https:\/\/gesmobles.cat\/es\/wp-json\/wp\/v2\/product_cat?post=6734"},{"taxonomy":"product_tag","embeddable":true,"href":"https:\/\/gesmobles.cat\/es\/wp-json\/wp\/v2\/product_tag?post=6734"}],"curies":[{"name":"wp","href":"https:\/\/api.w.org\/{rel}","templated":true}]}}