{"id":6820,"date":"2026-01-02T15:40:28","date_gmt":"2026-01-02T13:40:28","guid":{"rendered":"https:\/\/gesmobles.cat\/?post_type=product&#038;p=6820"},"modified":"2026-01-02T15:40:28","modified_gmt":"2026-01-02T13:40:28","slug":"silla-gamer-cougar-silla-ergonomica-cougar-silla-de-oficina-gamer-silla-ergonomica-de-malla-silla-gamer-profesional-silla-para-computadora-silla-con-soporte-lumbar-silla-ergonomica-para-oficina","status":"publish","type":"product","link":"https:\/\/gesmobles.cat\/es\/producto\/silla-gamer-cougar-silla-ergonomica-cougar-silla-de-oficina-gamer-silla-ergonomica-de-malla-silla-gamer-profesional-silla-para-computadora-silla-con-soporte-lumbar-silla-ergonomica-para-oficina\/","title":{"rendered":"Silla Ergon\u00f3mica Gamer COUGAR con Respaldo de Malla y Soporte Lumbar"},"content":{"rendered":"<p>La silla ergon\u00f3mica COUGAR est\u00e1 dise\u00f1ada para ofrecer m\u00e1xima comodidad y soporte durante largas jornadas de trabajo o juego. Cuenta con respaldo de malla transpirable que mejora la ventilaci\u00f3n, soporte lumbar acolchado y reposacabezas ajustable para una postura saludable. Su asiento acolchado, apoyabrazos resistentes y base con ruedas de alta durabilidad garantizan estabilidad, movilidad y confort. Ideal para gamers, oficinas y home office que buscan ergonom\u00eda y dise\u00f1o profesional.<\/p>\n<table class=\"tabla_caracteristicas\" width=\"100%\">\n<tbody>\n<tr>\n<td>&#8211; Un respaldo, asiento, reposacabezas y reposabrazos ajustables<br \/>\n&#8211; Peso m\u00e1ximo 150 Kg<br \/>\n&#8211; Malla elastom\u00e9rica transpirable<br \/>\n&#8211; Asiento estable y respaldo flexible para apoyar la espalda<\/td>\n<\/tr>\n<\/tbody>\n<\/table>\n","protected":false},"excerpt":{"rendered":"<p>La silla ergon\u00f3mica COUGAR est\u00e1 dise\u00f1ada para ofrecer m\u00e1xima comodidad y soporte durante largas jornadas de trabajo o juego. Cuenta con respaldo de malla transpirable que mejora la ventilaci\u00f3n, soporte lumbar acolchado y reposacabezas ajustable para una postura saludable. Su asiento acolchado, apoyabrazos resistentes y base con ruedas de alta durabilidad garantizan estabilidad, movilidad y [&hellip;]<\/p>\n","protected":false},"featured_media":6821,"comment_status":"open","ping_status":"closed","template":"","meta":[],"product_brand":[],"product_cat":[54,346],"product_tag":[],"class_list":{"0":"post-6820","1":"product","2":"type-product","3":"status-publish","4":"has-post-thumbnail","6":"product_cat-sillas","7":"product_cat-sillas-de-oficina","9":"first","10":"instock","11":"taxable","12":"shipping-taxable","13":"purchasable","14":"product-type-simple"},"acf":[],"yoast_head":"<!-- This site is optimized with the Yoast SEO plugin v27.4 - https:\/\/yoast.com\/product\/yoast-seo-wordpress\/ -->\n<title>Silla Ergon\u00f3mica Gamer COUGAR con Respaldo de Malla y Soporte Lumbar -<\/title>\n<meta name=\"description\" content=\"Silla ergon\u00f3mica gamer COUGAR con respaldo de malla, soporte lumbar y reposacabezas ajustable. Ideal para gaming y oficina con m\u00e1xima comodidad.\" \/>\n<meta name=\"robots\" content=\"index, follow, max-snippet:-1, max-image-preview:large, max-video-preview:-1\" \/>\n<link rel=\"canonical\" href=\"https:\/\/gesmobles.cat\/es\/producto\/silla-gamer-cougar-silla-ergonomica-cougar-silla-de-oficina-gamer-silla-ergonomica-de-malla-silla-gamer-profesional-silla-para-computadora-silla-con-soporte-lumbar-silla-ergonomica-para-oficina\/\" \/>\n<meta property=\"og:locale\" content=\"es_ES\" \/>\n<meta property=\"og:type\" content=\"article\" \/>\n<meta property=\"og:title\" content=\"Silla Ergon\u00f3mica Gamer COUGAR con Respaldo de Malla y Soporte Lumbar -\" \/>\n<meta property=\"og:description\" content=\"Silla ergon\u00f3mica gamer COUGAR con respaldo de malla, soporte lumbar y reposacabezas ajustable. Ideal para gaming y oficina con m\u00e1xima comodidad.\" \/>\n<meta property=\"og:url\" content=\"https:\/\/gesmobles.cat\/es\/producto\/silla-gamer-cougar-silla-ergonomica-cougar-silla-de-oficina-gamer-silla-ergonomica-de-malla-silla-gamer-profesional-silla-para-computadora-silla-con-soporte-lumbar-silla-ergonomica-para-oficina\/\" \/>\n<meta property=\"og:image\" content=\"https:\/\/gesmobles.cat\/wp-content\/uploads\/2026\/01\/agampa0547-1-16595175002-1.jpg\" \/>\n\t<meta property=\"og:image:width\" content=\"800\" \/>\n\t<meta property=\"og:image:height\" content=\"800\" \/>\n\t<meta property=\"og:image:type\" content=\"image\/jpeg\" \/>\n<meta name=\"twitter:card\" content=\"summary_large_image\" \/>\n<meta name=\"twitter:label1\" content=\"Tiempo de lectura\" \/>\n\t<meta name=\"twitter:data1\" content=\"1 minuto\" \/>\n<!-- \/ Yoast SEO plugin. -->","yoast_head_json":{"title":"Silla Ergon\u00f3mica Gamer COUGAR con Respaldo de Malla y Soporte Lumbar -","description":"Silla ergon\u00f3mica gamer COUGAR con respaldo de malla, soporte lumbar y reposacabezas ajustable. Ideal para gaming y oficina con m\u00e1xima comodidad.","robots":{"index":"index","follow":"follow","max-snippet":"max-snippet:-1","max-image-preview":"max-image-preview:large","max-video-preview":"max-video-preview:-1"},"canonical":"https:\/\/gesmobles.cat\/es\/producto\/silla-gamer-cougar-silla-ergonomica-cougar-silla-de-oficina-gamer-silla-ergonomica-de-malla-silla-gamer-profesional-silla-para-computadora-silla-con-soporte-lumbar-silla-ergonomica-para-oficina\/","og_locale":"es_ES","og_type":"article","og_title":"Silla Ergon\u00f3mica Gamer COUGAR con Respaldo de Malla y Soporte Lumbar -","og_description":"Silla ergon\u00f3mica gamer COUGAR con respaldo de malla, soporte lumbar y reposacabezas ajustable. Ideal para gaming y oficina con m\u00e1xima comodidad.","og_url":"https:\/\/gesmobles.cat\/es\/producto\/silla-gamer-cougar-silla-ergonomica-cougar-silla-de-oficina-gamer-silla-ergonomica-de-malla-silla-gamer-profesional-silla-para-computadora-silla-con-soporte-lumbar-silla-ergonomica-para-oficina\/","og_image":[{"width":800,"height":800,"url":"https:\/\/gesmobles.cat\/wp-content\/uploads\/2026\/01\/agampa0547-1-16595175002-1.jpg","type":"image\/jpeg"}],"twitter_card":"summary_large_image","twitter_misc":{"Tiempo de lectura":"1 minuto"},"schema":{"@context":"https:\/\/schema.org","@graph":[]}},"_links":{"self":[{"href":"https:\/\/gesmobles.cat\/es\/wp-json\/wp\/v2\/product\/6820","targetHints":{"allow":["GET"]}}],"collection":[{"href":"https:\/\/gesmobles.cat\/es\/wp-json\/wp\/v2\/product"}],"about":[{"href":"https:\/\/gesmobles.cat\/es\/wp-json\/wp\/v2\/types\/product"}],"replies":[{"embeddable":true,"href":"https:\/\/gesmobles.cat\/es\/wp-json\/wp\/v2\/comments?post=6820"}],"wp:featuredmedia":[{"embeddable":true,"href":"https:\/\/gesmobles.cat\/es\/wp-json\/wp\/v2\/media\/6821"}],"wp:attachment":[{"href":"https:\/\/gesmobles.cat\/es\/wp-json\/wp\/v2\/media?parent=6820"}],"wp:term":[{"taxonomy":"product_brand","embeddable":true,"href":"https:\/\/gesmobles.cat\/es\/wp-json\/wp\/v2\/product_brand?post=6820"},{"taxonomy":"product_cat","embeddable":true,"href":"https:\/\/gesmobles.cat\/es\/wp-json\/wp\/v2\/product_cat?post=6820"},{"taxonomy":"product_tag","embeddable":true,"href":"https:\/\/gesmobles.cat\/es\/wp-json\/wp\/v2\/product_tag?post=6820"}],"curies":[{"name":"wp","href":"https:\/\/api.w.org\/{rel}","templated":true}]}}