{"id":6846,"date":"2026-01-02T16:33:35","date_gmt":"2026-01-02T14:33:35","guid":{"rendered":"https:\/\/gesmobles.cat\/?post_type=product&#038;p=6846"},"modified":"2026-01-02T16:33:36","modified_gmt":"2026-01-02T14:33:36","slug":"silla-gamer-cougar-silla-gamer-ergonomica-premium-silla-gaming-cougar-liftback-silla-gamer-soporte-lumbar-silla-gamer-4d-silla-gamer-profesional-silla-gamer-hasta-160-kg-silla-gaming-de-alta-ga","status":"publish","type":"product","link":"https:\/\/gesmobles.cat\/es\/producto\/silla-gamer-cougar-silla-gamer-ergonomica-premium-silla-gaming-cougar-liftback-silla-gamer-soporte-lumbar-silla-gamer-4d-silla-gamer-profesional-silla-gamer-hasta-160-kg-silla-gaming-de-alta-ga\/","title":{"rendered":"Silla Gamer COUGAR Ergon\u00f3mica Premium con Soporte Lumbar LiftBack"},"content":{"rendered":"<p>La silla gamer COUGAR ergon\u00f3mica premium est\u00e1 dise\u00f1ada para ofrecer un confort superior y un soporte avanzado incluso durante las sesiones m\u00e1s largas. Incorpora el innovador sistema de apoyo lumbar LiftBack, reposacabezas ajustable y reposabrazos 4D para una personalizaci\u00f3n total. Su asiento extra ancho y estructura sobredimensionada proporcionan estabilidad y resistencia, soportando hasta 160 kg. El tapizado en terciopelo de felpa con detalles en cuero aporta un acabado elegante y duradero, mientras que la base de aluminio de 5 estrellas con ruedas extragrandes garantiza m\u00e1xima estabilidad y movilidad. Ideal para gamers profesionales y usuarios exigentes.<\/p>\n<p>&#8211; Dise\u00f1o deportivo<br \/>\n&#8211; Dise\u00f1o del respaldo multizona<br \/>\n&#8211; Acolchado de espuma de m\u00faltiples niveles del respaldo<br \/>\n&#8211; Estructura \u00fanica de PA reforzado con fibra de vidrio<br \/>\n&#8211; Almohada con ajuste de altura<br \/>\n&#8211; Dise\u00f1o que abraza el cuerpo, ofreciendo m\u00e1s apoyo para su cuerpo<br \/>\n&#8211; Tapicer\u00eda: Cuero sint\u00e9tico Hyper-Dura<br \/>\n&#8211; Reposabrazos: 4D<br \/>\n&#8211; Base de aleaci\u00f3n de aluminio (diferentes estilos)<br \/>\n&#8211; Limite de peso : 135 kg<br \/>\n<strong>Dimensiones y peso<\/strong><br \/>\n&#8211; 1310 x 750 x 450 mm<br \/>\n&#8211; 32,5 kg<\/p>\n","protected":false},"excerpt":{"rendered":"<p>La silla gamer COUGAR ergon\u00f3mica premium est\u00e1 dise\u00f1ada para ofrecer un confort superior y un soporte avanzado incluso durante las sesiones m\u00e1s largas. Incorpora el innovador sistema de apoyo lumbar LiftBack, reposacabezas ajustable y reposabrazos 4D para una personalizaci\u00f3n total. Su asiento extra ancho y estructura sobredimensionada proporcionan estabilidad y resistencia, soportando hasta 160 kg. [&hellip;]<\/p>\n","protected":false},"featured_media":6847,"comment_status":"open","ping_status":"closed","template":"","meta":[],"product_brand":[],"product_cat":[54,346],"product_tag":[],"class_list":{"0":"post-6846","1":"product","2":"type-product","3":"status-publish","4":"has-post-thumbnail","6":"product_cat-sillas","7":"product_cat-sillas-de-oficina","9":"first","10":"instock","11":"taxable","12":"shipping-taxable","13":"purchasable","14":"product-type-simple"},"acf":[],"yoast_head":"<!-- This site is optimized with the Yoast SEO plugin v27.4 - https:\/\/yoast.com\/product\/yoast-seo-wordpress\/ -->\n<title>Silla Gamer COUGAR Ergon\u00f3mica Premium con Soporte Lumbar LiftBack -<\/title>\n<meta name=\"description\" content=\"Silla gamer COUGAR ergon\u00f3mica premium con sistema lumbar LiftBack, reposabrazos 4D y asiento extra ancho. M\u00e1ximo confort y resistencia.\" \/>\n<meta name=\"robots\" content=\"index, follow, max-snippet:-1, max-image-preview:large, max-video-preview:-1\" \/>\n<link rel=\"canonical\" href=\"https:\/\/gesmobles.cat\/es\/producto\/silla-gamer-cougar-silla-gamer-ergonomica-premium-silla-gaming-cougar-liftback-silla-gamer-soporte-lumbar-silla-gamer-4d-silla-gamer-profesional-silla-gamer-hasta-160-kg-silla-gaming-de-alta-ga\/\" \/>\n<meta property=\"og:locale\" content=\"es_ES\" \/>\n<meta property=\"og:type\" content=\"article\" \/>\n<meta property=\"og:title\" content=\"Silla Gamer COUGAR Ergon\u00f3mica Premium con Soporte Lumbar LiftBack -\" \/>\n<meta property=\"og:description\" content=\"Silla gamer COUGAR ergon\u00f3mica premium con sistema lumbar LiftBack, reposabrazos 4D y asiento extra ancho. M\u00e1ximo confort y resistencia.\" \/>\n<meta property=\"og:url\" content=\"https:\/\/gesmobles.cat\/es\/producto\/silla-gamer-cougar-silla-gamer-ergonomica-premium-silla-gaming-cougar-liftback-silla-gamer-soporte-lumbar-silla-gamer-4d-silla-gamer-profesional-silla-gamer-hasta-160-kg-silla-gaming-de-alta-ga\/\" \/>\n<meta property=\"article:modified_time\" content=\"2026-01-02T14:33:36+00:00\" \/>\n<meta property=\"og:image\" content=\"https:\/\/gesmobles.cat\/wp-content\/uploads\/2026\/01\/agampa0627-17498100640-1.webp\" \/>\n\t<meta property=\"og:image:width\" content=\"800\" \/>\n\t<meta property=\"og:image:height\" content=\"800\" \/>\n\t<meta property=\"og:image:type\" content=\"image\/webp\" \/>\n<meta name=\"twitter:card\" content=\"summary_large_image\" \/>\n<meta name=\"twitter:label1\" content=\"Tiempo de lectura\" \/>\n\t<meta name=\"twitter:data1\" content=\"1 minuto\" \/>\n<!-- \/ Yoast SEO plugin. -->","yoast_head_json":{"title":"Silla Gamer COUGAR Ergon\u00f3mica Premium con Soporte Lumbar LiftBack -","description":"Silla gamer COUGAR ergon\u00f3mica premium con sistema lumbar LiftBack, reposabrazos 4D y asiento extra ancho. M\u00e1ximo confort y resistencia.","robots":{"index":"index","follow":"follow","max-snippet":"max-snippet:-1","max-image-preview":"max-image-preview:large","max-video-preview":"max-video-preview:-1"},"canonical":"https:\/\/gesmobles.cat\/es\/producto\/silla-gamer-cougar-silla-gamer-ergonomica-premium-silla-gaming-cougar-liftback-silla-gamer-soporte-lumbar-silla-gamer-4d-silla-gamer-profesional-silla-gamer-hasta-160-kg-silla-gaming-de-alta-ga\/","og_locale":"es_ES","og_type":"article","og_title":"Silla Gamer COUGAR Ergon\u00f3mica Premium con Soporte Lumbar LiftBack -","og_description":"Silla gamer COUGAR ergon\u00f3mica premium con sistema lumbar LiftBack, reposabrazos 4D y asiento extra ancho. M\u00e1ximo confort y resistencia.","og_url":"https:\/\/gesmobles.cat\/es\/producto\/silla-gamer-cougar-silla-gamer-ergonomica-premium-silla-gaming-cougar-liftback-silla-gamer-soporte-lumbar-silla-gamer-4d-silla-gamer-profesional-silla-gamer-hasta-160-kg-silla-gaming-de-alta-ga\/","article_modified_time":"2026-01-02T14:33:36+00:00","og_image":[{"width":800,"height":800,"url":"https:\/\/gesmobles.cat\/wp-content\/uploads\/2026\/01\/agampa0627-17498100640-1.webp","type":"image\/webp"}],"twitter_card":"summary_large_image","twitter_misc":{"Tiempo de lectura":"1 minuto"},"schema":{"@context":"https:\/\/schema.org","@graph":[]}},"_links":{"self":[{"href":"https:\/\/gesmobles.cat\/es\/wp-json\/wp\/v2\/product\/6846","targetHints":{"allow":["GET"]}}],"collection":[{"href":"https:\/\/gesmobles.cat\/es\/wp-json\/wp\/v2\/product"}],"about":[{"href":"https:\/\/gesmobles.cat\/es\/wp-json\/wp\/v2\/types\/product"}],"replies":[{"embeddable":true,"href":"https:\/\/gesmobles.cat\/es\/wp-json\/wp\/v2\/comments?post=6846"}],"wp:featuredmedia":[{"embeddable":true,"href":"https:\/\/gesmobles.cat\/es\/wp-json\/wp\/v2\/media\/6847"}],"wp:attachment":[{"href":"https:\/\/gesmobles.cat\/es\/wp-json\/wp\/v2\/media?parent=6846"}],"wp:term":[{"taxonomy":"product_brand","embeddable":true,"href":"https:\/\/gesmobles.cat\/es\/wp-json\/wp\/v2\/product_brand?post=6846"},{"taxonomy":"product_cat","embeddable":true,"href":"https:\/\/gesmobles.cat\/es\/wp-json\/wp\/v2\/product_cat?post=6846"},{"taxonomy":"product_tag","embeddable":true,"href":"https:\/\/gesmobles.cat\/es\/wp-json\/wp\/v2\/product_tag?post=6846"}],"curies":[{"name":"wp","href":"https:\/\/api.w.org\/{rel}","templated":true}]}}