{"id":6898,"date":"2026-01-08T11:35:25","date_gmt":"2026-01-08T09:35:25","guid":{"rendered":"https:\/\/gesmobles.cat\/?post_type=product&#038;p=6898"},"modified":"2026-01-28T18:46:32","modified_gmt":"2026-01-28T16:46:32","slug":"dormitorio-completo-dormitorio-con-canape-dormitorio-de-madera-dormitorio-moderno-dormitorio-matrimonial-dormitorio-estilo-nordico-dormitorio-con-mesitas-conjunto-dormitorio","status":"publish","type":"product","link":"https:\/\/gesmobles.cat\/es\/producto\/dormitorio-completo-dormitorio-con-canape-dormitorio-de-madera-dormitorio-moderno-dormitorio-matrimonial-dormitorio-estilo-nordico-dormitorio-con-mesitas-conjunto-dormitorio\/","title":{"rendered":"Dormitorio completo de madera natural con canap\u00e9, cabezal y mesitas"},"content":{"rendered":"<p data-start=\"328\" data-end=\"589\">Dormitorio completo de estilo moderno y natural, dise\u00f1ado para crear un ambiente c\u00e1lido, elegante y funcional. Fabricado en madera con acabados en tonos naturales y l\u00edneas limpias, este conjunto destaca por su dise\u00f1o atemporal y su gran capacidad de almacenaje.<\/p>\n<p data-start=\"591\" data-end=\"906\">El conjunto incluye un <strong data-start=\"614\" data-end=\"633\">canap\u00e9 abatible de 150x190cm <\/strong>, ideal para maximizar el espacio de almacenamiento, un <strong data-start=\"689\" data-end=\"708\">cabezal a juego<\/strong> que aporta personalidad y dos <strong data-start=\"739\" data-end=\"759\">mesitas de noche<\/strong> con cajones, perfectas para mantener el orden en el dormitorio. Su dise\u00f1o combina a la perfecci\u00f3n con estilos n\u00f3rdicos, modernos o contempor\u00e1neos.<\/p>\n<p data-start=\"908\" data-end=\"1014\">El precio incluye <strong data-start=\"926\" data-end=\"964\">canap\u00e9, cabezal y mesitas de noche<\/strong>.<br data-start=\"965\" data-end=\"968\" \/>\u274c No incluye colch\u00f3n ni objetos de decoraci\u00f3n.<\/p>\n","protected":false},"excerpt":{"rendered":"<p>Dormitorio completo de estilo moderno y natural, dise\u00f1ado para crear un ambiente c\u00e1lido, elegante y funcional. Fabricado en madera con acabados en tonos naturales y l\u00edneas limpias, este conjunto destaca por su dise\u00f1o atemporal y su gran capacidad de almacenaje. El conjunto incluye un canap\u00e9 abatible de 150x190cm , ideal para maximizar el espacio de [&hellip;]<\/p>\n","protected":false},"featured_media":6899,"comment_status":"open","ping_status":"closed","template":"","meta":[],"product_brand":[],"product_cat":[51,908],"product_tag":[],"class_list":{"0":"post-6898","1":"product","2":"type-product","3":"status-publish","4":"has-post-thumbnail","6":"product_cat-muebles-es","7":"product_cat-dormitorios","9":"first","10":"instock","11":"taxable","12":"shipping-taxable","13":"purchasable","14":"product-type-simple"},"acf":[],"yoast_head":"<!-- This site is optimized with the Yoast SEO plugin v27.3 - https:\/\/yoast.com\/product\/yoast-seo-wordpress\/ -->\n<title>Dormitorio completo de madera natural con canap\u00e9, cabezal y mesitas -<\/title>\n<meta name=\"description\" content=\"Dormitorio completo con canap\u00e9 abatible, cabezal y mesitas de noche en madera natural. Dise\u00f1o moderno, funcional y elegante. No incluye colch\u00f3n.\" \/>\n<meta name=\"robots\" content=\"index, follow, max-snippet:-1, max-image-preview:large, max-video-preview:-1\" \/>\n<link rel=\"canonical\" href=\"https:\/\/gesmobles.cat\/es\/producto\/dormitorio-completo-dormitorio-con-canape-dormitorio-de-madera-dormitorio-moderno-dormitorio-matrimonial-dormitorio-estilo-nordico-dormitorio-con-mesitas-conjunto-dormitorio\/\" \/>\n<meta property=\"og:locale\" content=\"es_ES\" \/>\n<meta property=\"og:type\" content=\"article\" \/>\n<meta property=\"og:title\" content=\"Dormitorio completo de madera natural con canap\u00e9, cabezal y mesitas -\" \/>\n<meta property=\"og:description\" content=\"Dormitorio completo con canap\u00e9 abatible, cabezal y mesitas de noche en madera natural. Dise\u00f1o moderno, funcional y elegante. No incluye colch\u00f3n.\" \/>\n<meta property=\"og:url\" content=\"https:\/\/gesmobles.cat\/es\/producto\/dormitorio-completo-dormitorio-con-canape-dormitorio-de-madera-dormitorio-moderno-dormitorio-matrimonial-dormitorio-estilo-nordico-dormitorio-con-mesitas-conjunto-dormitorio\/\" \/>\n<meta property=\"article:modified_time\" content=\"2026-01-28T16:46:32+00:00\" \/>\n<meta property=\"og:image\" content=\"https:\/\/gesmobles.cat\/wp-content\/uploads\/2026\/01\/803.jpg\" \/>\n\t<meta property=\"og:image:width\" content=\"1024\" \/>\n\t<meta property=\"og:image:height\" content=\"1024\" \/>\n\t<meta property=\"og:image:type\" content=\"image\/jpeg\" \/>\n<meta name=\"twitter:card\" content=\"summary_large_image\" \/>\n<meta name=\"twitter:label1\" content=\"Tiempo de lectura\" \/>\n\t<meta name=\"twitter:data1\" content=\"1 minuto\" \/>\n<!-- \/ Yoast SEO plugin. -->","yoast_head_json":{"title":"Dormitorio completo de madera natural con canap\u00e9, cabezal y mesitas -","description":"Dormitorio completo con canap\u00e9 abatible, cabezal y mesitas de noche en madera natural. Dise\u00f1o moderno, funcional y elegante. No incluye colch\u00f3n.","robots":{"index":"index","follow":"follow","max-snippet":"max-snippet:-1","max-image-preview":"max-image-preview:large","max-video-preview":"max-video-preview:-1"},"canonical":"https:\/\/gesmobles.cat\/es\/producto\/dormitorio-completo-dormitorio-con-canape-dormitorio-de-madera-dormitorio-moderno-dormitorio-matrimonial-dormitorio-estilo-nordico-dormitorio-con-mesitas-conjunto-dormitorio\/","og_locale":"es_ES","og_type":"article","og_title":"Dormitorio completo de madera natural con canap\u00e9, cabezal y mesitas -","og_description":"Dormitorio completo con canap\u00e9 abatible, cabezal y mesitas de noche en madera natural. Dise\u00f1o moderno, funcional y elegante. No incluye colch\u00f3n.","og_url":"https:\/\/gesmobles.cat\/es\/producto\/dormitorio-completo-dormitorio-con-canape-dormitorio-de-madera-dormitorio-moderno-dormitorio-matrimonial-dormitorio-estilo-nordico-dormitorio-con-mesitas-conjunto-dormitorio\/","article_modified_time":"2026-01-28T16:46:32+00:00","og_image":[{"width":1024,"height":1024,"url":"https:\/\/gesmobles.cat\/wp-content\/uploads\/2026\/01\/803.jpg","type":"image\/jpeg"}],"twitter_card":"summary_large_image","twitter_misc":{"Tiempo de lectura":"1 minuto"},"schema":{"@context":"https:\/\/schema.org","@graph":[]}},"_links":{"self":[{"href":"https:\/\/gesmobles.cat\/es\/wp-json\/wp\/v2\/product\/6898","targetHints":{"allow":["GET"]}}],"collection":[{"href":"https:\/\/gesmobles.cat\/es\/wp-json\/wp\/v2\/product"}],"about":[{"href":"https:\/\/gesmobles.cat\/es\/wp-json\/wp\/v2\/types\/product"}],"replies":[{"embeddable":true,"href":"https:\/\/gesmobles.cat\/es\/wp-json\/wp\/v2\/comments?post=6898"}],"wp:featuredmedia":[{"embeddable":true,"href":"https:\/\/gesmobles.cat\/es\/wp-json\/wp\/v2\/media\/6899"}],"wp:attachment":[{"href":"https:\/\/gesmobles.cat\/es\/wp-json\/wp\/v2\/media?parent=6898"}],"wp:term":[{"taxonomy":"product_brand","embeddable":true,"href":"https:\/\/gesmobles.cat\/es\/wp-json\/wp\/v2\/product_brand?post=6898"},{"taxonomy":"product_cat","embeddable":true,"href":"https:\/\/gesmobles.cat\/es\/wp-json\/wp\/v2\/product_cat?post=6898"},{"taxonomy":"product_tag","embeddable":true,"href":"https:\/\/gesmobles.cat\/es\/wp-json\/wp\/v2\/product_tag?post=6898"}],"curies":[{"name":"wp","href":"https:\/\/api.w.org\/{rel}","templated":true}]}}