{"id":6927,"date":"2026-01-11T21:56:30","date_gmt":"2026-01-11T19:56:30","guid":{"rendered":"https:\/\/gesmobles.cat\/?post_type=product&#038;p=6927"},"modified":"2026-01-11T21:56:31","modified_gmt":"2026-01-11T19:56:31","slug":"zapatero-abatible-zapatero-blanco-mueble-zapatero-zapatero-estrecho-zapatero-para-recibidor-zapatero-moderno-zapatero-de-3-puertas","status":"publish","type":"product","link":"https:\/\/gesmobles.cat\/es\/producto\/zapatero-abatible-zapatero-blanco-mueble-zapatero-zapatero-estrecho-zapatero-para-recibidor-zapatero-moderno-zapatero-de-3-puertas\/","title":{"rendered":"Zapatero Abatible Blanco de 3 Puertas con Gran Capacidad"},"content":{"rendered":"<p>Este zapatero abatible de dise\u00f1o moderno es la soluci\u00f3n ideal para mantener el calzado ordenado ocupando el m\u00ednimo espacio. Fabricado en acabado blanco, aporta luminosidad y un estilo limpio que encaja perfectamente en recibidores, pasillos o dormitorios. Dispone de tres compartimentos abatibles con capacidad para varios pares de zapatos, facilitando el acceso y la organizaci\u00f3n diaria. Un mueble pr\u00e1ctico, funcional y elegante para el hogar.<\/p>\n","protected":false},"excerpt":{"rendered":"<p>Este zapatero abatible de dise\u00f1o moderno es la soluci\u00f3n ideal para mantener el calzado ordenado ocupando el m\u00ednimo espacio. Fabricado en acabado blanco, aporta luminosidad y un estilo limpio que encaja perfectamente en recibidores, pasillos o dormitorios. Dispone de tres compartimentos abatibles con capacidad para varios pares de zapatos, facilitando el acceso y la organizaci\u00f3n [&hellip;]<\/p>\n","protected":false},"featured_media":6928,"comment_status":"open","ping_status":"closed","template":"","meta":[],"product_brand":[],"product_cat":[51,583],"product_tag":[],"class_list":{"0":"post-6927","1":"product","2":"type-product","3":"status-publish","4":"has-post-thumbnail","6":"product_cat-muebles-es","7":"product_cat-zapateros","9":"first","10":"instock","11":"taxable","12":"shipping-taxable","13":"purchasable","14":"product-type-simple"},"acf":[],"yoast_head":"<!-- This site is optimized with the Yoast SEO plugin v27.4 - https:\/\/yoast.com\/product\/yoast-seo-wordpress\/ -->\n<title>Zapatero Abatible Blanco de 3 Puertas con Gran Capacidad -<\/title>\n<meta name=\"description\" content=\"Zapatero abatible blanco de 3 puertas con gran capacidad. Dise\u00f1o moderno y funcional ideal para recibidor, pasillo o dormitorio.\" \/>\n<meta name=\"robots\" content=\"index, follow, max-snippet:-1, max-image-preview:large, max-video-preview:-1\" \/>\n<link rel=\"canonical\" href=\"https:\/\/gesmobles.cat\/es\/producto\/zapatero-abatible-zapatero-blanco-mueble-zapatero-zapatero-estrecho-zapatero-para-recibidor-zapatero-moderno-zapatero-de-3-puertas\/\" \/>\n<meta property=\"og:locale\" content=\"es_ES\" \/>\n<meta property=\"og:type\" content=\"article\" \/>\n<meta property=\"og:title\" content=\"Zapatero Abatible Blanco de 3 Puertas con Gran Capacidad -\" \/>\n<meta property=\"og:description\" content=\"Zapatero abatible blanco de 3 puertas con gran capacidad. Dise\u00f1o moderno y funcional ideal para recibidor, pasillo o dormitorio.\" \/>\n<meta property=\"og:url\" content=\"https:\/\/gesmobles.cat\/es\/producto\/zapatero-abatible-zapatero-blanco-mueble-zapatero-zapatero-estrecho-zapatero-para-recibidor-zapatero-moderno-zapatero-de-3-puertas\/\" \/>\n<meta property=\"article:modified_time\" content=\"2026-01-11T19:56:31+00:00\" \/>\n<meta property=\"og:image\" content=\"https:\/\/gesmobles.cat\/wp-content\/uploads\/2026\/01\/plus.webp\" \/>\n\t<meta property=\"og:image:width\" content=\"2700\" \/>\n\t<meta property=\"og:image:height\" content=\"2080\" \/>\n\t<meta property=\"og:image:type\" content=\"image\/webp\" \/>\n<meta name=\"twitter:card\" content=\"summary_large_image\" \/>\n<meta name=\"twitter:label1\" content=\"Tiempo de lectura\" \/>\n\t<meta name=\"twitter:data1\" content=\"1 minuto\" \/>\n<!-- \/ Yoast SEO plugin. -->","yoast_head_json":{"title":"Zapatero Abatible Blanco de 3 Puertas con Gran Capacidad -","description":"Zapatero abatible blanco de 3 puertas con gran capacidad. Dise\u00f1o moderno y funcional ideal para recibidor, pasillo o dormitorio.","robots":{"index":"index","follow":"follow","max-snippet":"max-snippet:-1","max-image-preview":"max-image-preview:large","max-video-preview":"max-video-preview:-1"},"canonical":"https:\/\/gesmobles.cat\/es\/producto\/zapatero-abatible-zapatero-blanco-mueble-zapatero-zapatero-estrecho-zapatero-para-recibidor-zapatero-moderno-zapatero-de-3-puertas\/","og_locale":"es_ES","og_type":"article","og_title":"Zapatero Abatible Blanco de 3 Puertas con Gran Capacidad -","og_description":"Zapatero abatible blanco de 3 puertas con gran capacidad. Dise\u00f1o moderno y funcional ideal para recibidor, pasillo o dormitorio.","og_url":"https:\/\/gesmobles.cat\/es\/producto\/zapatero-abatible-zapatero-blanco-mueble-zapatero-zapatero-estrecho-zapatero-para-recibidor-zapatero-moderno-zapatero-de-3-puertas\/","article_modified_time":"2026-01-11T19:56:31+00:00","og_image":[{"width":2700,"height":2080,"url":"https:\/\/gesmobles.cat\/wp-content\/uploads\/2026\/01\/plus.webp","type":"image\/webp"}],"twitter_card":"summary_large_image","twitter_misc":{"Tiempo de lectura":"1 minuto"},"schema":{"@context":"https:\/\/schema.org","@graph":[]}},"_links":{"self":[{"href":"https:\/\/gesmobles.cat\/es\/wp-json\/wp\/v2\/product\/6927","targetHints":{"allow":["GET"]}}],"collection":[{"href":"https:\/\/gesmobles.cat\/es\/wp-json\/wp\/v2\/product"}],"about":[{"href":"https:\/\/gesmobles.cat\/es\/wp-json\/wp\/v2\/types\/product"}],"replies":[{"embeddable":true,"href":"https:\/\/gesmobles.cat\/es\/wp-json\/wp\/v2\/comments?post=6927"}],"wp:featuredmedia":[{"embeddable":true,"href":"https:\/\/gesmobles.cat\/es\/wp-json\/wp\/v2\/media\/6928"}],"wp:attachment":[{"href":"https:\/\/gesmobles.cat\/es\/wp-json\/wp\/v2\/media?parent=6927"}],"wp:term":[{"taxonomy":"product_brand","embeddable":true,"href":"https:\/\/gesmobles.cat\/es\/wp-json\/wp\/v2\/product_brand?post=6927"},{"taxonomy":"product_cat","embeddable":true,"href":"https:\/\/gesmobles.cat\/es\/wp-json\/wp\/v2\/product_cat?post=6927"},{"taxonomy":"product_tag","embeddable":true,"href":"https:\/\/gesmobles.cat\/es\/wp-json\/wp\/v2\/product_tag?post=6927"}],"curies":[{"name":"wp","href":"https:\/\/api.w.org\/{rel}","templated":true}]}}