{"id":6980,"date":"2026-01-13T19:08:21","date_gmt":"2026-01-13T17:08:21","guid":{"rendered":"https:\/\/gesmobles.cat\/?post_type=product&#038;p=6980"},"modified":"2026-04-14T10:26:20","modified_gmt":"2026-04-14T08:26:20","slug":"sofa-moderno-beige-sofa-de-diseno-minimalista-sofa-para-salon-moderno-sofa-elegante-sofa-tapizado-beige-sofa-contemporaneo-sofa-comodo-de-diseno-muebles-de-salon-modernos","status":"publish","type":"product","link":"https:\/\/gesmobles.cat\/es\/producto\/sofa-moderno-beige-sofa-de-diseno-minimalista-sofa-para-salon-moderno-sofa-elegante-sofa-tapizado-beige-sofa-contemporaneo-sofa-comodo-de-diseno-muebles-de-salon-modernos\/","title":{"rendered":"Sof\u00e1 Noa"},"content":{"rendered":"<ul>\n<li data-start=\"123\" data-end=\"153\">Estructura de pino americano<\/li>\n<li data-start=\"123\" data-end=\"153\">Estructura recubierta en Ecoflex de 40kg<\/li>\n<li data-start=\"123\" data-end=\"153\">Almohadas asiento Ecoflex de 42kg y capa de 5 cm viscoel\u00e1stica<\/li>\n<li data-start=\"123\" data-end=\"153\">Respaldo relleno de fibra americana<\/li>\n<li data-start=\"123\" data-end=\"153\">Suspensi\u00f3n asiento: muelles ZZ<\/li>\n<li data-start=\"123\" data-end=\"153\">Funda asiento: almohada de fibra natural americana<\/li>\n<li data-start=\"123\" data-end=\"153\">Desenfundable en su totalidad<\/li>\n<li data-start=\"123\" data-end=\"153\">Relleno fibra natural (compuesto de fibra siliconada soft efecto pluma procedente de reciclado y certificado GRS, con el que se colabora con el medio ambiente)<\/li>\n<li data-start=\"123\" data-end=\"153\">Pata alta madera natural<\/li>\n<li data-start=\"123\" data-end=\"153\">Este modelo siempre va en 2 m\u00f3dulos con 1 funda \u00fanica<\/li>\n<li>Fondo: 105 cm.<\/li>\n<li>Alto: 105 cm.<\/li>\n<\/ul>\n","protected":false},"excerpt":{"rendered":"<p><strong>\ud83d\udd12 Pago seguro con tarjeta<\/strong><br \/>\n<strong>\ud83d\udce6 Compra online con total confianza<\/strong><br \/>\n<strong>\ud83c\udfea Tienda f\u00edsica + atenci\u00f3n por WhatsApp<\/strong><\/p>\n","protected":false},"featured_media":6983,"comment_status":"open","ping_status":"closed","template":"","meta":[],"product_brand":[],"product_cat":[53],"product_tag":[],"class_list":{"0":"post-6980","1":"product","2":"type-product","3":"status-publish","4":"has-post-thumbnail","6":"product_cat-sofas-es","8":"first","9":"instock","10":"taxable","11":"shipping-taxable","12":"purchasable","13":"product-type-variable"},"acf":[],"yoast_head":"<!-- This site is optimized with the Yoast SEO plugin v27.4 - https:\/\/yoast.com\/product\/yoast-seo-wordpress\/ -->\n<title>Sof\u00e1 Noa -<\/title>\n<meta name=\"description\" content=\"Sof\u00e1 moderno beige de dise\u00f1o minimalista, elegante y c\u00f3modo, ideal para salones contempor\u00e1neos. Aporta estilo, calidez y confort a tu hogar.\" \/>\n<meta name=\"robots\" content=\"index, follow, max-snippet:-1, max-image-preview:large, max-video-preview:-1\" \/>\n<link rel=\"canonical\" href=\"https:\/\/gesmobles.cat\/es\/producto\/sofa-moderno-beige-sofa-de-diseno-minimalista-sofa-para-salon-moderno-sofa-elegante-sofa-tapizado-beige-sofa-contemporaneo-sofa-comodo-de-diseno-muebles-de-salon-modernos\/\" \/>\n<meta property=\"og:locale\" content=\"es_ES\" \/>\n<meta property=\"og:type\" content=\"article\" \/>\n<meta property=\"og:title\" content=\"Sof\u00e1 Noa -\" \/>\n<meta property=\"og:description\" content=\"Sof\u00e1 moderno beige de dise\u00f1o minimalista, elegante y c\u00f3modo, ideal para salones contempor\u00e1neos. Aporta estilo, calidez y confort a tu hogar.\" \/>\n<meta property=\"og:url\" content=\"https:\/\/gesmobles.cat\/es\/producto\/sofa-moderno-beige-sofa-de-diseno-minimalista-sofa-para-salon-moderno-sofa-elegante-sofa-tapizado-beige-sofa-contemporaneo-sofa-comodo-de-diseno-muebles-de-salon-modernos\/\" \/>\n<meta property=\"article:modified_time\" content=\"2026-04-14T08:26:20+00:00\" \/>\n<meta property=\"og:image\" content=\"https:\/\/gesmobles.cat\/wp-content\/uploads\/2026\/01\/noa-1.jpg\" \/>\n\t<meta property=\"og:image:width\" content=\"900\" \/>\n\t<meta property=\"og:image:height\" content=\"600\" \/>\n\t<meta property=\"og:image:type\" content=\"image\/jpeg\" \/>\n<meta name=\"twitter:card\" content=\"summary_large_image\" \/>\n<meta name=\"twitter:label1\" content=\"Tiempo de lectura\" \/>\n\t<meta name=\"twitter:data1\" content=\"1 minuto\" \/>\n<!-- \/ Yoast SEO plugin. -->","yoast_head_json":{"title":"Sof\u00e1 Noa -","description":"Sof\u00e1 moderno beige de dise\u00f1o minimalista, elegante y c\u00f3modo, ideal para salones contempor\u00e1neos. Aporta estilo, calidez y confort a tu hogar.","robots":{"index":"index","follow":"follow","max-snippet":"max-snippet:-1","max-image-preview":"max-image-preview:large","max-video-preview":"max-video-preview:-1"},"canonical":"https:\/\/gesmobles.cat\/es\/producto\/sofa-moderno-beige-sofa-de-diseno-minimalista-sofa-para-salon-moderno-sofa-elegante-sofa-tapizado-beige-sofa-contemporaneo-sofa-comodo-de-diseno-muebles-de-salon-modernos\/","og_locale":"es_ES","og_type":"article","og_title":"Sof\u00e1 Noa -","og_description":"Sof\u00e1 moderno beige de dise\u00f1o minimalista, elegante y c\u00f3modo, ideal para salones contempor\u00e1neos. Aporta estilo, calidez y confort a tu hogar.","og_url":"https:\/\/gesmobles.cat\/es\/producto\/sofa-moderno-beige-sofa-de-diseno-minimalista-sofa-para-salon-moderno-sofa-elegante-sofa-tapizado-beige-sofa-contemporaneo-sofa-comodo-de-diseno-muebles-de-salon-modernos\/","article_modified_time":"2026-04-14T08:26:20+00:00","og_image":[{"width":900,"height":600,"url":"https:\/\/gesmobles.cat\/wp-content\/uploads\/2026\/01\/noa-1.jpg","type":"image\/jpeg"}],"twitter_card":"summary_large_image","twitter_misc":{"Tiempo de lectura":"1 minuto"},"schema":{"@context":"https:\/\/schema.org","@graph":[]}},"_links":{"self":[{"href":"https:\/\/gesmobles.cat\/es\/wp-json\/wp\/v2\/product\/6980","targetHints":{"allow":["GET"]}}],"collection":[{"href":"https:\/\/gesmobles.cat\/es\/wp-json\/wp\/v2\/product"}],"about":[{"href":"https:\/\/gesmobles.cat\/es\/wp-json\/wp\/v2\/types\/product"}],"replies":[{"embeddable":true,"href":"https:\/\/gesmobles.cat\/es\/wp-json\/wp\/v2\/comments?post=6980"}],"wp:featuredmedia":[{"embeddable":true,"href":"https:\/\/gesmobles.cat\/es\/wp-json\/wp\/v2\/media\/6983"}],"wp:attachment":[{"href":"https:\/\/gesmobles.cat\/es\/wp-json\/wp\/v2\/media?parent=6980"}],"wp:term":[{"taxonomy":"product_brand","embeddable":true,"href":"https:\/\/gesmobles.cat\/es\/wp-json\/wp\/v2\/product_brand?post=6980"},{"taxonomy":"product_cat","embeddable":true,"href":"https:\/\/gesmobles.cat\/es\/wp-json\/wp\/v2\/product_cat?post=6980"},{"taxonomy":"product_tag","embeddable":true,"href":"https:\/\/gesmobles.cat\/es\/wp-json\/wp\/v2\/product_tag?post=6980"}],"curies":[{"name":"wp","href":"https:\/\/api.w.org\/{rel}","templated":true}]}}