{"id":7003,"date":"2026-01-13T19:32:49","date_gmt":"2026-01-13T17:32:49","guid":{"rendered":"https:\/\/gesmobles.cat\/?post_type=product&#038;p=7003"},"modified":"2026-04-14T10:25:39","modified_gmt":"2026-04-14T08:25:39","slug":"sofa-moderno-mostaza-sofa-de-diseno-contemporaneo-sofa-comodo-para-salon-sofa-tapizado-mostaza-sofa-elegante-sofa-actual-sofa-de-lineas-modernas-sofa-para-salon-luminoso","status":"publish","type":"product","link":"https:\/\/gesmobles.cat\/es\/producto\/sofa-moderno-mostaza-sofa-de-diseno-contemporaneo-sofa-comodo-para-salon-sofa-tapizado-mostaza-sofa-elegante-sofa-actual-sofa-de-lineas-modernas-sofa-para-salon-luminoso\/","title":{"rendered":"Sof\u00e1 Kass"},"content":{"rendered":"<ul>\n<li data-start=\"123\" data-end=\"153\">Estructura de pino macizo<\/li>\n<li data-start=\"123\" data-end=\"153\">Estructura recubierta foam 25 kg<\/li>\n<li data-start=\"123\" data-end=\"153\">Almohadas asientos n\u00facleo t\u00e9cnico 32 kgs<\/li>\n<li data-start=\"123\" data-end=\"153\">Ri\u00f1oneras y cabezales espumaci\u00f3n supersuave<\/li>\n<li data-start=\"123\" data-end=\"153\">Asientos, ri\u00f1oneras y respaldos desenfundables.<\/li>\n<li data-start=\"123\" data-end=\"153\">Deslizante pata alta<\/li>\n<li data-start=\"123\" data-end=\"153\">Almohada brazo no desenfundable<\/li>\n<li data-start=\"123\" data-end=\"153\">Brazo CH igual al brazo m\u00f3dulo (sin deslizante) pero s\u00ed con arc\u00f3n<\/li>\n<li data-start=\"123\" data-end=\"153\">Brazo almohada con goma suave<\/li>\n<li data-start=\"123\" data-end=\"153\">M\u00f3dulo chaiselongue con oreja<\/li>\n<li data-start=\"123\" data-end=\"153\">Brazo m\u00f3dulo deslizante y arc\u00f3n elevable con pist\u00f3n<\/li>\n<li data-start=\"123\" data-end=\"153\">Cabezales reclinables con 9 posiciones, de 90 a 120\u00ba<\/li>\n<li data-start=\"123\" data-end=\"153\">Pata met\u00e1lica alta negra<\/li>\n<li data-start=\"123\" data-end=\"153\">Las medidas pueden variar 5% (+ -)<\/li>\n<li>Fondo: 112 cm.<\/li>\n<li>Alto: 109 cm.<\/li>\n<li>Fondo chaise: 155 cm.<\/li>\n<li>Fondo terminal: 207 cm.<\/li>\n<li>Salida del extra\u00edble: 46 cm.<\/li>\n<\/ul>\n","protected":false},"excerpt":{"rendered":"<p><strong>\ud83d\udd12 Pago seguro con tarjeta<\/strong><br \/>\n<strong>\ud83d\udce6 Compra online con total confianza<\/strong><br \/>\n<strong>\ud83c\udfea Tienda f\u00edsica + atenci\u00f3n por WhatsApp<\/strong><\/p>\n","protected":false},"featured_media":7004,"comment_status":"open","ping_status":"closed","template":"","meta":[],"product_brand":[],"product_cat":[53],"product_tag":[],"class_list":{"0":"post-7003","1":"product","2":"type-product","3":"status-publish","4":"has-post-thumbnail","6":"product_cat-sofas-es","8":"first","9":"instock","10":"taxable","11":"shipping-taxable","12":"purchasable","13":"product-type-variable"},"acf":[],"yoast_head":"<!-- This site is optimized with the Yoast SEO plugin v27.4 - https:\/\/yoast.com\/product\/yoast-seo-wordpress\/ -->\n<title>Sof\u00e1 Kass -<\/title>\n<meta name=\"description\" content=\"Sof\u00e1 moderno mostaza de dise\u00f1o contempor\u00e1neo, c\u00f3modo y elegante, ideal para aportar calidez y estilo a salones actuales y luminosos.\" \/>\n<meta name=\"robots\" content=\"index, follow, max-snippet:-1, max-image-preview:large, max-video-preview:-1\" \/>\n<link rel=\"canonical\" href=\"https:\/\/gesmobles.cat\/es\/producto\/sofa-moderno-mostaza-sofa-de-diseno-contemporaneo-sofa-comodo-para-salon-sofa-tapizado-mostaza-sofa-elegante-sofa-actual-sofa-de-lineas-modernas-sofa-para-salon-luminoso\/\" \/>\n<meta property=\"og:locale\" content=\"es_ES\" \/>\n<meta property=\"og:type\" content=\"article\" \/>\n<meta property=\"og:title\" content=\"Sof\u00e1 Kass -\" \/>\n<meta property=\"og:description\" content=\"Sof\u00e1 moderno mostaza de dise\u00f1o contempor\u00e1neo, c\u00f3modo y elegante, ideal para aportar calidez y estilo a salones actuales y luminosos.\" \/>\n<meta property=\"og:url\" content=\"https:\/\/gesmobles.cat\/es\/producto\/sofa-moderno-mostaza-sofa-de-diseno-contemporaneo-sofa-comodo-para-salon-sofa-tapizado-mostaza-sofa-elegante-sofa-actual-sofa-de-lineas-modernas-sofa-para-salon-luminoso\/\" \/>\n<meta property=\"article:modified_time\" content=\"2026-04-14T08:25:39+00:00\" \/>\n<meta property=\"og:image\" content=\"https:\/\/gesmobles.cat\/wp-content\/uploads\/2026\/01\/kas.jpg\" \/>\n\t<meta property=\"og:image:width\" content=\"900\" \/>\n\t<meta property=\"og:image:height\" content=\"600\" \/>\n\t<meta property=\"og:image:type\" content=\"image\/jpeg\" \/>\n<meta name=\"twitter:card\" content=\"summary_large_image\" \/>\n<meta name=\"twitter:label1\" content=\"Tiempo de lectura\" \/>\n\t<meta name=\"twitter:data1\" content=\"1 minuto\" \/>\n<!-- \/ Yoast SEO plugin. -->","yoast_head_json":{"title":"Sof\u00e1 Kass -","description":"Sof\u00e1 moderno mostaza de dise\u00f1o contempor\u00e1neo, c\u00f3modo y elegante, ideal para aportar calidez y estilo a salones actuales y luminosos.","robots":{"index":"index","follow":"follow","max-snippet":"max-snippet:-1","max-image-preview":"max-image-preview:large","max-video-preview":"max-video-preview:-1"},"canonical":"https:\/\/gesmobles.cat\/es\/producto\/sofa-moderno-mostaza-sofa-de-diseno-contemporaneo-sofa-comodo-para-salon-sofa-tapizado-mostaza-sofa-elegante-sofa-actual-sofa-de-lineas-modernas-sofa-para-salon-luminoso\/","og_locale":"es_ES","og_type":"article","og_title":"Sof\u00e1 Kass -","og_description":"Sof\u00e1 moderno mostaza de dise\u00f1o contempor\u00e1neo, c\u00f3modo y elegante, ideal para aportar calidez y estilo a salones actuales y luminosos.","og_url":"https:\/\/gesmobles.cat\/es\/producto\/sofa-moderno-mostaza-sofa-de-diseno-contemporaneo-sofa-comodo-para-salon-sofa-tapizado-mostaza-sofa-elegante-sofa-actual-sofa-de-lineas-modernas-sofa-para-salon-luminoso\/","article_modified_time":"2026-04-14T08:25:39+00:00","og_image":[{"width":900,"height":600,"url":"https:\/\/gesmobles.cat\/wp-content\/uploads\/2026\/01\/kas.jpg","type":"image\/jpeg"}],"twitter_card":"summary_large_image","twitter_misc":{"Tiempo de lectura":"1 minuto"},"schema":{"@context":"https:\/\/schema.org","@graph":[]}},"_links":{"self":[{"href":"https:\/\/gesmobles.cat\/es\/wp-json\/wp\/v2\/product\/7003","targetHints":{"allow":["GET"]}}],"collection":[{"href":"https:\/\/gesmobles.cat\/es\/wp-json\/wp\/v2\/product"}],"about":[{"href":"https:\/\/gesmobles.cat\/es\/wp-json\/wp\/v2\/types\/product"}],"replies":[{"embeddable":true,"href":"https:\/\/gesmobles.cat\/es\/wp-json\/wp\/v2\/comments?post=7003"}],"wp:featuredmedia":[{"embeddable":true,"href":"https:\/\/gesmobles.cat\/es\/wp-json\/wp\/v2\/media\/7004"}],"wp:attachment":[{"href":"https:\/\/gesmobles.cat\/es\/wp-json\/wp\/v2\/media?parent=7003"}],"wp:term":[{"taxonomy":"product_brand","embeddable":true,"href":"https:\/\/gesmobles.cat\/es\/wp-json\/wp\/v2\/product_brand?post=7003"},{"taxonomy":"product_cat","embeddable":true,"href":"https:\/\/gesmobles.cat\/es\/wp-json\/wp\/v2\/product_cat?post=7003"},{"taxonomy":"product_tag","embeddable":true,"href":"https:\/\/gesmobles.cat\/es\/wp-json\/wp\/v2\/product_tag?post=7003"}],"curies":[{"name":"wp","href":"https:\/\/api.w.org\/{rel}","templated":true}]}}