{"id":7046,"date":"2026-01-14T18:51:31","date_gmt":"2026-01-14T16:51:31","guid":{"rendered":"https:\/\/gesmobles.cat\/?post_type=product&#038;p=7046"},"modified":"2026-04-14T10:23:19","modified_gmt":"2026-04-14T08:23:19","slug":"sofa-beige-sofa-moderno-sofa-para-salon-sofa-de-diseno-contemporaneo-sofa-comodo-sofa-elegante-sofa-claro-muebles-de-salon-modernos-sofa-minimalista-sofa-actual","status":"publish","type":"product","link":"https:\/\/gesmobles.cat\/es\/producto\/sofa-beige-sofa-moderno-sofa-para-salon-sofa-de-diseno-contemporaneo-sofa-comodo-sofa-elegante-sofa-claro-muebles-de-salon-modernos-sofa-minimalista-sofa-actual\/","title":{"rendered":"Sof\u00e1 Valentina"},"content":{"rendered":"<ul>\n<li data-start=\"123\" data-end=\"153\">Estructura de pino americano<\/li>\n<li data-start=\"123\" data-end=\"153\">Estructura recubierta en Ecoflex de 40kg<\/li>\n<li data-start=\"123\" data-end=\"153\">Almohadas asientos 42kg Ecoflex<\/li>\n<li data-start=\"123\" data-end=\"153\">Respaldos en funda algod\u00f3n en fibra 100% virgen<\/li>\n<li data-start=\"123\" data-end=\"153\">Respaldos fibra virgen americana sensaci\u00f3n nube<\/li>\n<li data-start=\"123\" data-end=\"153\">Mecanismo relax motorizado, sistema cardio<\/li>\n<li data-start=\"123\" data-end=\"153\">Brazo m\u00f3dulo con coj\u00edn decorativo<\/li>\n<li data-start=\"123\" data-end=\"153\">Cabezal reclinable de fricci\u00f3n<\/li>\n<li data-start=\"123\" data-end=\"153\">Asientos y respaldos desenfundables<\/li>\n<li data-start=\"123\" data-end=\"153\">Botonera en bastidor<\/li>\n<li data-start=\"123\" data-end=\"153\">Pata madera natural alta<\/li>\n<li>Alto: 110 cm.<\/li>\n<li>Fondo: 98 cm.<\/li>\n<li>Fondo relax abierto: 177 cm.<\/li>\n<\/ul>\n","protected":false},"excerpt":{"rendered":"<p><strong>\ud83d\udd12 Pago seguro con tarjeta<\/strong><br \/>\n<strong>\ud83d\udce6 Compra online con total confianza<\/strong><br \/>\n<strong>\ud83c\udfea Tienda f\u00edsica + atenci\u00f3n por WhatsApp<\/strong><\/p>\n","protected":false},"featured_media":7047,"comment_status":"open","ping_status":"closed","template":"","meta":[],"product_brand":[],"product_cat":[53],"product_tag":[],"class_list":{"0":"post-7046","1":"product","2":"type-product","3":"status-publish","4":"has-post-thumbnail","6":"product_cat-sofas-es","8":"first","9":"instock","10":"taxable","11":"shipping-taxable","12":"purchasable","13":"product-type-variable"},"acf":[],"yoast_head":"<!-- This site is optimized with the Yoast SEO plugin v27.4 - https:\/\/yoast.com\/product\/yoast-seo-wordpress\/ -->\n<title>Sof\u00e1 Valentina -<\/title>\n<meta name=\"description\" content=\"Sof\u00e1 beige moderno ideal para salones amplios y luminosos. Dise\u00f1o contempor\u00e1neo, elegante y c\u00f3modo, perfecto para crear un ambiente c\u00e1lido y sofisticado.\" \/>\n<meta name=\"robots\" content=\"index, follow, max-snippet:-1, max-image-preview:large, max-video-preview:-1\" \/>\n<link rel=\"canonical\" href=\"https:\/\/gesmobles.cat\/es\/producto\/sofa-beige-sofa-moderno-sofa-para-salon-sofa-de-diseno-contemporaneo-sofa-comodo-sofa-elegante-sofa-claro-muebles-de-salon-modernos-sofa-minimalista-sofa-actual\/\" \/>\n<meta property=\"og:locale\" content=\"es_ES\" \/>\n<meta property=\"og:type\" content=\"article\" \/>\n<meta property=\"og:title\" content=\"Sof\u00e1 Valentina -\" \/>\n<meta property=\"og:description\" content=\"Sof\u00e1 beige moderno ideal para salones amplios y luminosos. Dise\u00f1o contempor\u00e1neo, elegante y c\u00f3modo, perfecto para crear un ambiente c\u00e1lido y sofisticado.\" \/>\n<meta property=\"og:url\" content=\"https:\/\/gesmobles.cat\/es\/producto\/sofa-beige-sofa-moderno-sofa-para-salon-sofa-de-diseno-contemporaneo-sofa-comodo-sofa-elegante-sofa-claro-muebles-de-salon-modernos-sofa-minimalista-sofa-actual\/\" \/>\n<meta property=\"article:modified_time\" content=\"2026-04-14T08:23:19+00:00\" \/>\n<meta property=\"og:image\" content=\"https:\/\/gesmobles.cat\/wp-content\/uploads\/2026\/01\/valen.jpg\" \/>\n\t<meta property=\"og:image:width\" content=\"900\" \/>\n\t<meta property=\"og:image:height\" content=\"600\" \/>\n\t<meta property=\"og:image:type\" content=\"image\/jpeg\" \/>\n<meta name=\"twitter:card\" content=\"summary_large_image\" \/>\n<meta name=\"twitter:label1\" content=\"Tiempo de lectura\" \/>\n\t<meta name=\"twitter:data1\" content=\"1 minuto\" \/>\n<!-- \/ Yoast SEO plugin. -->","yoast_head_json":{"title":"Sof\u00e1 Valentina -","description":"Sof\u00e1 beige moderno ideal para salones amplios y luminosos. Dise\u00f1o contempor\u00e1neo, elegante y c\u00f3modo, perfecto para crear un ambiente c\u00e1lido y sofisticado.","robots":{"index":"index","follow":"follow","max-snippet":"max-snippet:-1","max-image-preview":"max-image-preview:large","max-video-preview":"max-video-preview:-1"},"canonical":"https:\/\/gesmobles.cat\/es\/producto\/sofa-beige-sofa-moderno-sofa-para-salon-sofa-de-diseno-contemporaneo-sofa-comodo-sofa-elegante-sofa-claro-muebles-de-salon-modernos-sofa-minimalista-sofa-actual\/","og_locale":"es_ES","og_type":"article","og_title":"Sof\u00e1 Valentina -","og_description":"Sof\u00e1 beige moderno ideal para salones amplios y luminosos. Dise\u00f1o contempor\u00e1neo, elegante y c\u00f3modo, perfecto para crear un ambiente c\u00e1lido y sofisticado.","og_url":"https:\/\/gesmobles.cat\/es\/producto\/sofa-beige-sofa-moderno-sofa-para-salon-sofa-de-diseno-contemporaneo-sofa-comodo-sofa-elegante-sofa-claro-muebles-de-salon-modernos-sofa-minimalista-sofa-actual\/","article_modified_time":"2026-04-14T08:23:19+00:00","og_image":[{"width":900,"height":600,"url":"https:\/\/gesmobles.cat\/wp-content\/uploads\/2026\/01\/valen.jpg","type":"image\/jpeg"}],"twitter_card":"summary_large_image","twitter_misc":{"Tiempo de lectura":"1 minuto"},"schema":{"@context":"https:\/\/schema.org","@graph":[]}},"_links":{"self":[{"href":"https:\/\/gesmobles.cat\/es\/wp-json\/wp\/v2\/product\/7046","targetHints":{"allow":["GET"]}}],"collection":[{"href":"https:\/\/gesmobles.cat\/es\/wp-json\/wp\/v2\/product"}],"about":[{"href":"https:\/\/gesmobles.cat\/es\/wp-json\/wp\/v2\/types\/product"}],"replies":[{"embeddable":true,"href":"https:\/\/gesmobles.cat\/es\/wp-json\/wp\/v2\/comments?post=7046"}],"wp:featuredmedia":[{"embeddable":true,"href":"https:\/\/gesmobles.cat\/es\/wp-json\/wp\/v2\/media\/7047"}],"wp:attachment":[{"href":"https:\/\/gesmobles.cat\/es\/wp-json\/wp\/v2\/media?parent=7046"}],"wp:term":[{"taxonomy":"product_brand","embeddable":true,"href":"https:\/\/gesmobles.cat\/es\/wp-json\/wp\/v2\/product_brand?post=7046"},{"taxonomy":"product_cat","embeddable":true,"href":"https:\/\/gesmobles.cat\/es\/wp-json\/wp\/v2\/product_cat?post=7046"},{"taxonomy":"product_tag","embeddable":true,"href":"https:\/\/gesmobles.cat\/es\/wp-json\/wp\/v2\/product_tag?post=7046"}],"curies":[{"name":"wp","href":"https:\/\/api.w.org\/{rel}","templated":true}]}}