{"id":7082,"date":"2026-01-16T20:01:20","date_gmt":"2026-01-16T18:01:20","guid":{"rendered":"https:\/\/gesmobles.cat\/?post_type=product&#038;p=7082"},"modified":"2026-01-16T20:01:21","modified_gmt":"2026-01-16T18:01:21","slug":"lampara-colgante-decorativa-lampara-colgante-negra-lampara-estilo-industrial-lampara-moderna-colgante-iluminacion-decorativa-lampara-para-comedor-lampara-metalica","status":"publish","type":"product","link":"https:\/\/gesmobles.cat\/es\/producto\/lampara-colgante-decorativa-lampara-colgante-negra-lampara-estilo-industrial-lampara-moderna-colgante-iluminacion-decorativa-lampara-para-comedor-lampara-metalica\/","title":{"rendered":"L\u00e1mpara Colgante Decorativa Negra Estilo Jaula"},"content":{"rendered":"<h4 class=\"text-lg font-bold mb-2 border-b border-tertiary pb-1\">Luz<\/h4>\n<dl class=\"text-sm w-full flex flex-row flex-wrap mb-3\">\n<dt class=\"py-1 w-1\/3 font-semibold\">Proyecci\u00f3n de la luz:<\/dt>\n<dd class=\"py-1 w-2\/3\">Luz directa<\/dd>\n<dt class=\"py-1 w-1\/3 font-semibold\">Bombillas incluidas:<\/dt>\n<dd class=\"py-1 w-2\/3\">No<\/dd>\n<dt class=\"py-1 w-1\/3 font-semibold\">Portal\u00e1mparas:<\/dt>\n<dd class=\"py-1 w-2\/3\">1xE27<\/dd>\n<\/dl>\n<h4 class=\"text-lg font-bold mb-2 border-b border-tertiary pb-1\">Material y color<\/h4>\n<dl class=\"text-sm w-full flex flex-row flex-wrap mb-3\">\n<dt class=\"py-1 w-1\/3 font-semibold\">Material Pantalla:<\/dt>\n<dd class=\"py-1 w-2\/3\">Madera<\/dd>\n<dt class=\"py-1 w-1\/3 font-semibold\">Material Armaz\u00f3n:<\/dt>\n<dd class=\"py-1 w-2\/3\">Metal\/Cable<\/dd>\n<dt class=\"py-1 w-1\/3 font-semibold\">Color Pantalla:<\/dt>\n<dd class=\"py-1 w-2\/3\">Madera Caf\u00e9<\/dd>\n<dt class=\"py-1 w-1\/3 font-semibold\">Color Armaz\u00f3n:<\/dt>\n<dd class=\"py-1 w-2\/3\">Transparente\/N\u00edquel<\/dd>\n<\/dl>\n<h4 class=\"text-lg font-bold mb-2 border-b border-tertiary pb-1\">General<\/h4>\n<dl class=\"text-sm w-full flex flex-row flex-wrap mb-3\">\n<dt class=\"py-1 w-1\/3 font-semibold\">Uso (Interior\/Exterior):<\/dt>\n<dd class=\"py-1 w-2\/3\">Recomendado para interiores<\/dd>\n<dt class=\"py-1 w-1\/3 font-semibold\">Tipo de instalaci\u00f3n:<\/dt>\n<dd class=\"py-1 w-2\/3\">En superficie<\/dd>\n<dt class=\"py-1 w-1\/3 font-semibold\">Uso (Dom\u00e9stico\/Profesional):<\/dt>\n<dd class=\"py-1 w-2\/3\">Dom\u00e9stico<\/dd>\n<dt class=\"py-1 w-1\/3 font-semibold\">Certificado CE:<\/dt>\n<dd class=\"py-1 w-2\/3\">Si<\/dd>\n<dt class=\"py-1 w-1\/3 font-semibold\">Certificado Reciclaje:<\/dt>\n<dd class=\"py-1 w-2\/3\">Si<\/dd>\n<\/dl>\n<h4 class=\"text-lg font-bold mb-2 border-b border-tertiary pb-1\">Dimensiones<\/h4>\n<dl class=\"text-sm w-full flex flex-row flex-wrap mb-3\">\n<dt class=\"py-1 w-1\/3 font-semibold\">Dimensiones (alto x ancho x fondo):<\/dt>\n<dd class=\"py-1 w-2\/3\">35&lt;181X45X45 cm.<\/dd>\n<dt class=\"py-1 w-1\/3 font-semibold\">Peso Neto:<\/dt>\n<dd class=\"py-1 w-2\/3\">700 gr.<\/dd>\n<dt class=\"py-1 w-1\/3 font-semibold\">Peso Bruto:<\/dt>\n<dd class=\"py-1 w-2\/3\">1875 gr.<\/dd>\n<dt class=\"py-1 w-1\/3 font-semibold\">Medidas embalaje:<\/dt>\n<dd class=\"py-1 w-2\/3\">27,5x47x47 cm.<\/dd>\n<dt class=\"py-1 w-1\/3 font-semibold\">Di\u00e1metro:<\/dt>\n<dd class=\"py-1 w-2\/3\">45<\/dd>\n<dt class=\"py-1 w-1\/3 font-semibold\">Tama\u00f1o:<\/dt>\n<dd class=\"py-1 w-2\/3\">L<\/dd>\n<\/dl>\n<h4 class=\"text-lg font-bold mb-2 border-b border-tertiary pb-1\">Informaci\u00f3n T\u00e9cnica<\/h4>\n<dl class=\"text-sm w-full flex flex-row flex-wrap mb-3\">\n<dt class=\"py-1 w-1\/3 font-semibold\">Voltaje:<\/dt>\n<dd class=\"py-1 w-2\/3\">220-240 V<\/dd>\n<\/dl>\n","protected":false},"excerpt":{"rendered":"<p>Luz Proyecci\u00f3n de la luz: Luz directa Bombillas incluidas: No Portal\u00e1mparas: 1xE27 Material y color Material Pantalla: Madera Material Armaz\u00f3n: Metal\/Cable Color Pantalla: Madera Caf\u00e9 Color Armaz\u00f3n: Transparente\/N\u00edquel General Uso (Interior\/Exterior): Recomendado para interiores Tipo de instalaci\u00f3n: En superficie Uso (Dom\u00e9stico\/Profesional): Dom\u00e9stico Certificado CE: Si Certificado Reciclaje: Si Dimensiones Dimensiones (alto x ancho x fondo): [&hellip;]<\/p>\n","protected":false},"featured_media":7083,"comment_status":"open","ping_status":"closed","template":"","meta":[],"product_brand":[],"product_cat":[63,86],"product_tag":[],"class_list":{"0":"post-7082","1":"product","2":"type-product","3":"status-publish","4":"has-post-thumbnail","6":"product_cat-iluminacion","7":"product_cat-lamparas-techo-y-pared","9":"first","10":"instock","11":"taxable","12":"shipping-taxable","13":"purchasable","14":"product-type-simple"},"acf":[],"yoast_head":"<!-- This site is optimized with the Yoast SEO plugin v27.4 - https:\/\/yoast.com\/product\/yoast-seo-wordpress\/ -->\n<title>L\u00e1mpara Colgante Decorativa Negra Estilo Jaula -<\/title>\n<meta name=\"description\" content=\"L\u00e1mpara colgante decorativa negra con dise\u00f1o tipo jaula y estilo moderno industrial. Perfecta para comedores y espacios con personalidad.\" \/>\n<meta name=\"robots\" content=\"index, follow, max-snippet:-1, max-image-preview:large, max-video-preview:-1\" \/>\n<link rel=\"canonical\" href=\"https:\/\/gesmobles.cat\/es\/producto\/lampara-colgante-decorativa-lampara-colgante-negra-lampara-estilo-industrial-lampara-moderna-colgante-iluminacion-decorativa-lampara-para-comedor-lampara-metalica\/\" \/>\n<meta property=\"og:locale\" content=\"es_ES\" \/>\n<meta property=\"og:type\" content=\"article\" \/>\n<meta property=\"og:title\" content=\"L\u00e1mpara Colgante Decorativa Negra Estilo Jaula -\" \/>\n<meta property=\"og:description\" content=\"L\u00e1mpara colgante decorativa negra con dise\u00f1o tipo jaula y estilo moderno industrial. Perfecta para comedores y espacios con personalidad.\" \/>\n<meta property=\"og:url\" content=\"https:\/\/gesmobles.cat\/es\/producto\/lampara-colgante-decorativa-lampara-colgante-negra-lampara-estilo-industrial-lampara-moderna-colgante-iluminacion-decorativa-lampara-para-comedor-lampara-metalica\/\" \/>\n<meta property=\"article:modified_time\" content=\"2026-01-16T18:01:21+00:00\" \/>\n<meta property=\"og:image\" content=\"https:\/\/gesmobles.cat\/wp-content\/uploads\/2026\/01\/colg.webp\" \/>\n\t<meta property=\"og:image:width\" content=\"1000\" \/>\n\t<meta property=\"og:image:height\" content=\"1000\" \/>\n\t<meta property=\"og:image:type\" content=\"image\/webp\" \/>\n<meta name=\"twitter:card\" content=\"summary_large_image\" \/>\n<meta name=\"twitter:label1\" content=\"Tiempo de lectura\" \/>\n\t<meta name=\"twitter:data1\" content=\"1 minuto\" \/>\n<!-- \/ Yoast SEO plugin. -->","yoast_head_json":{"title":"L\u00e1mpara Colgante Decorativa Negra Estilo Jaula -","description":"L\u00e1mpara colgante decorativa negra con dise\u00f1o tipo jaula y estilo moderno industrial. Perfecta para comedores y espacios con personalidad.","robots":{"index":"index","follow":"follow","max-snippet":"max-snippet:-1","max-image-preview":"max-image-preview:large","max-video-preview":"max-video-preview:-1"},"canonical":"https:\/\/gesmobles.cat\/es\/producto\/lampara-colgante-decorativa-lampara-colgante-negra-lampara-estilo-industrial-lampara-moderna-colgante-iluminacion-decorativa-lampara-para-comedor-lampara-metalica\/","og_locale":"es_ES","og_type":"article","og_title":"L\u00e1mpara Colgante Decorativa Negra Estilo Jaula -","og_description":"L\u00e1mpara colgante decorativa negra con dise\u00f1o tipo jaula y estilo moderno industrial. Perfecta para comedores y espacios con personalidad.","og_url":"https:\/\/gesmobles.cat\/es\/producto\/lampara-colgante-decorativa-lampara-colgante-negra-lampara-estilo-industrial-lampara-moderna-colgante-iluminacion-decorativa-lampara-para-comedor-lampara-metalica\/","article_modified_time":"2026-01-16T18:01:21+00:00","og_image":[{"width":1000,"height":1000,"url":"https:\/\/gesmobles.cat\/wp-content\/uploads\/2026\/01\/colg.webp","type":"image\/webp"}],"twitter_card":"summary_large_image","twitter_misc":{"Tiempo de lectura":"1 minuto"},"schema":{"@context":"https:\/\/schema.org","@graph":[]}},"_links":{"self":[{"href":"https:\/\/gesmobles.cat\/es\/wp-json\/wp\/v2\/product\/7082","targetHints":{"allow":["GET"]}}],"collection":[{"href":"https:\/\/gesmobles.cat\/es\/wp-json\/wp\/v2\/product"}],"about":[{"href":"https:\/\/gesmobles.cat\/es\/wp-json\/wp\/v2\/types\/product"}],"replies":[{"embeddable":true,"href":"https:\/\/gesmobles.cat\/es\/wp-json\/wp\/v2\/comments?post=7082"}],"wp:featuredmedia":[{"embeddable":true,"href":"https:\/\/gesmobles.cat\/es\/wp-json\/wp\/v2\/media\/7083"}],"wp:attachment":[{"href":"https:\/\/gesmobles.cat\/es\/wp-json\/wp\/v2\/media?parent=7082"}],"wp:term":[{"taxonomy":"product_brand","embeddable":true,"href":"https:\/\/gesmobles.cat\/es\/wp-json\/wp\/v2\/product_brand?post=7082"},{"taxonomy":"product_cat","embeddable":true,"href":"https:\/\/gesmobles.cat\/es\/wp-json\/wp\/v2\/product_cat?post=7082"},{"taxonomy":"product_tag","embeddable":true,"href":"https:\/\/gesmobles.cat\/es\/wp-json\/wp\/v2\/product_tag?post=7082"}],"curies":[{"name":"wp","href":"https:\/\/api.w.org\/{rel}","templated":true}]}}