{"id":7128,"date":"2026-01-21T00:11:07","date_gmt":"2026-01-20T22:11:07","guid":{"rendered":"https:\/\/gesmobles.cat\/?post_type=product&#038;p=7128"},"modified":"2026-01-21T00:11:08","modified_gmt":"2026-01-20T22:11:08","slug":"lampara-colgante-led-moderna-lampara-led-colgante-blanca-iluminacion-led-para-comedor-lampara-colgante-de-diseno-lampara-led-suspendida-iluminacion-moderna-interior-lampara-colgante-contemporane","status":"publish","type":"product","link":"https:\/\/gesmobles.cat\/es\/producto\/lampara-colgante-led-moderna-lampara-led-colgante-blanca-iluminacion-led-para-comedor-lampara-colgante-de-diseno-lampara-led-suspendida-iluminacion-moderna-interior-lampara-colgante-contemporane\/","title":{"rendered":"L\u00e1mpara Century"},"content":{"rendered":"<h4 class=\"text-lg font-bold mb-2 border-b border-tertiary pb-1\">Luz<\/h4>\n<dl class=\"text-sm w-full flex flex-row flex-wrap mb-3\">\n<dt class=\"py-1 w-1\/3 font-semibold\">Color de la luz:<\/dt>\n<dd class=\"py-1 w-2\/3\">Blanco C\u00e1lido, Fr\u00edo y Natural<\/dd>\n<dt class=\"py-1 w-1\/3 font-semibold\">L\u00famenes:<\/dt>\n<dd class=\"py-1 w-2\/3\">12590 Lm.<\/dd>\n<dt class=\"py-1 w-1\/3 font-semibold\">Potencia:<\/dt>\n<dd class=\"py-1 w-2\/3\">151 W<\/dd>\n<dt class=\"py-1 w-1\/3 font-semibold\">Proyecci\u00f3n de la luz:<\/dt>\n<dd class=\"py-1 w-2\/3\">Luz directa<\/dd>\n<dt class=\"py-1 w-1\/3 font-semibold\">Temperatura luz:<\/dt>\n<dd class=\"py-1 w-2\/3\">3000-4000-6000 \u00baK<\/dd>\n<dt class=\"py-1 w-1\/3 font-semibold\">Tipo de iluminaci\u00f3n:<\/dt>\n<dd class=\"py-1 w-2\/3\">Tecnolog\u00eda LED integrada<\/dd>\n<dt class=\"py-1 w-1\/3 font-semibold\">Color de luz regulable:<\/dt>\n<dd class=\"py-1 w-2\/3\">Color de luz seleccionable en 3 posiciones<\/dd>\n<dt class=\"py-1 w-1\/3 font-semibold\">Dimmable:<\/dt>\n<dd class=\"py-1 w-2\/3\">Dimmable<\/dd>\n<\/dl>\n<h4 class=\"text-lg font-bold mb-2 border-b border-tertiary pb-1\">Luz Secundaria<\/h4>\n<dl class=\"text-sm w-full flex flex-row flex-wrap mb-3\">\n<dt class=\"py-1 w-1\/3 font-semibold\">Potencia luz secundaria:<\/dt>\n<dd class=\"py-1 w-2\/3\">8,6 W<\/dd>\n<dt class=\"py-1 w-1\/3 font-semibold\">Proyecci\u00f3n de la luz secundaria:<\/dt>\n<dd class=\"py-1 w-2\/3\">Luz indirecta<\/dd>\n<dt class=\"py-1 w-1\/3 font-semibold\">Tipo de iluminaci\u00f3n secundaria:<\/dt>\n<dd class=\"py-1 w-2\/3\">Tecnolog\u00eda LED integrada<\/dd>\n<\/dl>\n<h4 class=\"text-lg font-bold mb-2 border-b border-tertiary pb-1\">General<\/h4>\n<dl class=\"text-sm w-full flex flex-row flex-wrap mb-3\">\n<dt class=\"py-1 w-1\/3 font-semibold\">Color:<\/dt>\n<dd class=\"py-1 w-2\/3\">Blanco<\/dd>\n<dt class=\"py-1 w-1\/3 font-semibold\">Material:<\/dt>\n<dd class=\"py-1 w-2\/3\">Metal \/ Acr\u00edlico<\/dd>\n<dt class=\"py-1 w-1\/3 font-semibold\">Uso (Interior\/Exterior):<\/dt>\n<dd class=\"py-1 w-2\/3\">Recomendado para interiores<\/dd>\n<dt class=\"py-1 w-1\/3 font-semibold\">Tipo de instalaci\u00f3n:<\/dt>\n<dd class=\"py-1 w-2\/3\">En superficie<\/dd>\n<dt class=\"py-1 w-1\/3 font-semibold\">Mando a distancia incluido:<\/dt>\n<dd class=\"py-1 w-2\/3\">Mando a distancia incluido<\/dd>\n<dt class=\"py-1 w-1\/3 font-semibold\">Ahorro de energ\u00eda:<\/dt>\n<dd class=\"py-1 w-2\/3\">Ahorro de energ\u00eda<\/dd>\n<dt class=\"py-1 w-1\/3 font-semibold\">Uso (Dom\u00e9stico\/Profesional):<\/dt>\n<dd class=\"py-1 w-2\/3\">Dom\u00e9stico<\/dd>\n<dt class=\"py-1 w-1\/3 font-semibold\">Certificado CE:<\/dt>\n<dd class=\"py-1 w-2\/3\">Si<\/dd>\n<dt class=\"py-1 w-1\/3 font-semibold\">Certificado Reciclaje:<\/dt>\n<dd class=\"py-1 w-2\/3\">Si<\/dd>\n<\/dl>\n<h4 class=\"text-lg font-bold mb-2 border-b border-tertiary pb-1\">Dimensiones<\/h4>\n<dl class=\"text-sm w-full flex flex-row flex-wrap mb-3\">\n<dt class=\"py-1 w-1\/3 font-semibold\">Dimensiones (alto x ancho x fondo):<\/dt>\n<dd class=\"py-1 w-2\/3\">55&lt;129,5X120X26 cm.<\/dd>\n<dt class=\"py-1 w-1\/3 font-semibold\">Peso Neto:<\/dt>\n<dd class=\"py-1 w-2\/3\">2305 gr.<\/dd>\n<dt class=\"py-1 w-1\/3 font-semibold\">Peso Bruto:<\/dt>\n<dd class=\"py-1 w-2\/3\">3430 gr.<\/dd>\n<dt class=\"py-1 w-1\/3 font-semibold\">Medidas embalaje:<\/dt>\n<dd class=\"py-1 w-2\/3\">121X27X28 cm.<\/dd>\n<\/dl>\n<h4 class=\"text-lg font-bold mb-2 border-b border-tertiary pb-1\">Informaci\u00f3n T\u00e9cnica<\/h4>\n<dl class=\"text-sm w-full flex flex-row flex-wrap mb-3\">\n<dt class=\"py-1 w-1\/3 font-semibold\">Voltaje:<\/dt>\n<dd class=\"py-1 w-2\/3\">220-240 V<\/dd>\n<dt class=\"py-1 w-1\/3 font-semibold\">Intensidad regulable:<\/dt>\n<dd class=\"py-1 w-2\/3\">Intensidad regulable<\/dd>\n<\/dl>\n","protected":false},"excerpt":{"rendered":"<p>Luz Color de la luz: Blanco C\u00e1lido, Fr\u00edo y Natural L\u00famenes: 12590 Lm. Potencia: 151 W Proyecci\u00f3n de la luz: Luz directa Temperatura luz: 3000-4000-6000 \u00baK Tipo de iluminaci\u00f3n: Tecnolog\u00eda LED integrada Color de luz regulable: Color de luz seleccionable en 3 posiciones Dimmable: Dimmable Luz Secundaria Potencia luz secundaria: 8,6 W Proyecci\u00f3n de la [&hellip;]<\/p>\n","protected":false},"featured_media":7129,"comment_status":"open","ping_status":"closed","template":"","meta":[],"product_brand":[],"product_cat":[63,86],"product_tag":[],"class_list":{"0":"post-7128","1":"product","2":"type-product","3":"status-publish","4":"has-post-thumbnail","6":"product_cat-iluminacion","7":"product_cat-lamparas-techo-y-pared","9":"first","10":"instock","11":"taxable","12":"shipping-taxable","13":"purchasable","14":"product-type-simple"},"acf":[],"yoast_head":"<!-- This site is optimized with the Yoast SEO plugin v27.4 - https:\/\/yoast.com\/product\/yoast-seo-wordpress\/ -->\n<title>L\u00e1mpara Century -<\/title>\n<meta name=\"description\" content=\"L\u00e1mpara colgante LED moderna en color blanco con dise\u00f1o curvo y elegante. Ideal para iluminar mesas de comedor y espacios contempor\u00e1neos con estilo y luz eficiente.\" \/>\n<meta name=\"robots\" content=\"index, follow, max-snippet:-1, max-image-preview:large, max-video-preview:-1\" \/>\n<link rel=\"canonical\" href=\"https:\/\/gesmobles.cat\/es\/producto\/lampara-colgante-led-moderna-lampara-led-colgante-blanca-iluminacion-led-para-comedor-lampara-colgante-de-diseno-lampara-led-suspendida-iluminacion-moderna-interior-lampara-colgante-contemporane\/\" \/>\n<meta property=\"og:locale\" content=\"es_ES\" \/>\n<meta property=\"og:type\" content=\"article\" \/>\n<meta property=\"og:title\" content=\"L\u00e1mpara Century -\" \/>\n<meta property=\"og:description\" content=\"L\u00e1mpara colgante LED moderna en color blanco con dise\u00f1o curvo y elegante. Ideal para iluminar mesas de comedor y espacios contempor\u00e1neos con estilo y luz eficiente.\" \/>\n<meta property=\"og:url\" content=\"https:\/\/gesmobles.cat\/es\/producto\/lampara-colgante-led-moderna-lampara-led-colgante-blanca-iluminacion-led-para-comedor-lampara-colgante-de-diseno-lampara-led-suspendida-iluminacion-moderna-interior-lampara-colgante-contemporane\/\" \/>\n<meta property=\"article:modified_time\" content=\"2026-01-20T22:11:08+00:00\" \/>\n<meta property=\"og:image\" content=\"https:\/\/gesmobles.cat\/wp-content\/uploads\/2026\/01\/centu.webp\" \/>\n\t<meta property=\"og:image:width\" content=\"1000\" \/>\n\t<meta property=\"og:image:height\" content=\"1000\" \/>\n\t<meta property=\"og:image:type\" content=\"image\/webp\" \/>\n<meta name=\"twitter:card\" content=\"summary_large_image\" \/>\n<meta name=\"twitter:label1\" content=\"Tiempo de lectura\" \/>\n\t<meta name=\"twitter:data1\" content=\"1 minuto\" \/>\n<!-- \/ Yoast SEO plugin. -->","yoast_head_json":{"title":"L\u00e1mpara Century -","description":"L\u00e1mpara colgante LED moderna en color blanco con dise\u00f1o curvo y elegante. Ideal para iluminar mesas de comedor y espacios contempor\u00e1neos con estilo y luz eficiente.","robots":{"index":"index","follow":"follow","max-snippet":"max-snippet:-1","max-image-preview":"max-image-preview:large","max-video-preview":"max-video-preview:-1"},"canonical":"https:\/\/gesmobles.cat\/es\/producto\/lampara-colgante-led-moderna-lampara-led-colgante-blanca-iluminacion-led-para-comedor-lampara-colgante-de-diseno-lampara-led-suspendida-iluminacion-moderna-interior-lampara-colgante-contemporane\/","og_locale":"es_ES","og_type":"article","og_title":"L\u00e1mpara Century -","og_description":"L\u00e1mpara colgante LED moderna en color blanco con dise\u00f1o curvo y elegante. Ideal para iluminar mesas de comedor y espacios contempor\u00e1neos con estilo y luz eficiente.","og_url":"https:\/\/gesmobles.cat\/es\/producto\/lampara-colgante-led-moderna-lampara-led-colgante-blanca-iluminacion-led-para-comedor-lampara-colgante-de-diseno-lampara-led-suspendida-iluminacion-moderna-interior-lampara-colgante-contemporane\/","article_modified_time":"2026-01-20T22:11:08+00:00","og_image":[{"width":1000,"height":1000,"url":"https:\/\/gesmobles.cat\/wp-content\/uploads\/2026\/01\/centu.webp","type":"image\/webp"}],"twitter_card":"summary_large_image","twitter_misc":{"Tiempo de lectura":"1 minuto"},"schema":{"@context":"https:\/\/schema.org","@graph":[]}},"_links":{"self":[{"href":"https:\/\/gesmobles.cat\/es\/wp-json\/wp\/v2\/product\/7128","targetHints":{"allow":["GET"]}}],"collection":[{"href":"https:\/\/gesmobles.cat\/es\/wp-json\/wp\/v2\/product"}],"about":[{"href":"https:\/\/gesmobles.cat\/es\/wp-json\/wp\/v2\/types\/product"}],"replies":[{"embeddable":true,"href":"https:\/\/gesmobles.cat\/es\/wp-json\/wp\/v2\/comments?post=7128"}],"wp:featuredmedia":[{"embeddable":true,"href":"https:\/\/gesmobles.cat\/es\/wp-json\/wp\/v2\/media\/7129"}],"wp:attachment":[{"href":"https:\/\/gesmobles.cat\/es\/wp-json\/wp\/v2\/media?parent=7128"}],"wp:term":[{"taxonomy":"product_brand","embeddable":true,"href":"https:\/\/gesmobles.cat\/es\/wp-json\/wp\/v2\/product_brand?post=7128"},{"taxonomy":"product_cat","embeddable":true,"href":"https:\/\/gesmobles.cat\/es\/wp-json\/wp\/v2\/product_cat?post=7128"},{"taxonomy":"product_tag","embeddable":true,"href":"https:\/\/gesmobles.cat\/es\/wp-json\/wp\/v2\/product_tag?post=7128"}],"curies":[{"name":"wp","href":"https:\/\/api.w.org\/{rel}","templated":true}]}}