{"id":7139,"date":"2026-01-21T11:25:51","date_gmt":"2026-01-21T09:25:51","guid":{"rendered":"https:\/\/gesmobles.cat\/?post_type=product&#038;p=7139"},"modified":"2026-02-23T18:45:26","modified_gmt":"2026-02-23T16:45:26","slug":"cojin-corazon-rosa-cojin-de-peluche-rosa-cojin-decorativo-corazon-cojin-romantico-cojin-suave-cojin-rosa-decoracion-hogar-cojin-regalo-cojin-cama-cojin-sofa","status":"publish","type":"product","link":"https:\/\/gesmobles.cat\/es\/producto\/cojin-corazon-rosa-cojin-de-peluche-rosa-cojin-decorativo-corazon-cojin-romantico-cojin-suave-cojin-rosa-decoracion-hogar-cojin-regalo-cojin-cama-cojin-sofa\/","title":{"rendered":"Coj\u00edn Coraz\u00f3n de Peluche Suave Rosa"},"content":{"rendered":"<p>Coj\u00edn decorativo con forma de coraz\u00f3n, confeccionado en tejido tipo peluche ultra suave de color rosa, ideal para aportar calidez y un toque dulce y rom\u00e1ntico a cualquier espacio. Su textura agradable y su dise\u00f1o acogedor lo convierten en el complemento perfecto para sof\u00e1s, camas o rincones especiales. Ideal como elemento decorativo o como regalo para ocasiones especiales.<\/p>\n","protected":false},"excerpt":{"rendered":"<p>Coj\u00edn decorativo con forma de coraz\u00f3n, confeccionado en tejido tipo peluche ultra suave de color rosa, ideal para aportar calidez y un toque dulce y rom\u00e1ntico a cualquier espacio. Su textura agradable y su dise\u00f1o acogedor lo convierten en el complemento perfecto para sof\u00e1s, camas o rincones especiales. Ideal como elemento decorativo o como regalo [&hellip;]<\/p>\n","protected":false},"featured_media":7140,"comment_status":"open","ping_status":"closed","template":"","meta":[],"product_brand":[],"product_cat":[64,562],"product_tag":[],"class_list":{"0":"post-7139","1":"product","2":"type-product","3":"status-publish","4":"has-post-thumbnail","6":"product_cat-decoracion","7":"product_cat-cojines-decoracion-decoracion","9":"first","10":"instock","11":"taxable","12":"shipping-taxable","13":"purchasable","14":"product-type-simple"},"acf":[],"yoast_head":"<!-- This site is optimized with the Yoast SEO plugin v27.4 - https:\/\/yoast.com\/product\/yoast-seo-wordpress\/ -->\n<title>Coj\u00edn Coraz\u00f3n de Peluche Suave Rosa -<\/title>\n<meta name=\"description\" content=\"Coj\u00edn coraz\u00f3n de peluche rosa, suave y acogedor, ideal para decorar sof\u00e1s y camas o regalar en ocasiones especiales. Aporta calidez y estilo a tu hogar.\" \/>\n<meta name=\"robots\" content=\"index, follow, max-snippet:-1, max-image-preview:large, max-video-preview:-1\" \/>\n<link rel=\"canonical\" href=\"https:\/\/gesmobles.cat\/es\/producto\/cojin-corazon-rosa-cojin-de-peluche-rosa-cojin-decorativo-corazon-cojin-romantico-cojin-suave-cojin-rosa-decoracion-hogar-cojin-regalo-cojin-cama-cojin-sofa\/\" \/>\n<meta property=\"og:locale\" content=\"es_ES\" \/>\n<meta property=\"og:type\" content=\"article\" \/>\n<meta property=\"og:title\" content=\"Coj\u00edn Coraz\u00f3n de Peluche Suave Rosa -\" \/>\n<meta property=\"og:description\" content=\"Coj\u00edn coraz\u00f3n de peluche rosa, suave y acogedor, ideal para decorar sof\u00e1s y camas o regalar en ocasiones especiales. Aporta calidez y estilo a tu hogar.\" \/>\n<meta property=\"og:url\" content=\"https:\/\/gesmobles.cat\/es\/producto\/cojin-corazon-rosa-cojin-de-peluche-rosa-cojin-decorativo-corazon-cojin-romantico-cojin-suave-cojin-rosa-decoracion-hogar-cojin-regalo-cojin-cama-cojin-sofa\/\" \/>\n<meta property=\"article:modified_time\" content=\"2026-02-23T16:45:26+00:00\" \/>\n<meta property=\"og:image\" content=\"https:\/\/gesmobles.cat\/wp-content\/uploads\/2026\/01\/corazon.jpg\" \/>\n\t<meta property=\"og:image:width\" content=\"700\" \/>\n\t<meta property=\"og:image:height\" content=\"466\" \/>\n\t<meta property=\"og:image:type\" content=\"image\/jpeg\" \/>\n<meta name=\"twitter:card\" content=\"summary_large_image\" \/>\n<meta name=\"twitter:label1\" content=\"Tiempo de lectura\" \/>\n\t<meta name=\"twitter:data1\" content=\"1 minuto\" \/>\n<!-- \/ Yoast SEO plugin. -->","yoast_head_json":{"title":"Coj\u00edn Coraz\u00f3n de Peluche Suave Rosa -","description":"Coj\u00edn coraz\u00f3n de peluche rosa, suave y acogedor, ideal para decorar sof\u00e1s y camas o regalar en ocasiones especiales. Aporta calidez y estilo a tu hogar.","robots":{"index":"index","follow":"follow","max-snippet":"max-snippet:-1","max-image-preview":"max-image-preview:large","max-video-preview":"max-video-preview:-1"},"canonical":"https:\/\/gesmobles.cat\/es\/producto\/cojin-corazon-rosa-cojin-de-peluche-rosa-cojin-decorativo-corazon-cojin-romantico-cojin-suave-cojin-rosa-decoracion-hogar-cojin-regalo-cojin-cama-cojin-sofa\/","og_locale":"es_ES","og_type":"article","og_title":"Coj\u00edn Coraz\u00f3n de Peluche Suave Rosa -","og_description":"Coj\u00edn coraz\u00f3n de peluche rosa, suave y acogedor, ideal para decorar sof\u00e1s y camas o regalar en ocasiones especiales. Aporta calidez y estilo a tu hogar.","og_url":"https:\/\/gesmobles.cat\/es\/producto\/cojin-corazon-rosa-cojin-de-peluche-rosa-cojin-decorativo-corazon-cojin-romantico-cojin-suave-cojin-rosa-decoracion-hogar-cojin-regalo-cojin-cama-cojin-sofa\/","article_modified_time":"2026-02-23T16:45:26+00:00","og_image":[{"width":700,"height":466,"url":"https:\/\/gesmobles.cat\/wp-content\/uploads\/2026\/01\/corazon.jpg","type":"image\/jpeg"}],"twitter_card":"summary_large_image","twitter_misc":{"Tiempo de lectura":"1 minuto"},"schema":{"@context":"https:\/\/schema.org","@graph":[]}},"_links":{"self":[{"href":"https:\/\/gesmobles.cat\/es\/wp-json\/wp\/v2\/product\/7139","targetHints":{"allow":["GET"]}}],"collection":[{"href":"https:\/\/gesmobles.cat\/es\/wp-json\/wp\/v2\/product"}],"about":[{"href":"https:\/\/gesmobles.cat\/es\/wp-json\/wp\/v2\/types\/product"}],"replies":[{"embeddable":true,"href":"https:\/\/gesmobles.cat\/es\/wp-json\/wp\/v2\/comments?post=7139"}],"wp:featuredmedia":[{"embeddable":true,"href":"https:\/\/gesmobles.cat\/es\/wp-json\/wp\/v2\/media\/7140"}],"wp:attachment":[{"href":"https:\/\/gesmobles.cat\/es\/wp-json\/wp\/v2\/media?parent=7139"}],"wp:term":[{"taxonomy":"product_brand","embeddable":true,"href":"https:\/\/gesmobles.cat\/es\/wp-json\/wp\/v2\/product_brand?post=7139"},{"taxonomy":"product_cat","embeddable":true,"href":"https:\/\/gesmobles.cat\/es\/wp-json\/wp\/v2\/product_cat?post=7139"},{"taxonomy":"product_tag","embeddable":true,"href":"https:\/\/gesmobles.cat\/es\/wp-json\/wp\/v2\/product_tag?post=7139"}],"curies":[{"name":"wp","href":"https:\/\/api.w.org\/{rel}","templated":true}]}}