{"id":7148,"date":"2026-01-21T11:34:56","date_gmt":"2026-01-21T09:34:56","guid":{"rendered":"https:\/\/gesmobles.cat\/?post_type=product&#038;p=7148"},"modified":"2026-01-23T10:35:21","modified_gmt":"2026-01-23T08:35:21","slug":"vela-cactus-vela-decorativa-cactus-vela-cactus-cristal-vela-decorativa-vela-original-vela-diseno-cactus-decoracion-hogar-vela-regalo-vela-verde-vela-moderna","status":"publish","type":"product","link":"https:\/\/gesmobles.cat\/es\/producto\/vela-cactus-vela-decorativa-cactus-vela-cactus-cristal-vela-decorativa-vela-original-vela-diseno-cactus-decoracion-hogar-vela-regalo-vela-verde-vela-moderna\/","title":{"rendered":"Vela Decorativa Cactus en Vaso de Cristal"},"content":{"rendered":"<p>Vela decorativa con original dise\u00f1o de cactus, presentada en un elegante vaso de cristal. Disponible en diferentes tonos verdes, es ideal para aportar un toque natural, moderno y acogedor a cualquier espacio. Perfecta para decorar salones, dormitorios o estanter\u00edas, y tambi\u00e9n como detalle especial para regalar. Su dise\u00f1o combina estilo y calidez en una sola pieza.<\/p>\n","protected":false},"excerpt":{"rendered":"<p>Vela decorativa con original dise\u00f1o de cactus, presentada en un elegante vaso de cristal. Disponible en diferentes tonos verdes, es ideal para aportar un toque natural, moderno y acogedor a cualquier espacio. Perfecta para decorar salones, dormitorios o estanter\u00edas, y tambi\u00e9n como detalle especial para regalar. Su dise\u00f1o combina estilo y calidez en una sola [&hellip;]<\/p>\n","protected":false},"featured_media":7149,"comment_status":"open","ping_status":"closed","template":"","meta":[],"product_brand":[],"product_cat":[64,94],"product_tag":[],"class_list":{"0":"post-7148","1":"product","2":"type-product","3":"status-publish","4":"has-post-thumbnail","6":"product_cat-decoracion","7":"product_cat-velas-y-aromas","9":"first","10":"instock","11":"taxable","12":"shipping-taxable","13":"purchasable","14":"product-type-simple"},"acf":[],"yoast_head":"<!-- This site is optimized with the Yoast SEO plugin v27.4 - https:\/\/yoast.com\/product\/yoast-seo-wordpress\/ -->\n<title>Vela Decorativa Cactus en Vaso de Cristal -<\/title>\n<meta name=\"description\" content=\"Vela decorativa con forma de cactus en vaso de cristal, ideal para dar un toque natural y moderno a cualquier espacio o como regalo original.\" \/>\n<meta name=\"robots\" content=\"index, follow, max-snippet:-1, max-image-preview:large, max-video-preview:-1\" \/>\n<link rel=\"canonical\" href=\"https:\/\/gesmobles.cat\/es\/producto\/vela-cactus-vela-decorativa-cactus-vela-cactus-cristal-vela-decorativa-vela-original-vela-diseno-cactus-decoracion-hogar-vela-regalo-vela-verde-vela-moderna\/\" \/>\n<meta property=\"og:locale\" content=\"es_ES\" \/>\n<meta property=\"og:type\" content=\"article\" \/>\n<meta property=\"og:title\" content=\"Vela Decorativa Cactus en Vaso de Cristal -\" \/>\n<meta property=\"og:description\" content=\"Vela decorativa con forma de cactus en vaso de cristal, ideal para dar un toque natural y moderno a cualquier espacio o como regalo original.\" \/>\n<meta property=\"og:url\" content=\"https:\/\/gesmobles.cat\/es\/producto\/vela-cactus-vela-decorativa-cactus-vela-cactus-cristal-vela-decorativa-vela-original-vela-diseno-cactus-decoracion-hogar-vela-regalo-vela-verde-vela-moderna\/\" \/>\n<meta property=\"article:modified_time\" content=\"2026-01-23T08:35:21+00:00\" \/>\n<meta property=\"og:image\" content=\"https:\/\/gesmobles.cat\/wp-content\/uploads\/2026\/01\/cactus.jpg\" \/>\n\t<meta property=\"og:image:width\" content=\"700\" \/>\n\t<meta property=\"og:image:height\" content=\"466\" \/>\n\t<meta property=\"og:image:type\" content=\"image\/jpeg\" \/>\n<meta name=\"twitter:card\" content=\"summary_large_image\" \/>\n<meta name=\"twitter:label1\" content=\"Tiempo de lectura\" \/>\n\t<meta name=\"twitter:data1\" content=\"1 minuto\" \/>\n<!-- \/ Yoast SEO plugin. -->","yoast_head_json":{"title":"Vela Decorativa Cactus en Vaso de Cristal -","description":"Vela decorativa con forma de cactus en vaso de cristal, ideal para dar un toque natural y moderno a cualquier espacio o como regalo original.","robots":{"index":"index","follow":"follow","max-snippet":"max-snippet:-1","max-image-preview":"max-image-preview:large","max-video-preview":"max-video-preview:-1"},"canonical":"https:\/\/gesmobles.cat\/es\/producto\/vela-cactus-vela-decorativa-cactus-vela-cactus-cristal-vela-decorativa-vela-original-vela-diseno-cactus-decoracion-hogar-vela-regalo-vela-verde-vela-moderna\/","og_locale":"es_ES","og_type":"article","og_title":"Vela Decorativa Cactus en Vaso de Cristal -","og_description":"Vela decorativa con forma de cactus en vaso de cristal, ideal para dar un toque natural y moderno a cualquier espacio o como regalo original.","og_url":"https:\/\/gesmobles.cat\/es\/producto\/vela-cactus-vela-decorativa-cactus-vela-cactus-cristal-vela-decorativa-vela-original-vela-diseno-cactus-decoracion-hogar-vela-regalo-vela-verde-vela-moderna\/","article_modified_time":"2026-01-23T08:35:21+00:00","og_image":[{"width":700,"height":466,"url":"https:\/\/gesmobles.cat\/wp-content\/uploads\/2026\/01\/cactus.jpg","type":"image\/jpeg"}],"twitter_card":"summary_large_image","twitter_misc":{"Tiempo de lectura":"1 minuto"},"schema":{"@context":"https:\/\/schema.org","@graph":[]}},"_links":{"self":[{"href":"https:\/\/gesmobles.cat\/es\/wp-json\/wp\/v2\/product\/7148","targetHints":{"allow":["GET"]}}],"collection":[{"href":"https:\/\/gesmobles.cat\/es\/wp-json\/wp\/v2\/product"}],"about":[{"href":"https:\/\/gesmobles.cat\/es\/wp-json\/wp\/v2\/types\/product"}],"replies":[{"embeddable":true,"href":"https:\/\/gesmobles.cat\/es\/wp-json\/wp\/v2\/comments?post=7148"}],"wp:featuredmedia":[{"embeddable":true,"href":"https:\/\/gesmobles.cat\/es\/wp-json\/wp\/v2\/media\/7149"}],"wp:attachment":[{"href":"https:\/\/gesmobles.cat\/es\/wp-json\/wp\/v2\/media?parent=7148"}],"wp:term":[{"taxonomy":"product_brand","embeddable":true,"href":"https:\/\/gesmobles.cat\/es\/wp-json\/wp\/v2\/product_brand?post=7148"},{"taxonomy":"product_cat","embeddable":true,"href":"https:\/\/gesmobles.cat\/es\/wp-json\/wp\/v2\/product_cat?post=7148"},{"taxonomy":"product_tag","embeddable":true,"href":"https:\/\/gesmobles.cat\/es\/wp-json\/wp\/v2\/product_tag?post=7148"}],"curies":[{"name":"wp","href":"https:\/\/api.w.org\/{rel}","templated":true}]}}