{"id":7167,"date":"2026-01-21T11:55:34","date_gmt":"2026-01-21T09:55:34","guid":{"rendered":"https:\/\/gesmobles.cat\/?post_type=product&#038;p=7167"},"modified":"2026-01-21T11:55:35","modified_gmt":"2026-01-21T09:55:35","slug":"cojin-decorativo-cojin-rectangular-cojin-texturizado-cojin-abstracto-cojin-moderno-cojin-azul-y-beige-cojin-borreguito-cojin-sofa-cojin-cama-decoracion-hogar","status":"publish","type":"product","link":"https:\/\/gesmobles.cat\/es\/producto\/cojin-decorativo-cojin-rectangular-cojin-texturizado-cojin-abstracto-cojin-moderno-cojin-azul-y-beige-cojin-borreguito-cojin-sofa-cojin-cama-decoracion-hogar\/","title":{"rendered":"Coj\u00edn Decorativo Texturizado Abstracto Azul y Beige Rectangular"},"content":{"rendered":"<p>Coj\u00edn decorativo rectangular con dise\u00f1o abstracto y textura en relieve tipo borreguito, en una elegante combinaci\u00f3n de tonos azul y beige sobre fondo claro. Su formato alargado lo hace ideal para sof\u00e1s, camas o sillones, aportando un toque moderno y acogedor. Una pieza perfecta para dar personalidad y estilo a cualquier espacio del hogar.<\/p>\n","protected":false},"excerpt":{"rendered":"<p>Coj\u00edn decorativo rectangular con dise\u00f1o abstracto y textura en relieve tipo borreguito, en una elegante combinaci\u00f3n de tonos azul y beige sobre fondo claro. Su formato alargado lo hace ideal para sof\u00e1s, camas o sillones, aportando un toque moderno y acogedor. Una pieza perfecta para dar personalidad y estilo a cualquier espacio del hogar.<\/p>\n","protected":false},"featured_media":7168,"comment_status":"open","ping_status":"closed","template":"","meta":[],"product_brand":[],"product_cat":[64,562],"product_tag":[],"class_list":{"0":"post-7167","1":"product","2":"type-product","3":"status-publish","4":"has-post-thumbnail","6":"product_cat-decoracion","7":"product_cat-cojines-decoracion-decoracion","9":"first","10":"instock","11":"taxable","12":"shipping-taxable","13":"purchasable","14":"product-type-simple"},"acf":[],"yoast_head":"<!-- This site is optimized with the Yoast SEO plugin v27.4 - https:\/\/yoast.com\/product\/yoast-seo-wordpress\/ -->\n<title>Coj\u00edn Decorativo Texturizado Abstracto Azul y Beige Rectangular -<\/title>\n<meta name=\"description\" content=\"Coj\u00edn decorativo rectangular con textura en relieve y dise\u00f1o abstracto en tonos azul y beige, ideal para aportar estilo y calidez a tu hogar.\" \/>\n<meta name=\"robots\" content=\"index, follow, max-snippet:-1, max-image-preview:large, max-video-preview:-1\" \/>\n<link rel=\"canonical\" href=\"https:\/\/gesmobles.cat\/es\/producto\/cojin-decorativo-cojin-rectangular-cojin-texturizado-cojin-abstracto-cojin-moderno-cojin-azul-y-beige-cojin-borreguito-cojin-sofa-cojin-cama-decoracion-hogar\/\" \/>\n<meta property=\"og:locale\" content=\"es_ES\" \/>\n<meta property=\"og:type\" content=\"article\" \/>\n<meta property=\"og:title\" content=\"Coj\u00edn Decorativo Texturizado Abstracto Azul y Beige Rectangular -\" \/>\n<meta property=\"og:description\" content=\"Coj\u00edn decorativo rectangular con textura en relieve y dise\u00f1o abstracto en tonos azul y beige, ideal para aportar estilo y calidez a tu hogar.\" \/>\n<meta property=\"og:url\" content=\"https:\/\/gesmobles.cat\/es\/producto\/cojin-decorativo-cojin-rectangular-cojin-texturizado-cojin-abstracto-cojin-moderno-cojin-azul-y-beige-cojin-borreguito-cojin-sofa-cojin-cama-decoracion-hogar\/\" \/>\n<meta property=\"article:modified_time\" content=\"2026-01-21T09:55:35+00:00\" \/>\n<meta property=\"og:image\" content=\"https:\/\/gesmobles.cat\/wp-content\/uploads\/2026\/01\/asule.jpg\" \/>\n\t<meta property=\"og:image:width\" content=\"700\" \/>\n\t<meta property=\"og:image:height\" content=\"466\" \/>\n\t<meta property=\"og:image:type\" content=\"image\/jpeg\" \/>\n<meta name=\"twitter:card\" content=\"summary_large_image\" \/>\n<meta name=\"twitter:label1\" content=\"Tiempo de lectura\" \/>\n\t<meta name=\"twitter:data1\" content=\"1 minuto\" \/>\n<!-- \/ Yoast SEO plugin. -->","yoast_head_json":{"title":"Coj\u00edn Decorativo Texturizado Abstracto Azul y Beige Rectangular -","description":"Coj\u00edn decorativo rectangular con textura en relieve y dise\u00f1o abstracto en tonos azul y beige, ideal para aportar estilo y calidez a tu hogar.","robots":{"index":"index","follow":"follow","max-snippet":"max-snippet:-1","max-image-preview":"max-image-preview:large","max-video-preview":"max-video-preview:-1"},"canonical":"https:\/\/gesmobles.cat\/es\/producto\/cojin-decorativo-cojin-rectangular-cojin-texturizado-cojin-abstracto-cojin-moderno-cojin-azul-y-beige-cojin-borreguito-cojin-sofa-cojin-cama-decoracion-hogar\/","og_locale":"es_ES","og_type":"article","og_title":"Coj\u00edn Decorativo Texturizado Abstracto Azul y Beige Rectangular -","og_description":"Coj\u00edn decorativo rectangular con textura en relieve y dise\u00f1o abstracto en tonos azul y beige, ideal para aportar estilo y calidez a tu hogar.","og_url":"https:\/\/gesmobles.cat\/es\/producto\/cojin-decorativo-cojin-rectangular-cojin-texturizado-cojin-abstracto-cojin-moderno-cojin-azul-y-beige-cojin-borreguito-cojin-sofa-cojin-cama-decoracion-hogar\/","article_modified_time":"2026-01-21T09:55:35+00:00","og_image":[{"width":700,"height":466,"url":"https:\/\/gesmobles.cat\/wp-content\/uploads\/2026\/01\/asule.jpg","type":"image\/jpeg"}],"twitter_card":"summary_large_image","twitter_misc":{"Tiempo de lectura":"1 minuto"},"schema":{"@context":"https:\/\/schema.org","@graph":[]}},"_links":{"self":[{"href":"https:\/\/gesmobles.cat\/es\/wp-json\/wp\/v2\/product\/7167","targetHints":{"allow":["GET"]}}],"collection":[{"href":"https:\/\/gesmobles.cat\/es\/wp-json\/wp\/v2\/product"}],"about":[{"href":"https:\/\/gesmobles.cat\/es\/wp-json\/wp\/v2\/types\/product"}],"replies":[{"embeddable":true,"href":"https:\/\/gesmobles.cat\/es\/wp-json\/wp\/v2\/comments?post=7167"}],"wp:featuredmedia":[{"embeddable":true,"href":"https:\/\/gesmobles.cat\/es\/wp-json\/wp\/v2\/media\/7168"}],"wp:attachment":[{"href":"https:\/\/gesmobles.cat\/es\/wp-json\/wp\/v2\/media?parent=7167"}],"wp:term":[{"taxonomy":"product_brand","embeddable":true,"href":"https:\/\/gesmobles.cat\/es\/wp-json\/wp\/v2\/product_brand?post=7167"},{"taxonomy":"product_cat","embeddable":true,"href":"https:\/\/gesmobles.cat\/es\/wp-json\/wp\/v2\/product_cat?post=7167"},{"taxonomy":"product_tag","embeddable":true,"href":"https:\/\/gesmobles.cat\/es\/wp-json\/wp\/v2\/product_tag?post=7167"}],"curies":[{"name":"wp","href":"https:\/\/api.w.org\/{rel}","templated":true}]}}