{"id":7199,"date":"2026-01-23T11:17:00","date_gmt":"2026-01-23T09:17:00","guid":{"rendered":"https:\/\/gesmobles.cat\/?post_type=product&#038;p=7199"},"modified":"2026-01-26T18:22:54","modified_gmt":"2026-01-26T16:22:54","slug":"sabana-bajera-transpirable-sabana-bajera-velfont-sabana-respira-sabana-bajera-ajustable-ropa-de-cama-transpirable-sabana-para-personas-calurosas-sabana-bajera-fresca","status":"publish","type":"product","link":"https:\/\/gesmobles.cat\/es\/producto\/sabana-bajera-transpirable-sabana-bajera-velfont-sabana-respira-sabana-bajera-ajustable-ropa-de-cama-transpirable-sabana-para-personas-calurosas-sabana-bajera-fresca\/","title":{"rendered":"S\u00e1bana Bajera Respira de Velfont \u2013 Transpirable y Ajustable"},"content":{"rendered":"<p>La <strong data-start=\"239\" data-end=\"275\">s\u00e1bana bajera Respira de Velfont<\/strong> est\u00e1 dise\u00f1ada para ofrecer una m\u00e1xima transpirabilidad y confort durante el descanso. Fabricada con tejido t\u00e9cnico de alta calidad, permite una \u00f3ptima circulaci\u00f3n del aire, ayudando a regular la temperatura corporal y reduciendo la acumulaci\u00f3n de humedad. Su ajuste perfecto garantiza que la s\u00e1bana permanezca en su sitio durante toda la noche, proporcionando una sensaci\u00f3n de frescor, suavidad y bienestar ideal para personas calurosas o climas c\u00e1lidos.<\/p>\n","protected":false},"excerpt":{"rendered":"<p>La s\u00e1bana bajera Respira de Velfont est\u00e1 dise\u00f1ada para ofrecer una m\u00e1xima transpirabilidad y confort durante el descanso. Fabricada con tejido t\u00e9cnico de alta calidad, permite una \u00f3ptima circulaci\u00f3n del aire, ayudando a regular la temperatura corporal y reduciendo la acumulaci\u00f3n de humedad. Su ajuste perfecto garantiza que la s\u00e1bana permanezca en su sitio durante [&hellip;]<\/p>\n","protected":false},"featured_media":7208,"comment_status":"open","ping_status":"closed","template":"","meta":[],"product_brand":[],"product_cat":[65,107],"product_tag":[],"class_list":{"0":"post-7199","1":"product","2":"type-product","3":"status-publish","4":"has-post-thumbnail","6":"product_cat-textiles-hogar","7":"product_cat-sabanas-bajeras","9":"first","10":"instock","11":"taxable","12":"shipping-taxable","13":"purchasable","14":"product-type-variable"},"acf":[],"yoast_head":"<!-- This site is optimized with the Yoast SEO plugin v27.4 - https:\/\/yoast.com\/product\/yoast-seo-wordpress\/ -->\n<title>S\u00e1bana Bajera Respira de Velfont \u2013 Transpirable y Ajustable -<\/title>\n<meta name=\"description\" content=\"S\u00e1bana bajera Respira de Velfont transpirable y ajustable. Favorece la circulaci\u00f3n del aire y regula la temperatura para un descanso fresco y confortable.\" \/>\n<meta name=\"robots\" content=\"index, follow, max-snippet:-1, max-image-preview:large, max-video-preview:-1\" \/>\n<link rel=\"canonical\" href=\"https:\/\/gesmobles.cat\/es\/producto\/sabana-bajera-transpirable-sabana-bajera-velfont-sabana-respira-sabana-bajera-ajustable-ropa-de-cama-transpirable-sabana-para-personas-calurosas-sabana-bajera-fresca\/\" \/>\n<meta property=\"og:locale\" content=\"es_ES\" \/>\n<meta property=\"og:type\" content=\"article\" \/>\n<meta property=\"og:title\" content=\"S\u00e1bana Bajera Respira de Velfont \u2013 Transpirable y Ajustable -\" \/>\n<meta property=\"og:description\" content=\"S\u00e1bana bajera Respira de Velfont transpirable y ajustable. Favorece la circulaci\u00f3n del aire y regula la temperatura para un descanso fresco y confortable.\" \/>\n<meta property=\"og:url\" content=\"https:\/\/gesmobles.cat\/es\/producto\/sabana-bajera-transpirable-sabana-bajera-velfont-sabana-respira-sabana-bajera-ajustable-ropa-de-cama-transpirable-sabana-para-personas-calurosas-sabana-bajera-fresca\/\" \/>\n<meta property=\"article:modified_time\" content=\"2026-01-26T16:22:54+00:00\" \/>\n<meta property=\"og:image\" content=\"https:\/\/gesmobles.cat\/wp-content\/uploads\/2026\/01\/respira-gris-claro-1.jpg\" \/>\n\t<meta property=\"og:image:width\" content=\"1000\" \/>\n\t<meta property=\"og:image:height\" content=\"685\" \/>\n\t<meta property=\"og:image:type\" content=\"image\/jpeg\" \/>\n<meta name=\"twitter:card\" content=\"summary_large_image\" \/>\n<meta name=\"twitter:label1\" content=\"Tiempo de lectura\" \/>\n\t<meta name=\"twitter:data1\" content=\"1 minuto\" \/>\n<!-- \/ Yoast SEO plugin. -->","yoast_head_json":{"title":"S\u00e1bana Bajera Respira de Velfont \u2013 Transpirable y Ajustable -","description":"S\u00e1bana bajera Respira de Velfont transpirable y ajustable. Favorece la circulaci\u00f3n del aire y regula la temperatura para un descanso fresco y confortable.","robots":{"index":"index","follow":"follow","max-snippet":"max-snippet:-1","max-image-preview":"max-image-preview:large","max-video-preview":"max-video-preview:-1"},"canonical":"https:\/\/gesmobles.cat\/es\/producto\/sabana-bajera-transpirable-sabana-bajera-velfont-sabana-respira-sabana-bajera-ajustable-ropa-de-cama-transpirable-sabana-para-personas-calurosas-sabana-bajera-fresca\/","og_locale":"es_ES","og_type":"article","og_title":"S\u00e1bana Bajera Respira de Velfont \u2013 Transpirable y Ajustable -","og_description":"S\u00e1bana bajera Respira de Velfont transpirable y ajustable. Favorece la circulaci\u00f3n del aire y regula la temperatura para un descanso fresco y confortable.","og_url":"https:\/\/gesmobles.cat\/es\/producto\/sabana-bajera-transpirable-sabana-bajera-velfont-sabana-respira-sabana-bajera-ajustable-ropa-de-cama-transpirable-sabana-para-personas-calurosas-sabana-bajera-fresca\/","article_modified_time":"2026-01-26T16:22:54+00:00","og_image":[{"width":1000,"height":685,"url":"https:\/\/gesmobles.cat\/wp-content\/uploads\/2026\/01\/respira-gris-claro-1.jpg","type":"image\/jpeg"}],"twitter_card":"summary_large_image","twitter_misc":{"Tiempo de lectura":"1 minuto"},"schema":{"@context":"https:\/\/schema.org","@graph":[]}},"_links":{"self":[{"href":"https:\/\/gesmobles.cat\/es\/wp-json\/wp\/v2\/product\/7199","targetHints":{"allow":["GET"]}}],"collection":[{"href":"https:\/\/gesmobles.cat\/es\/wp-json\/wp\/v2\/product"}],"about":[{"href":"https:\/\/gesmobles.cat\/es\/wp-json\/wp\/v2\/types\/product"}],"replies":[{"embeddable":true,"href":"https:\/\/gesmobles.cat\/es\/wp-json\/wp\/v2\/comments?post=7199"}],"wp:featuredmedia":[{"embeddable":true,"href":"https:\/\/gesmobles.cat\/es\/wp-json\/wp\/v2\/media\/7208"}],"wp:attachment":[{"href":"https:\/\/gesmobles.cat\/es\/wp-json\/wp\/v2\/media?parent=7199"}],"wp:term":[{"taxonomy":"product_brand","embeddable":true,"href":"https:\/\/gesmobles.cat\/es\/wp-json\/wp\/v2\/product_brand?post=7199"},{"taxonomy":"product_cat","embeddable":true,"href":"https:\/\/gesmobles.cat\/es\/wp-json\/wp\/v2\/product_cat?post=7199"},{"taxonomy":"product_tag","embeddable":true,"href":"https:\/\/gesmobles.cat\/es\/wp-json\/wp\/v2\/product_tag?post=7199"}],"curies":[{"name":"wp","href":"https:\/\/api.w.org\/{rel}","templated":true}]}}