{"id":7226,"date":"2026-01-23T11:44:21","date_gmt":"2026-01-23T09:44:21","guid":{"rendered":"https:\/\/gesmobles.cat\/?post_type=product&#038;p=7226"},"modified":"2026-01-26T18:22:04","modified_gmt":"2026-01-26T16:22:04","slug":"sabana-bajera-transpirable-sabana-bajera-velfont-sabana-respira-arena-sabana-bajera-color-arena-sabana-bajera-ajustable-ropa-de-cama-transpirable-sabana-para-personas-calurosas","status":"publish","type":"product","link":"https:\/\/gesmobles.cat\/es\/producto\/sabana-bajera-transpirable-sabana-bajera-velfont-sabana-respira-arena-sabana-bajera-color-arena-sabana-bajera-ajustable-ropa-de-cama-transpirable-sabana-para-personas-calurosas\/","title":{"rendered":"S\u00e1bana Bajera Respira de Velfont Color Arena \u2013 Transpirable y Ajustable"},"content":{"rendered":"<p>La <strong data-start=\"253\" data-end=\"304\">s\u00e1bana bajera Respira de Velfont en color arena<\/strong> combina funcionalidad, confort y un dise\u00f1o natural y elegante. Confeccionada con tejido t\u00e9cnico transpirable, favorece la circulaci\u00f3n del aire y ayuda a regular la temperatura corporal durante el descanso, reduciendo la sensaci\u00f3n de calor y la acumulaci\u00f3n de humedad. Su acabado suave y su ajuste perfecto al colch\u00f3n garantizan comodidad y estabilidad durante toda la noche. Ideal para quienes buscan frescor, bienestar y una est\u00e9tica c\u00e1lida en su ropa de cama.<\/p>\n","protected":false},"excerpt":{"rendered":"<p>La s\u00e1bana bajera Respira de Velfont en color arena combina funcionalidad, confort y un dise\u00f1o natural y elegante. Confeccionada con tejido t\u00e9cnico transpirable, favorece la circulaci\u00f3n del aire y ayuda a regular la temperatura corporal durante el descanso, reduciendo la sensaci\u00f3n de calor y la acumulaci\u00f3n de humedad. Su acabado suave y su ajuste perfecto [&hellip;]<\/p>\n","protected":false},"featured_media":7227,"comment_status":"open","ping_status":"closed","template":"","meta":[],"product_brand":[],"product_cat":[65,107],"product_tag":[],"class_list":{"0":"post-7226","1":"product","2":"type-product","3":"status-publish","4":"has-post-thumbnail","6":"product_cat-textiles-hogar","7":"product_cat-sabanas-bajeras","9":"first","10":"instock","11":"taxable","12":"shipping-taxable","13":"purchasable","14":"product-type-variable"},"acf":[],"yoast_head":"<!-- This site is optimized with the Yoast SEO plugin v27.4 - https:\/\/yoast.com\/product\/yoast-seo-wordpress\/ -->\n<title>S\u00e1bana Bajera Respira de Velfont Color Arena \u2013 Transpirable y Ajustable -<\/title>\n<meta name=\"description\" content=\"S\u00e1bana bajera Respira de Velfont en color arena. Transpirable, ajustable y suave. Ayuda a regular la temperatura para un descanso fresco y confortable.\" \/>\n<meta name=\"robots\" content=\"index, follow, max-snippet:-1, max-image-preview:large, max-video-preview:-1\" \/>\n<link rel=\"canonical\" href=\"https:\/\/gesmobles.cat\/es\/producto\/sabana-bajera-transpirable-sabana-bajera-velfont-sabana-respira-arena-sabana-bajera-color-arena-sabana-bajera-ajustable-ropa-de-cama-transpirable-sabana-para-personas-calurosas\/\" \/>\n<meta property=\"og:locale\" content=\"es_ES\" \/>\n<meta property=\"og:type\" content=\"article\" \/>\n<meta property=\"og:title\" content=\"S\u00e1bana Bajera Respira de Velfont Color Arena \u2013 Transpirable y Ajustable -\" \/>\n<meta property=\"og:description\" content=\"S\u00e1bana bajera Respira de Velfont en color arena. Transpirable, ajustable y suave. Ayuda a regular la temperatura para un descanso fresco y confortable.\" \/>\n<meta property=\"og:url\" content=\"https:\/\/gesmobles.cat\/es\/producto\/sabana-bajera-transpirable-sabana-bajera-velfont-sabana-respira-arena-sabana-bajera-color-arena-sabana-bajera-ajustable-ropa-de-cama-transpirable-sabana-para-personas-calurosas\/\" \/>\n<meta property=\"article:modified_time\" content=\"2026-01-26T16:22:04+00:00\" \/>\n<meta property=\"og:image\" content=\"https:\/\/gesmobles.cat\/wp-content\/uploads\/2026\/01\/repi2.jpeg\" \/>\n\t<meta property=\"og:image:width\" content=\"1000\" \/>\n\t<meta property=\"og:image:height\" content=\"685\" \/>\n\t<meta property=\"og:image:type\" content=\"image\/jpeg\" \/>\n<meta name=\"twitter:card\" content=\"summary_large_image\" \/>\n<meta name=\"twitter:label1\" content=\"Tiempo de lectura\" \/>\n\t<meta name=\"twitter:data1\" content=\"1 minuto\" \/>\n<!-- \/ Yoast SEO plugin. -->","yoast_head_json":{"title":"S\u00e1bana Bajera Respira de Velfont Color Arena \u2013 Transpirable y Ajustable -","description":"S\u00e1bana bajera Respira de Velfont en color arena. Transpirable, ajustable y suave. Ayuda a regular la temperatura para un descanso fresco y confortable.","robots":{"index":"index","follow":"follow","max-snippet":"max-snippet:-1","max-image-preview":"max-image-preview:large","max-video-preview":"max-video-preview:-1"},"canonical":"https:\/\/gesmobles.cat\/es\/producto\/sabana-bajera-transpirable-sabana-bajera-velfont-sabana-respira-arena-sabana-bajera-color-arena-sabana-bajera-ajustable-ropa-de-cama-transpirable-sabana-para-personas-calurosas\/","og_locale":"es_ES","og_type":"article","og_title":"S\u00e1bana Bajera Respira de Velfont Color Arena \u2013 Transpirable y Ajustable -","og_description":"S\u00e1bana bajera Respira de Velfont en color arena. Transpirable, ajustable y suave. Ayuda a regular la temperatura para un descanso fresco y confortable.","og_url":"https:\/\/gesmobles.cat\/es\/producto\/sabana-bajera-transpirable-sabana-bajera-velfont-sabana-respira-arena-sabana-bajera-color-arena-sabana-bajera-ajustable-ropa-de-cama-transpirable-sabana-para-personas-calurosas\/","article_modified_time":"2026-01-26T16:22:04+00:00","og_image":[{"width":1000,"height":685,"url":"https:\/\/gesmobles.cat\/wp-content\/uploads\/2026\/01\/repi2.jpeg","type":"image\/jpeg"}],"twitter_card":"summary_large_image","twitter_misc":{"Tiempo de lectura":"1 minuto"},"schema":{"@context":"https:\/\/schema.org","@graph":[]}},"_links":{"self":[{"href":"https:\/\/gesmobles.cat\/es\/wp-json\/wp\/v2\/product\/7226","targetHints":{"allow":["GET"]}}],"collection":[{"href":"https:\/\/gesmobles.cat\/es\/wp-json\/wp\/v2\/product"}],"about":[{"href":"https:\/\/gesmobles.cat\/es\/wp-json\/wp\/v2\/types\/product"}],"replies":[{"embeddable":true,"href":"https:\/\/gesmobles.cat\/es\/wp-json\/wp\/v2\/comments?post=7226"}],"wp:featuredmedia":[{"embeddable":true,"href":"https:\/\/gesmobles.cat\/es\/wp-json\/wp\/v2\/media\/7227"}],"wp:attachment":[{"href":"https:\/\/gesmobles.cat\/es\/wp-json\/wp\/v2\/media?parent=7226"}],"wp:term":[{"taxonomy":"product_brand","embeddable":true,"href":"https:\/\/gesmobles.cat\/es\/wp-json\/wp\/v2\/product_brand?post=7226"},{"taxonomy":"product_cat","embeddable":true,"href":"https:\/\/gesmobles.cat\/es\/wp-json\/wp\/v2\/product_cat?post=7226"},{"taxonomy":"product_tag","embeddable":true,"href":"https:\/\/gesmobles.cat\/es\/wp-json\/wp\/v2\/product_tag?post=7226"}],"curies":[{"name":"wp","href":"https:\/\/api.w.org\/{rel}","templated":true}]}}