{"id":7241,"date":"2026-01-23T11:58:34","date_gmt":"2026-01-23T09:58:34","guid":{"rendered":"https:\/\/gesmobles.cat\/?post_type=product&#038;p=7241"},"modified":"2026-01-26T18:21:12","modified_gmt":"2026-01-26T16:21:12","slug":"sabana-bajera-transpirable-sabana-bajera-velfont-sabana-respira-blanca-sabana-bajera-color-blanco-sabana-bajera-ajustable-ropa-de-cama-transpirable-sabana-para-personas-calurosas-sabana-bajera","status":"publish","type":"product","link":"https:\/\/gesmobles.cat\/es\/producto\/sabana-bajera-transpirable-sabana-bajera-velfont-sabana-respira-blanca-sabana-bajera-color-blanco-sabana-bajera-ajustable-ropa-de-cama-transpirable-sabana-para-personas-calurosas-sabana-bajera\/","title":{"rendered":"S\u00e1bana Bajera Respira de Velfont Color Blanco \u2013 Transpirable y Ajustable"},"content":{"rendered":"<p>La <strong data-start=\"277\" data-end=\"329\">s\u00e1bana bajera Respira de Velfont en color blanco<\/strong> ofrece una combinaci\u00f3n perfecta de frescor, confort y elegancia. Fabricada con tejido t\u00e9cnico altamente transpirable, permite una \u00f3ptima circulaci\u00f3n del aire, ayudando a regular la temperatura corporal y reduciendo la acumulaci\u00f3n de humedad durante la noche. Su tacto suave y su ajuste preciso al colch\u00f3n garantizan estabilidad y comodidad continua, proporcionando un descanso fresco, limpio y confortable. Ideal para personas calurosas y para quienes buscan una ropa de cama funcional, duradera y de alta calidad.<\/p>\n","protected":false},"excerpt":{"rendered":"<p>La s\u00e1bana bajera Respira de Velfont en color blanco ofrece una combinaci\u00f3n perfecta de frescor, confort y elegancia. Fabricada con tejido t\u00e9cnico altamente transpirable, permite una \u00f3ptima circulaci\u00f3n del aire, ayudando a regular la temperatura corporal y reduciendo la acumulaci\u00f3n de humedad durante la noche. Su tacto suave y su ajuste preciso al colch\u00f3n garantizan [&hellip;]<\/p>\n","protected":false},"featured_media":7242,"comment_status":"open","ping_status":"closed","template":"","meta":[],"product_brand":[],"product_cat":[65,107],"product_tag":[],"class_list":{"0":"post-7241","1":"product","2":"type-product","3":"status-publish","4":"has-post-thumbnail","6":"product_cat-textiles-hogar","7":"product_cat-sabanas-bajeras","9":"first","10":"instock","11":"taxable","12":"shipping-taxable","13":"purchasable","14":"product-type-variable"},"acf":[],"yoast_head":"<!-- This site is optimized with the Yoast SEO plugin v27.4 - https:\/\/yoast.com\/product\/yoast-seo-wordpress\/ -->\n<title>S\u00e1bana Bajera Respira de Velfont Color Blanco \u2013 Transpirable y Ajustable -<\/title>\n<meta name=\"description\" content=\"S\u00e1bana bajera Respira de Velfont en color blanco. Transpirable, ajustable y suave. Regula la temperatura para un descanso fresco y confortable.\" \/>\n<meta name=\"robots\" content=\"index, follow, max-snippet:-1, max-image-preview:large, max-video-preview:-1\" \/>\n<link rel=\"canonical\" href=\"https:\/\/gesmobles.cat\/es\/producto\/sabana-bajera-transpirable-sabana-bajera-velfont-sabana-respira-blanca-sabana-bajera-color-blanco-sabana-bajera-ajustable-ropa-de-cama-transpirable-sabana-para-personas-calurosas-sabana-bajera\/\" \/>\n<meta property=\"og:locale\" content=\"es_ES\" \/>\n<meta property=\"og:type\" content=\"article\" \/>\n<meta property=\"og:title\" content=\"S\u00e1bana Bajera Respira de Velfont Color Blanco \u2013 Transpirable y Ajustable -\" \/>\n<meta property=\"og:description\" content=\"S\u00e1bana bajera Respira de Velfont en color blanco. Transpirable, ajustable y suave. Regula la temperatura para un descanso fresco y confortable.\" \/>\n<meta property=\"og:url\" content=\"https:\/\/gesmobles.cat\/es\/producto\/sabana-bajera-transpirable-sabana-bajera-velfont-sabana-respira-blanca-sabana-bajera-color-blanco-sabana-bajera-ajustable-ropa-de-cama-transpirable-sabana-para-personas-calurosas-sabana-bajera\/\" \/>\n<meta property=\"article:modified_time\" content=\"2026-01-26T16:21:12+00:00\" \/>\n<meta property=\"og:image\" content=\"https:\/\/gesmobles.cat\/wp-content\/uploads\/2026\/01\/respirablanc.jpg\" \/>\n\t<meta property=\"og:image:width\" content=\"1000\" \/>\n\t<meta property=\"og:image:height\" content=\"685\" \/>\n\t<meta property=\"og:image:type\" content=\"image\/jpeg\" \/>\n<meta name=\"twitter:card\" content=\"summary_large_image\" \/>\n<meta name=\"twitter:label1\" content=\"Tiempo de lectura\" \/>\n\t<meta name=\"twitter:data1\" content=\"1 minuto\" \/>\n<!-- \/ Yoast SEO plugin. -->","yoast_head_json":{"title":"S\u00e1bana Bajera Respira de Velfont Color Blanco \u2013 Transpirable y Ajustable -","description":"S\u00e1bana bajera Respira de Velfont en color blanco. Transpirable, ajustable y suave. Regula la temperatura para un descanso fresco y confortable.","robots":{"index":"index","follow":"follow","max-snippet":"max-snippet:-1","max-image-preview":"max-image-preview:large","max-video-preview":"max-video-preview:-1"},"canonical":"https:\/\/gesmobles.cat\/es\/producto\/sabana-bajera-transpirable-sabana-bajera-velfont-sabana-respira-blanca-sabana-bajera-color-blanco-sabana-bajera-ajustable-ropa-de-cama-transpirable-sabana-para-personas-calurosas-sabana-bajera\/","og_locale":"es_ES","og_type":"article","og_title":"S\u00e1bana Bajera Respira de Velfont Color Blanco \u2013 Transpirable y Ajustable -","og_description":"S\u00e1bana bajera Respira de Velfont en color blanco. Transpirable, ajustable y suave. Regula la temperatura para un descanso fresco y confortable.","og_url":"https:\/\/gesmobles.cat\/es\/producto\/sabana-bajera-transpirable-sabana-bajera-velfont-sabana-respira-blanca-sabana-bajera-color-blanco-sabana-bajera-ajustable-ropa-de-cama-transpirable-sabana-para-personas-calurosas-sabana-bajera\/","article_modified_time":"2026-01-26T16:21:12+00:00","og_image":[{"width":1000,"height":685,"url":"https:\/\/gesmobles.cat\/wp-content\/uploads\/2026\/01\/respirablanc.jpg","type":"image\/jpeg"}],"twitter_card":"summary_large_image","twitter_misc":{"Tiempo de lectura":"1 minuto"},"schema":{"@context":"https:\/\/schema.org","@graph":[]}},"_links":{"self":[{"href":"https:\/\/gesmobles.cat\/es\/wp-json\/wp\/v2\/product\/7241","targetHints":{"allow":["GET"]}}],"collection":[{"href":"https:\/\/gesmobles.cat\/es\/wp-json\/wp\/v2\/product"}],"about":[{"href":"https:\/\/gesmobles.cat\/es\/wp-json\/wp\/v2\/types\/product"}],"replies":[{"embeddable":true,"href":"https:\/\/gesmobles.cat\/es\/wp-json\/wp\/v2\/comments?post=7241"}],"wp:featuredmedia":[{"embeddable":true,"href":"https:\/\/gesmobles.cat\/es\/wp-json\/wp\/v2\/media\/7242"}],"wp:attachment":[{"href":"https:\/\/gesmobles.cat\/es\/wp-json\/wp\/v2\/media?parent=7241"}],"wp:term":[{"taxonomy":"product_brand","embeddable":true,"href":"https:\/\/gesmobles.cat\/es\/wp-json\/wp\/v2\/product_brand?post=7241"},{"taxonomy":"product_cat","embeddable":true,"href":"https:\/\/gesmobles.cat\/es\/wp-json\/wp\/v2\/product_cat?post=7241"},{"taxonomy":"product_tag","embeddable":true,"href":"https:\/\/gesmobles.cat\/es\/wp-json\/wp\/v2\/product_tag?post=7241"}],"curies":[{"name":"wp","href":"https:\/\/api.w.org\/{rel}","templated":true}]}}