{"id":7360,"date":"2026-02-05T11:56:31","date_gmt":"2026-02-05T09:56:31","guid":{"rendered":"https:\/\/gesmobles.cat\/?post_type=product&#038;p=7360"},"modified":"2026-02-05T13:22:19","modified_gmt":"2026-02-05T11:22:19","slug":"almohada-viscoelastica-almohada-ergonomica-almohada-cervical-almohada-antialergica-almohada-memory-foam-almohada-terapeutica-almohada-para-dolor-de-cuello-almohada-indeformable-almohada-kuoris","status":"publish","type":"product","link":"https:\/\/gesmobles.cat\/es\/producto\/almohada-viscoelastica-almohada-ergonomica-almohada-cervical-almohada-antialergica-almohada-memory-foam-almohada-terapeutica-almohada-para-dolor-de-cuello-almohada-indeformable-almohada-kuoris\/","title":{"rendered":"Almohada Viscoel\u00e1stica Viscosoft Kuoris Ergon\u00f3mica y Antial\u00e9rgica"},"content":{"rendered":"<p data-start=\"230\" data-end=\"524\">La almohada viscoel\u00e1stica <strong data-start=\"256\" data-end=\"276\">Viscosoft Kuoris<\/strong> est\u00e1 dise\u00f1ada para ofrecer un descanso reparador gracias a su n\u00facleo de material viscoel\u00e1stico sensible a la temperatura corporal. Se adapta perfectamente a la forma de la cabeza y el cuello, manteniendo una postura correcta durante toda la noche.<\/p>\n<p data-start=\"526\" data-end=\"830\">Su dise\u00f1o ergon\u00f3mico ayuda a prevenir y aliviar molestias cervicales, dolores de cabeza y tensi\u00f3n en el cuello, favoreciendo una correcta alineaci\u00f3n de la columna. La distribuci\u00f3n uniforme de los puntos de presi\u00f3n mejora la circulaci\u00f3n sangu\u00ednea y contribuye a un sue\u00f1o m\u00e1s profundo y sin interrupciones.<\/p>\n<p data-start=\"832\" data-end=\"1102\">Cuenta con propiedades <strong data-start=\"855\" data-end=\"900\">antial\u00e9rgicas, higi\u00e9nicas e indeformables<\/strong>, lo que la convierte en una opci\u00f3n ideal para personas con alergias o sensibilidad. Su fabricaci\u00f3n bajo estrictos est\u00e1ndares de calidad garantiza confort, durabilidad y bienestar en el descanso diario.<\/p>\n","protected":false},"excerpt":{"rendered":"<p>La almohada viscoel\u00e1stica Viscosoft Kuoris est\u00e1 dise\u00f1ada para ofrecer un descanso reparador gracias a su n\u00facleo de material viscoel\u00e1stico sensible a la temperatura corporal. Se adapta perfectamente a la forma de la cabeza y el cuello, manteniendo una postura correcta durante toda la noche. Su dise\u00f1o ergon\u00f3mico ayuda a prevenir y aliviar molestias cervicales, dolores [&hellip;]<\/p>\n","protected":false},"featured_media":7370,"comment_status":"open","ping_status":"closed","template":"","meta":[],"product_brand":[],"product_cat":[61,706],"product_tag":[],"class_list":{"0":"post-7360","1":"product","2":"type-product","3":"status-publish","4":"has-post-thumbnail","6":"product_cat-descanso","7":"product_cat-almohadas-viscoelasticas","9":"first","10":"instock","11":"taxable","12":"shipping-taxable","13":"purchasable","14":"product-type-variable"},"acf":[],"yoast_head":"<!-- This site is optimized with the Yoast SEO plugin v27.4 - https:\/\/yoast.com\/product\/yoast-seo-wordpress\/ -->\n<title>Almohada Viscoel\u00e1stica Viscosoft Kuoris Ergon\u00f3mica y Antial\u00e9rgica -<\/title>\n<meta name=\"description\" content=\"Almohada viscoel\u00e1stica ergon\u00f3mica Kuoris Viscosoft, antial\u00e9rgica e indeformable. Dise\u00f1ada para aliviar molestias cervicales y mejorar la calidad del descanso.\" \/>\n<meta name=\"robots\" content=\"index, follow, max-snippet:-1, max-image-preview:large, max-video-preview:-1\" \/>\n<link rel=\"canonical\" href=\"https:\/\/gesmobles.cat\/es\/producto\/almohada-viscoelastica-almohada-ergonomica-almohada-cervical-almohada-antialergica-almohada-memory-foam-almohada-terapeutica-almohada-para-dolor-de-cuello-almohada-indeformable-almohada-kuoris\/\" \/>\n<meta property=\"og:locale\" content=\"es_ES\" \/>\n<meta property=\"og:type\" content=\"article\" \/>\n<meta property=\"og:title\" content=\"Almohada Viscoel\u00e1stica Viscosoft Kuoris Ergon\u00f3mica y Antial\u00e9rgica -\" \/>\n<meta property=\"og:description\" content=\"Almohada viscoel\u00e1stica ergon\u00f3mica Kuoris Viscosoft, antial\u00e9rgica e indeformable. Dise\u00f1ada para aliviar molestias cervicales y mejorar la calidad del descanso.\" \/>\n<meta property=\"og:url\" content=\"https:\/\/gesmobles.cat\/es\/producto\/almohada-viscoelastica-almohada-ergonomica-almohada-cervical-almohada-antialergica-almohada-memory-foam-almohada-terapeutica-almohada-para-dolor-de-cuello-almohada-indeformable-almohada-kuoris\/\" \/>\n<meta property=\"article:modified_time\" content=\"2026-02-05T11:22:19+00:00\" \/>\n<meta property=\"og:image\" content=\"https:\/\/gesmobles.cat\/wp-content\/uploads\/2026\/02\/viscoooo.png\" \/>\n\t<meta property=\"og:image:width\" content=\"1600\" \/>\n\t<meta property=\"og:image:height\" content=\"1200\" \/>\n\t<meta property=\"og:image:type\" content=\"image\/png\" \/>\n<meta name=\"twitter:card\" content=\"summary_large_image\" \/>\n<meta name=\"twitter:label1\" content=\"Tiempo de lectura\" \/>\n\t<meta name=\"twitter:data1\" content=\"1 minuto\" \/>\n<!-- \/ Yoast SEO plugin. -->","yoast_head_json":{"title":"Almohada Viscoel\u00e1stica Viscosoft Kuoris Ergon\u00f3mica y Antial\u00e9rgica -","description":"Almohada viscoel\u00e1stica ergon\u00f3mica Kuoris Viscosoft, antial\u00e9rgica e indeformable. Dise\u00f1ada para aliviar molestias cervicales y mejorar la calidad del descanso.","robots":{"index":"index","follow":"follow","max-snippet":"max-snippet:-1","max-image-preview":"max-image-preview:large","max-video-preview":"max-video-preview:-1"},"canonical":"https:\/\/gesmobles.cat\/es\/producto\/almohada-viscoelastica-almohada-ergonomica-almohada-cervical-almohada-antialergica-almohada-memory-foam-almohada-terapeutica-almohada-para-dolor-de-cuello-almohada-indeformable-almohada-kuoris\/","og_locale":"es_ES","og_type":"article","og_title":"Almohada Viscoel\u00e1stica Viscosoft Kuoris Ergon\u00f3mica y Antial\u00e9rgica -","og_description":"Almohada viscoel\u00e1stica ergon\u00f3mica Kuoris Viscosoft, antial\u00e9rgica e indeformable. Dise\u00f1ada para aliviar molestias cervicales y mejorar la calidad del descanso.","og_url":"https:\/\/gesmobles.cat\/es\/producto\/almohada-viscoelastica-almohada-ergonomica-almohada-cervical-almohada-antialergica-almohada-memory-foam-almohada-terapeutica-almohada-para-dolor-de-cuello-almohada-indeformable-almohada-kuoris\/","article_modified_time":"2026-02-05T11:22:19+00:00","og_image":[{"width":1600,"height":1200,"url":"https:\/\/gesmobles.cat\/wp-content\/uploads\/2026\/02\/viscoooo.png","type":"image\/png"}],"twitter_card":"summary_large_image","twitter_misc":{"Tiempo de lectura":"1 minuto"},"schema":{"@context":"https:\/\/schema.org","@graph":[]}},"_links":{"self":[{"href":"https:\/\/gesmobles.cat\/es\/wp-json\/wp\/v2\/product\/7360","targetHints":{"allow":["GET"]}}],"collection":[{"href":"https:\/\/gesmobles.cat\/es\/wp-json\/wp\/v2\/product"}],"about":[{"href":"https:\/\/gesmobles.cat\/es\/wp-json\/wp\/v2\/types\/product"}],"replies":[{"embeddable":true,"href":"https:\/\/gesmobles.cat\/es\/wp-json\/wp\/v2\/comments?post=7360"}],"wp:featuredmedia":[{"embeddable":true,"href":"https:\/\/gesmobles.cat\/es\/wp-json\/wp\/v2\/media\/7370"}],"wp:attachment":[{"href":"https:\/\/gesmobles.cat\/es\/wp-json\/wp\/v2\/media?parent=7360"}],"wp:term":[{"taxonomy":"product_brand","embeddable":true,"href":"https:\/\/gesmobles.cat\/es\/wp-json\/wp\/v2\/product_brand?post=7360"},{"taxonomy":"product_cat","embeddable":true,"href":"https:\/\/gesmobles.cat\/es\/wp-json\/wp\/v2\/product_cat?post=7360"},{"taxonomy":"product_tag","embeddable":true,"href":"https:\/\/gesmobles.cat\/es\/wp-json\/wp\/v2\/product_tag?post=7360"}],"curies":[{"name":"wp","href":"https:\/\/api.w.org\/{rel}","templated":true}]}}