{"id":7497,"date":"2026-02-20T00:02:13","date_gmt":"2026-02-19T22:02:13","guid":{"rendered":"https:\/\/gesmobles.cat\/?post_type=product&#038;p=7497"},"modified":"2026-05-04T18:55:46","modified_gmt":"2026-05-04T16:55:46","slug":"colchon-montecarlo-colchon-de-muelles-ensacados-colchon-viscoelastico-reversible-colchon-firmeza-media-alta-colchon-ortopedico-premium-colchon-30-cm-grosor-colchon-con-refuerzo-perimetral-colch","status":"publish","type":"product","link":"https:\/\/gesmobles.cat\/es\/producto\/colchon-montecarlo-colchon-de-muelles-ensacados-colchon-viscoelastico-reversible-colchon-firmeza-media-alta-colchon-ortopedico-premium-colchon-30-cm-grosor-colchon-con-refuerzo-perimetral-colch\/","title":{"rendered":"Colch\u00f3n muelles ensacados viscoel\u00e1stico firme 30 cm | Montecarlo"},"content":{"rendered":"<p data-start=\"175\" data-end=\"571\">Descubre el equilibrio perfecto entre confort y soporte con este <strong data-start=\"240\" data-end=\"287\">colch\u00f3n viscoel\u00e1stico con muelles ensacados<\/strong>, dise\u00f1ado para ofrecer un descanso de alta calidad noche tras noche. Su estructura combina materiales de \u00faltima generaci\u00f3n con un sistema de muelles independientes que se adaptan punto por punto al cuerpo, garantizando una excelente ergonom\u00eda y una correcta alineaci\u00f3n de la columna.<\/p>\n<p data-start=\"573\" data-end=\"909\">La capa superior incorpora tejido stretch de gran suavidad junto con fibras hipoalerg\u00e9nicas que favorecen la transpirabilidad y mantienen una sensaci\u00f3n fresca durante toda la noche. Adem\u00e1s, cuenta con varias capas de espuma y viscoel\u00e1stica que aportan una acogida progresiva, reduciendo los puntos de presi\u00f3n y mejorando la circulaci\u00f3n.<\/p>\n<p data-start=\"911\" data-end=\"1221\">En su n\u00facleo, los <strong data-start=\"929\" data-end=\"966\">muelles ensacados de alta calidad<\/strong> proporcionan independencia de lechos, evitando la transmisi\u00f3n de movimientos y permitiendo un descanso sin interrupciones, incluso en pareja. Su firmeza media-alta lo convierte en una opci\u00f3n ideal para quienes buscan estabilidad sin renunciar al confort.<\/p>\n<p data-start=\"1223\" data-end=\"1427\">Con un grosor aproximado de 30 cm, este colch\u00f3n destaca tambi\u00e9n por su durabilidad y resistencia. Incorpora refuerzo perimetral que mejora la estabilidad en los bordes y aumenta la vida \u00fatil del producto.<\/p>\n<p data-start=\"1429\" data-end=\"1638\">Adem\u00e1s, su dise\u00f1o reversible permite alargar su rendimiento, adapt\u00e1ndose a diferentes estaciones del a\u00f1o. Un colch\u00f3n premium pensado para quienes valoran el descanso, la calidad y el bienestar en su d\u00eda a d\u00eda.<\/p>\n","protected":false},"excerpt":{"rendered":"<p>Descubre el equilibrio perfecto entre confort y soporte con este colch\u00f3n viscoel\u00e1stico con muelles ensacados, dise\u00f1ado para ofrecer un descanso de alta calidad noche tras noche. Su estructura combina materiales de \u00faltima generaci\u00f3n con un sistema de muelles independientes que se adaptan punto por punto al cuerpo, garantizando una excelente ergonom\u00eda y una correcta alineaci\u00f3n [&hellip;]<\/p>\n","protected":false},"featured_media":7498,"comment_status":"open","ping_status":"closed","template":"","meta":[],"product_brand":[],"product_cat":[61,75],"product_tag":[],"class_list":{"0":"post-7497","1":"product","2":"type-product","3":"status-publish","4":"has-post-thumbnail","6":"product_cat-descanso","7":"product_cat-muelles-ensacados","9":"first","10":"instock","11":"taxable","12":"shipping-taxable","13":"purchasable","14":"product-type-variable"},"acf":[],"yoast_head":"<!-- This site is optimized with the Yoast SEO plugin v27.4 - https:\/\/yoast.com\/product\/yoast-seo-wordpress\/ -->\n<title>Colch\u00f3n muelles ensacados viscoel\u00e1stico firme 30 cm | Montecarlo -<\/title>\n<meta name=\"description\" content=\"Colch\u00f3n muelles ensacados viscoel\u00e1stico firme de 30 cm. M\u00e1ximo confort, transpirabilidad y durabilidad. Descanso premium al mejor precio. \u00a1Compra online!\" \/>\n<meta name=\"robots\" content=\"index, follow, max-snippet:-1, max-image-preview:large, max-video-preview:-1\" \/>\n<link rel=\"canonical\" href=\"https:\/\/gesmobles.cat\/es\/producto\/colchon-montecarlo-colchon-de-muelles-ensacados-colchon-viscoelastico-reversible-colchon-firmeza-media-alta-colchon-ortopedico-premium-colchon-30-cm-grosor-colchon-con-refuerzo-perimetral-colch\/\" \/>\n<meta property=\"og:locale\" content=\"es_ES\" \/>\n<meta property=\"og:type\" content=\"article\" \/>\n<meta property=\"og:title\" content=\"Colch\u00f3n muelles ensacados viscoel\u00e1stico firme 30 cm | Montecarlo -\" \/>\n<meta property=\"og:description\" content=\"Colch\u00f3n muelles ensacados viscoel\u00e1stico firme de 30 cm. M\u00e1ximo confort, transpirabilidad y durabilidad. Descanso premium al mejor precio. \u00a1Compra online!\" \/>\n<meta property=\"og:url\" content=\"https:\/\/gesmobles.cat\/es\/producto\/colchon-montecarlo-colchon-de-muelles-ensacados-colchon-viscoelastico-reversible-colchon-firmeza-media-alta-colchon-ortopedico-premium-colchon-30-cm-grosor-colchon-con-refuerzo-perimetral-colch\/\" \/>\n<meta property=\"article:modified_time\" content=\"2026-05-04T16:55:46+00:00\" \/>\n<meta property=\"og:image\" content=\"https:\/\/gesmobles.cat\/wp-content\/uploads\/2026\/02\/montecarlo.webp\" \/>\n\t<meta property=\"og:image:width\" content=\"2700\" \/>\n\t<meta property=\"og:image:height\" content=\"2080\" \/>\n\t<meta property=\"og:image:type\" content=\"image\/webp\" \/>\n<meta name=\"twitter:card\" content=\"summary_large_image\" \/>\n<meta name=\"twitter:label1\" content=\"Tiempo de lectura\" \/>\n\t<meta name=\"twitter:data1\" content=\"2 minutos\" \/>\n<!-- \/ Yoast SEO plugin. -->","yoast_head_json":{"title":"Colch\u00f3n muelles ensacados viscoel\u00e1stico firme 30 cm | Montecarlo -","description":"Colch\u00f3n muelles ensacados viscoel\u00e1stico firme de 30 cm. M\u00e1ximo confort, transpirabilidad y durabilidad. Descanso premium al mejor precio. \u00a1Compra online!","robots":{"index":"index","follow":"follow","max-snippet":"max-snippet:-1","max-image-preview":"max-image-preview:large","max-video-preview":"max-video-preview:-1"},"canonical":"https:\/\/gesmobles.cat\/es\/producto\/colchon-montecarlo-colchon-de-muelles-ensacados-colchon-viscoelastico-reversible-colchon-firmeza-media-alta-colchon-ortopedico-premium-colchon-30-cm-grosor-colchon-con-refuerzo-perimetral-colch\/","og_locale":"es_ES","og_type":"article","og_title":"Colch\u00f3n muelles ensacados viscoel\u00e1stico firme 30 cm | Montecarlo -","og_description":"Colch\u00f3n muelles ensacados viscoel\u00e1stico firme de 30 cm. M\u00e1ximo confort, transpirabilidad y durabilidad. Descanso premium al mejor precio. \u00a1Compra online!","og_url":"https:\/\/gesmobles.cat\/es\/producto\/colchon-montecarlo-colchon-de-muelles-ensacados-colchon-viscoelastico-reversible-colchon-firmeza-media-alta-colchon-ortopedico-premium-colchon-30-cm-grosor-colchon-con-refuerzo-perimetral-colch\/","article_modified_time":"2026-05-04T16:55:46+00:00","og_image":[{"width":2700,"height":2080,"url":"https:\/\/gesmobles.cat\/wp-content\/uploads\/2026\/02\/montecarlo.webp","type":"image\/webp"}],"twitter_card":"summary_large_image","twitter_misc":{"Tiempo de lectura":"2 minutos"},"schema":{"@context":"https:\/\/schema.org","@graph":[]}},"_links":{"self":[{"href":"https:\/\/gesmobles.cat\/es\/wp-json\/wp\/v2\/product\/7497","targetHints":{"allow":["GET"]}}],"collection":[{"href":"https:\/\/gesmobles.cat\/es\/wp-json\/wp\/v2\/product"}],"about":[{"href":"https:\/\/gesmobles.cat\/es\/wp-json\/wp\/v2\/types\/product"}],"replies":[{"embeddable":true,"href":"https:\/\/gesmobles.cat\/es\/wp-json\/wp\/v2\/comments?post=7497"}],"wp:featuredmedia":[{"embeddable":true,"href":"https:\/\/gesmobles.cat\/es\/wp-json\/wp\/v2\/media\/7498"}],"wp:attachment":[{"href":"https:\/\/gesmobles.cat\/es\/wp-json\/wp\/v2\/media?parent=7497"}],"wp:term":[{"taxonomy":"product_brand","embeddable":true,"href":"https:\/\/gesmobles.cat\/es\/wp-json\/wp\/v2\/product_brand?post=7497"},{"taxonomy":"product_cat","embeddable":true,"href":"https:\/\/gesmobles.cat\/es\/wp-json\/wp\/v2\/product_cat?post=7497"},{"taxonomy":"product_tag","embeddable":true,"href":"https:\/\/gesmobles.cat\/es\/wp-json\/wp\/v2\/product_tag?post=7497"}],"curies":[{"name":"wp","href":"https:\/\/api.w.org\/{rel}","templated":true}]}}