{"id":7530,"date":"2026-02-21T11:17:45","date_gmt":"2026-02-21T09:17:45","guid":{"rendered":"https:\/\/gesmobles.cat\/?post_type=product&#038;p=7530"},"modified":"2026-02-21T11:17:46","modified_gmt":"2026-02-21T09:17:46","slug":"pack-velas-de-cera-de-soja-velas-naturales-aromaticas-velas-artesanales-decorativas-velas-ecologicas-velas-vegetales-velas-en-recipiente-ceramico-velas-para-relajacion-velas-para-hogar-velas-s","status":"publish","type":"product","link":"https:\/\/gesmobles.cat\/es\/producto\/pack-velas-de-cera-de-soja-velas-naturales-aromaticas-velas-artesanales-decorativas-velas-ecologicas-velas-vegetales-velas-en-recipiente-ceramico-velas-para-relajacion-velas-para-hogar-velas-s\/","title":{"rendered":"Pack de 2 velas artesanales de cera de soja en recipiente cer\u00e1mico"},"content":{"rendered":"<p data-start=\"217\" data-end=\"511\">Nuestro pack de 2 velas artesanales de cera de soja est\u00e1 elaborado con ingredientes naturales y vertido a mano en elegantes recipientes cer\u00e1micos reutilizables. Proporcionan una combusti\u00f3n limpia, sin humo negro ni toxinas, creando un ambiente c\u00e1lido y relajante en cualquier espacio del hogar.<\/p>\n<p data-start=\"513\" data-end=\"780\">La cera de soja, de origen vegetal, dura m\u00e1s tiempo que la parafina tradicional y libera la fragancia de manera suave y constante. El dise\u00f1o org\u00e1nico de los recipientes aporta un toque decorativo moderno, ideal para salas, dormitorios, ba\u00f1os o espacios de meditaci\u00f3n.<\/p>\n<p data-start=\"782\" data-end=\"856\">Perfectas para regalar o para transformar tu hogar en un refugio acogedor.<\/p>\n","protected":false},"excerpt":{"rendered":"<p>Nuestro pack de 2 velas artesanales de cera de soja est\u00e1 elaborado con ingredientes naturales y vertido a mano en elegantes recipientes cer\u00e1micos reutilizables. Proporcionan una combusti\u00f3n limpia, sin humo negro ni toxinas, creando un ambiente c\u00e1lido y relajante en cualquier espacio del hogar. La cera de soja, de origen vegetal, dura m\u00e1s tiempo que [&hellip;]<\/p>\n","protected":false},"featured_media":7533,"comment_status":"open","ping_status":"closed","template":"","meta":[],"product_brand":[],"product_cat":[64,94],"product_tag":[],"class_list":{"0":"post-7530","1":"product","2":"type-product","3":"status-publish","4":"has-post-thumbnail","6":"product_cat-decoracion","7":"product_cat-velas-y-aromas","9":"first","10":"instock","11":"taxable","12":"shipping-taxable","13":"purchasable","14":"product-type-simple"},"acf":[],"yoast_head":"<!-- This site is optimized with the Yoast SEO plugin v27.4 - https:\/\/yoast.com\/product\/yoast-seo-wordpress\/ -->\n<title>Pack de 2 velas artesanales de cera de soja en recipiente cer\u00e1mico -<\/title>\n<meta name=\"description\" content=\"Pack de 2 velas artesanales de cera de soja en recipiente cer\u00e1mico reutilizable. Combusti\u00f3n limpia, ecol\u00f3gica y duradera para un ambiente c\u00e1lido y relajante.\" \/>\n<meta name=\"robots\" content=\"index, follow, max-snippet:-1, max-image-preview:large, max-video-preview:-1\" \/>\n<link rel=\"canonical\" href=\"https:\/\/gesmobles.cat\/es\/producto\/pack-velas-de-cera-de-soja-velas-naturales-aromaticas-velas-artesanales-decorativas-velas-ecologicas-velas-vegetales-velas-en-recipiente-ceramico-velas-para-relajacion-velas-para-hogar-velas-s\/\" \/>\n<meta property=\"og:locale\" content=\"es_ES\" \/>\n<meta property=\"og:type\" content=\"article\" \/>\n<meta property=\"og:title\" content=\"Pack de 2 velas artesanales de cera de soja en recipiente cer\u00e1mico -\" \/>\n<meta property=\"og:description\" content=\"Pack de 2 velas artesanales de cera de soja en recipiente cer\u00e1mico reutilizable. Combusti\u00f3n limpia, ecol\u00f3gica y duradera para un ambiente c\u00e1lido y relajante.\" \/>\n<meta property=\"og:url\" content=\"https:\/\/gesmobles.cat\/es\/producto\/pack-velas-de-cera-de-soja-velas-naturales-aromaticas-velas-artesanales-decorativas-velas-ecologicas-velas-vegetales-velas-en-recipiente-ceramico-velas-para-relajacion-velas-para-hogar-velas-s\/\" \/>\n<meta property=\"article:modified_time\" content=\"2026-02-21T09:17:46+00:00\" \/>\n<meta property=\"og:image\" content=\"https:\/\/gesmobles.cat\/wp-content\/uploads\/2026\/02\/velon.jpg\" \/>\n\t<meta property=\"og:image:width\" content=\"700\" \/>\n\t<meta property=\"og:image:height\" content=\"466\" \/>\n\t<meta property=\"og:image:type\" content=\"image\/jpeg\" \/>\n<meta name=\"twitter:card\" content=\"summary_large_image\" \/>\n<meta name=\"twitter:label1\" content=\"Tiempo de lectura\" \/>\n\t<meta name=\"twitter:data1\" content=\"1 minuto\" \/>\n<!-- \/ Yoast SEO plugin. -->","yoast_head_json":{"title":"Pack de 2 velas artesanales de cera de soja en recipiente cer\u00e1mico -","description":"Pack de 2 velas artesanales de cera de soja en recipiente cer\u00e1mico reutilizable. Combusti\u00f3n limpia, ecol\u00f3gica y duradera para un ambiente c\u00e1lido y relajante.","robots":{"index":"index","follow":"follow","max-snippet":"max-snippet:-1","max-image-preview":"max-image-preview:large","max-video-preview":"max-video-preview:-1"},"canonical":"https:\/\/gesmobles.cat\/es\/producto\/pack-velas-de-cera-de-soja-velas-naturales-aromaticas-velas-artesanales-decorativas-velas-ecologicas-velas-vegetales-velas-en-recipiente-ceramico-velas-para-relajacion-velas-para-hogar-velas-s\/","og_locale":"es_ES","og_type":"article","og_title":"Pack de 2 velas artesanales de cera de soja en recipiente cer\u00e1mico -","og_description":"Pack de 2 velas artesanales de cera de soja en recipiente cer\u00e1mico reutilizable. Combusti\u00f3n limpia, ecol\u00f3gica y duradera para un ambiente c\u00e1lido y relajante.","og_url":"https:\/\/gesmobles.cat\/es\/producto\/pack-velas-de-cera-de-soja-velas-naturales-aromaticas-velas-artesanales-decorativas-velas-ecologicas-velas-vegetales-velas-en-recipiente-ceramico-velas-para-relajacion-velas-para-hogar-velas-s\/","article_modified_time":"2026-02-21T09:17:46+00:00","og_image":[{"width":700,"height":466,"url":"https:\/\/gesmobles.cat\/wp-content\/uploads\/2026\/02\/velon.jpg","type":"image\/jpeg"}],"twitter_card":"summary_large_image","twitter_misc":{"Tiempo de lectura":"1 minuto"},"schema":{"@context":"https:\/\/schema.org","@graph":[]}},"_links":{"self":[{"href":"https:\/\/gesmobles.cat\/es\/wp-json\/wp\/v2\/product\/7530","targetHints":{"allow":["GET"]}}],"collection":[{"href":"https:\/\/gesmobles.cat\/es\/wp-json\/wp\/v2\/product"}],"about":[{"href":"https:\/\/gesmobles.cat\/es\/wp-json\/wp\/v2\/types\/product"}],"replies":[{"embeddable":true,"href":"https:\/\/gesmobles.cat\/es\/wp-json\/wp\/v2\/comments?post=7530"}],"wp:featuredmedia":[{"embeddable":true,"href":"https:\/\/gesmobles.cat\/es\/wp-json\/wp\/v2\/media\/7533"}],"wp:attachment":[{"href":"https:\/\/gesmobles.cat\/es\/wp-json\/wp\/v2\/media?parent=7530"}],"wp:term":[{"taxonomy":"product_brand","embeddable":true,"href":"https:\/\/gesmobles.cat\/es\/wp-json\/wp\/v2\/product_brand?post=7530"},{"taxonomy":"product_cat","embeddable":true,"href":"https:\/\/gesmobles.cat\/es\/wp-json\/wp\/v2\/product_cat?post=7530"},{"taxonomy":"product_tag","embeddable":true,"href":"https:\/\/gesmobles.cat\/es\/wp-json\/wp\/v2\/product_tag?post=7530"}],"curies":[{"name":"wp","href":"https:\/\/api.w.org\/{rel}","templated":true}]}}