{"id":7590,"date":"2026-02-23T18:56:50","date_gmt":"2026-02-23T16:56:50","guid":{"rendered":"https:\/\/gesmobles.cat\/?post_type=product&#038;p=7590"},"modified":"2026-02-23T18:56:51","modified_gmt":"2026-02-23T16:56:51","slug":"vela-grande-aromatica-vela-de-cera-natural-vela-artesanal-grande-vela-3-mechas-vela-aroma-vainilla-vela-decorativa-rustica-vela-pesada-para-decoracion-vela-aromatica-para-sala-vela-natural-par","status":"publish","type":"product","link":"https:\/\/gesmobles.cat\/es\/producto\/vela-grande-aromatica-vela-de-cera-natural-vela-artesanal-grande-vela-3-mechas-vela-aroma-vainilla-vela-decorativa-rustica-vela-pesada-para-decoracion-vela-aromatica-para-sala-vela-natural-par\/","title":{"rendered":"Vela Artesanal de Cera Natural 3000g Aroma Vainilla \u2013 3 Mechas"},"content":{"rendered":"<p data-start=\"187\" data-end=\"491\">Nuestra vela artesanal de cera natural de 3000 gramos est\u00e1 elaborada cuidadosamente para crear una experiencia sensorial c\u00e1lida y acogedora. Su gran tama\u00f1o y sus tres mechas permiten una combusti\u00f3n uniforme, intensa y duradera, ideal para espacios amplios como salas, terrazas, spas o eventos especiales.<\/p>\n<p data-start=\"493\" data-end=\"785\">El delicado aroma a vainilla aporta una sensaci\u00f3n de relajaci\u00f3n, confort y elegancia, convirtiendo cualquier ambiente en un lugar armonioso. Su acabado r\u00fastico y su presentaci\u00f3n con cuerda natural la transforman tambi\u00e9n en un elemento decorativo perfecto para estilos vintage, boho y natural.<\/p>\n<p data-start=\"787\" data-end=\"830\">Perfecta para decorar, ambientar y regalar.<\/p>\n","protected":false},"excerpt":{"rendered":"<p>Nuestra vela artesanal de cera natural de 3000 gramos est\u00e1 elaborada cuidadosamente para crear una experiencia sensorial c\u00e1lida y acogedora. Su gran tama\u00f1o y sus tres mechas permiten una combusti\u00f3n uniforme, intensa y duradera, ideal para espacios amplios como salas, terrazas, spas o eventos especiales. El delicado aroma a vainilla aporta una sensaci\u00f3n de relajaci\u00f3n, [&hellip;]<\/p>\n","protected":false},"featured_media":7591,"comment_status":"open","ping_status":"closed","template":"","meta":[],"product_brand":[],"product_cat":[64,94],"product_tag":[],"class_list":{"0":"post-7590","1":"product","2":"type-product","3":"status-publish","4":"has-post-thumbnail","6":"product_cat-decoracion","7":"product_cat-velas-y-aromas","9":"first","10":"instock","11":"taxable","12":"shipping-taxable","13":"purchasable","14":"product-type-simple"},"acf":[],"yoast_head":"<!-- This site is optimized with the Yoast SEO plugin v27.4 - https:\/\/yoast.com\/product\/yoast-seo-wordpress\/ -->\n<title>Vela Artesanal de Cera Natural 3000g Aroma Vainilla \u2013 3 Mechas -<\/title>\n<meta name=\"description\" content=\"Vela artesanal de cera natural 3000g con aroma a vainilla y 3 mechas. Decorativa, duradera y perfecta para ambientar espacios amplios con estilo r\u00fastico y elegante.\" \/>\n<meta name=\"robots\" content=\"index, follow, max-snippet:-1, max-image-preview:large, max-video-preview:-1\" \/>\n<link rel=\"canonical\" href=\"https:\/\/gesmobles.cat\/es\/producto\/vela-grande-aromatica-vela-de-cera-natural-vela-artesanal-grande-vela-3-mechas-vela-aroma-vainilla-vela-decorativa-rustica-vela-pesada-para-decoracion-vela-aromatica-para-sala-vela-natural-par\/\" \/>\n<meta property=\"og:locale\" content=\"es_ES\" \/>\n<meta property=\"og:type\" content=\"article\" \/>\n<meta property=\"og:title\" content=\"Vela Artesanal de Cera Natural 3000g Aroma Vainilla \u2013 3 Mechas -\" \/>\n<meta property=\"og:description\" content=\"Vela artesanal de cera natural 3000g con aroma a vainilla y 3 mechas. Decorativa, duradera y perfecta para ambientar espacios amplios con estilo r\u00fastico y elegante.\" \/>\n<meta property=\"og:url\" content=\"https:\/\/gesmobles.cat\/es\/producto\/vela-grande-aromatica-vela-de-cera-natural-vela-artesanal-grande-vela-3-mechas-vela-aroma-vainilla-vela-decorativa-rustica-vela-pesada-para-decoracion-vela-aromatica-para-sala-vela-natural-par\/\" \/>\n<meta property=\"article:modified_time\" content=\"2026-02-23T16:56:51+00:00\" \/>\n<meta property=\"og:image\" content=\"https:\/\/gesmobles.cat\/wp-content\/uploads\/2026\/02\/esg-1.png\" \/>\n\t<meta property=\"og:image:width\" content=\"1200\" \/>\n\t<meta property=\"og:image:height\" content=\"1600\" \/>\n\t<meta property=\"og:image:type\" content=\"image\/png\" \/>\n<meta name=\"twitter:card\" content=\"summary_large_image\" \/>\n<meta name=\"twitter:label1\" content=\"Tiempo de lectura\" \/>\n\t<meta name=\"twitter:data1\" content=\"1 minuto\" \/>\n<!-- \/ Yoast SEO plugin. -->","yoast_head_json":{"title":"Vela Artesanal de Cera Natural 3000g Aroma Vainilla \u2013 3 Mechas -","description":"Vela artesanal de cera natural 3000g con aroma a vainilla y 3 mechas. Decorativa, duradera y perfecta para ambientar espacios amplios con estilo r\u00fastico y elegante.","robots":{"index":"index","follow":"follow","max-snippet":"max-snippet:-1","max-image-preview":"max-image-preview:large","max-video-preview":"max-video-preview:-1"},"canonical":"https:\/\/gesmobles.cat\/es\/producto\/vela-grande-aromatica-vela-de-cera-natural-vela-artesanal-grande-vela-3-mechas-vela-aroma-vainilla-vela-decorativa-rustica-vela-pesada-para-decoracion-vela-aromatica-para-sala-vela-natural-par\/","og_locale":"es_ES","og_type":"article","og_title":"Vela Artesanal de Cera Natural 3000g Aroma Vainilla \u2013 3 Mechas -","og_description":"Vela artesanal de cera natural 3000g con aroma a vainilla y 3 mechas. Decorativa, duradera y perfecta para ambientar espacios amplios con estilo r\u00fastico y elegante.","og_url":"https:\/\/gesmobles.cat\/es\/producto\/vela-grande-aromatica-vela-de-cera-natural-vela-artesanal-grande-vela-3-mechas-vela-aroma-vainilla-vela-decorativa-rustica-vela-pesada-para-decoracion-vela-aromatica-para-sala-vela-natural-par\/","article_modified_time":"2026-02-23T16:56:51+00:00","og_image":[{"width":1200,"height":1600,"url":"https:\/\/gesmobles.cat\/wp-content\/uploads\/2026\/02\/esg-1.png","type":"image\/png"}],"twitter_card":"summary_large_image","twitter_misc":{"Tiempo de lectura":"1 minuto"},"schema":{"@context":"https:\/\/schema.org","@graph":[]}},"_links":{"self":[{"href":"https:\/\/gesmobles.cat\/es\/wp-json\/wp\/v2\/product\/7590","targetHints":{"allow":["GET"]}}],"collection":[{"href":"https:\/\/gesmobles.cat\/es\/wp-json\/wp\/v2\/product"}],"about":[{"href":"https:\/\/gesmobles.cat\/es\/wp-json\/wp\/v2\/types\/product"}],"replies":[{"embeddable":true,"href":"https:\/\/gesmobles.cat\/es\/wp-json\/wp\/v2\/comments?post=7590"}],"wp:featuredmedia":[{"embeddable":true,"href":"https:\/\/gesmobles.cat\/es\/wp-json\/wp\/v2\/media\/7591"}],"wp:attachment":[{"href":"https:\/\/gesmobles.cat\/es\/wp-json\/wp\/v2\/media?parent=7590"}],"wp:term":[{"taxonomy":"product_brand","embeddable":true,"href":"https:\/\/gesmobles.cat\/es\/wp-json\/wp\/v2\/product_brand?post=7590"},{"taxonomy":"product_cat","embeddable":true,"href":"https:\/\/gesmobles.cat\/es\/wp-json\/wp\/v2\/product_cat?post=7590"},{"taxonomy":"product_tag","embeddable":true,"href":"https:\/\/gesmobles.cat\/es\/wp-json\/wp\/v2\/product_tag?post=7590"}],"curies":[{"name":"wp","href":"https:\/\/api.w.org\/{rel}","templated":true}]}}