{"id":7607,"date":"2026-02-23T19:21:56","date_gmt":"2026-02-23T17:21:56","guid":{"rendered":"https:\/\/gesmobles.cat\/?post_type=product&#038;p=7607"},"modified":"2026-02-23T19:21:57","modified_gmt":"2026-02-23T17:21:57","slug":"vela-grande-aromatica-vela-de-cera-natural-vela-artesanal-grande-vela-3-mechas-vela-aroma-canela-vela-decorativa-rustica-vela-pesada-para-decoracion-vela-aromatica-para-salon-vela-natural-para","status":"publish","type":"product","link":"https:\/\/gesmobles.cat\/es\/producto\/vela-grande-aromatica-vela-de-cera-natural-vela-artesanal-grande-vela-3-mechas-vela-aroma-canela-vela-decorativa-rustica-vela-pesada-para-decoracion-vela-aromatica-para-salon-vela-natural-para\/","title":{"rendered":"Vela Artesanal de Cera Natural 3000g Aroma Canela \u2013 3 Mechas"},"content":{"rendered":"<p data-start=\"202\" data-end=\"478\">Nuestra vela artesanal de cera natural de 3000 gramos est\u00e1 dise\u00f1ada para crear un ambiente c\u00e1lido y acogedor. Su gran tama\u00f1o y sus tres mechas proporcionan una combusti\u00f3n uniforme, intensa y de larga duraci\u00f3n, ideal para salones, comedores, recibidores o espacios de descanso.<\/p>\n<p data-start=\"480\" data-end=\"755\">El aroma a canela aporta calidez, confort y una sensaci\u00f3n hogare\u00f1a perfecta para cualquier \u00e9poca del a\u00f1o, especialmente en ambientes relajantes. Su acabado r\u00fastico con cuerda natural la convierte adem\u00e1s en una pieza decorativa perfecta para estilos naturales, vintage o boho.<\/p>\n<p data-start=\"757\" data-end=\"806\">Una vela ideal para decorar, ambientar o regalar.<\/p>\n","protected":false},"excerpt":{"rendered":"<p>Nuestra vela artesanal de cera natural de 3000 gramos est\u00e1 dise\u00f1ada para crear un ambiente c\u00e1lido y acogedor. Su gran tama\u00f1o y sus tres mechas proporcionan una combusti\u00f3n uniforme, intensa y de larga duraci\u00f3n, ideal para salones, comedores, recibidores o espacios de descanso. El aroma a canela aporta calidez, confort y una sensaci\u00f3n hogare\u00f1a perfecta [&hellip;]<\/p>\n","protected":false},"featured_media":7616,"comment_status":"open","ping_status":"closed","template":"","meta":[],"product_brand":[],"product_cat":[64,94],"product_tag":[],"class_list":{"0":"post-7607","1":"product","2":"type-product","3":"status-publish","4":"has-post-thumbnail","6":"product_cat-decoracion","7":"product_cat-velas-y-aromas","9":"first","10":"instock","11":"taxable","12":"shipping-taxable","13":"purchasable","14":"product-type-simple"},"acf":[],"yoast_head":"<!-- This site is optimized with the Yoast SEO plugin v27.4 - https:\/\/yoast.com\/product\/yoast-seo-wordpress\/ -->\n<title>Vela Artesanal de Cera Natural 3000g Aroma Canela \u2013 3 Mechas -<\/title>\n<meta name=\"description\" content=\"Vela artesanal de cera natural 3000g con aroma a canela y 3 mechas. Decorativa, duradera y perfecta para ambientar espacios amplios con un estilo c\u00e1lido y acogedor.\" \/>\n<meta name=\"robots\" content=\"index, follow, max-snippet:-1, max-image-preview:large, max-video-preview:-1\" \/>\n<link rel=\"canonical\" href=\"https:\/\/gesmobles.cat\/es\/producto\/vela-grande-aromatica-vela-de-cera-natural-vela-artesanal-grande-vela-3-mechas-vela-aroma-canela-vela-decorativa-rustica-vela-pesada-para-decoracion-vela-aromatica-para-salon-vela-natural-para\/\" \/>\n<meta property=\"og:locale\" content=\"es_ES\" \/>\n<meta property=\"og:type\" content=\"article\" \/>\n<meta property=\"og:title\" content=\"Vela Artesanal de Cera Natural 3000g Aroma Canela \u2013 3 Mechas -\" \/>\n<meta property=\"og:description\" content=\"Vela artesanal de cera natural 3000g con aroma a canela y 3 mechas. Decorativa, duradera y perfecta para ambientar espacios amplios con un estilo c\u00e1lido y acogedor.\" \/>\n<meta property=\"og:url\" content=\"https:\/\/gesmobles.cat\/es\/producto\/vela-grande-aromatica-vela-de-cera-natural-vela-artesanal-grande-vela-3-mechas-vela-aroma-canela-vela-decorativa-rustica-vela-pesada-para-decoracion-vela-aromatica-para-salon-vela-natural-para\/\" \/>\n<meta property=\"article:modified_time\" content=\"2026-02-23T17:21:57+00:00\" \/>\n<meta property=\"og:image\" content=\"https:\/\/gesmobles.cat\/wp-content\/uploads\/2026\/02\/ss2.png\" \/>\n\t<meta property=\"og:image:width\" content=\"1200\" \/>\n\t<meta property=\"og:image:height\" content=\"1600\" \/>\n\t<meta property=\"og:image:type\" content=\"image\/png\" \/>\n<meta name=\"twitter:card\" content=\"summary_large_image\" \/>\n<meta name=\"twitter:label1\" content=\"Tiempo de lectura\" \/>\n\t<meta name=\"twitter:data1\" content=\"1 minuto\" \/>\n<!-- \/ Yoast SEO plugin. -->","yoast_head_json":{"title":"Vela Artesanal de Cera Natural 3000g Aroma Canela \u2013 3 Mechas -","description":"Vela artesanal de cera natural 3000g con aroma a canela y 3 mechas. Decorativa, duradera y perfecta para ambientar espacios amplios con un estilo c\u00e1lido y acogedor.","robots":{"index":"index","follow":"follow","max-snippet":"max-snippet:-1","max-image-preview":"max-image-preview:large","max-video-preview":"max-video-preview:-1"},"canonical":"https:\/\/gesmobles.cat\/es\/producto\/vela-grande-aromatica-vela-de-cera-natural-vela-artesanal-grande-vela-3-mechas-vela-aroma-canela-vela-decorativa-rustica-vela-pesada-para-decoracion-vela-aromatica-para-salon-vela-natural-para\/","og_locale":"es_ES","og_type":"article","og_title":"Vela Artesanal de Cera Natural 3000g Aroma Canela \u2013 3 Mechas -","og_description":"Vela artesanal de cera natural 3000g con aroma a canela y 3 mechas. Decorativa, duradera y perfecta para ambientar espacios amplios con un estilo c\u00e1lido y acogedor.","og_url":"https:\/\/gesmobles.cat\/es\/producto\/vela-grande-aromatica-vela-de-cera-natural-vela-artesanal-grande-vela-3-mechas-vela-aroma-canela-vela-decorativa-rustica-vela-pesada-para-decoracion-vela-aromatica-para-salon-vela-natural-para\/","article_modified_time":"2026-02-23T17:21:57+00:00","og_image":[{"width":1200,"height":1600,"url":"https:\/\/gesmobles.cat\/wp-content\/uploads\/2026\/02\/ss2.png","type":"image\/png"}],"twitter_card":"summary_large_image","twitter_misc":{"Tiempo de lectura":"1 minuto"},"schema":{"@context":"https:\/\/schema.org","@graph":[]}},"_links":{"self":[{"href":"https:\/\/gesmobles.cat\/es\/wp-json\/wp\/v2\/product\/7607","targetHints":{"allow":["GET"]}}],"collection":[{"href":"https:\/\/gesmobles.cat\/es\/wp-json\/wp\/v2\/product"}],"about":[{"href":"https:\/\/gesmobles.cat\/es\/wp-json\/wp\/v2\/types\/product"}],"replies":[{"embeddable":true,"href":"https:\/\/gesmobles.cat\/es\/wp-json\/wp\/v2\/comments?post=7607"}],"wp:featuredmedia":[{"embeddable":true,"href":"https:\/\/gesmobles.cat\/es\/wp-json\/wp\/v2\/media\/7616"}],"wp:attachment":[{"href":"https:\/\/gesmobles.cat\/es\/wp-json\/wp\/v2\/media?parent=7607"}],"wp:term":[{"taxonomy":"product_brand","embeddable":true,"href":"https:\/\/gesmobles.cat\/es\/wp-json\/wp\/v2\/product_brand?post=7607"},{"taxonomy":"product_cat","embeddable":true,"href":"https:\/\/gesmobles.cat\/es\/wp-json\/wp\/v2\/product_cat?post=7607"},{"taxonomy":"product_tag","embeddable":true,"href":"https:\/\/gesmobles.cat\/es\/wp-json\/wp\/v2\/product_tag?post=7607"}],"curies":[{"name":"wp","href":"https:\/\/api.w.org\/{rel}","templated":true}]}}