{"id":7630,"date":"2026-02-24T18:37:22","date_gmt":"2026-02-24T16:37:22","guid":{"rendered":"https:\/\/gesmobles.cat\/?post_type=product&#038;p=7630"},"modified":"2026-03-30T10:41:54","modified_gmt":"2026-03-30T08:41:54","slug":"plaid-decorativo-manta-para-sofa-manta-ligera-manta-nordica-manta-con-flecos-manta-para-cama-decoracion-escandinava-manta-texturizada-manta-suave-hogar-manta-decorativa-salon","status":"publish","type":"product","link":"https:\/\/gesmobles.cat\/es\/producto\/plaid-decorativo-manta-para-sofa-manta-ligera-manta-nordica-manta-con-flecos-manta-para-cama-decoracion-escandinava-manta-texturizada-manta-suave-hogar-manta-decorativa-salon\/","title":{"rendered":"Plaid Decorativo Texturizado N\u00f3rdico con Flecos"},"content":{"rendered":"<p data-start=\"195\" data-end=\"521\">El plaid decorativo texturizado de estilo n\u00f3rdico es el complemento perfecto para aportar calidez, estilo y armon\u00eda a cualquier espacio del hogar. Su delicado tejido de aspecto artesanal, con sutiles l\u00edneas en tonos neutros, crea una est\u00e9tica minimalista y elegante ideal para ambientes modernos, escandinavos o mediterr\u00e1neos.<\/p>\n<p data-start=\"523\" data-end=\"755\">Gracias a su tacto suave y ligero, resulta ideal tanto para cubrir el sof\u00e1 o la cama como para arroparte en momentos de descanso. Los flecos en los extremos a\u00f1aden un toque acogedor y natural que realza la decoraci\u00f3n sin recargarla.<\/p>\n<p data-start=\"757\" data-end=\"891\">Un accesorio vers\u00e1til que transforma instant\u00e1neamente el sal\u00f3n o dormitorio, aportando confort visual y funcional durante todo el a\u00f1o.<\/p>\n","protected":false},"excerpt":{"rendered":"<p>El plaid decorativo texturizado de estilo n\u00f3rdico es el complemento perfecto para aportar calidez, estilo y armon\u00eda a cualquier espacio del hogar. Su delicado tejido de aspecto artesanal, con sutiles l\u00edneas en tonos neutros, crea una est\u00e9tica minimalista y elegante ideal para ambientes modernos, escandinavos o mediterr\u00e1neos. Gracias a su tacto suave y ligero, resulta [&hellip;]<\/p>\n","protected":false},"featured_media":7631,"comment_status":"open","ping_status":"closed","template":"","meta":[],"product_brand":[],"product_cat":[64,998],"product_tag":[],"class_list":{"0":"post-7630","1":"product","2":"type-product","3":"status-publish","4":"has-post-thumbnail","6":"product_cat-decoracion","7":"product_cat-plaids-y-mantitas","9":"first","10":"instock","11":"taxable","12":"shipping-taxable","13":"purchasable","14":"product-type-simple"},"acf":[],"yoast_head":"<!-- This site is optimized with the Yoast SEO plugin v27.4 - https:\/\/yoast.com\/product\/yoast-seo-wordpress\/ -->\n<title>Plaid Decorativo Texturizado N\u00f3rdico con Flecos -<\/title>\n<meta name=\"description\" content=\"Plaid decorativo con flecos de estilo n\u00f3rdico. Suave, ligero y elegante, ideal para sof\u00e1 o cama y crear ambientes acogedores.\" \/>\n<meta name=\"robots\" content=\"index, follow, max-snippet:-1, max-image-preview:large, max-video-preview:-1\" \/>\n<link rel=\"canonical\" href=\"https:\/\/gesmobles.cat\/es\/producto\/plaid-decorativo-manta-para-sofa-manta-ligera-manta-nordica-manta-con-flecos-manta-para-cama-decoracion-escandinava-manta-texturizada-manta-suave-hogar-manta-decorativa-salon\/\" \/>\n<meta property=\"og:locale\" content=\"es_ES\" \/>\n<meta property=\"og:type\" content=\"article\" \/>\n<meta property=\"og:title\" content=\"Plaid Decorativo Texturizado N\u00f3rdico con Flecos -\" \/>\n<meta property=\"og:description\" content=\"Plaid decorativo con flecos de estilo n\u00f3rdico. Suave, ligero y elegante, ideal para sof\u00e1 o cama y crear ambientes acogedores.\" \/>\n<meta property=\"og:url\" content=\"https:\/\/gesmobles.cat\/es\/producto\/plaid-decorativo-manta-para-sofa-manta-ligera-manta-nordica-manta-con-flecos-manta-para-cama-decoracion-escandinava-manta-texturizada-manta-suave-hogar-manta-decorativa-salon\/\" \/>\n<meta property=\"article:modified_time\" content=\"2026-03-30T08:41:54+00:00\" \/>\n<meta property=\"og:image\" content=\"https:\/\/gesmobles.cat\/wp-content\/uploads\/2026\/02\/plai.jpg\" \/>\n\t<meta property=\"og:image:width\" content=\"700\" \/>\n\t<meta property=\"og:image:height\" content=\"466\" \/>\n\t<meta property=\"og:image:type\" content=\"image\/jpeg\" \/>\n<meta name=\"twitter:card\" content=\"summary_large_image\" \/>\n<meta name=\"twitter:label1\" content=\"Tiempo de lectura\" \/>\n\t<meta name=\"twitter:data1\" content=\"1 minuto\" \/>\n<!-- \/ Yoast SEO plugin. -->","yoast_head_json":{"title":"Plaid Decorativo Texturizado N\u00f3rdico con Flecos -","description":"Plaid decorativo con flecos de estilo n\u00f3rdico. Suave, ligero y elegante, ideal para sof\u00e1 o cama y crear ambientes acogedores.","robots":{"index":"index","follow":"follow","max-snippet":"max-snippet:-1","max-image-preview":"max-image-preview:large","max-video-preview":"max-video-preview:-1"},"canonical":"https:\/\/gesmobles.cat\/es\/producto\/plaid-decorativo-manta-para-sofa-manta-ligera-manta-nordica-manta-con-flecos-manta-para-cama-decoracion-escandinava-manta-texturizada-manta-suave-hogar-manta-decorativa-salon\/","og_locale":"es_ES","og_type":"article","og_title":"Plaid Decorativo Texturizado N\u00f3rdico con Flecos -","og_description":"Plaid decorativo con flecos de estilo n\u00f3rdico. Suave, ligero y elegante, ideal para sof\u00e1 o cama y crear ambientes acogedores.","og_url":"https:\/\/gesmobles.cat\/es\/producto\/plaid-decorativo-manta-para-sofa-manta-ligera-manta-nordica-manta-con-flecos-manta-para-cama-decoracion-escandinava-manta-texturizada-manta-suave-hogar-manta-decorativa-salon\/","article_modified_time":"2026-03-30T08:41:54+00:00","og_image":[{"width":700,"height":466,"url":"https:\/\/gesmobles.cat\/wp-content\/uploads\/2026\/02\/plai.jpg","type":"image\/jpeg"}],"twitter_card":"summary_large_image","twitter_misc":{"Tiempo de lectura":"1 minuto"},"schema":{"@context":"https:\/\/schema.org","@graph":[]}},"_links":{"self":[{"href":"https:\/\/gesmobles.cat\/es\/wp-json\/wp\/v2\/product\/7630","targetHints":{"allow":["GET"]}}],"collection":[{"href":"https:\/\/gesmobles.cat\/es\/wp-json\/wp\/v2\/product"}],"about":[{"href":"https:\/\/gesmobles.cat\/es\/wp-json\/wp\/v2\/types\/product"}],"replies":[{"embeddable":true,"href":"https:\/\/gesmobles.cat\/es\/wp-json\/wp\/v2\/comments?post=7630"}],"wp:featuredmedia":[{"embeddable":true,"href":"https:\/\/gesmobles.cat\/es\/wp-json\/wp\/v2\/media\/7631"}],"wp:attachment":[{"href":"https:\/\/gesmobles.cat\/es\/wp-json\/wp\/v2\/media?parent=7630"}],"wp:term":[{"taxonomy":"product_brand","embeddable":true,"href":"https:\/\/gesmobles.cat\/es\/wp-json\/wp\/v2\/product_brand?post=7630"},{"taxonomy":"product_cat","embeddable":true,"href":"https:\/\/gesmobles.cat\/es\/wp-json\/wp\/v2\/product_cat?post=7630"},{"taxonomy":"product_tag","embeddable":true,"href":"https:\/\/gesmobles.cat\/es\/wp-json\/wp\/v2\/product_tag?post=7630"}],"curies":[{"name":"wp","href":"https:\/\/api.w.org\/{rel}","templated":true}]}}