{"id":7648,"date":"2026-02-24T18:49:57","date_gmt":"2026-02-24T16:49:57","guid":{"rendered":"https:\/\/gesmobles.cat\/?post_type=product&#038;p=7648"},"modified":"2026-03-30T11:15:18","modified_gmt":"2026-03-30T09:15:18","slug":"plaid-decorativo-manta-para-sofa-manta-ligera-manta-con-flecos-manta-decorativa-manta-para-cama-decoracion-natural-manta-suave-hogar-manta-salon-plaid-moderno","status":"publish","type":"product","link":"https:\/\/gesmobles.cat\/es\/producto\/plaid-decorativo-manta-para-sofa-manta-ligera-manta-con-flecos-manta-decorativa-manta-para-cama-decoracion-natural-manta-suave-hogar-manta-salon-plaid-moderno\/","title":{"rendered":"Plaid Decorativo Suave con Flecos Artesanales"},"content":{"rendered":"<p data-start=\"160\" data-end=\"426\">El plaid decorativo suave con flecos artesanales es una pieza vers\u00e1til dise\u00f1ada para aportar calidez y naturalidad a cualquier ambiente del hogar. Su tejido ligero y fluido ofrece una ca\u00edda elegante que viste el sof\u00e1 o la cama con un estilo relajado y contempor\u00e1neo.<\/p>\n<p data-start=\"428\" data-end=\"712\">Los flecos anudados a mano aportan un car\u00e1cter artesanal que realza la decoraci\u00f3n y crea una sensaci\u00f3n acogedora. Perfecto tanto para entretiempo como para uso diario, es ideal para acompa\u00f1ar momentos de descanso o como elemento decorativo que transforma el espacio sin sobrecargarlo.<\/p>\n<p data-start=\"714\" data-end=\"809\">Un b\u00e1sico atemporal que combina f\u00e1cilmente con estilos mediterr\u00e1neos, naturales o minimalistas.<\/p>\n","protected":false},"excerpt":{"rendered":"<p>El plaid decorativo suave con flecos artesanales es una pieza vers\u00e1til dise\u00f1ada para aportar calidez y naturalidad a cualquier ambiente del hogar. Su tejido ligero y fluido ofrece una ca\u00edda elegante que viste el sof\u00e1 o la cama con un estilo relajado y contempor\u00e1neo. Los flecos anudados a mano aportan un car\u00e1cter artesanal que realza [&hellip;]<\/p>\n","protected":false},"featured_media":7644,"comment_status":"open","ping_status":"closed","template":"","meta":[],"product_brand":[],"product_cat":[64],"product_tag":[],"class_list":{"0":"post-7648","1":"product","2":"type-product","3":"status-publish","4":"has-post-thumbnail","6":"product_cat-decoracion","8":"first","9":"instock","10":"taxable","11":"shipping-taxable","12":"purchasable","13":"product-type-simple"},"acf":[],"yoast_head":"<!-- This site is optimized with the Yoast SEO plugin v27.4 - https:\/\/yoast.com\/product\/yoast-seo-wordpress\/ -->\n<title>Plaid Decorativo Suave con Flecos Artesanales -<\/title>\n<meta name=\"description\" content=\"Plaid decorativo suave con flecos artesanales. Ligero y elegante, ideal para sof\u00e1 o cama y crear ambientes c\u00e1lidos y acogedores.\" \/>\n<meta name=\"robots\" content=\"index, follow, max-snippet:-1, max-image-preview:large, max-video-preview:-1\" \/>\n<link rel=\"canonical\" href=\"https:\/\/gesmobles.cat\/es\/producto\/plaid-decorativo-manta-para-sofa-manta-ligera-manta-con-flecos-manta-decorativa-manta-para-cama-decoracion-natural-manta-suave-hogar-manta-salon-plaid-moderno\/\" \/>\n<meta property=\"og:locale\" content=\"es_ES\" \/>\n<meta property=\"og:type\" content=\"article\" \/>\n<meta property=\"og:title\" content=\"Plaid Decorativo Suave con Flecos Artesanales -\" \/>\n<meta property=\"og:description\" content=\"Plaid decorativo suave con flecos artesanales. Ligero y elegante, ideal para sof\u00e1 o cama y crear ambientes c\u00e1lidos y acogedores.\" \/>\n<meta property=\"og:url\" content=\"https:\/\/gesmobles.cat\/es\/producto\/plaid-decorativo-manta-para-sofa-manta-ligera-manta-con-flecos-manta-decorativa-manta-para-cama-decoracion-natural-manta-suave-hogar-manta-salon-plaid-moderno\/\" \/>\n<meta property=\"article:modified_time\" content=\"2026-03-30T09:15:18+00:00\" \/>\n<meta property=\"og:image\" content=\"https:\/\/gesmobles.cat\/wp-content\/uploads\/2026\/02\/az1.jpg\" \/>\n\t<meta property=\"og:image:width\" content=\"700\" \/>\n\t<meta property=\"og:image:height\" content=\"466\" \/>\n\t<meta property=\"og:image:type\" content=\"image\/jpeg\" \/>\n<meta name=\"twitter:card\" content=\"summary_large_image\" \/>\n<meta name=\"twitter:label1\" content=\"Tiempo de lectura\" \/>\n\t<meta name=\"twitter:data1\" content=\"1 minuto\" \/>\n<!-- \/ Yoast SEO plugin. -->","yoast_head_json":{"title":"Plaid Decorativo Suave con Flecos Artesanales -","description":"Plaid decorativo suave con flecos artesanales. Ligero y elegante, ideal para sof\u00e1 o cama y crear ambientes c\u00e1lidos y acogedores.","robots":{"index":"index","follow":"follow","max-snippet":"max-snippet:-1","max-image-preview":"max-image-preview:large","max-video-preview":"max-video-preview:-1"},"canonical":"https:\/\/gesmobles.cat\/es\/producto\/plaid-decorativo-manta-para-sofa-manta-ligera-manta-con-flecos-manta-decorativa-manta-para-cama-decoracion-natural-manta-suave-hogar-manta-salon-plaid-moderno\/","og_locale":"es_ES","og_type":"article","og_title":"Plaid Decorativo Suave con Flecos Artesanales -","og_description":"Plaid decorativo suave con flecos artesanales. Ligero y elegante, ideal para sof\u00e1 o cama y crear ambientes c\u00e1lidos y acogedores.","og_url":"https:\/\/gesmobles.cat\/es\/producto\/plaid-decorativo-manta-para-sofa-manta-ligera-manta-con-flecos-manta-decorativa-manta-para-cama-decoracion-natural-manta-suave-hogar-manta-salon-plaid-moderno\/","article_modified_time":"2026-03-30T09:15:18+00:00","og_image":[{"width":700,"height":466,"url":"https:\/\/gesmobles.cat\/wp-content\/uploads\/2026\/02\/az1.jpg","type":"image\/jpeg"}],"twitter_card":"summary_large_image","twitter_misc":{"Tiempo de lectura":"1 minuto"},"schema":{"@context":"https:\/\/schema.org","@graph":[]}},"_links":{"self":[{"href":"https:\/\/gesmobles.cat\/es\/wp-json\/wp\/v2\/product\/7648","targetHints":{"allow":["GET"]}}],"collection":[{"href":"https:\/\/gesmobles.cat\/es\/wp-json\/wp\/v2\/product"}],"about":[{"href":"https:\/\/gesmobles.cat\/es\/wp-json\/wp\/v2\/types\/product"}],"replies":[{"embeddable":true,"href":"https:\/\/gesmobles.cat\/es\/wp-json\/wp\/v2\/comments?post=7648"}],"wp:featuredmedia":[{"embeddable":true,"href":"https:\/\/gesmobles.cat\/es\/wp-json\/wp\/v2\/media\/7644"}],"wp:attachment":[{"href":"https:\/\/gesmobles.cat\/es\/wp-json\/wp\/v2\/media?parent=7648"}],"wp:term":[{"taxonomy":"product_brand","embeddable":true,"href":"https:\/\/gesmobles.cat\/es\/wp-json\/wp\/v2\/product_brand?post=7648"},{"taxonomy":"product_cat","embeddable":true,"href":"https:\/\/gesmobles.cat\/es\/wp-json\/wp\/v2\/product_cat?post=7648"},{"taxonomy":"product_tag","embeddable":true,"href":"https:\/\/gesmobles.cat\/es\/wp-json\/wp\/v2\/product_tag?post=7648"}],"curies":[{"name":"wp","href":"https:\/\/api.w.org\/{rel}","templated":true}]}}