{"id":7673,"date":"2026-02-25T18:01:32","date_gmt":"2026-02-25T16:01:32","guid":{"rendered":"https:\/\/gesmobles.cat\/?post_type=product&#038;p=7673"},"modified":"2026-02-25T18:05:34","modified_gmt":"2026-02-25T16:05:34","slug":"conjunto-de-jardin-muebles-de-madera-exterior-mesa-de-jardin-con-sillas-set-jardin-5-piezas-mesa-plegable-exterior-sillas-plegables-madera-muebles-para-terraza-muebles-para-patio-comedor-de-ja","status":"publish","type":"product","link":"https:\/\/gesmobles.cat\/es\/producto\/conjunto-de-jardin-muebles-de-madera-exterior-mesa-de-jardin-con-sillas-set-jardin-5-piezas-mesa-plegable-exterior-sillas-plegables-madera-muebles-para-terraza-muebles-para-patio-comedor-de-ja\/","title":{"rendered":"Conjunto de jard\u00edn de madera plegable 5 piezas con mesa y 4 sillas"},"content":{"rendered":"<p data-start=\"910\" data-end=\"1210\">Disfruta de comidas y reuniones al aire libre con este elegante conjunto de jard\u00edn de madera compuesto por una mesa y cuatro sillas plegables. Su dise\u00f1o cl\u00e1sico y funcional lo convierte en la opci\u00f3n ideal para terrazas, patios y jardines, aportando calidez y naturalidad a cualquier espacio exterior.<\/p>\n<p data-start=\"1212\" data-end=\"1559\">La mesa, de formato amplio y estable, ofrece una superficie c\u00f3moda para compartir comidas, desayunos o cenas al aire libre. Las cuatro sillas cuentan con respaldo alto y estructura reforzada que proporciona comodidad y firmeza durante su uso. Adem\u00e1s, su sistema plegable permite guardarlas f\u00e1cilmente cuando no se utilizan, optimizando el espacio.<\/p>\n<p data-start=\"1561\" data-end=\"1813\" data-is-last-node=\"\" data-is-only-node=\"\">Fabricado en madera resistente, este conjunto est\u00e1 preparado para el uso exterior en zonas protegidas, ofreciendo durabilidad y estabilidad. Es la soluci\u00f3n perfecta para quienes buscan un comedor de jard\u00edn pr\u00e1ctico, funcional y con un estilo atemporal.<\/p>\n","protected":false},"excerpt":{"rendered":"<p>Disfruta de comidas y reuniones al aire libre con este elegante conjunto de jard\u00edn de madera compuesto por una mesa y cuatro sillas plegables. Su dise\u00f1o cl\u00e1sico y funcional lo convierte en la opci\u00f3n ideal para terrazas, patios y jardines, aportando calidez y naturalidad a cualquier espacio exterior. La mesa, de formato amplio y estable, [&hellip;]<\/p>\n","protected":false},"featured_media":7674,"comment_status":"open","ping_status":"closed","template":"","meta":[],"product_brand":[],"product_cat":[59],"product_tag":[52],"class_list":{"0":"post-7673","1":"product","2":"type-product","3":"status-publish","4":"has-post-thumbnail","6":"product_cat-exterior-es","7":"product_tag-novedades-es","9":"first","10":"instock","11":"taxable","12":"shipping-taxable","13":"purchasable","14":"product-type-simple"},"acf":[],"yoast_head":"<!-- This site is optimized with the Yoast SEO plugin v27.3 - https:\/\/yoast.com\/product\/yoast-seo-wordpress\/ -->\n<title>Conjunto de jard\u00edn de madera plegable 5 piezas con mesa y 4 sillas -<\/title>\n<meta name=\"description\" content=\"Conjunto de jard\u00edn de madera plegable con mesa y 4 sillas. Ideal para terraza o patio, resistente, funcional y perfecto para disfrutar al aire libre.\" \/>\n<meta name=\"robots\" content=\"index, follow, max-snippet:-1, max-image-preview:large, max-video-preview:-1\" \/>\n<link rel=\"canonical\" href=\"https:\/\/gesmobles.cat\/es\/producto\/conjunto-de-jardin-muebles-de-madera-exterior-mesa-de-jardin-con-sillas-set-jardin-5-piezas-mesa-plegable-exterior-sillas-plegables-madera-muebles-para-terraza-muebles-para-patio-comedor-de-ja\/\" \/>\n<meta property=\"og:locale\" content=\"es_ES\" \/>\n<meta property=\"og:type\" content=\"article\" \/>\n<meta property=\"og:title\" content=\"Conjunto de jard\u00edn de madera plegable 5 piezas con mesa y 4 sillas -\" \/>\n<meta property=\"og:description\" content=\"Conjunto de jard\u00edn de madera plegable con mesa y 4 sillas. Ideal para terraza o patio, resistente, funcional y perfecto para disfrutar al aire libre.\" \/>\n<meta property=\"og:url\" content=\"https:\/\/gesmobles.cat\/es\/producto\/conjunto-de-jardin-muebles-de-madera-exterior-mesa-de-jardin-con-sillas-set-jardin-5-piezas-mesa-plegable-exterior-sillas-plegables-madera-muebles-para-terraza-muebles-para-patio-comedor-de-ja\/\" \/>\n<meta property=\"article:modified_time\" content=\"2026-02-25T16:05:34+00:00\" \/>\n<meta property=\"og:image\" content=\"https:\/\/gesmobles.cat\/wp-content\/uploads\/2026\/02\/mesita.jpg\" \/>\n\t<meta property=\"og:image:width\" content=\"700\" \/>\n\t<meta property=\"og:image:height\" content=\"466\" \/>\n\t<meta property=\"og:image:type\" content=\"image\/jpeg\" \/>\n<meta name=\"twitter:card\" content=\"summary_large_image\" \/>\n<meta name=\"twitter:label1\" content=\"Tiempo de lectura\" \/>\n\t<meta name=\"twitter:data1\" content=\"1 minuto\" \/>\n<!-- \/ Yoast SEO plugin. -->","yoast_head_json":{"title":"Conjunto de jard\u00edn de madera plegable 5 piezas con mesa y 4 sillas -","description":"Conjunto de jard\u00edn de madera plegable con mesa y 4 sillas. Ideal para terraza o patio, resistente, funcional y perfecto para disfrutar al aire libre.","robots":{"index":"index","follow":"follow","max-snippet":"max-snippet:-1","max-image-preview":"max-image-preview:large","max-video-preview":"max-video-preview:-1"},"canonical":"https:\/\/gesmobles.cat\/es\/producto\/conjunto-de-jardin-muebles-de-madera-exterior-mesa-de-jardin-con-sillas-set-jardin-5-piezas-mesa-plegable-exterior-sillas-plegables-madera-muebles-para-terraza-muebles-para-patio-comedor-de-ja\/","og_locale":"es_ES","og_type":"article","og_title":"Conjunto de jard\u00edn de madera plegable 5 piezas con mesa y 4 sillas -","og_description":"Conjunto de jard\u00edn de madera plegable con mesa y 4 sillas. Ideal para terraza o patio, resistente, funcional y perfecto para disfrutar al aire libre.","og_url":"https:\/\/gesmobles.cat\/es\/producto\/conjunto-de-jardin-muebles-de-madera-exterior-mesa-de-jardin-con-sillas-set-jardin-5-piezas-mesa-plegable-exterior-sillas-plegables-madera-muebles-para-terraza-muebles-para-patio-comedor-de-ja\/","article_modified_time":"2026-02-25T16:05:34+00:00","og_image":[{"width":700,"height":466,"url":"https:\/\/gesmobles.cat\/wp-content\/uploads\/2026\/02\/mesita.jpg","type":"image\/jpeg"}],"twitter_card":"summary_large_image","twitter_misc":{"Tiempo de lectura":"1 minuto"},"schema":{"@context":"https:\/\/schema.org","@graph":[]}},"_links":{"self":[{"href":"https:\/\/gesmobles.cat\/es\/wp-json\/wp\/v2\/product\/7673","targetHints":{"allow":["GET"]}}],"collection":[{"href":"https:\/\/gesmobles.cat\/es\/wp-json\/wp\/v2\/product"}],"about":[{"href":"https:\/\/gesmobles.cat\/es\/wp-json\/wp\/v2\/types\/product"}],"replies":[{"embeddable":true,"href":"https:\/\/gesmobles.cat\/es\/wp-json\/wp\/v2\/comments?post=7673"}],"wp:featuredmedia":[{"embeddable":true,"href":"https:\/\/gesmobles.cat\/es\/wp-json\/wp\/v2\/media\/7674"}],"wp:attachment":[{"href":"https:\/\/gesmobles.cat\/es\/wp-json\/wp\/v2\/media?parent=7673"}],"wp:term":[{"taxonomy":"product_brand","embeddable":true,"href":"https:\/\/gesmobles.cat\/es\/wp-json\/wp\/v2\/product_brand?post=7673"},{"taxonomy":"product_cat","embeddable":true,"href":"https:\/\/gesmobles.cat\/es\/wp-json\/wp\/v2\/product_cat?post=7673"},{"taxonomy":"product_tag","embeddable":true,"href":"https:\/\/gesmobles.cat\/es\/wp-json\/wp\/v2\/product_tag?post=7673"}],"curies":[{"name":"wp","href":"https:\/\/api.w.org\/{rel}","templated":true}]}}