{"id":7730,"date":"2026-03-03T11:19:42","date_gmt":"2026-03-03T09:19:42","guid":{"rendered":"https:\/\/gesmobles.cat\/?post_type=product&#038;p=7730"},"modified":"2026-04-20T20:02:37","modified_gmt":"2026-04-20T18:02:37","slug":"colchon-muelles-ensacados-firmeza-alta-hilton-kuoris","status":"publish","type":"product","link":"https:\/\/gesmobles.cat\/es\/producto\/colchon-muelles-ensacados-firmeza-alta-hilton-kuoris\/","title":{"rendered":"Colch\u00f3n Hilton Kuoris 930 muelles ensacados firmeza alta"},"content":{"rendered":"<p data-start=\"466\" data-end=\"722\"><strong data-start=\"466\" data-end=\"722\">.El colch\u00f3n muelles ensacados firmeza alta Hilton de Kuoris es ideal para quienes buscan un descanso firme, duradero y con buena adaptabilidad.<\/strong><\/p>\n<p data-start=\"724\" data-end=\"941\">Este modelo incorpora un n\u00facleo de <strong data-start=\"759\" data-end=\"811\">930 muelles ensacados en forma de panal de abeja<\/strong>, con alta densidad que favorece la independencia de lechos, mejora la ventilaci\u00f3n y ayuda a aliviar la presi\u00f3n en la zona lumbar.<\/p>\n<p data-start=\"943\" data-end=\"1159\">Dispone de <strong data-start=\"954\" data-end=\"974\">dos caras \u00fatiles<\/strong>, lo que permite prolongar la vida \u00fatil del colch\u00f3n. Adem\u00e1s, incluye <strong data-start=\"1043\" data-end=\"1083\">3 cm de viscoel\u00e1stica en ambas caras<\/strong>, proporcionando una acogida progresiva y una buena adaptabilidad al cuerpo.<\/p>\n<p data-start=\"1161\" data-end=\"1359\">El tejido <strong data-start=\"1171\" data-end=\"1199\">High Stretch Ultra-Fresh<\/strong> mejora la transpirabilidad y aporta protecci\u00f3n higi\u00e9nica frente a bacterias y hongos, ayudando a mantener el colch\u00f3n en mejores condiciones durante m\u00e1s tiempo.<\/p>\n<p data-start=\"1161\" data-end=\"1359\">Este colch\u00f3n muelles ensacados firmeza alta destaca por su resistencia y ventilaci\u00f3n.<\/p>\n<h2 data-section-id=\"1a443lk\" data-start=\"1361\" data-end=\"1423\">Colch\u00f3n muelles ensacados firmeza alta con gran durabilidad<\/h2>\n<p data-start=\"1425\" data-end=\"1658\">La combinaci\u00f3n de muelles ensacados, viscoel\u00e1stica y materiales de alta calidad permite obtener una firmeza alta con un confort equilibrado. Tambi\u00e9n incorpora refuerzo perimetral, ideal para mejorar la estabilidad en canap\u00e9s y bases.<\/p>\n<p data-start=\"1660\" data-end=\"1786\">Este colch\u00f3n destaca por su firmeza y ventilaci\u00f3n<\/p>\n<p data-start=\"1660\" data-end=\"1786\"><a href=\"http:\/\/Descubre m\u00e1s opciones en nuestra secci\u00f3n de &lt;a href=&quot;https:\/\/gesmobles.cat\/categoria-producto\/colchones\/&quot;&gt;colchones&lt;\/a&gt;.\">http:\/\/Descubre m\u00e1s opciones en nuestra secci\u00f3n de &lt;a href=\u00bbhttps:\/\/gesmobles.cat\/categoria-producto\/colchones\/\u00bb&gt;colchones&lt;\/a&gt;.<\/a><\/p>\n<p data-start=\"1788\" data-end=\"1908\">Este modelo est\u00e1 especialmente recomendado para personas que prefieren una sensaci\u00f3n firme al dormir, ya que ayuda a mantener una correcta alineaci\u00f3n de la espalda. Su combinaci\u00f3n de materiales permite un descanso estable, transpirable y duradero, adapt\u00e1ndose a diferentes tipos de usuario.<\/p>\n<p data-start=\"1788\" data-end=\"1908\">Gracias a su dise\u00f1o, este colch\u00f3n ofrece una gran estabilidad durante el descanso, evitando hundimientos y mejorando la postura corporal. Es una opci\u00f3n ideal para quienes buscan calidad, resistencia y una sensaci\u00f3n firme a lo largo del tiempo<\/p>\n<p data-start=\"1788\" data-end=\"1908\">Adem\u00e1s, su estructura permite una mejor distribuci\u00f3n del peso, favoreciendo un descanso m\u00e1s equilibrado y c\u00f3modo durante toda la noche.<\/p>\n<hr data-start=\"1910\" data-end=\"1913\" \/>\n<h2 data-section-id=\"1hc81n2\" data-start=\"1915\" data-end=\"1938\">Ventajas del colch\u00f3n<\/h2>\n<ul data-start=\"1940\" data-end=\"2058\">\n<li data-section-id=\"1s5s7ji\" data-start=\"1940\" data-end=\"1967\">Independencia de lechos<\/li>\n<li data-section-id=\"1gefi9b\" data-start=\"1968\" data-end=\"1989\">Buena ventilaci\u00f3n<\/li>\n<li data-section-id=\"135t7rh\" data-start=\"1990\" data-end=\"2011\">Mayor durabilidad<\/li>\n<li data-section-id=\"cdznel\" data-start=\"2012\" data-end=\"2029\">Soporte firme<\/li>\n<li data-section-id=\"nblxjq\" data-start=\"2030\" data-end=\"2058\">Adaptabilidad progresiva<\/li>\n<\/ul>\n","protected":false},"excerpt":{"rendered":"<p>Colch\u00f3n muelles ensacados firmeza alta Kuoris Hilton con 930 muelles y doble cara. Ofrece buena ventilaci\u00f3n, estabilidad y confort para un descanso firme y duradero.<\/p>\n<ul>\n<li>930 muelles ensacados de alta densidad<\/li>\n<li>Firmeza alta<\/li>\n<li>Viscoel\u00e1stica en ambas caras<\/li>\n<li>2 caras \u00fatiles<\/li>\n<li>Refuerzo perimetral<\/li>\n<li>Tejido antibacteriano<\/li>\n<li>Entrega estimada: 7\u201315 d\u00edas<\/li>\n<li>Canap\u00e9 no incluido<\/li>\n<\/ul>\n<p>&nbsp;<\/p>\n","protected":false},"featured_media":7731,"comment_status":"open","ping_status":"closed","template":"","meta":[],"product_brand":[],"product_cat":[62,75],"product_tag":[399,400,402,404,417,515,912,1031,1032],"class_list":{"0":"post-7730","1":"product","2":"type-product","3":"status-publish","4":"has-post-thumbnail","6":"product_cat-colchones","7":"product_cat-muelles-ensacados","8":"product_tag-colchon-viscoelastico","9":"product_tag-colchon-muelles-ensacados","10":"product_tag-colchon-transpirable","11":"product_tag-colchon-matrimonio","12":"product_tag-colchon-firmeza-alta","13":"product_tag-colchon-duradero","14":"product_tag-colchon-kuoris","15":"product_tag-colchon-doble-cara","16":"product_tag-colchon-930-muelles","18":"first","19":"instock","20":"taxable","21":"shipping-taxable","22":"purchasable","23":"product-type-variable"},"acf":[],"yoast_head":"<!-- This site is optimized with the Yoast SEO plugin v27.4 - https:\/\/yoast.com\/product\/yoast-seo-wordpress\/ -->\n<title>Colch\u00f3n muelles ensacados firmeza alta Hilton Kuoris 930<\/title>\n<meta name=\"description\" content=\"Colch\u00f3n muelles ensacados firmeza alta Hilton Kuoris con 930 muelles y doble cara. Buena ventilaci\u00f3n, durabilidad y confort para descanso firme.\" \/>\n<meta name=\"robots\" content=\"index, follow, max-snippet:-1, max-image-preview:large, max-video-preview:-1\" \/>\n<link rel=\"canonical\" href=\"https:\/\/gesmobles.cat\/es\/producto\/colchon-muelles-ensacados-firmeza-alta-hilton-kuoris\/\" \/>\n<meta property=\"og:locale\" content=\"es_ES\" \/>\n<meta property=\"og:type\" content=\"article\" \/>\n<meta property=\"og:title\" content=\"Colch\u00f3n muelles ensacados firmeza alta Hilton Kuoris 930\" \/>\n<meta property=\"og:description\" content=\"Colch\u00f3n muelles ensacados firmeza alta Hilton Kuoris con 930 muelles y doble cara. Buena ventilaci\u00f3n, durabilidad y confort para descanso firme.\" \/>\n<meta property=\"og:url\" content=\"https:\/\/gesmobles.cat\/es\/producto\/colchon-muelles-ensacados-firmeza-alta-hilton-kuoris\/\" \/>\n<meta property=\"article:modified_time\" content=\"2026-04-20T18:02:37+00:00\" \/>\n<meta property=\"og:image\" content=\"https:\/\/gesmobles.cat\/wp-content\/uploads\/2026\/03\/hilton.webp\" \/>\n\t<meta property=\"og:image:width\" content=\"1600\" \/>\n\t<meta property=\"og:image:height\" content=\"1200\" \/>\n\t<meta property=\"og:image:type\" content=\"image\/webp\" \/>\n<meta name=\"twitter:card\" content=\"summary_large_image\" \/>\n<meta name=\"twitter:label1\" content=\"Tiempo de lectura\" \/>\n\t<meta name=\"twitter:data1\" content=\"2 minutos\" \/>\n<!-- \/ Yoast SEO plugin. -->","yoast_head_json":{"title":"Colch\u00f3n muelles ensacados firmeza alta Hilton Kuoris 930","description":"Colch\u00f3n muelles ensacados firmeza alta Hilton Kuoris con 930 muelles y doble cara. Buena ventilaci\u00f3n, durabilidad y confort para descanso firme.","robots":{"index":"index","follow":"follow","max-snippet":"max-snippet:-1","max-image-preview":"max-image-preview:large","max-video-preview":"max-video-preview:-1"},"canonical":"https:\/\/gesmobles.cat\/es\/producto\/colchon-muelles-ensacados-firmeza-alta-hilton-kuoris\/","og_locale":"es_ES","og_type":"article","og_title":"Colch\u00f3n muelles ensacados firmeza alta Hilton Kuoris 930","og_description":"Colch\u00f3n muelles ensacados firmeza alta Hilton Kuoris con 930 muelles y doble cara. Buena ventilaci\u00f3n, durabilidad y confort para descanso firme.","og_url":"https:\/\/gesmobles.cat\/es\/producto\/colchon-muelles-ensacados-firmeza-alta-hilton-kuoris\/","article_modified_time":"2026-04-20T18:02:37+00:00","og_image":[{"width":1600,"height":1200,"url":"https:\/\/gesmobles.cat\/wp-content\/uploads\/2026\/03\/hilton.webp","type":"image\/webp"}],"twitter_card":"summary_large_image","twitter_misc":{"Tiempo de lectura":"2 minutos"},"schema":{"@context":"https:\/\/schema.org","@graph":[]}},"_links":{"self":[{"href":"https:\/\/gesmobles.cat\/es\/wp-json\/wp\/v2\/product\/7730","targetHints":{"allow":["GET"]}}],"collection":[{"href":"https:\/\/gesmobles.cat\/es\/wp-json\/wp\/v2\/product"}],"about":[{"href":"https:\/\/gesmobles.cat\/es\/wp-json\/wp\/v2\/types\/product"}],"replies":[{"embeddable":true,"href":"https:\/\/gesmobles.cat\/es\/wp-json\/wp\/v2\/comments?post=7730"}],"wp:featuredmedia":[{"embeddable":true,"href":"https:\/\/gesmobles.cat\/es\/wp-json\/wp\/v2\/media\/7731"}],"wp:attachment":[{"href":"https:\/\/gesmobles.cat\/es\/wp-json\/wp\/v2\/media?parent=7730"}],"wp:term":[{"taxonomy":"product_brand","embeddable":true,"href":"https:\/\/gesmobles.cat\/es\/wp-json\/wp\/v2\/product_brand?post=7730"},{"taxonomy":"product_cat","embeddable":true,"href":"https:\/\/gesmobles.cat\/es\/wp-json\/wp\/v2\/product_cat?post=7730"},{"taxonomy":"product_tag","embeddable":true,"href":"https:\/\/gesmobles.cat\/es\/wp-json\/wp\/v2\/product_tag?post=7730"}],"curies":[{"name":"wp","href":"https:\/\/api.w.org\/{rel}","templated":true}]}}