{"id":7779,"date":"2026-03-04T15:22:59","date_gmt":"2026-03-04T13:22:59","guid":{"rendered":"https:\/\/gesmobles.cat\/?post_type=product&#038;p=7779"},"modified":"2026-03-04T17:06:24","modified_gmt":"2026-03-04T15:06:24","slug":"colchon-700-muelles-colchon-muelles-ensacados-barato-colchon-firme-colchon-economico-calidad-colchon-27-cm-colchon-matrimonial-economico-colchon-buena-relacion-calidad-precio","status":"publish","type":"product","link":"https:\/\/gesmobles.cat\/es\/producto\/colchon-700-muelles-colchon-muelles-ensacados-barato-colchon-firme-colchon-economico-calidad-colchon-27-cm-colchon-matrimonial-economico-colchon-buena-relacion-calidad-precio\/","title":{"rendered":"pack colch\u00f3n muelles ensacados con base tapizada"},"content":{"rendered":"<h2 data-start=\"1006\" data-end=\"1056\">El colch\u00f3n que rompe el mercado en su categor\u00eda<\/h2>\n<p data-start=\"1058\" data-end=\"1216\">Antes de la llegada del Velour, era dif\u00edcil recomendar un colch\u00f3n de muelle ensacado por debajo de 300\u20ac en medida matrimonial que realmente mereciera la pena.<\/p>\n<p data-start=\"1218\" data-end=\"1309\">No porque no existieran, sino porque la mayor\u00eda estaban muy lejos en calidad y durabilidad.<\/p>\n<p data-start=\"1311\" data-end=\"1332\">El Velour cambia eso.<\/p>\n<hr data-start=\"1334\" data-end=\"1337\" \/>\n<h2 data-start=\"1339\" data-end=\"1365\">\u00bfQu\u00e9 lo hace diferente?<\/h2>\n<p data-start=\"1367\" data-end=\"1428\">Incorpora un n\u00facleo de <strong data-start=\"1390\" data-end=\"1415\">700 muelles ensacados<\/strong>, ofreciendo:<\/p>\n<p data-start=\"1430\" data-end=\"1574\">\u2022 Independencia de lechos<br data-start=\"1455\" data-end=\"1458\" \/>\u2022 Mejor adaptaci\u00f3n al cuerpo<br data-start=\"1486\" data-end=\"1489\" \/>\u2022 Mayor ventilaci\u00f3n que los colchones de espuma<br data-start=\"1536\" data-end=\"1539\" \/>\u2022 Durabilidad superior en su gama<\/p>\n<p data-start=\"1576\" data-end=\"1591\">Adem\u00e1s incluye:<\/p>\n<p data-start=\"1593\" data-end=\"1701\">\u2714 Per\u00edmetro de muelles reforzados<br data-start=\"1626\" data-end=\"1629\" \/>\u2714 Capa de viscoel\u00e1stica<br data-start=\"1652\" data-end=\"1655\" \/>\u2714 Dos caras \u00fatiles<br data-start=\"1673\" data-end=\"1676\" \/>\u2714 27 cm de altura total<\/p>\n<p data-start=\"1703\" data-end=\"1803\">Unas caracter\u00edsticas que normalmente encontrar\u00edas en colchones de un rango de precio mucho m\u00e1s alto.<\/p>\n","protected":false},"excerpt":{"rendered":"<p data-start=\"508\" data-end=\"624\">\u2714 700 muelles ensacados<br data-start=\"531\" data-end=\"534\" \/>\u2714 Firmeza alta<br data-start=\"548\" data-end=\"551\" \/>\u2714 27 cm de grosor<br data-start=\"568\" data-end=\"571\" \/>\u2714 Doble cara \u00fatil<br data-start=\"588\" data-end=\"591\" \/>\u2714 Refuerzo perimetral reforzado<\/p>\n<p data-start=\"626\" data-end=\"703\">\ud83d\udcb0 Uno de los mejores colchones econ\u00f3micos con muelle ensacado del mercado.<\/p>\n<p data-start=\"705\" data-end=\"780\">\ud83d\ude9a Entrega a domicilio en 7\u201315 d\u00edas<br data-start=\"740\" data-end=\"743\" \/>\ud83d\udcb3 Pago seguro con PayPal y tarjeta<\/p>\n<p data-start=\"782\" data-end=\"835\">\ud83d\udee1 Compra en tienda f\u00edsica especializada en descanso.<\/p>\n","protected":false},"featured_media":7780,"comment_status":"open","ping_status":"closed","template":"","meta":[],"product_brand":[],"product_cat":[62,75],"product_tag":[921,922,923,924,925,926,927,928],"class_list":{"0":"post-7779","1":"product","2":"type-product","3":"status-publish","4":"has-post-thumbnail","6":"product_cat-colchones","7":"product_cat-muelles-ensacados","8":"product_tag-pack-colchon-economico","9":"product_tag-pack-colchon-con-base","10":"product_tag-pack-colchon-muelles-ensacados","11":"product_tag-colchon-700-muelles-ensacados","12":"product_tag-colchon-firme-economico","13":"product_tag-pack-descanso-completo","14":"product_tag-colchon-con-base-tapizada","15":"product_tag-pack-colchon-matrimonio-economico","17":"first","18":"instock","19":"taxable","20":"shipping-taxable","21":"purchasable","22":"product-type-variable"},"acf":[],"yoast_head":"<!-- This site is optimized with the Yoast SEO plugin v27.4 - https:\/\/yoast.com\/product\/yoast-seo-wordpress\/ -->\n<title>pack colch\u00f3n muelles ensacados con base tapizada -<\/title>\n<meta name=\"description\" content=\"Pack colch\u00f3n Velour con 700 muelles ensacados, base tapizada y almohadas de regalo. Soluci\u00f3n completa al mejor precio con env\u00edo a toda Espa\u00f1a.\" \/>\n<meta name=\"robots\" content=\"index, follow, max-snippet:-1, max-image-preview:large, max-video-preview:-1\" \/>\n<link rel=\"canonical\" href=\"https:\/\/gesmobles.cat\/es\/producto\/colchon-700-muelles-colchon-muelles-ensacados-barato-colchon-firme-colchon-economico-calidad-colchon-27-cm-colchon-matrimonial-economico-colchon-buena-relacion-calidad-precio\/\" \/>\n<meta property=\"og:locale\" content=\"es_ES\" \/>\n<meta property=\"og:type\" content=\"article\" \/>\n<meta property=\"og:title\" content=\"pack colch\u00f3n muelles ensacados con base tapizada -\" \/>\n<meta property=\"og:description\" content=\"Pack colch\u00f3n Velour con 700 muelles ensacados, base tapizada y almohadas de regalo. Soluci\u00f3n completa al mejor precio con env\u00edo a toda Espa\u00f1a.\" \/>\n<meta property=\"og:url\" content=\"https:\/\/gesmobles.cat\/es\/producto\/colchon-700-muelles-colchon-muelles-ensacados-barato-colchon-firme-colchon-economico-calidad-colchon-27-cm-colchon-matrimonial-economico-colchon-buena-relacion-calidad-precio\/\" \/>\n<meta property=\"article:modified_time\" content=\"2026-03-04T15:06:24+00:00\" \/>\n<meta property=\"og:image\" content=\"https:\/\/gesmobles.cat\/wp-content\/uploads\/2026\/03\/pack-velour1.webp\" \/>\n\t<meta property=\"og:image:width\" content=\"1000\" \/>\n\t<meta property=\"og:image:height\" content=\"571\" \/>\n\t<meta property=\"og:image:type\" content=\"image\/webp\" \/>\n<meta name=\"twitter:card\" content=\"summary_large_image\" \/>\n<meta name=\"twitter:label1\" content=\"Tiempo de lectura\" \/>\n\t<meta name=\"twitter:data1\" content=\"1 minuto\" \/>\n<!-- \/ Yoast SEO plugin. -->","yoast_head_json":{"title":"pack colch\u00f3n muelles ensacados con base tapizada -","description":"Pack colch\u00f3n Velour con 700 muelles ensacados, base tapizada y almohadas de regalo. Soluci\u00f3n completa al mejor precio con env\u00edo a toda Espa\u00f1a.","robots":{"index":"index","follow":"follow","max-snippet":"max-snippet:-1","max-image-preview":"max-image-preview:large","max-video-preview":"max-video-preview:-1"},"canonical":"https:\/\/gesmobles.cat\/es\/producto\/colchon-700-muelles-colchon-muelles-ensacados-barato-colchon-firme-colchon-economico-calidad-colchon-27-cm-colchon-matrimonial-economico-colchon-buena-relacion-calidad-precio\/","og_locale":"es_ES","og_type":"article","og_title":"pack colch\u00f3n muelles ensacados con base tapizada -","og_description":"Pack colch\u00f3n Velour con 700 muelles ensacados, base tapizada y almohadas de regalo. Soluci\u00f3n completa al mejor precio con env\u00edo a toda Espa\u00f1a.","og_url":"https:\/\/gesmobles.cat\/es\/producto\/colchon-700-muelles-colchon-muelles-ensacados-barato-colchon-firme-colchon-economico-calidad-colchon-27-cm-colchon-matrimonial-economico-colchon-buena-relacion-calidad-precio\/","article_modified_time":"2026-03-04T15:06:24+00:00","og_image":[{"width":1000,"height":571,"url":"https:\/\/gesmobles.cat\/wp-content\/uploads\/2026\/03\/pack-velour1.webp","type":"image\/webp"}],"twitter_card":"summary_large_image","twitter_misc":{"Tiempo de lectura":"1 minuto"},"schema":{"@context":"https:\/\/schema.org","@graph":[]}},"_links":{"self":[{"href":"https:\/\/gesmobles.cat\/es\/wp-json\/wp\/v2\/product\/7779","targetHints":{"allow":["GET"]}}],"collection":[{"href":"https:\/\/gesmobles.cat\/es\/wp-json\/wp\/v2\/product"}],"about":[{"href":"https:\/\/gesmobles.cat\/es\/wp-json\/wp\/v2\/types\/product"}],"replies":[{"embeddable":true,"href":"https:\/\/gesmobles.cat\/es\/wp-json\/wp\/v2\/comments?post=7779"}],"wp:featuredmedia":[{"embeddable":true,"href":"https:\/\/gesmobles.cat\/es\/wp-json\/wp\/v2\/media\/7780"}],"wp:attachment":[{"href":"https:\/\/gesmobles.cat\/es\/wp-json\/wp\/v2\/media?parent=7779"}],"wp:term":[{"taxonomy":"product_brand","embeddable":true,"href":"https:\/\/gesmobles.cat\/es\/wp-json\/wp\/v2\/product_brand?post=7779"},{"taxonomy":"product_cat","embeddable":true,"href":"https:\/\/gesmobles.cat\/es\/wp-json\/wp\/v2\/product_cat?post=7779"},{"taxonomy":"product_tag","embeddable":true,"href":"https:\/\/gesmobles.cat\/es\/wp-json\/wp\/v2\/product_tag?post=7779"}],"curies":[{"name":"wp","href":"https:\/\/api.w.org\/{rel}","templated":true}]}}