{"id":7855,"date":"2026-03-09T19:58:26","date_gmt":"2026-03-09T17:58:26","guid":{"rendered":"https:\/\/gesmobles.cat\/?post_type=product&#038;p=7855"},"modified":"2026-03-10T18:13:15","modified_gmt":"2026-03-10T16:13:15","slug":"somier-de-laminas-reforzado-con-patas","status":"publish","type":"product","link":"https:\/\/gesmobles.cat\/es\/producto\/somier-de-laminas-reforzado-con-patas\/","title":{"rendered":"Somier de l\u00e1minas reforzado con patas"},"content":{"rendered":"<h3 data-section-id=\"huwqhm\" data-start=\"539\" data-end=\"598\">Somier de l\u00e1minas con patas resistente y transpirable<\/h3>\n<p data-start=\"600\" data-end=\"890\">El somier de l\u00e1minas con patas est\u00e1 dise\u00f1ado para proporcionar una base firme, flexible y duradera para tu colch\u00f3n. Su estructura met\u00e1lica reforzada garantiza estabilidad y resistencia, mientras que sus l\u00e1minas de madera ofrecen una adaptaci\u00f3n progresiva que mejora el confort del descanso.<\/p>\n<p data-start=\"892\" data-end=\"1030\">Gracias a su dise\u00f1o abierto, favorece la ventilaci\u00f3n constante del colch\u00f3n, evitando la acumulaci\u00f3n de humedad y prolongando su vida \u00fatil.<\/p>\n<h3 data-section-id=\"1jpgm1e\" data-start=\"1032\" data-end=\"1058\">Ventajas principales<\/h3>\n<ul data-start=\"1060\" data-end=\"1340\">\n<li data-section-id=\"x8hf9b\" data-start=\"1060\" data-end=\"1105\">\n<p data-start=\"1062\" data-end=\"1105\">Estructura met\u00e1lica resistente y duradera<\/p>\n<\/li>\n<li data-section-id=\"1b3tmmn\" data-start=\"1106\" data-end=\"1159\">\n<p data-start=\"1108\" data-end=\"1159\">L\u00e1minas de madera flexibles para mejor adaptaci\u00f3n<\/p>\n<\/li>\n<li data-section-id=\"8i31oh\" data-start=\"1160\" data-end=\"1193\">\n<p data-start=\"1162\" data-end=\"1193\">Mayor ventilaci\u00f3n del colch\u00f3n<\/p>\n<\/li>\n<li data-section-id=\"yo714s\" data-start=\"1194\" data-end=\"1228\">\n<p data-start=\"1196\" data-end=\"1228\">Distribuci\u00f3n uniforme del peso<\/p>\n<\/li>\n<li data-section-id=\"19xzu0i\" data-start=\"1229\" data-end=\"1275\">\n<p data-start=\"1231\" data-end=\"1275\">Patas incluidas para instalaci\u00f3n inmediata<\/p>\n<\/li>\n<li data-section-id=\"1af6o7d\" data-start=\"1276\" data-end=\"1340\">\n<p data-start=\"1278\" data-end=\"1340\">Compatible con colchones viscoel\u00e1sticos, de muelles y espuma<\/p>\n<\/li>\n<\/ul>\n<p data-start=\"1342\" data-end=\"1413\">Disponible en diferentes medidas para adaptarse a cualquier dormitorio.<\/p>\n","protected":false},"excerpt":{"rendered":"<p>Somier de l\u00e1minas con estructura met\u00e1lica reforzada y patas incluidas. Ofrece soporte flexible, mayor ventilaci\u00f3n y adaptaci\u00f3n \u00f3ptima para todo tipo de colchones.<\/p>\n","protected":false},"featured_media":7856,"comment_status":"open","ping_status":"closed","template":"","meta":[],"product_brand":[],"product_cat":[61,77],"product_tag":[408,456,481],"class_list":{"0":"post-7855","1":"product","2":"type-product","3":"status-publish","4":"has-post-thumbnail","6":"product_cat-descanso","7":"product_cat-canapes-y-bases","8":"product_tag-colchones-gesmobles-cat","9":"product_tag-canape-es","10":"product_tag-descanso","12":"first","13":"instock","14":"taxable","15":"shipping-taxable","16":"purchasable","17":"product-type-variable"},"acf":[],"yoast_head":"<!-- This site is optimized with the Yoast SEO plugin v27.4 - https:\/\/yoast.com\/product\/yoast-seo-wordpress\/ -->\n<title>Somier de l\u00e1minas reforzado con patas -<\/title>\n<meta name=\"description\" content=\"Somier de l\u00e1minas con patas reforzado. Estructura met\u00e1lica resistente y l\u00e1minas flexibles que mejoran el confort y la ventilaci\u00f3n del colch\u00f3n.\" \/>\n<meta name=\"robots\" content=\"index, follow, max-snippet:-1, max-image-preview:large, max-video-preview:-1\" \/>\n<link rel=\"canonical\" href=\"https:\/\/gesmobles.cat\/es\/producto\/somier-de-laminas-reforzado-con-patas\/\" \/>\n<meta property=\"og:locale\" content=\"es_ES\" \/>\n<meta property=\"og:type\" content=\"article\" \/>\n<meta property=\"og:title\" content=\"Somier de l\u00e1minas reforzado con patas -\" \/>\n<meta property=\"og:description\" content=\"Somier de l\u00e1minas con patas reforzado. Estructura met\u00e1lica resistente y l\u00e1minas flexibles que mejoran el confort y la ventilaci\u00f3n del colch\u00f3n.\" \/>\n<meta property=\"og:url\" content=\"https:\/\/gesmobles.cat\/es\/producto\/somier-de-laminas-reforzado-con-patas\/\" \/>\n<meta property=\"article:modified_time\" content=\"2026-03-10T16:13:15+00:00\" \/>\n<meta property=\"og:image\" content=\"https:\/\/gesmobles.cat\/wp-content\/uploads\/2026\/03\/canape.jpeg\" \/>\n\t<meta property=\"og:image:width\" content=\"1600\" \/>\n\t<meta property=\"og:image:height\" content=\"1200\" \/>\n\t<meta property=\"og:image:type\" content=\"image\/jpeg\" \/>\n<meta name=\"twitter:card\" content=\"summary_large_image\" \/>\n<meta name=\"twitter:label1\" content=\"Tiempo de lectura\" \/>\n\t<meta name=\"twitter:data1\" content=\"1 minuto\" \/>\n<!-- \/ Yoast SEO plugin. -->","yoast_head_json":{"title":"Somier de l\u00e1minas reforzado con patas -","description":"Somier de l\u00e1minas con patas reforzado. Estructura met\u00e1lica resistente y l\u00e1minas flexibles que mejoran el confort y la ventilaci\u00f3n del colch\u00f3n.","robots":{"index":"index","follow":"follow","max-snippet":"max-snippet:-1","max-image-preview":"max-image-preview:large","max-video-preview":"max-video-preview:-1"},"canonical":"https:\/\/gesmobles.cat\/es\/producto\/somier-de-laminas-reforzado-con-patas\/","og_locale":"es_ES","og_type":"article","og_title":"Somier de l\u00e1minas reforzado con patas -","og_description":"Somier de l\u00e1minas con patas reforzado. Estructura met\u00e1lica resistente y l\u00e1minas flexibles que mejoran el confort y la ventilaci\u00f3n del colch\u00f3n.","og_url":"https:\/\/gesmobles.cat\/es\/producto\/somier-de-laminas-reforzado-con-patas\/","article_modified_time":"2026-03-10T16:13:15+00:00","og_image":[{"width":1600,"height":1200,"url":"https:\/\/gesmobles.cat\/wp-content\/uploads\/2026\/03\/canape.jpeg","type":"image\/jpeg"}],"twitter_card":"summary_large_image","twitter_misc":{"Tiempo de lectura":"1 minuto"},"schema":{"@context":"https:\/\/schema.org","@graph":[]}},"_links":{"self":[{"href":"https:\/\/gesmobles.cat\/es\/wp-json\/wp\/v2\/product\/7855","targetHints":{"allow":["GET"]}}],"collection":[{"href":"https:\/\/gesmobles.cat\/es\/wp-json\/wp\/v2\/product"}],"about":[{"href":"https:\/\/gesmobles.cat\/es\/wp-json\/wp\/v2\/types\/product"}],"replies":[{"embeddable":true,"href":"https:\/\/gesmobles.cat\/es\/wp-json\/wp\/v2\/comments?post=7855"}],"wp:featuredmedia":[{"embeddable":true,"href":"https:\/\/gesmobles.cat\/es\/wp-json\/wp\/v2\/media\/7856"}],"wp:attachment":[{"href":"https:\/\/gesmobles.cat\/es\/wp-json\/wp\/v2\/media?parent=7855"}],"wp:term":[{"taxonomy":"product_brand","embeddable":true,"href":"https:\/\/gesmobles.cat\/es\/wp-json\/wp\/v2\/product_brand?post=7855"},{"taxonomy":"product_cat","embeddable":true,"href":"https:\/\/gesmobles.cat\/es\/wp-json\/wp\/v2\/product_cat?post=7855"},{"taxonomy":"product_tag","embeddable":true,"href":"https:\/\/gesmobles.cat\/es\/wp-json\/wp\/v2\/product_tag?post=7855"}],"curies":[{"name":"wp","href":"https:\/\/api.w.org\/{rel}","templated":true}]}}