{"id":7880,"date":"2026-03-10T18:31:15","date_gmt":"2026-03-10T16:31:15","guid":{"rendered":"https:\/\/gesmobles.cat\/?post_type=product&#038;p=7880"},"modified":"2026-03-10T18:36:58","modified_gmt":"2026-03-10T16:36:58","slug":"cama-articulada-electrica-ergoflex-pro-con-laminas-ergonomicas","status":"publish","type":"product","link":"https:\/\/gesmobles.cat\/es\/producto\/cama-articulada-electrica-ergoflex-pro-con-laminas-ergonomicas\/","title":{"rendered":"Cama Articulada El\u00e9ctrica ErgoFlex Pro con L\u00e1minas Ergon\u00f3micas"},"content":{"rendered":"<p data-start=\"305\" data-end=\"640\">Descubre el descanso que tu cuerpo lleva a\u00f1os pidiendo. La <strong data-start=\"364\" data-end=\"406\">Cama Articulada El\u00e9ctrica ErgoFlex Pro<\/strong> est\u00e1 dise\u00f1ada para adaptarse a ti, no al rev\u00e9s. Gracias a su sistema de articulaci\u00f3n el\u00e9ctrica independiente para zona lumbar y piernas, podr\u00e1s encontrar la posici\u00f3n perfecta para dormir, leer, ver televisi\u00f3n o simplemente relajarte.<\/p>\n<p data-start=\"642\" data-end=\"978\">Su estructura de acero reforzado garantiza estabilidad y durabilidad, mientras que las l\u00e1minas ergon\u00f3micas de madera flexible se adaptan a la presi\u00f3n del cuerpo, mejorando la alineaci\u00f3n de la columna y reduciendo puntos de tensi\u00f3n. Incorpora reguladores de firmeza en la zona lumbar para personalizar a\u00fan m\u00e1s la experiencia de descanso.<\/p>\n<p data-start=\"980\" data-end=\"1183\">Ideal para personas con dolores de espalda, problemas circulatorios o quienes buscan un descanso premium sin compromisos. Con un mando intuitivo, ajustar tu posici\u00f3n es tan f\u00e1cil como presionar un bot\u00f3n.<\/p>\n<p data-start=\"1185\" data-end=\"1269\">Dormir bien no es un lujo, es una necesidad. Y esta base articulada lo hace posible.<\/p>\n","protected":false},"excerpt":{"rendered":"<p>Cama articulada el\u00e9ctrica con estructura reforzada y l\u00e1minas ergon\u00f3micas regulables. Ajusta tu descanso y mejora tu postura cada noche.<\/p>\n","protected":false},"featured_media":7881,"comment_status":"open","ping_status":"closed","template":"","meta":[],"product_brand":[],"product_cat":[61,77],"product_tag":[408,456,484,603],"class_list":{"0":"post-7880","1":"product","2":"type-product","3":"status-publish","4":"has-post-thumbnail","6":"product_cat-descanso","7":"product_cat-canapes-y-bases","8":"product_tag-colchones-gesmobles-cat","9":"product_tag-canape-es","10":"product_tag-gesmobles-cat-es","11":"product_tag-ropa-cama-individual","13":"first","14":"instock","15":"taxable","16":"shipping-taxable","17":"purchasable","18":"product-type-variable"},"acf":[],"yoast_head":"<!-- This site is optimized with the Yoast SEO plugin v27.4 - https:\/\/yoast.com\/product\/yoast-seo-wordpress\/ -->\n<title>Cama Articulada El\u00e9ctrica ErgoFlex Pro con L\u00e1minas Ergon\u00f3micas -<\/title>\n<meta name=\"description\" content=\"Cama articulada el\u00e9ctrica con motor silencioso y l\u00e1minas ergon\u00f3micas. Mejora tu descanso, alivia la espalda y ajusta tu posici\u00f3n con un solo bot\u00f3n.\" \/>\n<meta name=\"robots\" content=\"index, follow, max-snippet:-1, max-image-preview:large, max-video-preview:-1\" \/>\n<link rel=\"canonical\" href=\"https:\/\/gesmobles.cat\/es\/producto\/cama-articulada-electrica-ergoflex-pro-con-laminas-ergonomicas\/\" \/>\n<meta property=\"og:locale\" content=\"es_ES\" \/>\n<meta property=\"og:type\" content=\"article\" \/>\n<meta property=\"og:title\" content=\"Cama Articulada El\u00e9ctrica ErgoFlex Pro con L\u00e1minas Ergon\u00f3micas -\" \/>\n<meta property=\"og:description\" content=\"Cama articulada el\u00e9ctrica con motor silencioso y l\u00e1minas ergon\u00f3micas. Mejora tu descanso, alivia la espalda y ajusta tu posici\u00f3n con un solo bot\u00f3n.\" \/>\n<meta property=\"og:url\" content=\"https:\/\/gesmobles.cat\/es\/producto\/cama-articulada-electrica-ergoflex-pro-con-laminas-ergonomicas\/\" \/>\n<meta property=\"article:modified_time\" content=\"2026-03-10T16:36:58+00:00\" \/>\n<meta property=\"og:image\" content=\"https:\/\/gesmobles.cat\/wp-content\/uploads\/2026\/03\/recli.jpeg\" \/>\n\t<meta property=\"og:image:width\" content=\"1581\" \/>\n\t<meta property=\"og:image:height\" content=\"1186\" \/>\n\t<meta property=\"og:image:type\" content=\"image\/jpeg\" \/>\n<meta name=\"twitter:card\" content=\"summary_large_image\" \/>\n<meta name=\"twitter:label1\" content=\"Tiempo de lectura\" \/>\n\t<meta name=\"twitter:data1\" content=\"1 minuto\" \/>\n<!-- \/ Yoast SEO plugin. -->","yoast_head_json":{"title":"Cama Articulada El\u00e9ctrica ErgoFlex Pro con L\u00e1minas Ergon\u00f3micas -","description":"Cama articulada el\u00e9ctrica con motor silencioso y l\u00e1minas ergon\u00f3micas. Mejora tu descanso, alivia la espalda y ajusta tu posici\u00f3n con un solo bot\u00f3n.","robots":{"index":"index","follow":"follow","max-snippet":"max-snippet:-1","max-image-preview":"max-image-preview:large","max-video-preview":"max-video-preview:-1"},"canonical":"https:\/\/gesmobles.cat\/es\/producto\/cama-articulada-electrica-ergoflex-pro-con-laminas-ergonomicas\/","og_locale":"es_ES","og_type":"article","og_title":"Cama Articulada El\u00e9ctrica ErgoFlex Pro con L\u00e1minas Ergon\u00f3micas -","og_description":"Cama articulada el\u00e9ctrica con motor silencioso y l\u00e1minas ergon\u00f3micas. Mejora tu descanso, alivia la espalda y ajusta tu posici\u00f3n con un solo bot\u00f3n.","og_url":"https:\/\/gesmobles.cat\/es\/producto\/cama-articulada-electrica-ergoflex-pro-con-laminas-ergonomicas\/","article_modified_time":"2026-03-10T16:36:58+00:00","og_image":[{"width":1581,"height":1186,"url":"https:\/\/gesmobles.cat\/wp-content\/uploads\/2026\/03\/recli.jpeg","type":"image\/jpeg"}],"twitter_card":"summary_large_image","twitter_misc":{"Tiempo de lectura":"1 minuto"},"schema":{"@context":"https:\/\/schema.org","@graph":[]}},"_links":{"self":[{"href":"https:\/\/gesmobles.cat\/es\/wp-json\/wp\/v2\/product\/7880","targetHints":{"allow":["GET"]}}],"collection":[{"href":"https:\/\/gesmobles.cat\/es\/wp-json\/wp\/v2\/product"}],"about":[{"href":"https:\/\/gesmobles.cat\/es\/wp-json\/wp\/v2\/types\/product"}],"replies":[{"embeddable":true,"href":"https:\/\/gesmobles.cat\/es\/wp-json\/wp\/v2\/comments?post=7880"}],"wp:featuredmedia":[{"embeddable":true,"href":"https:\/\/gesmobles.cat\/es\/wp-json\/wp\/v2\/media\/7881"}],"wp:attachment":[{"href":"https:\/\/gesmobles.cat\/es\/wp-json\/wp\/v2\/media?parent=7880"}],"wp:term":[{"taxonomy":"product_brand","embeddable":true,"href":"https:\/\/gesmobles.cat\/es\/wp-json\/wp\/v2\/product_brand?post=7880"},{"taxonomy":"product_cat","embeddable":true,"href":"https:\/\/gesmobles.cat\/es\/wp-json\/wp\/v2\/product_cat?post=7880"},{"taxonomy":"product_tag","embeddable":true,"href":"https:\/\/gesmobles.cat\/es\/wp-json\/wp\/v2\/product_tag?post=7880"}],"curies":[{"name":"wp","href":"https:\/\/api.w.org\/{rel}","templated":true}]}}