{"id":7897,"date":"2026-03-10T19:09:17","date_gmt":"2026-03-10T17:09:17","guid":{"rendered":"https:\/\/gesmobles.cat\/?post_type=product&#038;p=7897"},"modified":"2026-03-10T19:17:46","modified_gmt":"2026-03-10T17:17:46","slug":"almohada-de-micro-carbono-carbonsleep-premium","status":"publish","type":"product","link":"https:\/\/gesmobles.cat\/es\/producto\/almohada-de-micro-carbono-carbonsleep-premium\/","title":{"rendered":"Almohada de Micro Carbono CarbonSleep Premium"},"content":{"rendered":"<p data-start=\"271\" data-end=\"469\">Descansa de verdad. La <strong data-start=\"294\" data-end=\"343\">Almohada de Micro Carbono CarbonSleep Premium<\/strong> est\u00e1 dise\u00f1ada para ofrecer un soporte equilibrado, mayor higiene y una sensaci\u00f3n de frescura constante durante toda la noche.<\/p>\n<p data-start=\"471\" data-end=\"782\">Su n\u00facleo incorpora part\u00edculas de micro carbono que ayudan a reducir la acumulaci\u00f3n de humedad y malos olores, favoreciendo un entorno de descanso m\u00e1s limpio y saludable. Gracias a su estructura transpirable, mejora la ventilaci\u00f3n y mantiene una temperatura m\u00e1s estable, evitando la sensaci\u00f3n de calor excesivo.<\/p>\n<p data-start=\"784\" data-end=\"1037\">Se adapta suavemente a la forma de la cabeza y el cuello, ayudando a mantener una correcta alineaci\u00f3n cervical y reduciendo tensiones acumuladas. Ideal para personas calurosas, sensibles a la humedad o que buscan un descanso m\u00e1s higi\u00e9nico y confortable.<\/p>\n<p data-start=\"1039\" data-end=\"1137\">Una almohada que no solo sostiene tu cabeza, sino que mejora tu calidad de sue\u00f1o noche tras noche.<\/p>\n","protected":false},"excerpt":{"rendered":"<p>Almohada de micro carbono con alta transpirabilidad y soporte ergon\u00f3mico. Mayor frescura, higiene y comodidad cada noche.<\/p>\n","protected":false},"featured_media":7898,"comment_status":"open","ping_status":"closed","template":"","meta":[],"product_brand":[],"product_cat":[61,956],"product_tag":[456,481,484,866],"class_list":{"0":"post-7897","1":"product","2":"type-product","3":"status-publish","4":"has-post-thumbnail","6":"product_cat-descanso","7":"product_cat-almohadas-fibra","8":"product_tag-canape-es","9":"product_tag-descanso","10":"product_tag-gesmobles-cat-es","11":"product_tag-almohada-de-calidad","13":"first","14":"instock","15":"taxable","16":"shipping-taxable","17":"purchasable","18":"product-type-variable"},"acf":[],"yoast_head":"<!-- This site is optimized with the Yoast SEO plugin v27.4 - https:\/\/yoast.com\/product\/yoast-seo-wordpress\/ -->\n<title>Almohada de Micro Carbono CarbonSleep Premium -<\/title>\n<meta name=\"description\" content=\"Almohada de micro carbono transpirable e higi\u00e9nica. Reduce humedad y olores, mejora la ventilaci\u00f3n y ofrece soporte cervical c\u00f3modo.\" \/>\n<meta name=\"robots\" content=\"index, follow, max-snippet:-1, max-image-preview:large, max-video-preview:-1\" \/>\n<link rel=\"canonical\" href=\"https:\/\/gesmobles.cat\/es\/producto\/almohada-de-micro-carbono-carbonsleep-premium\/\" \/>\n<meta property=\"og:locale\" content=\"es_ES\" \/>\n<meta property=\"og:type\" content=\"article\" \/>\n<meta property=\"og:title\" content=\"Almohada de Micro Carbono CarbonSleep Premium -\" \/>\n<meta property=\"og:description\" content=\"Almohada de micro carbono transpirable e higi\u00e9nica. Reduce humedad y olores, mejora la ventilaci\u00f3n y ofrece soporte cervical c\u00f3modo.\" \/>\n<meta property=\"og:url\" content=\"https:\/\/gesmobles.cat\/es\/producto\/almohada-de-micro-carbono-carbonsleep-premium\/\" \/>\n<meta property=\"article:modified_time\" content=\"2026-03-10T17:17:46+00:00\" \/>\n<meta property=\"og:image\" content=\"https:\/\/gesmobles.cat\/wp-content\/uploads\/2026\/03\/micro.jpeg\" \/>\n\t<meta property=\"og:image:width\" content=\"1600\" \/>\n\t<meta property=\"og:image:height\" content=\"988\" \/>\n\t<meta property=\"og:image:type\" content=\"image\/jpeg\" \/>\n<meta name=\"twitter:card\" content=\"summary_large_image\" \/>\n<meta name=\"twitter:label1\" content=\"Tiempo de lectura\" \/>\n\t<meta name=\"twitter:data1\" content=\"1 minuto\" \/>\n<!-- \/ Yoast SEO plugin. -->","yoast_head_json":{"title":"Almohada de Micro Carbono CarbonSleep Premium -","description":"Almohada de micro carbono transpirable e higi\u00e9nica. Reduce humedad y olores, mejora la ventilaci\u00f3n y ofrece soporte cervical c\u00f3modo.","robots":{"index":"index","follow":"follow","max-snippet":"max-snippet:-1","max-image-preview":"max-image-preview:large","max-video-preview":"max-video-preview:-1"},"canonical":"https:\/\/gesmobles.cat\/es\/producto\/almohada-de-micro-carbono-carbonsleep-premium\/","og_locale":"es_ES","og_type":"article","og_title":"Almohada de Micro Carbono CarbonSleep Premium -","og_description":"Almohada de micro carbono transpirable e higi\u00e9nica. Reduce humedad y olores, mejora la ventilaci\u00f3n y ofrece soporte cervical c\u00f3modo.","og_url":"https:\/\/gesmobles.cat\/es\/producto\/almohada-de-micro-carbono-carbonsleep-premium\/","article_modified_time":"2026-03-10T17:17:46+00:00","og_image":[{"width":1600,"height":988,"url":"https:\/\/gesmobles.cat\/wp-content\/uploads\/2026\/03\/micro.jpeg","type":"image\/jpeg"}],"twitter_card":"summary_large_image","twitter_misc":{"Tiempo de lectura":"1 minuto"},"schema":{"@context":"https:\/\/schema.org","@graph":[]}},"_links":{"self":[{"href":"https:\/\/gesmobles.cat\/es\/wp-json\/wp\/v2\/product\/7897","targetHints":{"allow":["GET"]}}],"collection":[{"href":"https:\/\/gesmobles.cat\/es\/wp-json\/wp\/v2\/product"}],"about":[{"href":"https:\/\/gesmobles.cat\/es\/wp-json\/wp\/v2\/types\/product"}],"replies":[{"embeddable":true,"href":"https:\/\/gesmobles.cat\/es\/wp-json\/wp\/v2\/comments?post=7897"}],"wp:featuredmedia":[{"embeddable":true,"href":"https:\/\/gesmobles.cat\/es\/wp-json\/wp\/v2\/media\/7898"}],"wp:attachment":[{"href":"https:\/\/gesmobles.cat\/es\/wp-json\/wp\/v2\/media?parent=7897"}],"wp:term":[{"taxonomy":"product_brand","embeddable":true,"href":"https:\/\/gesmobles.cat\/es\/wp-json\/wp\/v2\/product_brand?post=7897"},{"taxonomy":"product_cat","embeddable":true,"href":"https:\/\/gesmobles.cat\/es\/wp-json\/wp\/v2\/product_cat?post=7897"},{"taxonomy":"product_tag","embeddable":true,"href":"https:\/\/gesmobles.cat\/es\/wp-json\/wp\/v2\/product_tag?post=7897"}],"curies":[{"name":"wp","href":"https:\/\/api.w.org\/{rel}","templated":true}]}}