{"id":8009,"date":"2026-03-12T19:06:13","date_gmt":"2026-03-12T17:06:13","guid":{"rendered":"https:\/\/gesmobles.cat\/?post_type=product&#038;p=8009"},"modified":"2026-03-12T19:30:21","modified_gmt":"2026-03-12T17:30:21","slug":"pack-descanso-premium-viscoplus-somier-astor","status":"publish","type":"product","link":"https:\/\/gesmobles.cat\/es\/producto\/pack-descanso-premium-viscoplus-somier-astor\/","title":{"rendered":"Pack Descanso Premium Viscoplus + Somier Astor"},"content":{"rendered":"<p data-start=\"350\" data-end=\"530\"><span class=\"BZ_Pyq_fadeIn\">Descansa <\/span><span class=\"BZ_Pyq_fadeIn\">como <\/span><span class=\"BZ_Pyq_fadeIn\">tu <\/span><span class=\"BZ_Pyq_fadeIn\">cuerpo <\/span><span class=\"BZ_Pyq_fadeIn\">necesita <\/span><span class=\"BZ_Pyq_fadeIn\">con <\/span><span class=\"BZ_Pyq_fadeIn\">el <\/span><strong data-start=\"390\" data-end=\"440\"><span class=\"BZ_Pyq_fadeIn\">Pack <\/span><span class=\"BZ_Pyq_fadeIn\">Descanso <\/span><span class=\"BZ_Pyq_fadeIn\">Premium <\/span><span class=\"BZ_Pyq_fadeIn\">Viscoplus + <\/span><span class=\"BZ_Pyq_fadeIn\">Somier <\/span><span class=\"BZ_Pyq_fadeIn\">Astor<\/span><\/strong><span class=\"BZ_Pyq_fadeIn\">, <\/span><span class=\"BZ_Pyq_fadeIn\">una <\/span><span class=\"BZ_Pyq_fadeIn\">combinaci\u00f3n <\/span><span class=\"BZ_Pyq_fadeIn\">dise\u00f1ada <\/span><span class=\"BZ_Pyq_fadeIn\">para <\/span><span class=\"BZ_Pyq_fadeIn\">ofrecer <\/span><span class=\"BZ_Pyq_fadeIn\">soporte <\/span><span class=\"BZ_Pyq_fadeIn\">firme, <\/span><span class=\"BZ_Pyq_fadeIn\">adaptabilidad <\/span><span class=\"BZ_Pyq_fadeIn\">y <\/span><span class=\"BZ_Pyq_fadeIn\">m\u00e1xima <\/span><span class=\"BZ_Pyq_fadeIn\">durabilidad.<\/span><\/p>\n<p data-start=\"532\" data-end=\"869\"><span class=\"BZ_Pyq_fadeIn\">El <\/span><span class=\"BZ_Pyq_fadeIn\">colch\u00f3n <\/span><strong data-start=\"543\" data-end=\"556\"><span class=\"BZ_Pyq_fadeIn\">Viscoplus<\/span><\/strong> <span class=\"BZ_Pyq_fadeIn\">incorpora <\/span><span class=\"BZ_Pyq_fadeIn\">una <\/span><span class=\"BZ_Pyq_fadeIn\">estructura <\/span><span class=\"BZ_Pyq_fadeIn\">multicapa <\/span><span class=\"BZ_Pyq_fadeIn\">con <\/span><strong data-start=\"596\" data-end=\"644\"><span class=\"BZ_Pyq_fadeIn\">Visco <\/span><span class=\"BZ_Pyq_fadeIn\">Grafeno (<\/span><span class=\"BZ_Pyq_fadeIn\">15 <\/span><span class=\"BZ_Pyq_fadeIn\">mm) + <\/span><span class=\"BZ_Pyq_fadeIn\">Visco <\/span><span class=\"BZ_Pyq_fadeIn\">Memory (<\/span><span class=\"BZ_Pyq_fadeIn\">20 <\/span><span class=\"BZ_Pyq_fadeIn\">mm)<\/span><\/strong> <span class=\"BZ_Pyq_fadeIn\">en <\/span><span class=\"BZ_Pyq_fadeIn\">ambas <\/span><span class=\"BZ_Pyq_fadeIn\">caras, <\/span><span class=\"BZ_Pyq_fadeIn\">proporcionando <\/span><span class=\"BZ_Pyq_fadeIn\">una <\/span><span class=\"BZ_Pyq_fadeIn\">acogida <\/span><span class=\"BZ_Pyq_fadeIn\">progresiva <\/span><span class=\"BZ_Pyq_fadeIn\">que <\/span><span class=\"BZ_Pyq_fadeIn\">alivia <\/span><span class=\"BZ_Pyq_fadeIn\">los <\/span><span class=\"BZ_Pyq_fadeIn\">puntos <\/span><span class=\"BZ_Pyq_fadeIn\">de <\/span><span class=\"BZ_Pyq_fadeIn\">presi\u00f3n <\/span><span class=\"BZ_Pyq_fadeIn\">y <\/span><span class=\"BZ_Pyq_fadeIn\">mejora <\/span><span class=\"BZ_Pyq_fadeIn\">la <\/span><span class=\"BZ_Pyq_fadeIn\">postura <\/span><span class=\"BZ_Pyq_fadeIn\">durante <\/span><span class=\"BZ_Pyq_fadeIn\">el <\/span><span class=\"BZ_Pyq_fadeIn\">descanso. <\/span><span class=\"BZ_Pyq_fadeIn\">Su <\/span><span class=\"BZ_Pyq_fadeIn\">n\u00facleo <\/span><span class=\"BZ_Pyq_fadeIn\">HR <\/span><span class=\"BZ_Pyq_fadeIn\">de <\/span><span class=\"BZ_Pyq_fadeIn\">30 <\/span><span class=\"BZ_Pyq_fadeIn\">kg <\/span><span class=\"BZ_Pyq_fadeIn\">de <\/span><span class=\"BZ_Pyq_fadeIn\">alta <\/span><span class=\"BZ_Pyq_fadeIn\">densidad <\/span><span class=\"BZ_Pyq_fadeIn\">garantiza <\/span><span class=\"BZ_Pyq_fadeIn\">estabilidad, <\/span><span class=\"BZ_Pyq_fadeIn\">resistencia <\/span><span class=\"BZ_Pyq_fadeIn\">y <\/span><span class=\"BZ_Pyq_fadeIn\">una <\/span><span class=\"BZ_Pyq_fadeIn\">larga <\/span><span class=\"BZ_Pyq_fadeIn\">vida <\/span><span class=\"BZ_Pyq_fadeIn\">\u00fatil.<\/span><\/p>\n<p data-start=\"871\" data-end=\"972\"><span class=\"BZ_Pyq_fadeIn\">Gracias <\/span><span class=\"BZ_Pyq_fadeIn\">a <\/span><span class=\"BZ_Pyq_fadeIn\">su <\/span><span class=\"BZ_Pyq_fadeIn\">dise\u00f1o <\/span><span class=\"BZ_Pyq_fadeIn\">reversible, <\/span><span class=\"BZ_Pyq_fadeIn\">podr\u00e1s <\/span><span class=\"BZ_Pyq_fadeIn\">prolongar <\/span><span class=\"BZ_Pyq_fadeIn\">su <\/span><span class=\"BZ_Pyq_fadeIn\">rendimiento <\/span><span class=\"BZ_Pyq_fadeIn\">y <\/span><span class=\"BZ_Pyq_fadeIn\">mantener <\/span><span class=\"BZ_Pyq_fadeIn\">siempre <\/span><span class=\"BZ_Pyq_fadeIn\">el <\/span><span class=\"BZ_Pyq_fadeIn\">m\u00e1ximo <\/span><span class=\"BZ_Pyq_fadeIn\">confort.<\/span><\/p>\n<p data-start=\"974\" data-end=\"1166\"><span class=\"BZ_Pyq_fadeIn\">El <\/span><strong data-start=\"977\" data-end=\"993\"><span class=\"BZ_Pyq_fadeIn\">Somier <\/span><span class=\"BZ_Pyq_fadeIn\">Astor<\/span><\/strong><span class=\"BZ_Pyq_fadeIn\">, <\/span><span class=\"BZ_Pyq_fadeIn\">fabricado <\/span><span class=\"BZ_Pyq_fadeIn\">con <\/span><span class=\"BZ_Pyq_fadeIn\">estructura <\/span><span class=\"BZ_Pyq_fadeIn\">met\u00e1lica <\/span><span class=\"BZ_Pyq_fadeIn\">reforzada <\/span><span class=\"BZ_Pyq_fadeIn\">y <\/span><span class=\"BZ_Pyq_fadeIn\">l\u00e1minas <\/span><span class=\"BZ_Pyq_fadeIn\">de <\/span><span class=\"BZ_Pyq_fadeIn\">alta <\/span><span class=\"BZ_Pyq_fadeIn\">resistencia, <\/span><span class=\"BZ_Pyq_fadeIn\">aporta <\/span><span class=\"BZ_Pyq_fadeIn\">una <\/span><span class=\"BZ_Pyq_fadeIn\">base <\/span><span class=\"BZ_Pyq_fadeIn\">s\u00f3lida <\/span><span class=\"BZ_Pyq_fadeIn\">que <\/span><span class=\"BZ_Pyq_fadeIn\">favorece <\/span><span class=\"BZ_Pyq_fadeIn\">la <\/span><span class=\"BZ_Pyq_fadeIn\">ventilaci\u00f3n <\/span><span class=\"BZ_Pyq_fadeIn\">del <\/span><span class=\"BZ_Pyq_fadeIn\">colch\u00f3n <\/span><span class=\"BZ_Pyq_fadeIn\">y <\/span><span class=\"BZ_Pyq_fadeIn\">mejora <\/span><span class=\"BZ_Pyq_fadeIn\">la <\/span><span class=\"BZ_Pyq_fadeIn\">firmeza <\/span><span class=\"BZ_Pyq_fadeIn\">del <\/span><span class=\"BZ_Pyq_fadeIn\">conjunto.<\/span><\/p>\n<p data-start=\"1168\" data-end=\"1207\"><span class=\"BZ_Pyq_fadeIn\">Este <\/span><span class=\"BZ_Pyq_fadeIn\">pack <\/span><span class=\"BZ_Pyq_fadeIn\">es <\/span><span class=\"BZ_Pyq_fadeIn\">ideal <\/span><span class=\"BZ_Pyq_fadeIn\">para <\/span><span class=\"BZ_Pyq_fadeIn\">quienes <\/span><span class=\"BZ_Pyq_fadeIn\">buscan:<\/span><\/p>\n<p data-start=\"1209\" data-end=\"1369\"><span class=\"BZ_Pyq_fadeIn\">\u2714\ufe0f <\/span><span class=\"BZ_Pyq_fadeIn\">Mejorar <\/span><span class=\"BZ_Pyq_fadeIn\">dolores <\/span><span class=\"BZ_Pyq_fadeIn\">de <\/span><span class=\"BZ_Pyq_fadeIn\">espalda<\/span><br data-start=\"1238\" data-end=\"1241\" \/><span class=\"BZ_Pyq_fadeIn\">\u2714\ufe0f <\/span><span class=\"BZ_Pyq_fadeIn\">Un <\/span><span class=\"BZ_Pyq_fadeIn\">descanso <\/span><span class=\"BZ_Pyq_fadeIn\">firme <\/span><span class=\"BZ_Pyq_fadeIn\">pero <\/span><span class=\"BZ_Pyq_fadeIn\">adaptable<\/span><br data-start=\"1276\" data-end=\"1279\" \/><span class=\"BZ_Pyq_fadeIn\">\u2714\ufe0f <\/span><span class=\"BZ_Pyq_fadeIn\">Mayor <\/span><span class=\"BZ_Pyq_fadeIn\">frescura <\/span><span class=\"BZ_Pyq_fadeIn\">gracias <\/span><span class=\"BZ_Pyq_fadeIn\">al <\/span><span class=\"BZ_Pyq_fadeIn\">tejido <\/span><span class=\"BZ_Pyq_fadeIn\">Stretch <\/span><span class=\"BZ_Pyq_fadeIn\">Ultrfresh<\/span><br data-start=\"1332\" data-end=\"1335\" \/><span class=\"BZ_Pyq_fadeIn\">\u2714\ufe0f <\/span><span class=\"BZ_Pyq_fadeIn\">Durabilidad <\/span><span class=\"BZ_Pyq_fadeIn\">sin <\/span><span class=\"BZ_Pyq_fadeIn\">deformaciones<\/span><\/p>\n<p data-start=\"1371\" data-end=\"1462\"><span class=\"BZ_Pyq_fadeIn\">Una <\/span><span class=\"BZ_Pyq_fadeIn\">inversi\u00f3n <\/span><span class=\"BZ_Pyq_fadeIn\">inteligente <\/span><span class=\"BZ_Pyq_fadeIn\">para <\/span><span class=\"BZ_Pyq_fadeIn\">renovar <\/span><span class=\"BZ_Pyq_fadeIn\">tu <\/span><span class=\"BZ_Pyq_fadeIn\">descanso <\/span><span class=\"BZ_Pyq_fadeIn\">con <\/span><span class=\"BZ_Pyq_fadeIn\">calidad <\/span><span class=\"BZ_Pyq_fadeIn\">profesional <\/span><span class=\"BZ_Pyq_fadeIn\">al <\/span><span class=\"BZ_Pyq_fadeIn\">mejor <\/span><span class=\"BZ_Pyq_fadeIn\">precio.<\/span><\/p>\n","protected":false},"excerpt":{"rendered":"<p><span class=\"BZ_Pyq_fadeIn\">Pack <\/span><span class=\"BZ_Pyq_fadeIn\">colch\u00f3n <\/span><span class=\"BZ_Pyq_fadeIn\">Viscoplus <\/span><span class=\"BZ_Pyq_fadeIn\">con <\/span><span class=\"BZ_Pyq_fadeIn\">visco <\/span><span class=\"BZ_Pyq_fadeIn\">grafeno + <\/span><span class=\"BZ_Pyq_fadeIn\">n\u00facleo <\/span><span class=\"BZ_Pyq_fadeIn\">HR <\/span><span class=\"BZ_Pyq_fadeIn\">30 <\/span><span class=\"BZ_Pyq_fadeIn\">kg <\/span><span class=\"BZ_Pyq_fadeIn\">y <\/span><span class=\"BZ_Pyq_fadeIn\">somier <\/span><span class=\"BZ_Pyq_fadeIn\">Astor <\/span><span class=\"BZ_Pyq_fadeIn\">reforzado. <\/span><span class=\"BZ_Pyq_fadeIn\">Firmeza, <\/span><span class=\"BZ_Pyq_fadeIn\">adaptabilidad <\/span><span class=\"BZ_Pyq_fadeIn\">y <\/span><span class=\"BZ_Pyq_fadeIn\">durabilidad <\/span><span class=\"BZ_Pyq_fadeIn\">en <\/span><span class=\"BZ_Pyq_fadeIn\">un <\/span><span class=\"BZ_Pyq_fadeIn\">solo <\/span><span class=\"BZ_Pyq_fadeIn\">pack <\/span><span class=\"BZ_Pyq_fadeIn\">al <\/span><span class=\"BZ_Pyq_fadeIn\">mejor <\/span><span class=\"BZ_Pyq_fadeIn\">precio.<\/span><\/p>\n","protected":false},"featured_media":8010,"comment_status":"open","ping_status":"closed","template":"","meta":[],"product_brand":[],"product_cat":[61,964],"product_tag":[],"class_list":{"0":"post-8009","1":"product","2":"type-product","3":"status-publish","4":"has-post-thumbnail","6":"product_cat-descanso","7":"product_cat-packs-descanso","9":"first","10":"instock","11":"taxable","12":"shipping-taxable","13":"purchasable","14":"product-type-variable"},"acf":[],"yoast_head":"<!-- This site is optimized with the Yoast SEO plugin v27.4 - https:\/\/yoast.com\/product\/yoast-seo-wordpress\/ -->\n<title>Pack Descanso Premium Viscoplus + Somier Astor -<\/title>\n<meta name=\"description\" content=\"Compra el pack colch\u00f3n Viscoplus con somier Astor. Visco grafeno, n\u00facleo HR 30kg y m\u00e1xima firmeza. Descanso duradero al mejor precio.\" \/>\n<meta name=\"robots\" content=\"index, follow, max-snippet:-1, max-image-preview:large, max-video-preview:-1\" \/>\n<link rel=\"canonical\" href=\"https:\/\/gesmobles.cat\/es\/producto\/pack-descanso-premium-viscoplus-somier-astor\/\" \/>\n<meta property=\"og:locale\" content=\"es_ES\" \/>\n<meta property=\"og:type\" content=\"article\" \/>\n<meta property=\"og:title\" content=\"Pack Descanso Premium Viscoplus + Somier Astor -\" \/>\n<meta property=\"og:description\" content=\"Compra el pack colch\u00f3n Viscoplus con somier Astor. Visco grafeno, n\u00facleo HR 30kg y m\u00e1xima firmeza. Descanso duradero al mejor precio.\" \/>\n<meta property=\"og:url\" content=\"https:\/\/gesmobles.cat\/es\/producto\/pack-descanso-premium-viscoplus-somier-astor\/\" \/>\n<meta property=\"article:modified_time\" content=\"2026-03-12T17:30:21+00:00\" \/>\n<meta property=\"og:image\" content=\"https:\/\/gesmobles.cat\/wp-content\/uploads\/2026\/03\/pack-viscoplusjpg.jpeg\" \/>\n\t<meta property=\"og:image:width\" content=\"1373\" \/>\n\t<meta property=\"og:image:height\" content=\"784\" \/>\n\t<meta property=\"og:image:type\" content=\"image\/jpeg\" \/>\n<meta name=\"twitter:card\" content=\"summary_large_image\" \/>\n<meta name=\"twitter:label1\" content=\"Tiempo de lectura\" \/>\n\t<meta name=\"twitter:data1\" content=\"1 minuto\" \/>\n<!-- \/ Yoast SEO plugin. -->","yoast_head_json":{"title":"Pack Descanso Premium Viscoplus + Somier Astor -","description":"Compra el pack colch\u00f3n Viscoplus con somier Astor. Visco grafeno, n\u00facleo HR 30kg y m\u00e1xima firmeza. Descanso duradero al mejor precio.","robots":{"index":"index","follow":"follow","max-snippet":"max-snippet:-1","max-image-preview":"max-image-preview:large","max-video-preview":"max-video-preview:-1"},"canonical":"https:\/\/gesmobles.cat\/es\/producto\/pack-descanso-premium-viscoplus-somier-astor\/","og_locale":"es_ES","og_type":"article","og_title":"Pack Descanso Premium Viscoplus + Somier Astor -","og_description":"Compra el pack colch\u00f3n Viscoplus con somier Astor. Visco grafeno, n\u00facleo HR 30kg y m\u00e1xima firmeza. Descanso duradero al mejor precio.","og_url":"https:\/\/gesmobles.cat\/es\/producto\/pack-descanso-premium-viscoplus-somier-astor\/","article_modified_time":"2026-03-12T17:30:21+00:00","og_image":[{"width":1373,"height":784,"url":"https:\/\/gesmobles.cat\/wp-content\/uploads\/2026\/03\/pack-viscoplusjpg.jpeg","type":"image\/jpeg"}],"twitter_card":"summary_large_image","twitter_misc":{"Tiempo de lectura":"1 minuto"},"schema":{"@context":"https:\/\/schema.org","@graph":[]}},"_links":{"self":[{"href":"https:\/\/gesmobles.cat\/es\/wp-json\/wp\/v2\/product\/8009","targetHints":{"allow":["GET"]}}],"collection":[{"href":"https:\/\/gesmobles.cat\/es\/wp-json\/wp\/v2\/product"}],"about":[{"href":"https:\/\/gesmobles.cat\/es\/wp-json\/wp\/v2\/types\/product"}],"replies":[{"embeddable":true,"href":"https:\/\/gesmobles.cat\/es\/wp-json\/wp\/v2\/comments?post=8009"}],"wp:featuredmedia":[{"embeddable":true,"href":"https:\/\/gesmobles.cat\/es\/wp-json\/wp\/v2\/media\/8010"}],"wp:attachment":[{"href":"https:\/\/gesmobles.cat\/es\/wp-json\/wp\/v2\/media?parent=8009"}],"wp:term":[{"taxonomy":"product_brand","embeddable":true,"href":"https:\/\/gesmobles.cat\/es\/wp-json\/wp\/v2\/product_brand?post=8009"},{"taxonomy":"product_cat","embeddable":true,"href":"https:\/\/gesmobles.cat\/es\/wp-json\/wp\/v2\/product_cat?post=8009"},{"taxonomy":"product_tag","embeddable":true,"href":"https:\/\/gesmobles.cat\/es\/wp-json\/wp\/v2\/product_tag?post=8009"}],"curies":[{"name":"wp","href":"https:\/\/api.w.org\/{rel}","templated":true}]}}