{"id":8051,"date":"2026-03-12T20:05:35","date_gmt":"2026-03-12T18:05:35","guid":{"rendered":"https:\/\/gesmobles.cat\/?post_type=product&#038;p=8051"},"modified":"2026-03-23T12:04:32","modified_gmt":"2026-03-23T10:04:32","slug":"colchon-viscoplus-visco-grafeno-hr-30-kg-reversible","status":"publish","type":"product","link":"https:\/\/gesmobles.cat\/es\/producto\/colchon-viscoplus-visco-grafeno-hr-30-kg-reversible\/","title":{"rendered":"Colch\u00f3n Viscoplus Visco Grafeno HR 30 kg Reversible"},"content":{"rendered":"<p data-start=\"351\" data-end=\"672\"><span class=\"BZ_Pyq_fadeIn\">El <\/span><strong data-start=\"354\" data-end=\"375\"><span class=\"BZ_Pyq_fadeIn\">Colch\u00f3n <\/span><span class=\"BZ_Pyq_fadeIn\">Viscoplus<\/span><\/strong> <span class=\"BZ_Pyq_fadeIn\">est\u00e1 <\/span><span class=\"BZ_Pyq_fadeIn\">dise\u00f1ado <\/span><span class=\"BZ_Pyq_fadeIn\">para <\/span><span class=\"BZ_Pyq_fadeIn\">quienes <\/span><span class=\"BZ_Pyq_fadeIn\">buscan <\/span><span class=\"BZ_Pyq_fadeIn\">un <\/span><span class=\"BZ_Pyq_fadeIn\">descanso <\/span><span class=\"BZ_Pyq_fadeIn\">firme, <\/span><span class=\"BZ_Pyq_fadeIn\">adaptable <\/span><span class=\"BZ_Pyq_fadeIn\">y <\/span><span class=\"BZ_Pyq_fadeIn\">duradero. <\/span><span class=\"BZ_Pyq_fadeIn\">Gracias <\/span><span class=\"BZ_Pyq_fadeIn\">a <\/span><span class=\"BZ_Pyq_fadeIn\">su <\/span><span class=\"BZ_Pyq_fadeIn\">composici\u00f3n <\/span><span class=\"BZ_Pyq_fadeIn\">multicapa <\/span><span class=\"BZ_Pyq_fadeIn\">con <\/span><strong data-start=\"490\" data-end=\"538\"><span class=\"BZ_Pyq_fadeIn\">Visco <\/span><span class=\"BZ_Pyq_fadeIn\">Grafeno (<\/span><span class=\"BZ_Pyq_fadeIn\">15 <\/span><span class=\"BZ_Pyq_fadeIn\">mm) + <\/span><span class=\"BZ_Pyq_fadeIn\">Visco <\/span><span class=\"BZ_Pyq_fadeIn\">Memory (<\/span><span class=\"BZ_Pyq_fadeIn\">20 <\/span><span class=\"BZ_Pyq_fadeIn\">mm)<\/span><\/strong> <span class=\"BZ_Pyq_fadeIn\">en <\/span><span class=\"BZ_Pyq_fadeIn\">ambas <\/span><span class=\"BZ_Pyq_fadeIn\">caras, <\/span><span class=\"BZ_Pyq_fadeIn\">ofrece <\/span><span class=\"BZ_Pyq_fadeIn\">una <\/span><span class=\"BZ_Pyq_fadeIn\">acogida <\/span><span class=\"BZ_Pyq_fadeIn\">progresiva <\/span><span class=\"BZ_Pyq_fadeIn\">que <\/span><span class=\"BZ_Pyq_fadeIn\">reduce <\/span><span class=\"BZ_Pyq_fadeIn\">los <\/span><span class=\"BZ_Pyq_fadeIn\">puntos <\/span><span class=\"BZ_Pyq_fadeIn\">de <\/span><span class=\"BZ_Pyq_fadeIn\">presi\u00f3n <\/span><span class=\"BZ_Pyq_fadeIn\">y <\/span><span class=\"BZ_Pyq_fadeIn\">mejora <\/span><span class=\"BZ_Pyq_fadeIn\">la <\/span><span class=\"BZ_Pyq_fadeIn\">alineaci\u00f3n <\/span><span class=\"BZ_Pyq_fadeIn\">de <\/span><span class=\"BZ_Pyq_fadeIn\">la <\/span><span class=\"BZ_Pyq_fadeIn\">columna <\/span><span class=\"BZ_Pyq_fadeIn\">durante <\/span><span class=\"BZ_Pyq_fadeIn\">la <\/span><span class=\"BZ_Pyq_fadeIn\">noche.<\/span><\/p>\n<p data-start=\"674\" data-end=\"915\"><span class=\"BZ_Pyq_fadeIn\">Su <\/span><strong data-start=\"677\" data-end=\"716\"><span class=\"BZ_Pyq_fadeIn\">n\u00facleo <\/span><span class=\"BZ_Pyq_fadeIn\">HR <\/span><span class=\"BZ_Pyq_fadeIn\">de <\/span><span class=\"BZ_Pyq_fadeIn\">30 <\/span><span class=\"BZ_Pyq_fadeIn\">kg <\/span><span class=\"BZ_Pyq_fadeIn\">de <\/span><span class=\"BZ_Pyq_fadeIn\">alta <\/span><span class=\"BZ_Pyq_fadeIn\">densidad<\/span><\/strong> <span class=\"BZ_Pyq_fadeIn\">aporta <\/span><span class=\"BZ_Pyq_fadeIn\">estabilidad <\/span><span class=\"BZ_Pyq_fadeIn\">estructural, <\/span><span class=\"BZ_Pyq_fadeIn\">evita <\/span><span class=\"BZ_Pyq_fadeIn\">deformaciones <\/span><span class=\"BZ_Pyq_fadeIn\">y <\/span><span class=\"BZ_Pyq_fadeIn\">garantiza <\/span><span class=\"BZ_Pyq_fadeIn\">una <\/span><span class=\"BZ_Pyq_fadeIn\">larga <\/span><span class=\"BZ_Pyq_fadeIn\">vida <\/span><span class=\"BZ_Pyq_fadeIn\">\u00fatil. <\/span><span class=\"BZ_Pyq_fadeIn\">Adem\u00e1s, <\/span><span class=\"BZ_Pyq_fadeIn\">es <\/span><span class=\"BZ_Pyq_fadeIn\">un <\/span><span class=\"BZ_Pyq_fadeIn\">colch\u00f3n <\/span><span class=\"BZ_Pyq_fadeIn\">reversible, <\/span><span class=\"BZ_Pyq_fadeIn\">lo <\/span><span class=\"BZ_Pyq_fadeIn\">que <\/span><span class=\"BZ_Pyq_fadeIn\">permite <\/span><span class=\"BZ_Pyq_fadeIn\">prolongar <\/span><span class=\"BZ_Pyq_fadeIn\">su <\/span><span class=\"BZ_Pyq_fadeIn\">rendimiento <\/span><span class=\"BZ_Pyq_fadeIn\">y <\/span><span class=\"BZ_Pyq_fadeIn\">mantener <\/span><span class=\"BZ_Pyq_fadeIn\">el <\/span><span class=\"BZ_Pyq_fadeIn\">confort <\/span><span class=\"BZ_Pyq_fadeIn\">durante <\/span><span class=\"BZ_Pyq_fadeIn\">m\u00e1s <\/span><span class=\"BZ_Pyq_fadeIn\">a\u00f1os.<\/span><\/p>\n<p data-start=\"917\" data-end=\"1057\"><span class=\"BZ_Pyq_fadeIn\">El <\/span><span class=\"BZ_Pyq_fadeIn\">tejido <\/span><strong data-start=\"927\" data-end=\"948\"><span class=\"BZ_Pyq_fadeIn\">Stretch <\/span><span class=\"BZ_Pyq_fadeIn\">Ultrfresh<\/span><\/strong><span class=\"BZ_Pyq_fadeIn\">, <\/span><span class=\"BZ_Pyq_fadeIn\">suave <\/span><span class=\"BZ_Pyq_fadeIn\">y <\/span><span class=\"BZ_Pyq_fadeIn\">transpirable, <\/span><span class=\"BZ_Pyq_fadeIn\">favorece <\/span><span class=\"BZ_Pyq_fadeIn\">una <\/span><span class=\"BZ_Pyq_fadeIn\">mejor <\/span><span class=\"BZ_Pyq_fadeIn\">ventilaci\u00f3n <\/span><span class=\"BZ_Pyq_fadeIn\">y <\/span><span class=\"BZ_Pyq_fadeIn\">ayuda <\/span><span class=\"BZ_Pyq_fadeIn\">a <\/span><span class=\"BZ_Pyq_fadeIn\">mantener <\/span><span class=\"BZ_Pyq_fadeIn\">una <\/span><span class=\"BZ_Pyq_fadeIn\">sensaci\u00f3n <\/span><span class=\"BZ_Pyq_fadeIn\">de <\/span><span class=\"BZ_Pyq_fadeIn\">frescura <\/span><span class=\"BZ_Pyq_fadeIn\">continua.<\/span><\/p>\n<p data-start=\"1059\" data-end=\"1083\"><span class=\"BZ_Pyq_fadeIn\">Ideal <\/span><span class=\"BZ_Pyq_fadeIn\">para <\/span><span class=\"BZ_Pyq_fadeIn\">personas <\/span><span class=\"BZ_Pyq_fadeIn\">que:<\/span><\/p>\n<p data-start=\"1085\" data-end=\"1278\"><span class=\"BZ_Pyq_fadeIn\">\u2714\ufe0f <\/span><span class=\"BZ_Pyq_fadeIn\">Buscan <\/span><span class=\"BZ_Pyq_fadeIn\">firmeza <\/span><span class=\"BZ_Pyq_fadeIn\">media-<\/span><span class=\"BZ_Pyq_fadeIn\">alta <\/span><span class=\"BZ_Pyq_fadeIn\">con <\/span><span class=\"BZ_Pyq_fadeIn\">adaptabilidad<\/span><br data-start=\"1131\" data-end=\"1134\" \/><span class=\"BZ_Pyq_fadeIn\">\u2714\ufe0f <\/span><span class=\"BZ_Pyq_fadeIn\">Quieren <\/span><span class=\"BZ_Pyq_fadeIn\">reducir <\/span><span class=\"BZ_Pyq_fadeIn\">molestias <\/span><span class=\"BZ_Pyq_fadeIn\">de <\/span><span class=\"BZ_Pyq_fadeIn\">espalda<\/span><br data-start=\"1173\" data-end=\"1176\" \/><span class=\"BZ_Pyq_fadeIn\">\u2714\ufe0f <\/span><span class=\"BZ_Pyq_fadeIn\">Necesitan <\/span><span class=\"BZ_Pyq_fadeIn\">un <\/span><span class=\"BZ_Pyq_fadeIn\">colch\u00f3n <\/span><span class=\"BZ_Pyq_fadeIn\">resistente <\/span><span class=\"BZ_Pyq_fadeIn\">y <\/span><span class=\"BZ_Pyq_fadeIn\">duradero<\/span><br data-start=\"1221\" data-end=\"1224\" \/><span class=\"BZ_Pyq_fadeIn\">\u2714\ufe0f <\/span><span class=\"BZ_Pyq_fadeIn\">Prefieren <\/span><span class=\"BZ_Pyq_fadeIn\">una <\/span><span class=\"BZ_Pyq_fadeIn\">acogida <\/span><span class=\"BZ_Pyq_fadeIn\">progresiva <\/span><span class=\"BZ_Pyq_fadeIn\">sin <\/span><span class=\"BZ_Pyq_fadeIn\">hundimientos<\/span><\/p>\n<p data-start=\"1280\" data-end=\"1389\"><span class=\"BZ_Pyq_fadeIn\">Un <\/span><span class=\"BZ_Pyq_fadeIn\">colch\u00f3n <\/span><span class=\"BZ_Pyq_fadeIn\">equilibrado <\/span><span class=\"BZ_Pyq_fadeIn\">que <\/span><span class=\"BZ_Pyq_fadeIn\">combina <\/span><span class=\"BZ_Pyq_fadeIn\">tecnolog\u00eda, <\/span><span class=\"BZ_Pyq_fadeIn\">confort <\/span><span class=\"BZ_Pyq_fadeIn\">y <\/span><span class=\"BZ_Pyq_fadeIn\">resistencia <\/span><span class=\"BZ_Pyq_fadeIn\">para <\/span><span class=\"BZ_Pyq_fadeIn\">un <\/span><span class=\"BZ_Pyq_fadeIn\">descanso <\/span><span class=\"BZ_Pyq_fadeIn\">de <\/span><span class=\"BZ_Pyq_fadeIn\">calidad <\/span><span class=\"BZ_Pyq_fadeIn\">profesional<\/span><\/p>\n","protected":false},"excerpt":{"rendered":"<p><span class=\"BZ_Pyq_fadeIn\">Colch\u00f3n <\/span><span class=\"BZ_Pyq_fadeIn\">Viscoplus <\/span><span class=\"BZ_Pyq_fadeIn\">con <\/span><span class=\"BZ_Pyq_fadeIn\">visco <\/span><span class=\"BZ_Pyq_fadeIn\">grafeno <\/span><span class=\"BZ_Pyq_fadeIn\">y <\/span><span class=\"BZ_Pyq_fadeIn\">n\u00facleo <\/span><span class=\"BZ_Pyq_fadeIn\">HR <\/span><span class=\"BZ_Pyq_fadeIn\">30 <\/span><span class=\"BZ_Pyq_fadeIn\">kg. <\/span><span class=\"BZ_Pyq_fadeIn\">Reversible, <\/span><span class=\"BZ_Pyq_fadeIn\">firmeza <\/span><span class=\"BZ_Pyq_fadeIn\">media-<\/span><span class=\"BZ_Pyq_fadeIn\">alta <\/span><span class=\"BZ_Pyq_fadeIn\">y <\/span><span class=\"BZ_Pyq_fadeIn\">gran <\/span><span class=\"BZ_Pyq_fadeIn\">adaptabilidad <\/span><span class=\"BZ_Pyq_fadeIn\">para <\/span><span class=\"BZ_Pyq_fadeIn\">un <\/span><span class=\"BZ_Pyq_fadeIn\">descanso <\/span><span class=\"BZ_Pyq_fadeIn\">duradero.<\/span><\/p>\n","protected":false},"featured_media":8054,"comment_status":"open","ping_status":"closed","template":"","meta":[],"product_brand":[],"product_cat":[62,968],"product_tag":[399,402,405,408,415,481],"class_list":{"0":"post-8051","1":"product","2":"type-product","3":"status-publish","4":"has-post-thumbnail","6":"product_cat-colchones","7":"product_cat-viscolastica","8":"product_tag-colchon-viscoelastico","9":"product_tag-colchon-transpirable","10":"product_tag-colchon-alta-gama","11":"product_tag-colchones-gesmobles-cat","12":"product_tag-colchon-adaptable","13":"product_tag-descanso","15":"first","16":"instock","17":"taxable","18":"shipping-taxable","19":"purchasable","20":"product-type-variable"},"acf":[],"yoast_head":"<!-- This site is optimized with the Yoast SEO plugin v27.4 - https:\/\/yoast.com\/product\/yoast-seo-wordpress\/ -->\n<title>Colch\u00f3n Viscoplus Visco Grafeno HR 30 kg Reversible -<\/title>\n<meta name=\"description\" content=\"Compra el colch\u00f3n Viscoplus con visco grafeno y n\u00facleo HR 30 kg. Reversible, firmeza media-alta y gran durabilidad al mejor precio.\" \/>\n<meta name=\"robots\" content=\"index, follow, max-snippet:-1, max-image-preview:large, max-video-preview:-1\" \/>\n<link rel=\"canonical\" href=\"https:\/\/gesmobles.cat\/es\/producto\/colchon-viscoplus-visco-grafeno-hr-30-kg-reversible\/\" \/>\n<meta property=\"og:locale\" content=\"es_ES\" \/>\n<meta property=\"og:type\" content=\"article\" \/>\n<meta property=\"og:title\" content=\"Colch\u00f3n Viscoplus Visco Grafeno HR 30 kg Reversible -\" \/>\n<meta property=\"og:description\" content=\"Compra el colch\u00f3n Viscoplus con visco grafeno y n\u00facleo HR 30 kg. Reversible, firmeza media-alta y gran durabilidad al mejor precio.\" \/>\n<meta property=\"og:url\" content=\"https:\/\/gesmobles.cat\/es\/producto\/colchon-viscoplus-visco-grafeno-hr-30-kg-reversible\/\" \/>\n<meta property=\"article:modified_time\" content=\"2026-03-23T10:04:32+00:00\" \/>\n<meta property=\"og:image\" content=\"https:\/\/gesmobles.cat\/wp-content\/uploads\/2026\/03\/viscoplus-1024x684.jpg\" \/>\n\t<meta property=\"og:image:width\" content=\"1024\" \/>\n\t<meta property=\"og:image:height\" content=\"684\" \/>\n\t<meta property=\"og:image:type\" content=\"image\/jpeg\" \/>\n<meta name=\"twitter:card\" content=\"summary_large_image\" \/>\n<meta name=\"twitter:label1\" content=\"Tiempo de lectura\" \/>\n\t<meta name=\"twitter:data1\" content=\"1 minuto\" \/>\n<!-- \/ Yoast SEO plugin. -->","yoast_head_json":{"title":"Colch\u00f3n Viscoplus Visco Grafeno HR 30 kg Reversible -","description":"Compra el colch\u00f3n Viscoplus con visco grafeno y n\u00facleo HR 30 kg. Reversible, firmeza media-alta y gran durabilidad al mejor precio.","robots":{"index":"index","follow":"follow","max-snippet":"max-snippet:-1","max-image-preview":"max-image-preview:large","max-video-preview":"max-video-preview:-1"},"canonical":"https:\/\/gesmobles.cat\/es\/producto\/colchon-viscoplus-visco-grafeno-hr-30-kg-reversible\/","og_locale":"es_ES","og_type":"article","og_title":"Colch\u00f3n Viscoplus Visco Grafeno HR 30 kg Reversible -","og_description":"Compra el colch\u00f3n Viscoplus con visco grafeno y n\u00facleo HR 30 kg. Reversible, firmeza media-alta y gran durabilidad al mejor precio.","og_url":"https:\/\/gesmobles.cat\/es\/producto\/colchon-viscoplus-visco-grafeno-hr-30-kg-reversible\/","article_modified_time":"2026-03-23T10:04:32+00:00","og_image":[{"width":1024,"height":684,"url":"https:\/\/gesmobles.cat\/wp-content\/uploads\/2026\/03\/viscoplus-1024x684.jpg","type":"image\/jpeg"}],"twitter_card":"summary_large_image","twitter_misc":{"Tiempo de lectura":"1 minuto"},"schema":{"@context":"https:\/\/schema.org","@graph":[]}},"_links":{"self":[{"href":"https:\/\/gesmobles.cat\/es\/wp-json\/wp\/v2\/product\/8051","targetHints":{"allow":["GET"]}}],"collection":[{"href":"https:\/\/gesmobles.cat\/es\/wp-json\/wp\/v2\/product"}],"about":[{"href":"https:\/\/gesmobles.cat\/es\/wp-json\/wp\/v2\/types\/product"}],"replies":[{"embeddable":true,"href":"https:\/\/gesmobles.cat\/es\/wp-json\/wp\/v2\/comments?post=8051"}],"wp:featuredmedia":[{"embeddable":true,"href":"https:\/\/gesmobles.cat\/es\/wp-json\/wp\/v2\/media\/8054"}],"wp:attachment":[{"href":"https:\/\/gesmobles.cat\/es\/wp-json\/wp\/v2\/media?parent=8051"}],"wp:term":[{"taxonomy":"product_brand","embeddable":true,"href":"https:\/\/gesmobles.cat\/es\/wp-json\/wp\/v2\/product_brand?post=8051"},{"taxonomy":"product_cat","embeddable":true,"href":"https:\/\/gesmobles.cat\/es\/wp-json\/wp\/v2\/product_cat?post=8051"},{"taxonomy":"product_tag","embeddable":true,"href":"https:\/\/gesmobles.cat\/es\/wp-json\/wp\/v2\/product_tag?post=8051"}],"curies":[{"name":"wp","href":"https:\/\/api.w.org\/{rel}","templated":true}]}}